{"id":61845,"date":"2020-05-15T15:35:47","date_gmt":"2024-11-22T10:22:28","guid":{"rendered":"https:\/\/guidetogreenland.com\/?post_type=product&#038;p=61845"},"modified":"2026-04-16T13:11:24","modified_gmt":"2026-04-16T14:11:24","slug":"nordlichter-tour-nuuk-westgroenland-copy","status":"publish","type":"product","link":"https:\/\/guidetogreenland.com\/de\/buch-reisen-urlaub\/nordlichter-tour-nuuk-westgronland\/","title":{"rendered":"Nordlichter Tour | Nuuk | Westgr\u00f6nland"},"content":{"rendered":"<p>Ist es Ihr Traum, das Nordlicht zu sehen, aber Sie wollen es in einem relativ komfortablen Rahmen tun? Begleiten Sie uns auf einer Fahrt zu den dunkelsten Pl\u00e4tzen rund um Nuuk, wo Sie die besten Aussichten auf die Aurora Borealis haben.<\/p>\n<p>Ihr \u00f6rtlicher Reiseleiter holt Sie 15 Minuten vor der Abfahrt ab. Ziehen Sie sich aber auf jeden Fall warm an! Um einen ungehinderten Blick auf die Lichter zu haben, die \u00fcber den Himmel tanzen, sollten Sie an jedem der verschiedenen Haltepunkte aussteigen. Die gute Nachricht ist, dass das warme Auto immer in der N\u00e4he ist, falls Ihnen doch einmal kalt wird, w\u00e4hrend Sie drau\u00dfen das Lichtspiel der Natur bewundern.<\/p>\n<p>W\u00e4hrend Sie durch Nuuk fahren, erkl\u00e4rt Ihnen Ihr Reiseleiter etwas \u00fcber die Stadt und Sie k\u00f6nnen so viele Fragen stellen, wie Sie m\u00f6chten. Au\u00dferdem wird Ihnen eine hei\u00dfe Schokolade angeboten, damit Sie sich aufw\u00e4rmen k\u00f6nnen, w\u00e4hrend Sie die Aussicht bewundern.<\/p>\n<p>Wie bei jeder anderen Aktivit\u00e4t sollten Sie bedenken, dass das Nordlicht unvorhersehbar ist und m\u00f6glicherweise nicht erscheint &#8211; auch wenn die Vorhersagen dies behaupten. Seien Sie jedoch versichert, dass Ihr Reiseleiter sein M\u00f6glichstes tun wird, um Ihnen die bestm\u00f6gliche Aussicht zu bieten, und wenn Sie einmal Pech haben sollten, k\u00f6nnen Sie kostenlos einen Platz in einer anderen Nacht buchen.<\/p>\n<p>Machen Sie sich bereit f\u00fcr eines der beeindruckendsten Naturschauspiele, w\u00e4hlen Sie Ihr Wunschdatum und klicken Sie auf Jetzt buchen.<\/p>\n<p>Wenn Sie diese Reise an einem Tag buchen m\u00f6chten, der nicht verf\u00fcgbar ist, senden Sie Ihre Anfrage an\u00a0<a href=\"mailto:info@guidetogreenland.com\">info@guidetogreenland.com<\/a>.<\/p>\n","protected":false},"excerpt":{"rendered":"Ist es Ihr Traum, das Nordlicht zu sehen, aber Sie wollen es in einem relativ komfortablen Rahmen tun? Begleiten Sie uns auf einer Fahrt zu den dunkelsten Pl\u00e4tzen rund um Nuuk, wo Sie die besten Aussichten auf die Aurora Borealis haben. Ihr \u00f6rtlicher Reiseleiter holt Sie 15 Minuten vor der Abfahrt ab. Ziehen Sie sich&#8230;","protected":false},"featured_media":44166,"comment_status":"open","ping_status":"closed","template":"","meta":[],"product_brand":[],"product_cat":[1136,1185,1231,1164,1188,1187,1194,1232],"product_tag":[1247],"class_list":{"0":"post-61845","1":"product","2":"type-product","3":"status-publish","4":"has-post-thumbnail","6":"product_cat-abenteuer-in-gronland","7":"product_cat-arktische-natur-und-tierwelt","8":"product_cat-nordlicht-touren","9":"product_cat-nuuk-touren","10":"product_cat-reiseziel-touren","11":"product_cat-tagestouren-im-winter","12":"product_cat-touren-nach-region","13":"product_cat-westgronland-touren","14":"product_tag-nuuk-de","15":"pa_activities-nordlichter-de","16":"pa_attractions-nordlicht","17":"pa_available-month-january-de","18":"pa_available-month-februar","19":"pa_available-month-maerz","20":"pa_available-month-september-de","21":"pa_available-month-oktober","22":"pa_available-month-november-de","23":"pa_available-month-dezember","24":"pa_destinations-nuuk-de","25":"pa_difficulty-leicht","26":"pa_duration-2-stunden","27":"pa_tour-type-tagestour","28":"yith_shop_vendor-guide-to-greenland-de","30":"first","31":"instock","32":"virtual","33":"sold-individually","34":"purchasable","35":"product-type-booking"},"acf":[],"yoast_head":"<!-- This site is optimized with the Yoast SEO plugin v25.6 - https:\/\/yoast.com\/wordpress\/plugins\/seo\/ -->\n<title>Nordlichter Tour | Nuuk | Westgr\u00f6nland | Guide to Greenland<\/title>\n<meta name=\"description\" content=\"Ist es Ihr Traum, die Nordlichter zu sehen? Begleiten Sie uns auf einer Fahrt zu den dunkelsten Orten rund um Nuuk, um die Nordlichter zu sehen \u00bb\" \/>\n<meta name=\"robots\" content=\"index, follow, max-snippet:-1, max-image-preview:large, max-video-preview:-1\" \/>\n<link rel=\"canonical\" href=\"https:\/\/guidetogreenland.com\/de\/buch-reisen-urlaub\/nordlichter-tour-nuuk-westgronland\/\" \/>\n<meta property=\"og:locale\" content=\"de_DE\" \/>\n<meta property=\"og:type\" content=\"article\" \/>\n<meta property=\"og:title\" content=\"Nordlichter Tour | Nuuk | Westgr\u00f6nland | Guide to Greenland\" \/>\n<meta property=\"og:description\" content=\"Ist es Ihr Traum, die Nordlichter zu sehen? Begleiten Sie uns auf einer Fahrt zu den dunkelsten Orten rund um Nuuk, um die Nordlichter zu sehen \u00bb\" \/>\n<meta property=\"og:url\" content=\"https:\/\/guidetogreenland.com\/de\/buch-reisen-urlaub\/nordlichter-tour-nuuk-westgronland\/\" \/>\n<meta property=\"og:site_name\" content=\"Guide to Greenland\" \/>\n<meta property=\"article:modified_time\" content=\"2026-04-16T14:11:24+00:00\" \/>\n<meta property=\"og:image\" content=\"https:\/\/guidetogreenland.com\/wp-content\/uploads\/2020\/05\/northern-lights-tour-nuuk-west-greenland-Guide-to-Greenland-2.jpg\" \/>\n\t<meta property=\"og:image:width\" content=\"798\" \/>\n\t<meta property=\"og:image:height\" content=\"532\" \/>\n\t<meta property=\"og:image:type\" content=\"image\/jpeg\" \/>\n<meta name=\"twitter:card\" content=\"summary_large_image\" \/>\n<meta name=\"twitter:label1\" content=\"Gesch\u00e4tzte Lesezeit\" \/>\n\t<meta name=\"twitter:data1\" content=\"2\u00a0Minuten\" \/>\n<script type=\"application\/ld+json\" class=\"yoast-schema-graph\">{\"@context\":\"https:\/\/schema.org\",\"@graph\":[{\"@type\":\"WebPage\",\"@id\":\"https:\/\/guidetogreenland.com\/de\/buch-reisen-urlaub\/nordlichter-tour-nuuk-westgronland\/\",\"url\":\"https:\/\/guidetogreenland.com\/de\/buch-reisen-urlaub\/nordlichter-tour-nuuk-westgronland\/\",\"name\":\"Nordlichter Tour | Nuuk | Westgr\u00f6nland | Guide to Greenland\",\"isPartOf\":{\"@id\":\"https:\/\/guidetogreenland.com\/de\/#website\"},\"primaryImageOfPage\":{\"@id\":\"https:\/\/guidetogreenland.com\/de\/buch-reisen-urlaub\/nordlichter-tour-nuuk-westgronland\/#primaryimage\"},\"image\":{\"@id\":\"https:\/\/guidetogreenland.com\/de\/buch-reisen-urlaub\/nordlichter-tour-nuuk-westgronland\/#primaryimage\"},\"thumbnailUrl\":\"https:\/\/guidetogreenland.com\/wp-content\/uploads\/2020\/05\/northern-lights-tour-nuuk-west-greenland-Guide-to-Greenland-2.jpg\",\"datePublished\":\"2024-11-22T10:22:28+00:00\",\"dateModified\":\"2026-04-16T14:11:24+00:00\",\"description\":\"Ist es Ihr Traum, die Nordlichter zu sehen? Begleiten Sie uns auf einer Fahrt zu den dunkelsten Orten rund um Nuuk, um die Nordlichter zu sehen \u00bb\",\"breadcrumb\":{\"@id\":\"https:\/\/guidetogreenland.com\/de\/buch-reisen-urlaub\/nordlichter-tour-nuuk-westgronland\/#breadcrumb\"},\"inLanguage\":\"de\",\"potentialAction\":[{\"@type\":\"ReadAction\",\"target\":[\"https:\/\/guidetogreenland.com\/de\/buch-reisen-urlaub\/nordlichter-tour-nuuk-westgronland\/\"]}]},{\"@type\":\"ImageObject\",\"inLanguage\":\"de\",\"@id\":\"https:\/\/guidetogreenland.com\/de\/buch-reisen-urlaub\/nordlichter-tour-nuuk-westgronland\/#primaryimage\",\"url\":\"https:\/\/guidetogreenland.com\/wp-content\/uploads\/2020\/05\/northern-lights-tour-nuuk-west-greenland-Guide-to-Greenland-2.jpg\",\"contentUrl\":\"https:\/\/guidetogreenland.com\/wp-content\/uploads\/2020\/05\/northern-lights-tour-nuuk-west-greenland-Guide-to-Greenland-2.jpg\",\"width\":798,\"height\":532},{\"@type\":\"BreadcrumbList\",\"@id\":\"https:\/\/guidetogreenland.com\/de\/buch-reisen-urlaub\/nordlichter-tour-nuuk-westgronland\/#breadcrumb\",\"itemListElement\":[{\"@type\":\"ListItem\",\"position\":1,\"name\":\"Home\",\"item\":\"https:\/\/guidetogreenland.com\/de\/\"},{\"@type\":\"ListItem\",\"position\":2,\"name\":\"Alle Touren anzeigen\",\"item\":\"https:\/\/guidetogreenland.com\/de\/buch-reisen-urlaub\/\"},{\"@type\":\"ListItem\",\"position\":3,\"name\":\"Nordlichter Tour | Nuuk | Westgr\u00f6nland\"}]},{\"@type\":\"WebSite\",\"@id\":\"https:\/\/guidetogreenland.com\/de\/#website\",\"url\":\"https:\/\/guidetogreenland.com\/de\/\",\"name\":\"Guide to Greenland\",\"description\":\"Largest selection of tours in Greenland\",\"potentialAction\":[{\"@type\":\"SearchAction\",\"target\":{\"@type\":\"EntryPoint\",\"urlTemplate\":\"https:\/\/guidetogreenland.com\/de\/?s={search_term_string}\"},\"query-input\":{\"@type\":\"PropertyValueSpecification\",\"valueRequired\":true,\"valueName\":\"search_term_string\"}}],\"inLanguage\":\"de\"}]}<\/script>\n<!-- \/ Yoast SEO plugin. -->","yoast_head_json":{"title":"Nordlichter Tour | Nuuk | Westgr\u00f6nland | Guide to Greenland","description":"Ist es Ihr Traum, die Nordlichter zu sehen? Begleiten Sie uns auf einer Fahrt zu den dunkelsten Orten rund um Nuuk, um die Nordlichter zu sehen \u00bb","robots":{"index":"index","follow":"follow","max-snippet":"max-snippet:-1","max-image-preview":"max-image-preview:large","max-video-preview":"max-video-preview:-1"},"canonical":"https:\/\/guidetogreenland.com\/de\/buch-reisen-urlaub\/nordlichter-tour-nuuk-westgronland\/","og_locale":"de_DE","og_type":"article","og_title":"Nordlichter Tour | Nuuk | Westgr\u00f6nland | Guide to Greenland","og_description":"Ist es Ihr Traum, die Nordlichter zu sehen? Begleiten Sie uns auf einer Fahrt zu den dunkelsten Orten rund um Nuuk, um die Nordlichter zu sehen \u00bb","og_url":"https:\/\/guidetogreenland.com\/de\/buch-reisen-urlaub\/nordlichter-tour-nuuk-westgronland\/","og_site_name":"Guide to Greenland","article_modified_time":"2026-04-16T14:11:24+00:00","og_image":[{"width":798,"height":532,"url":"https:\/\/guidetogreenland.com\/wp-content\/uploads\/2020\/05\/northern-lights-tour-nuuk-west-greenland-Guide-to-Greenland-2.jpg","type":"image\/jpeg"}],"twitter_card":"summary_large_image","twitter_misc":{"Gesch\u00e4tzte Lesezeit":"2\u00a0Minuten"},"schema":{"@context":"https:\/\/schema.org","@graph":[{"@type":"WebPage","@id":"https:\/\/guidetogreenland.com\/de\/buch-reisen-urlaub\/nordlichter-tour-nuuk-westgronland\/","url":"https:\/\/guidetogreenland.com\/de\/buch-reisen-urlaub\/nordlichter-tour-nuuk-westgronland\/","name":"Nordlichter Tour | Nuuk | Westgr\u00f6nland | Guide to Greenland","isPartOf":{"@id":"https:\/\/guidetogreenland.com\/de\/#website"},"primaryImageOfPage":{"@id":"https:\/\/guidetogreenland.com\/de\/buch-reisen-urlaub\/nordlichter-tour-nuuk-westgronland\/#primaryimage"},"image":{"@id":"https:\/\/guidetogreenland.com\/de\/buch-reisen-urlaub\/nordlichter-tour-nuuk-westgronland\/#primaryimage"},"thumbnailUrl":"https:\/\/guidetogreenland.com\/wp-content\/uploads\/2020\/05\/northern-lights-tour-nuuk-west-greenland-Guide-to-Greenland-2.jpg","datePublished":"2024-11-22T10:22:28+00:00","dateModified":"2026-04-16T14:11:24+00:00","description":"Ist es Ihr Traum, die Nordlichter zu sehen? Begleiten Sie uns auf einer Fahrt zu den dunkelsten Orten rund um Nuuk, um die Nordlichter zu sehen \u00bb","breadcrumb":{"@id":"https:\/\/guidetogreenland.com\/de\/buch-reisen-urlaub\/nordlichter-tour-nuuk-westgronland\/#breadcrumb"},"inLanguage":"de","potentialAction":[{"@type":"ReadAction","target":["https:\/\/guidetogreenland.com\/de\/buch-reisen-urlaub\/nordlichter-tour-nuuk-westgronland\/"]}]},{"@type":"ImageObject","inLanguage":"de","@id":"https:\/\/guidetogreenland.com\/de\/buch-reisen-urlaub\/nordlichter-tour-nuuk-westgronland\/#primaryimage","url":"https:\/\/guidetogreenland.com\/wp-content\/uploads\/2020\/05\/northern-lights-tour-nuuk-west-greenland-Guide-to-Greenland-2.jpg","contentUrl":"https:\/\/guidetogreenland.com\/wp-content\/uploads\/2020\/05\/northern-lights-tour-nuuk-west-greenland-Guide-to-Greenland-2.jpg","width":798,"height":532},{"@type":"BreadcrumbList","@id":"https:\/\/guidetogreenland.com\/de\/buch-reisen-urlaub\/nordlichter-tour-nuuk-westgronland\/#breadcrumb","itemListElement":[{"@type":"ListItem","position":1,"name":"Home","item":"https:\/\/guidetogreenland.com\/de\/"},{"@type":"ListItem","position":2,"name":"Alle Touren anzeigen","item":"https:\/\/guidetogreenland.com\/de\/buch-reisen-urlaub\/"},{"@type":"ListItem","position":3,"name":"Nordlichter Tour | Nuuk | Westgr\u00f6nland"}]},{"@type":"WebSite","@id":"https:\/\/guidetogreenland.com\/de\/#website","url":"https:\/\/guidetogreenland.com\/de\/","name":"Guide to Greenland","description":"Largest selection of tours in Greenland","potentialAction":[{"@type":"SearchAction","target":{"@type":"EntryPoint","urlTemplate":"https:\/\/guidetogreenland.com\/de\/?s={search_term_string}"},"query-input":{"@type":"PropertyValueSpecification","valueRequired":true,"valueName":"search_term_string"}}],"inLanguage":"de"}]}},"_links":{"self":[{"href":"https:\/\/guidetogreenland.com\/de\/wp-json\/wp\/v2\/product\/61845","targetHints":{"allow":["GET"]}}],"collection":[{"href":"https:\/\/guidetogreenland.com\/de\/wp-json\/wp\/v2\/product"}],"about":[{"href":"https:\/\/guidetogreenland.com\/de\/wp-json\/wp\/v2\/types\/product"}],"replies":[{"embeddable":true,"href":"https:\/\/guidetogreenland.com\/de\/wp-json\/wp\/v2\/comments?post=61845"}],"wp:featuredmedia":[{"embeddable":true,"href":"https:\/\/guidetogreenland.com\/de\/wp-json\/wp\/v2\/media\/44166"}],"wp:attachment":[{"href":"https:\/\/guidetogreenland.com\/de\/wp-json\/wp\/v2\/media?parent=61845"}],"wp:term":[{"taxonomy":"product_brand","embeddable":true,"href":"https:\/\/guidetogreenland.com\/de\/wp-json\/wp\/v2\/product_brand?post=61845"},{"taxonomy":"product_cat","embeddable":true,"href":"https:\/\/guidetogreenland.com\/de\/wp-json\/wp\/v2\/product_cat?post=61845"},{"taxonomy":"product_tag","embeddable":true,"href":"https:\/\/guidetogreenland.com\/de\/wp-json\/wp\/v2\/product_tag?post=61845"}],"curies":[{"name":"wp","href":"https:\/\/api.w.org\/{rel}","templated":true}]}}