{"id":61848,"date":"2022-04-26T13:33:19","date_gmt":"2024-11-22T10:30:24","guid":{"rendered":"https:\/\/guidetogreenland.com\/?post_type=product&#038;p=61848"},"modified":"2025-10-20T13:22:30","modified_gmt":"2025-10-20T16:22:30","slug":"walsafari-in-nuuk-westgroenland-copy","status":"publish","type":"product","link":"https:\/\/guidetogreenland.com\/de\/buch-reisen-urlaub\/walsafari-in-nuuk-westgronland\/","title":{"rendered":"Walsafari in Nuuk | Westgr\u00f6nland"},"content":{"rendered":"<p><span style=\"font-weight: 400;\">Wenn Sie zwischen Mai und September einen Besuch in Nuuk planen und den Wunsch haben, die majest\u00e4tischen Buckelwale zu sehen, ist diese Tour ohne Frage eine Tour f\u00fcr Sie.<\/span><\/p>\n<p><span style=\"font-weight: 400;\">Diese Tour f\u00fchrt Sie in die atemberaubende Landschaft des Nuuk-Fjords mit dem Ziel, Buckelwale zu finden. Nat\u00fcrlich gibt es keine Garantie, sie zu finden, da sie frei schwimmen k\u00f6nnen, wo es ihnen passt. Nichtsdestotrotz wird diese Tour auf jeden Fall eine beeindruckende Erfahrung sein.<\/span><\/p>\n<p><span style=\"font-weight: 400;\">Der Nuuk-Fjord ist ein perfekter Ort f\u00fcr Buckelwale, da er 600 Meter tief und fischreich ist. J\u00e4ger d\u00fcrfen sie im Fjord nicht jagen, da dies der einzige Ort in Gr\u00f6nland ist, an dem unsere gro\u00dfen Freunde in Ruhe schwimmen k\u00f6nnen.<\/span><\/p>\n<p><span style=\"font-weight: 400;\">Man kann sie haupts\u00e4chlich von Juni bis September sehen, da sie die restliche Zeit in der Karibik und anderen w\u00e4rmeren Gew\u00e4ssern verbringen, wo sie im Winter br\u00fcten. Sie k\u00f6nnen bis zu 18 Meter lang und bis zu 30 Tonnen schwer werden und man kann sie leicht an ihrem sch\u00f6nen Schwanz erkennen. Und wenn Sie sie sehen, werden Sie von den F\u00fc\u00dfen gefegt.<\/span><\/p>\n<p><span style=\"font-weight: 400;\">Auf der Bootstour k\u00f6nnen Sie sich auf dem Deck oder in der warmen Kabine mit dem \u00f6rtlichen Kapit\u00e4n und den Guides unterhalten und Tee, Kaffee und hei\u00dfe Schokolade trinken.<\/span><\/p>\n<p><span style=\"font-weight: 400;\">W\u00e4hlen Sie eine Abfahrt und dr\u00fccken Sie auf Jetzt buchen, um Ihren Platz auf der Tour zu reservieren.<\/span><\/p>\n","protected":false},"excerpt":{"rendered":"Wenn Sie zwischen Mai und September einen Besuch in Nuuk planen und den Wunsch haben, die majest\u00e4tischen Buckelwale zu sehen, ist diese Tour ohne Frage eine Tour f\u00fcr Sie. Diese Tour f\u00fchrt Sie in die atemberaubende Landschaft des Nuuk-Fjords mit dem Ziel, Buckelwale zu finden. Nat\u00fcrlich gibt es keine Garantie, sie zu finden, da sie&#8230;","protected":false},"featured_media":54302,"comment_status":"open","ping_status":"closed","template":"","meta":[],"product_brand":[],"product_cat":[1159,1164,1186,1237,1232],"product_tag":[1247],"class_list":{"0":"post-61848","1":"product","2":"type-product","3":"status-publish","4":"has-post-thumbnail","6":"product_cat-bootstouren-in-groenland","7":"product_cat-nuuk-touren","8":"product_cat-tagestouren-im-sommer","9":"product_cat-walbeobachtungstouren-in-gronland","10":"product_cat-westgronland-touren","11":"product_tag-nuuk-de","12":"pa_activities-bootstour-de","13":"pa_activities-walbeobachtung-de","14":"pa_activities-wildtier-beobachtung-de","15":"pa_attractions-nuuk-fjord","16":"pa_available-month-juni","17":"pa_available-month-juli","18":"pa_available-month-august-de","19":"pa_destinations-nuuk-de","20":"pa_difficulty-leicht","21":"pa_duration-3-stunden","22":"pa_tour-type-tagestour","23":"yith_shop_vendor-nuuk-water-taxi-de","25":"first","26":"instock","27":"virtual","28":"sold-individually","29":"purchasable","30":"product-type-booking"},"acf":[],"yoast_head":"<!-- This site is optimized with the Yoast SEO plugin v25.6 - https:\/\/yoast.com\/wordpress\/plugins\/seo\/ -->\n<title>Walsafari in Nuuk | Westgr\u00f6nland | Guide to Greenland<\/title>\n<meta name=\"description\" content=\"Wenn Sie einen Besuch in Nuuk planen und den Wunsch haben, die majest\u00e4tischen Buckelwale zu sehen, ist diese Tour ohne Frage eine Tour f\u00fcr Sie. Sehen Sie hier warum \u00bb\" \/>\n<meta name=\"robots\" content=\"index, follow, max-snippet:-1, max-image-preview:large, max-video-preview:-1\" \/>\n<link rel=\"canonical\" href=\"https:\/\/guidetogreenland.com\/de\/buch-reisen-urlaub\/walsafari-in-nuuk-westgronland\/\" \/>\n<meta property=\"og:locale\" content=\"de_DE\" \/>\n<meta property=\"og:type\" content=\"article\" \/>\n<meta property=\"og:title\" content=\"Walsafari in Nuuk | Westgr\u00f6nland | Guide to Greenland\" \/>\n<meta property=\"og:description\" content=\"Wenn Sie einen Besuch in Nuuk planen und den Wunsch haben, die majest\u00e4tischen Buckelwale zu sehen, ist diese Tour ohne Frage eine Tour f\u00fcr Sie. Sehen Sie hier warum \u00bb\" \/>\n<meta property=\"og:url\" content=\"https:\/\/guidetogreenland.com\/de\/buch-reisen-urlaub\/walsafari-in-nuuk-westgronland\/\" \/>\n<meta property=\"og:site_name\" content=\"Guide to Greenland\" \/>\n<meta property=\"article:modified_time\" content=\"2025-10-20T16:22:30+00:00\" \/>\n<meta property=\"og:image\" content=\"https:\/\/guidetogreenland.com\/wp-content\/uploads\/2022\/04\/whale-watching-Nuuk-Guide-to-Greenland.jpeg\" \/>\n\t<meta property=\"og:image:width\" content=\"1660\" \/>\n\t<meta property=\"og:image:height\" content=\"1128\" \/>\n\t<meta property=\"og:image:type\" content=\"image\/jpeg\" \/>\n<meta name=\"twitter:card\" content=\"summary_large_image\" \/>\n<meta name=\"twitter:label1\" content=\"Gesch\u00e4tzte Lesezeit\" \/>\n\t<meta name=\"twitter:data1\" content=\"1\u00a0Minute\" \/>\n<script type=\"application\/ld+json\" class=\"yoast-schema-graph\">{\"@context\":\"https:\/\/schema.org\",\"@graph\":[{\"@type\":\"WebPage\",\"@id\":\"https:\/\/guidetogreenland.com\/de\/buch-reisen-urlaub\/walsafari-in-nuuk-westgronland\/\",\"url\":\"https:\/\/guidetogreenland.com\/de\/buch-reisen-urlaub\/walsafari-in-nuuk-westgronland\/\",\"name\":\"Walsafari in Nuuk | Westgr\u00f6nland | Guide to Greenland\",\"isPartOf\":{\"@id\":\"https:\/\/guidetogreenland.com\/de\/#website\"},\"primaryImageOfPage\":{\"@id\":\"https:\/\/guidetogreenland.com\/de\/buch-reisen-urlaub\/walsafari-in-nuuk-westgronland\/#primaryimage\"},\"image\":{\"@id\":\"https:\/\/guidetogreenland.com\/de\/buch-reisen-urlaub\/walsafari-in-nuuk-westgronland\/#primaryimage\"},\"thumbnailUrl\":\"https:\/\/guidetogreenland.com\/wp-content\/uploads\/2022\/04\/whale-watching-Nuuk-Guide-to-Greenland.jpeg\",\"datePublished\":\"2024-11-22T10:30:24+00:00\",\"dateModified\":\"2025-10-20T16:22:30+00:00\",\"description\":\"Wenn Sie einen Besuch in Nuuk planen und den Wunsch haben, die majest\u00e4tischen Buckelwale zu sehen, ist diese Tour ohne Frage eine Tour f\u00fcr Sie. Sehen Sie hier warum \u00bb\",\"breadcrumb\":{\"@id\":\"https:\/\/guidetogreenland.com\/de\/buch-reisen-urlaub\/walsafari-in-nuuk-westgronland\/#breadcrumb\"},\"inLanguage\":\"de\",\"potentialAction\":[{\"@type\":\"ReadAction\",\"target\":[\"https:\/\/guidetogreenland.com\/de\/buch-reisen-urlaub\/walsafari-in-nuuk-westgronland\/\"]}]},{\"@type\":\"ImageObject\",\"inLanguage\":\"de\",\"@id\":\"https:\/\/guidetogreenland.com\/de\/buch-reisen-urlaub\/walsafari-in-nuuk-westgronland\/#primaryimage\",\"url\":\"https:\/\/guidetogreenland.com\/wp-content\/uploads\/2022\/04\/whale-watching-Nuuk-Guide-to-Greenland.jpeg\",\"contentUrl\":\"https:\/\/guidetogreenland.com\/wp-content\/uploads\/2022\/04\/whale-watching-Nuuk-Guide-to-Greenland.jpeg\",\"width\":1660,\"height\":1128},{\"@type\":\"BreadcrumbList\",\"@id\":\"https:\/\/guidetogreenland.com\/de\/buch-reisen-urlaub\/walsafari-in-nuuk-westgronland\/#breadcrumb\",\"itemListElement\":[{\"@type\":\"ListItem\",\"position\":1,\"name\":\"Home\",\"item\":\"https:\/\/guidetogreenland.com\/de\/\"},{\"@type\":\"ListItem\",\"position\":2,\"name\":\"Alle Touren anzeigen\",\"item\":\"https:\/\/guidetogreenland.com\/de\/buch-reisen-urlaub\/\"},{\"@type\":\"ListItem\",\"position\":3,\"name\":\"Walsafari in Nuuk | Westgr\u00f6nland\"}]},{\"@type\":\"WebSite\",\"@id\":\"https:\/\/guidetogreenland.com\/de\/#website\",\"url\":\"https:\/\/guidetogreenland.com\/de\/\",\"name\":\"Guide to Greenland\",\"description\":\"Largest selection of tours in Greenland\",\"potentialAction\":[{\"@type\":\"SearchAction\",\"target\":{\"@type\":\"EntryPoint\",\"urlTemplate\":\"https:\/\/guidetogreenland.com\/de\/?s={search_term_string}\"},\"query-input\":{\"@type\":\"PropertyValueSpecification\",\"valueRequired\":true,\"valueName\":\"search_term_string\"}}],\"inLanguage\":\"de\"}]}<\/script>\n<!-- \/ Yoast SEO plugin. -->","yoast_head_json":{"title":"Walsafari in Nuuk | Westgr\u00f6nland | Guide to Greenland","description":"Wenn Sie einen Besuch in Nuuk planen und den Wunsch haben, die majest\u00e4tischen Buckelwale zu sehen, ist diese Tour ohne Frage eine Tour f\u00fcr Sie. Sehen Sie hier warum \u00bb","robots":{"index":"index","follow":"follow","max-snippet":"max-snippet:-1","max-image-preview":"max-image-preview:large","max-video-preview":"max-video-preview:-1"},"canonical":"https:\/\/guidetogreenland.com\/de\/buch-reisen-urlaub\/walsafari-in-nuuk-westgronland\/","og_locale":"de_DE","og_type":"article","og_title":"Walsafari in Nuuk | Westgr\u00f6nland | Guide to Greenland","og_description":"Wenn Sie einen Besuch in Nuuk planen und den Wunsch haben, die majest\u00e4tischen Buckelwale zu sehen, ist diese Tour ohne Frage eine Tour f\u00fcr Sie. Sehen Sie hier warum \u00bb","og_url":"https:\/\/guidetogreenland.com\/de\/buch-reisen-urlaub\/walsafari-in-nuuk-westgronland\/","og_site_name":"Guide to Greenland","article_modified_time":"2025-10-20T16:22:30+00:00","og_image":[{"width":1660,"height":1128,"url":"https:\/\/guidetogreenland.com\/wp-content\/uploads\/2022\/04\/whale-watching-Nuuk-Guide-to-Greenland.jpeg","type":"image\/jpeg"}],"twitter_card":"summary_large_image","twitter_misc":{"Gesch\u00e4tzte Lesezeit":"1\u00a0Minute"},"schema":{"@context":"https:\/\/schema.org","@graph":[{"@type":"WebPage","@id":"https:\/\/guidetogreenland.com\/de\/buch-reisen-urlaub\/walsafari-in-nuuk-westgronland\/","url":"https:\/\/guidetogreenland.com\/de\/buch-reisen-urlaub\/walsafari-in-nuuk-westgronland\/","name":"Walsafari in Nuuk | Westgr\u00f6nland | Guide to Greenland","isPartOf":{"@id":"https:\/\/guidetogreenland.com\/de\/#website"},"primaryImageOfPage":{"@id":"https:\/\/guidetogreenland.com\/de\/buch-reisen-urlaub\/walsafari-in-nuuk-westgronland\/#primaryimage"},"image":{"@id":"https:\/\/guidetogreenland.com\/de\/buch-reisen-urlaub\/walsafari-in-nuuk-westgronland\/#primaryimage"},"thumbnailUrl":"https:\/\/guidetogreenland.com\/wp-content\/uploads\/2022\/04\/whale-watching-Nuuk-Guide-to-Greenland.jpeg","datePublished":"2024-11-22T10:30:24+00:00","dateModified":"2025-10-20T16:22:30+00:00","description":"Wenn Sie einen Besuch in Nuuk planen und den Wunsch haben, die majest\u00e4tischen Buckelwale zu sehen, ist diese Tour ohne Frage eine Tour f\u00fcr Sie. Sehen Sie hier warum \u00bb","breadcrumb":{"@id":"https:\/\/guidetogreenland.com\/de\/buch-reisen-urlaub\/walsafari-in-nuuk-westgronland\/#breadcrumb"},"inLanguage":"de","potentialAction":[{"@type":"ReadAction","target":["https:\/\/guidetogreenland.com\/de\/buch-reisen-urlaub\/walsafari-in-nuuk-westgronland\/"]}]},{"@type":"ImageObject","inLanguage":"de","@id":"https:\/\/guidetogreenland.com\/de\/buch-reisen-urlaub\/walsafari-in-nuuk-westgronland\/#primaryimage","url":"https:\/\/guidetogreenland.com\/wp-content\/uploads\/2022\/04\/whale-watching-Nuuk-Guide-to-Greenland.jpeg","contentUrl":"https:\/\/guidetogreenland.com\/wp-content\/uploads\/2022\/04\/whale-watching-Nuuk-Guide-to-Greenland.jpeg","width":1660,"height":1128},{"@type":"BreadcrumbList","@id":"https:\/\/guidetogreenland.com\/de\/buch-reisen-urlaub\/walsafari-in-nuuk-westgronland\/#breadcrumb","itemListElement":[{"@type":"ListItem","position":1,"name":"Home","item":"https:\/\/guidetogreenland.com\/de\/"},{"@type":"ListItem","position":2,"name":"Alle Touren anzeigen","item":"https:\/\/guidetogreenland.com\/de\/buch-reisen-urlaub\/"},{"@type":"ListItem","position":3,"name":"Walsafari in Nuuk | Westgr\u00f6nland"}]},{"@type":"WebSite","@id":"https:\/\/guidetogreenland.com\/de\/#website","url":"https:\/\/guidetogreenland.com\/de\/","name":"Guide to Greenland","description":"Largest selection of tours in Greenland","potentialAction":[{"@type":"SearchAction","target":{"@type":"EntryPoint","urlTemplate":"https:\/\/guidetogreenland.com\/de\/?s={search_term_string}"},"query-input":{"@type":"PropertyValueSpecification","valueRequired":true,"valueName":"search_term_string"}}],"inLanguage":"de"}]}},"_links":{"self":[{"href":"https:\/\/guidetogreenland.com\/de\/wp-json\/wp\/v2\/product\/61848","targetHints":{"allow":["GET"]}}],"collection":[{"href":"https:\/\/guidetogreenland.com\/de\/wp-json\/wp\/v2\/product"}],"about":[{"href":"https:\/\/guidetogreenland.com\/de\/wp-json\/wp\/v2\/types\/product"}],"replies":[{"embeddable":true,"href":"https:\/\/guidetogreenland.com\/de\/wp-json\/wp\/v2\/comments?post=61848"}],"wp:featuredmedia":[{"embeddable":true,"href":"https:\/\/guidetogreenland.com\/de\/wp-json\/wp\/v2\/media\/54302"}],"wp:attachment":[{"href":"https:\/\/guidetogreenland.com\/de\/wp-json\/wp\/v2\/media?parent=61848"}],"wp:term":[{"taxonomy":"product_brand","embeddable":true,"href":"https:\/\/guidetogreenland.com\/de\/wp-json\/wp\/v2\/product_brand?post=61848"},{"taxonomy":"product_cat","embeddable":true,"href":"https:\/\/guidetogreenland.com\/de\/wp-json\/wp\/v2\/product_cat?post=61848"},{"taxonomy":"product_tag","embeddable":true,"href":"https:\/\/guidetogreenland.com\/de\/wp-json\/wp\/v2\/product_tag?post=61848"}],"curies":[{"name":"wp","href":"https:\/\/api.w.org\/{rel}","templated":true}]}}