{"id":61851,"date":"2021-08-10T12:29:54","date_gmt":"2024-11-22T10:31:33","guid":{"rendered":"https:\/\/guidetogreenland.com\/?post_type=product&#038;p=61851"},"modified":"2025-10-23T03:23:17","modified_gmt":"2025-10-23T06:23:17","slug":"das-grosse-eisabenteuer-12-tage-disko-bay-westgroenland-copy","status":"publish","type":"product","link":"https:\/\/guidetogreenland.com\/de\/buch-reisen-urlaub\/das-grose-eisabenteuer-12-tage-disko-bay-westgronland\/","title":{"rendered":"Das gro\u00dfe Eisabenteuer | 12 Tage | Disko Bay &#038; Westgr\u00f6nland"},"content":{"rendered":"<p class=\"p1\"><b>Erleben Sie auf diesem 12-t\u00e4gigen Paket Gr\u00f6nlands gr\u00f6\u00dfte Eisschauspiele. Ihre 12 Tage in Gr\u00f6nland bringen Sie zu den begehrtesten Naturattraktionen Gr\u00f6nlands, darunter der Gr\u00f6nl\u00e4ndische Eisschild, der Ilulissat-Eisfjord, der Eqi-Gletscher und die Disko-Insel.\u00a0<\/b><\/p>\n<p><span style=\"font-weight: 400;\">Wir garantieren Ihnen, dass Sie Eisberge in allen Gr\u00f6\u00dfen und Formen sehen werden. Diese au\u00dfergew\u00f6hnliche Pauschalreise nach Gr\u00f6nland erm\u00f6glicht es Ihnen, die Eisschauspiele des Landes mit Gletschern, Eiskappe, Eisbergen und Eisfjorden zu erkunden.<\/span><\/p>\n<p><span style=\"font-weight: 400;\">Ihre Reise beginnt in Kopenhagen, D\u00e4nemark, und f\u00fchrt Sie nach Nuuk in Westgr\u00f6nland. In Nuuk k\u00f6nnen Sie die lebendige Hauptstadt Gr\u00f6nlands genie\u00dfen und auch den zweitgr\u00f6\u00dften Fjord Gr\u00f6nlands, den Nuuk-Fjord, erkunden.<\/span><\/p>\n<p><span style=\"font-weight: 400;\">Ihre Reise geht weiter mit einem Flug nach Aasiaat, wo Sie die M\u00f6glichkeit haben, zu einer Bootstour aufzubrechen, um Wale zu beobachten und die Nacht in der Siedlung zu verbringen. Am n\u00e4chsten Tag besteigen Sie die F\u00e4hre nach Qeqertarsuaq auf der Disko-Insel. Sie bleiben drei Tage in Qeqertarsuaq, um die einzigartige Umgebung mit sechseckigen Basaltformationen, Gletschern, gr\u00fcner Vegetation und Bergen zu genie\u00dfen.<\/span><\/p>\n<p><span style=\"font-weight: 400;\">Die n\u00e4chste Station ist Ilulissat, die Stadt der Eisberge. Die Stadt liegt am Ilulissat-Eisfjord, der zum UNESCO-Weltnaturerbe geh\u00f6rt. Hier beginnen die haushohen Eisberge ihre Reise aus der Disko Bay und bilden das ganze Jahr \u00fcber jeden Tag einen neuen Horizont aus Eis.<\/span><\/p>\n<p><span style=\"font-weight: 400;\">Die Reise geht weiter nach Eqi, zum Kalbenden Gletscher. Sie \u00fcbernachten in der H\u00fcttenstadt Glacier Lodge Eqi, direkt gegen\u00fcber der Stelle, an der das Eis kalbt. Ein unbeschreibliches Naturph\u00e4nomen, das man erlebt haben muss, um es zu verstehen.<\/span><\/p>\n<p><span style=\"font-weight: 400;\">Sie kehren nach Ilulissat zur\u00fcck, wo wir uns von Ihnen verabschieden. Bis dahin garantieren wir Ihnen, dass Sie Eis und Eisberge in allen Gr\u00f6\u00dfen und Formen, das Inlandeis und einen kalbenden Gletscher sowie die sch\u00f6nsten Orte in der Disko Bay gesehen haben.<\/span><\/p>\n<p><span style=\"font-weight: 400;\">Die Tour findet in den Sommermonaten Juni, Juli und August statt. Im Juni und Juli k\u00f6nnen Sie die Mitternachtssonne in der Disko Bay erleben. Im August k\u00f6nnen Sie die spektakul\u00e4rsten Sonnenunterg\u00e4nge genie\u00dfen.<\/span><\/p>\n<p><span style=\"font-weight: 400;\">Wenn Sie diese Pauschalreise buchen, k\u00f6nnen Sie bequem und komfortabel reisen. Alle Touren werden im Voraus geplant und organisiert, sodass Sie die besten Attraktionen Gr\u00f6nlands in vollen Z\u00fcgen genie\u00dfen k\u00f6nnen. Und wenn Sie dieser aufregenden Sommerreise noch mehr Abenteuer hinzuf\u00fcgen m\u00f6chten, k\u00f6nnen Sie sich im Buchungsprozess f\u00fcr weitere Touren entscheiden. Sie k\u00f6nnen beispielsweise mit dem Kajak zwischen den Eisbergen des Ilulissat-Eisfjords navigieren oder eine zus\u00e4tzliche Bootsfahrt zwischen den Eisbergen in den Reiseplan aufnehmen.<\/span><\/p>\n<p><span style=\"font-weight: 400;\">Klicken Sie auf die Registerkarte \u201eReiseplan\u201c, um weitere Informationen zu den einzelnen Tagen der Tour zu erhalten, und reservieren Sie dann Ihren Platz auf dieser Erkundungstour durch Gr\u00f6nland, indem Sie auf \u201e<\/span><b>Jetzt buchen<\/b><span style=\"font-weight: 400;\">\u201c klicken.<\/span><\/p>\n<p>&nbsp;<\/p>\n","protected":false},"excerpt":{"rendered":"Erleben Sie auf diesem 12-t\u00e4gigen Paket Gr\u00f6nlands gr\u00f6\u00dfte Eisschauspiele. Ihre 12 Tage in Gr\u00f6nland bringen Sie zu den begehrtesten Naturattraktionen Gr\u00f6nlands, darunter der Gr\u00f6nl\u00e4ndische Eisschild, der Ilulissat-Eisfjord, der Eqi-Gletscher und die Disko-Insel.\u00a0 Wir garantieren Ihnen, dass Sie Eisberge in allen Gr\u00f6\u00dfen und Formen sehen werden. Diese au\u00dfergew\u00f6hnliche Pauschalreise nach Gr\u00f6nland erm\u00f6glicht es Ihnen, die Eisschauspiele&#8230;","protected":false},"featured_media":49792,"comment_status":"open","ping_status":"closed","template":"","meta":[],"product_brand":[],"product_cat":[1136,1185,1159,1189,1190,1176,1170,1282,1191,1163,1281,1164,1264,1254,1188,1272,1194,1171,1195,1232],"product_tag":[1418,1196,1247,1255],"class_list":{"0":"post-61851","1":"product","2":"type-product","3":"status-publish","4":"has-post-thumbnail","6":"product_cat-abenteuer-in-gronland","7":"product_cat-arktische-natur-und-tierwelt","8":"product_cat-bootstouren-in-groenland","9":"product_cat-diskobucht-touren","10":"product_cat-eisberg-eisfjord-touren","11":"product_cat-gletscher-inlandeis-touren","12":"product_cat-groenland-reisepakete","13":"product_cat-gronlsndische-kultur","14":"product_cat-ilulissat-eisfjord-touren","15":"product_cat-ilulissat-touren","16":"product_cat-kulturelle-touren","17":"product_cat-nuuk-touren","18":"product_cat-polarkreis-touren","19":"product_cat-qeqertarsuaq-touren","20":"product_cat-reiseziel-touren","21":"product_cat-sommerurlaubspaket","22":"product_cat-touren-nach-region","23":"product_cat-von-daenemark-nach-groenland","24":"product_cat-weltkulturerbestaetten-in-gronland","25":"product_cat-westgronland-touren","26":"product_tag-copenhagen-de","27":"product_tag-ilulissat-de","28":"product_tag-nuuk-de","29":"product_tag-qeqertarsuaq-de","30":"pa_activities-besuch-einer-siedlung-de","31":"pa_activities-bootstour-de","32":"pa_activities-eisberg-ansichten-de","33":"pa_activities-eiskappen-gletscherwanderung-de","34":"pa_activities-gletscher-ansichten-de","35":"pa_activities-unesco-staette-de","36":"pa_activities-walbeobachtung-de","37":"pa_attractions-diskobucht","38":"pa_attractions-ilulissat-eisfjord","39":"pa_attractions-unesco-welterbe","40":"pa_available-month-juli","41":"pa_available-month-august-de","42":"pa_destinations-from-copenhagen-de","43":"pa_difficulty-leicht","44":"pa_duration-12-days-de","45":"pa_tour-type-urlaubspaket","46":"yith_shop_vendor-greenland-travel-de","47":"yith_booking_service-6-excursions-package-4800-dkk-per-person","48":"yith_booking_service-7-hours-adventure-day-in-oqaatsut-kayaking-included","49":"yith_booking_service-helicopter-tour-icefjord-and-glacier-from-above-15-hours","50":"yith_booking_service-single-traveller-supplement-for-12-days","52":"first","53":"instock","54":"featured","55":"virtual","56":"sold-individually","57":"purchasable","58":"product-type-booking"},"acf":[],"yoast_head":"<!-- This site is optimized with the Yoast SEO plugin v25.6 - https:\/\/yoast.com\/wordpress\/plugins\/seo\/ -->\n<title>Das gro\u00dfe Eisabenteuer | 12 Tage | Disko Bay &amp; Westgr\u00f6nland | Guide to Greenland<\/title>\n<meta name=\"description\" content=\"Erleben Sie auf dieser 12-t\u00e4gigen Pauschalreise die Eisspektakel Gr\u00f6nlands, darunter das Inlandeis, den Ilulissat-Eisfjord, den Eqi-Gletscher und Disko Island.\" \/>\n<meta name=\"robots\" content=\"index, follow, max-snippet:-1, max-image-preview:large, max-video-preview:-1\" \/>\n<link rel=\"canonical\" href=\"https:\/\/guidetogreenland.com\/de\/buch-reisen-urlaub\/das-grose-eisabenteuer-12-tage-disko-bay-westgronland\/\" \/>\n<meta property=\"og:locale\" content=\"de_DE\" \/>\n<meta property=\"og:type\" content=\"article\" \/>\n<meta property=\"og:title\" content=\"Das gro\u00dfe Eisabenteuer | 12 Tage | Disko Bay &amp; Westgr\u00f6nland | Guide to Greenland\" \/>\n<meta property=\"og:description\" content=\"Erleben Sie auf dieser 12-t\u00e4gigen Pauschalreise die Eisspektakel Gr\u00f6nlands, darunter das Inlandeis, den Ilulissat-Eisfjord, den Eqi-Gletscher und Disko Island.\" \/>\n<meta property=\"og:url\" content=\"https:\/\/guidetogreenland.com\/de\/buch-reisen-urlaub\/das-grose-eisabenteuer-12-tage-disko-bay-westgronland\/\" \/>\n<meta property=\"og:site_name\" content=\"Guide to Greenland\" \/>\n<meta property=\"article:modified_time\" content=\"2025-10-23T06:23:17+00:00\" \/>\n<meta property=\"og:image\" content=\"https:\/\/guidetogreenland.com\/wp-content\/uploads\/2020\/06\/Hiking-View-the-Eqip-Sermia-Eqi-glacier-face-from-near-Eqi-Lodge-Ilulissat-Greenland.jpg\" \/>\n\t<meta property=\"og:image:width\" content=\"1600\" \/>\n\t<meta property=\"og:image:height\" content=\"1067\" \/>\n\t<meta property=\"og:image:type\" content=\"image\/jpeg\" \/>\n<meta name=\"twitter:card\" content=\"summary_large_image\" \/>\n<meta name=\"twitter:label1\" content=\"Gesch\u00e4tzte Lesezeit\" \/>\n\t<meta name=\"twitter:data1\" content=\"2\u00a0Minuten\" \/>\n<script type=\"application\/ld+json\" class=\"yoast-schema-graph\">{\"@context\":\"https:\/\/schema.org\",\"@graph\":[{\"@type\":\"WebPage\",\"@id\":\"https:\/\/guidetogreenland.com\/de\/buch-reisen-urlaub\/das-grose-eisabenteuer-12-tage-disko-bay-westgronland\/\",\"url\":\"https:\/\/guidetogreenland.com\/de\/buch-reisen-urlaub\/das-grose-eisabenteuer-12-tage-disko-bay-westgronland\/\",\"name\":\"Das gro\u00dfe Eisabenteuer | 12 Tage | Disko Bay & Westgr\u00f6nland | Guide to Greenland\",\"isPartOf\":{\"@id\":\"https:\/\/guidetogreenland.com\/de\/#website\"},\"primaryImageOfPage\":{\"@id\":\"https:\/\/guidetogreenland.com\/de\/buch-reisen-urlaub\/das-grose-eisabenteuer-12-tage-disko-bay-westgronland\/#primaryimage\"},\"image\":{\"@id\":\"https:\/\/guidetogreenland.com\/de\/buch-reisen-urlaub\/das-grose-eisabenteuer-12-tage-disko-bay-westgronland\/#primaryimage\"},\"thumbnailUrl\":\"https:\/\/guidetogreenland.com\/wp-content\/uploads\/2020\/06\/Hiking-View-the-Eqip-Sermia-Eqi-glacier-face-from-near-Eqi-Lodge-Ilulissat-Greenland.jpg\",\"datePublished\":\"2024-11-22T10:31:33+00:00\",\"dateModified\":\"2025-10-23T06:23:17+00:00\",\"description\":\"Erleben Sie auf dieser 12-t\u00e4gigen Pauschalreise die Eisspektakel Gr\u00f6nlands, darunter das Inlandeis, den Ilulissat-Eisfjord, den Eqi-Gletscher und Disko Island.\",\"breadcrumb\":{\"@id\":\"https:\/\/guidetogreenland.com\/de\/buch-reisen-urlaub\/das-grose-eisabenteuer-12-tage-disko-bay-westgronland\/#breadcrumb\"},\"inLanguage\":\"de\",\"potentialAction\":[{\"@type\":\"ReadAction\",\"target\":[\"https:\/\/guidetogreenland.com\/de\/buch-reisen-urlaub\/das-grose-eisabenteuer-12-tage-disko-bay-westgronland\/\"]}]},{\"@type\":\"ImageObject\",\"inLanguage\":\"de\",\"@id\":\"https:\/\/guidetogreenland.com\/de\/buch-reisen-urlaub\/das-grose-eisabenteuer-12-tage-disko-bay-westgronland\/#primaryimage\",\"url\":\"https:\/\/guidetogreenland.com\/wp-content\/uploads\/2020\/06\/Hiking-View-the-Eqip-Sermia-Eqi-glacier-face-from-near-Eqi-Lodge-Ilulissat-Greenland.jpg\",\"contentUrl\":\"https:\/\/guidetogreenland.com\/wp-content\/uploads\/2020\/06\/Hiking-View-the-Eqip-Sermia-Eqi-glacier-face-from-near-Eqi-Lodge-Ilulissat-Greenland.jpg\",\"width\":1600,\"height\":1067},{\"@type\":\"BreadcrumbList\",\"@id\":\"https:\/\/guidetogreenland.com\/de\/buch-reisen-urlaub\/das-grose-eisabenteuer-12-tage-disko-bay-westgronland\/#breadcrumb\",\"itemListElement\":[{\"@type\":\"ListItem\",\"position\":1,\"name\":\"Home\",\"item\":\"https:\/\/guidetogreenland.com\/de\/\"},{\"@type\":\"ListItem\",\"position\":2,\"name\":\"Alle Touren anzeigen\",\"item\":\"https:\/\/guidetogreenland.com\/de\/buch-reisen-urlaub\/\"},{\"@type\":\"ListItem\",\"position\":3,\"name\":\"Das gro\u00dfe Eisabenteuer | 12 Tage | Disko Bay &#038; Westgr\u00f6nland\"}]},{\"@type\":\"WebSite\",\"@id\":\"https:\/\/guidetogreenland.com\/de\/#website\",\"url\":\"https:\/\/guidetogreenland.com\/de\/\",\"name\":\"Guide to Greenland\",\"description\":\"Largest selection of tours in Greenland\",\"potentialAction\":[{\"@type\":\"SearchAction\",\"target\":{\"@type\":\"EntryPoint\",\"urlTemplate\":\"https:\/\/guidetogreenland.com\/de\/?s={search_term_string}\"},\"query-input\":{\"@type\":\"PropertyValueSpecification\",\"valueRequired\":true,\"valueName\":\"search_term_string\"}}],\"inLanguage\":\"de\"}]}<\/script>\n<!-- \/ Yoast SEO plugin. -->","yoast_head_json":{"title":"Das gro\u00dfe Eisabenteuer | 12 Tage | Disko Bay & Westgr\u00f6nland | Guide to Greenland","description":"Erleben Sie auf dieser 12-t\u00e4gigen Pauschalreise die Eisspektakel Gr\u00f6nlands, darunter das Inlandeis, den Ilulissat-Eisfjord, den Eqi-Gletscher und Disko Island.","robots":{"index":"index","follow":"follow","max-snippet":"max-snippet:-1","max-image-preview":"max-image-preview:large","max-video-preview":"max-video-preview:-1"},"canonical":"https:\/\/guidetogreenland.com\/de\/buch-reisen-urlaub\/das-grose-eisabenteuer-12-tage-disko-bay-westgronland\/","og_locale":"de_DE","og_type":"article","og_title":"Das gro\u00dfe Eisabenteuer | 12 Tage | Disko Bay & Westgr\u00f6nland | Guide to Greenland","og_description":"Erleben Sie auf dieser 12-t\u00e4gigen Pauschalreise die Eisspektakel Gr\u00f6nlands, darunter das Inlandeis, den Ilulissat-Eisfjord, den Eqi-Gletscher und Disko Island.","og_url":"https:\/\/guidetogreenland.com\/de\/buch-reisen-urlaub\/das-grose-eisabenteuer-12-tage-disko-bay-westgronland\/","og_site_name":"Guide to Greenland","article_modified_time":"2025-10-23T06:23:17+00:00","og_image":[{"width":1600,"height":1067,"url":"https:\/\/guidetogreenland.com\/wp-content\/uploads\/2020\/06\/Hiking-View-the-Eqip-Sermia-Eqi-glacier-face-from-near-Eqi-Lodge-Ilulissat-Greenland.jpg","type":"image\/jpeg"}],"twitter_card":"summary_large_image","twitter_misc":{"Gesch\u00e4tzte Lesezeit":"2\u00a0Minuten"},"schema":{"@context":"https:\/\/schema.org","@graph":[{"@type":"WebPage","@id":"https:\/\/guidetogreenland.com\/de\/buch-reisen-urlaub\/das-grose-eisabenteuer-12-tage-disko-bay-westgronland\/","url":"https:\/\/guidetogreenland.com\/de\/buch-reisen-urlaub\/das-grose-eisabenteuer-12-tage-disko-bay-westgronland\/","name":"Das gro\u00dfe Eisabenteuer | 12 Tage | Disko Bay & Westgr\u00f6nland | Guide to Greenland","isPartOf":{"@id":"https:\/\/guidetogreenland.com\/de\/#website"},"primaryImageOfPage":{"@id":"https:\/\/guidetogreenland.com\/de\/buch-reisen-urlaub\/das-grose-eisabenteuer-12-tage-disko-bay-westgronland\/#primaryimage"},"image":{"@id":"https:\/\/guidetogreenland.com\/de\/buch-reisen-urlaub\/das-grose-eisabenteuer-12-tage-disko-bay-westgronland\/#primaryimage"},"thumbnailUrl":"https:\/\/guidetogreenland.com\/wp-content\/uploads\/2020\/06\/Hiking-View-the-Eqip-Sermia-Eqi-glacier-face-from-near-Eqi-Lodge-Ilulissat-Greenland.jpg","datePublished":"2024-11-22T10:31:33+00:00","dateModified":"2025-10-23T06:23:17+00:00","description":"Erleben Sie auf dieser 12-t\u00e4gigen Pauschalreise die Eisspektakel Gr\u00f6nlands, darunter das Inlandeis, den Ilulissat-Eisfjord, den Eqi-Gletscher und Disko Island.","breadcrumb":{"@id":"https:\/\/guidetogreenland.com\/de\/buch-reisen-urlaub\/das-grose-eisabenteuer-12-tage-disko-bay-westgronland\/#breadcrumb"},"inLanguage":"de","potentialAction":[{"@type":"ReadAction","target":["https:\/\/guidetogreenland.com\/de\/buch-reisen-urlaub\/das-grose-eisabenteuer-12-tage-disko-bay-westgronland\/"]}]},{"@type":"ImageObject","inLanguage":"de","@id":"https:\/\/guidetogreenland.com\/de\/buch-reisen-urlaub\/das-grose-eisabenteuer-12-tage-disko-bay-westgronland\/#primaryimage","url":"https:\/\/guidetogreenland.com\/wp-content\/uploads\/2020\/06\/Hiking-View-the-Eqip-Sermia-Eqi-glacier-face-from-near-Eqi-Lodge-Ilulissat-Greenland.jpg","contentUrl":"https:\/\/guidetogreenland.com\/wp-content\/uploads\/2020\/06\/Hiking-View-the-Eqip-Sermia-Eqi-glacier-face-from-near-Eqi-Lodge-Ilulissat-Greenland.jpg","width":1600,"height":1067},{"@type":"BreadcrumbList","@id":"https:\/\/guidetogreenland.com\/de\/buch-reisen-urlaub\/das-grose-eisabenteuer-12-tage-disko-bay-westgronland\/#breadcrumb","itemListElement":[{"@type":"ListItem","position":1,"name":"Home","item":"https:\/\/guidetogreenland.com\/de\/"},{"@type":"ListItem","position":2,"name":"Alle Touren anzeigen","item":"https:\/\/guidetogreenland.com\/de\/buch-reisen-urlaub\/"},{"@type":"ListItem","position":3,"name":"Das gro\u00dfe Eisabenteuer | 12 Tage | Disko Bay &#038; Westgr\u00f6nland"}]},{"@type":"WebSite","@id":"https:\/\/guidetogreenland.com\/de\/#website","url":"https:\/\/guidetogreenland.com\/de\/","name":"Guide to Greenland","description":"Largest selection of tours in Greenland","potentialAction":[{"@type":"SearchAction","target":{"@type":"EntryPoint","urlTemplate":"https:\/\/guidetogreenland.com\/de\/?s={search_term_string}"},"query-input":{"@type":"PropertyValueSpecification","valueRequired":true,"valueName":"search_term_string"}}],"inLanguage":"de"}]}},"_links":{"self":[{"href":"https:\/\/guidetogreenland.com\/de\/wp-json\/wp\/v2\/product\/61851","targetHints":{"allow":["GET"]}}],"collection":[{"href":"https:\/\/guidetogreenland.com\/de\/wp-json\/wp\/v2\/product"}],"about":[{"href":"https:\/\/guidetogreenland.com\/de\/wp-json\/wp\/v2\/types\/product"}],"replies":[{"embeddable":true,"href":"https:\/\/guidetogreenland.com\/de\/wp-json\/wp\/v2\/comments?post=61851"}],"wp:featuredmedia":[{"embeddable":true,"href":"https:\/\/guidetogreenland.com\/de\/wp-json\/wp\/v2\/media\/49792"}],"wp:attachment":[{"href":"https:\/\/guidetogreenland.com\/de\/wp-json\/wp\/v2\/media?parent=61851"}],"wp:term":[{"taxonomy":"product_brand","embeddable":true,"href":"https:\/\/guidetogreenland.com\/de\/wp-json\/wp\/v2\/product_brand?post=61851"},{"taxonomy":"product_cat","embeddable":true,"href":"https:\/\/guidetogreenland.com\/de\/wp-json\/wp\/v2\/product_cat?post=61851"},{"taxonomy":"product_tag","embeddable":true,"href":"https:\/\/guidetogreenland.com\/de\/wp-json\/wp\/v2\/product_tag?post=61851"}],"curies":[{"name":"wp","href":"https:\/\/api.w.org\/{rel}","templated":true}]}}