{"id":61854,"date":"2020-06-25T11:17:53","date_gmt":"2024-11-22T10:32:47","guid":{"rendered":"https:\/\/guidetogreenland.com\/?post_type=product&#038;p=61854"},"modified":"2025-11-09T03:22:45","modified_gmt":"2025-11-09T06:22:45","slug":"isua-gletscherabenteuer-mit-dem-hubschrauber-ilulissat-disko-bay-copy","status":"publish","type":"product","link":"https:\/\/guidetogreenland.com\/de\/buch-reisen-urlaub\/isua-gletscherabenteuer-mit-dem-hubschrauber-ilulissat-disko-bay\/","title":{"rendered":"ISUA Gletscherabenteuer mit dem Hubschrauber | Ilulissat | Disko Bay"},"content":{"rendered":"<p class=\"p1\">Steigen Sie in den Hubschrauber und besuchen Sie das Herz des UNESCO-Weltkulturerbes Ilulissat, das gr\u00f6nl\u00e4ndische Inlandeis, von dem die unz\u00e4hligen Eisberge des Ilulissat-Eisfjords stammen. Bei dieser 2-st\u00fcndigen Tour stehen Sie mit beiden F\u00fc\u00dfen auf dem gr\u00f6nl\u00e4ndischen Inlandeis, das nur per Hubschrauber erreichbar ist.<\/p>\n<p class=\"p1\">Sie treffen uns in Kussangajaannguaq 7, wo wir Ihnen die H\u00f6hepunkte der Tour kurz vorstellen. Anschlie\u00dfend werden Sie zum Flughafen Ilulissat gebracht und nach Ihrer Ankunft von Ihrem erfahrenen Air Greenland Piloten begr\u00fc\u00dft. Vor dem Start werden Sie in den Hubschrauber, eine Bell 212, gesetzt.<\/p>\n<p class=\"p1\">Sie werden den Sermeq Kujalleq-Gletscher besuchen, einen Gletscherarm des gr\u00f6nl\u00e4ndischen Inlandeises.\u00a0 Wussten Sie, dass der Gletscher der produktivste Gletscher der n\u00f6rdlichen Hemisph\u00e4re ist? Der Gletscher ist sieben Kilometer breit und mehr als einen Kilometer steil. Er bewegt sich jeden Tag etwa 50 Meter und produziert t\u00e4glich 43 Millionen Tonnen Eis. Das l\u00e4sst Sie die unglaubliche Kraft der Natur erleben!<\/p>\n<p class=\"p1\">Auf dem Weg zum Gletscher fliegt der Pilot so tief, wie es die Sicherheit erlaubt, damit Sie den sch\u00f6nen Kontrast zwischen dem wei\u00dfen Eis und der umliegenden Berglandschaft, den vielen Schmelzwasserseen und Fl\u00fcssen sehen k\u00f6nnen. Der Hubschrauber landet auf einem Bergplateau neben der Eiskappe, wo wir uns 30 Minuten lang aufhalten werden. In diesen 30 Minuten k\u00f6nnen Sie die unber\u00fchrte Landschaft genie\u00dfen und die unendlichen Ausma\u00dfe der Eiskappe wahrnehmen, au\u00dferdem haben Sie Zeit, mit beiden F\u00fc\u00dfen auf dem Eis zu stehen.<\/p>\n<p class=\"p1\">Auf dem R\u00fcckweg nach Ilulissat fliegen wir \u00fcber die Gletscherkante und folgen dem 70 Kilometer langen Ilulissat-Eisfjord zur\u00fcck in die Stadt.<\/p>\n<p class=\"p1\">Reservieren Sie Ihren Platz, indem Sie Ihr bevorzugtes Abreisedatum ausw\u00e4hlen und auf Jetzt buchen klicken.<\/p>\n","protected":false},"excerpt":{"rendered":"Steigen Sie in den Hubschrauber und besuchen Sie das Herz des UNESCO-Weltkulturerbes Ilulissat, das gr\u00f6nl\u00e4ndische Inlandeis, von dem die unz\u00e4hligen Eisberge des Ilulissat-Eisfjords stammen. Bei dieser 2-st\u00fcndigen Tour stehen Sie mit beiden F\u00fc\u00dfen auf dem gr\u00f6nl\u00e4ndischen Inlandeis, das nur per Hubschrauber erreichbar ist. Sie treffen uns in Kussangajaannguaq 7, wo wir Ihnen die H\u00f6hepunkte der&#8230;","protected":false},"featured_media":44950,"comment_status":"open","ping_status":"closed","template":"","meta":[],"product_brand":[],"product_cat":[1136,1185,1189,1161,1176,1163,1188,1186,1194],"product_tag":[1196],"class_list":{"0":"post-61854","1":"product","2":"type-product","3":"status-publish","4":"has-post-thumbnail","6":"product_cat-abenteuer-in-gronland","7":"product_cat-arktische-natur-und-tierwelt","8":"product_cat-diskobucht-touren","9":"product_cat-flugzeug-hubschrauber-touren","10":"product_cat-gletscher-inlandeis-touren","11":"product_cat-ilulissat-touren","12":"product_cat-reiseziel-touren","13":"product_cat-tagestouren-im-sommer","14":"product_cat-touren-nach-region","15":"product_tag-ilulissat-de","16":"pa_activities-eisberg-ansichten-de","17":"pa_activities-gletscher-ansichten-de","18":"pa_activities-rundfluege-de","19":"pa_activities-unesco-staette-de","20":"pa_attractions-eisdecke","21":"pa_attractions-ilulissat-eisfjord","22":"pa_attractions-unesco-welterbe","23":"pa_available-month-juni","24":"pa_available-month-juli","25":"pa_available-month-august-de","26":"pa_available-month-september-de","27":"pa_destinations-ilulissat-de","28":"pa_difficulty-leicht","29":"pa_duration-1-5-stunden","30":"pa_tour-type-tagestour","31":"yith_shop_vendor-world-of-greenland-ilulissat-de","33":"first","34":"instock","35":"virtual","36":"sold-individually","37":"purchasable","38":"product-type-booking"},"acf":[],"yoast_head":"<!-- This site is optimized with the Yoast SEO plugin v25.6 - https:\/\/yoast.com\/wordpress\/plugins\/seo\/ -->\n<title>ISUA Gletscherabenteuer mit dem Hubschrauber | Ilulissat | Disko Bay | Guide to Greenland<\/title>\n<meta name=\"description\" content=\"Fliegen Sie mit dem Hubschrauber \u00fcber den Ilulissat-Eisfjord bis zur gr\u00f6nl\u00e4ndischen Eiskappe. Erhalten Sie einen seltenen Blick auf den Gletscher und die arktische Tierwel\" \/>\n<meta name=\"robots\" content=\"index, follow, max-snippet:-1, max-image-preview:large, max-video-preview:-1\" \/>\n<link rel=\"canonical\" href=\"https:\/\/guidetogreenland.com\/de\/buch-reisen-urlaub\/isua-gletscherabenteuer-mit-dem-hubschrauber-ilulissat-disko-bay\/\" \/>\n<meta property=\"og:locale\" content=\"de_DE\" \/>\n<meta property=\"og:type\" content=\"article\" \/>\n<meta property=\"og:title\" content=\"ISUA Gletscherabenteuer mit dem Hubschrauber | Ilulissat | Disko Bay | Guide to Greenland\" \/>\n<meta property=\"og:description\" content=\"Fliegen Sie mit dem Hubschrauber \u00fcber den Ilulissat-Eisfjord bis zur gr\u00f6nl\u00e4ndischen Eiskappe. Erhalten Sie einen seltenen Blick auf den Gletscher und die arktische Tierwel\" \/>\n<meta property=\"og:url\" content=\"https:\/\/guidetogreenland.com\/de\/buch-reisen-urlaub\/isua-gletscherabenteuer-mit-dem-hubschrauber-ilulissat-disko-bay\/\" \/>\n<meta property=\"og:site_name\" content=\"Guide to Greenland\" \/>\n<meta property=\"article:modified_time\" content=\"2025-11-09T06:22:45+00:00\" \/>\n<meta property=\"og:image\" content=\"https:\/\/guidetogreenland.com\/wp-content\/uploads\/2020\/05\/ISUA-Glacier-Adventure-By-Helicopter-Ilulissat-Disko-Bay-Guide-to-Greenland8.jpeg\" \/>\n\t<meta property=\"og:image:width\" content=\"1781\" \/>\n\t<meta property=\"og:image:height\" content=\"656\" \/>\n\t<meta property=\"og:image:type\" content=\"image\/jpeg\" \/>\n<meta name=\"twitter:card\" content=\"summary_large_image\" \/>\n<meta name=\"twitter:label1\" content=\"Gesch\u00e4tzte Lesezeit\" \/>\n\t<meta name=\"twitter:data1\" content=\"2\u00a0Minuten\" \/>\n<script type=\"application\/ld+json\" class=\"yoast-schema-graph\">{\"@context\":\"https:\/\/schema.org\",\"@graph\":[{\"@type\":\"WebPage\",\"@id\":\"https:\/\/guidetogreenland.com\/de\/buch-reisen-urlaub\/isua-gletscherabenteuer-mit-dem-hubschrauber-ilulissat-disko-bay\/\",\"url\":\"https:\/\/guidetogreenland.com\/de\/buch-reisen-urlaub\/isua-gletscherabenteuer-mit-dem-hubschrauber-ilulissat-disko-bay\/\",\"name\":\"ISUA Gletscherabenteuer mit dem Hubschrauber | Ilulissat | Disko Bay | Guide to Greenland\",\"isPartOf\":{\"@id\":\"https:\/\/guidetogreenland.com\/de\/#website\"},\"primaryImageOfPage\":{\"@id\":\"https:\/\/guidetogreenland.com\/de\/buch-reisen-urlaub\/isua-gletscherabenteuer-mit-dem-hubschrauber-ilulissat-disko-bay\/#primaryimage\"},\"image\":{\"@id\":\"https:\/\/guidetogreenland.com\/de\/buch-reisen-urlaub\/isua-gletscherabenteuer-mit-dem-hubschrauber-ilulissat-disko-bay\/#primaryimage\"},\"thumbnailUrl\":\"https:\/\/guidetogreenland.com\/wp-content\/uploads\/2020\/05\/ISUA-Glacier-Adventure-By-Helicopter-Ilulissat-Disko-Bay-Guide-to-Greenland8.jpeg\",\"datePublished\":\"2024-11-22T10:32:47+00:00\",\"dateModified\":\"2025-11-09T06:22:45+00:00\",\"description\":\"Fliegen Sie mit dem Hubschrauber \u00fcber den Ilulissat-Eisfjord bis zur gr\u00f6nl\u00e4ndischen Eiskappe. Erhalten Sie einen seltenen Blick auf den Gletscher und die arktische Tierwel\",\"breadcrumb\":{\"@id\":\"https:\/\/guidetogreenland.com\/de\/buch-reisen-urlaub\/isua-gletscherabenteuer-mit-dem-hubschrauber-ilulissat-disko-bay\/#breadcrumb\"},\"inLanguage\":\"de\",\"potentialAction\":[{\"@type\":\"ReadAction\",\"target\":[\"https:\/\/guidetogreenland.com\/de\/buch-reisen-urlaub\/isua-gletscherabenteuer-mit-dem-hubschrauber-ilulissat-disko-bay\/\"]}]},{\"@type\":\"ImageObject\",\"inLanguage\":\"de\",\"@id\":\"https:\/\/guidetogreenland.com\/de\/buch-reisen-urlaub\/isua-gletscherabenteuer-mit-dem-hubschrauber-ilulissat-disko-bay\/#primaryimage\",\"url\":\"https:\/\/guidetogreenland.com\/wp-content\/uploads\/2020\/05\/ISUA-Glacier-Adventure-By-Helicopter-Ilulissat-Disko-Bay-Guide-to-Greenland8.jpeg\",\"contentUrl\":\"https:\/\/guidetogreenland.com\/wp-content\/uploads\/2020\/05\/ISUA-Glacier-Adventure-By-Helicopter-Ilulissat-Disko-Bay-Guide-to-Greenland8.jpeg\",\"width\":1781,\"height\":656},{\"@type\":\"BreadcrumbList\",\"@id\":\"https:\/\/guidetogreenland.com\/de\/buch-reisen-urlaub\/isua-gletscherabenteuer-mit-dem-hubschrauber-ilulissat-disko-bay\/#breadcrumb\",\"itemListElement\":[{\"@type\":\"ListItem\",\"position\":1,\"name\":\"Home\",\"item\":\"https:\/\/guidetogreenland.com\/de\/\"},{\"@type\":\"ListItem\",\"position\":2,\"name\":\"Alle Touren anzeigen\",\"item\":\"https:\/\/guidetogreenland.com\/de\/buch-reisen-urlaub\/\"},{\"@type\":\"ListItem\",\"position\":3,\"name\":\"ISUA Gletscherabenteuer mit dem Hubschrauber | Ilulissat | Disko Bay\"}]},{\"@type\":\"WebSite\",\"@id\":\"https:\/\/guidetogreenland.com\/de\/#website\",\"url\":\"https:\/\/guidetogreenland.com\/de\/\",\"name\":\"Guide to Greenland\",\"description\":\"Largest selection of tours in Greenland\",\"potentialAction\":[{\"@type\":\"SearchAction\",\"target\":{\"@type\":\"EntryPoint\",\"urlTemplate\":\"https:\/\/guidetogreenland.com\/de\/?s={search_term_string}\"},\"query-input\":{\"@type\":\"PropertyValueSpecification\",\"valueRequired\":true,\"valueName\":\"search_term_string\"}}],\"inLanguage\":\"de\"}]}<\/script>\n<!-- \/ Yoast SEO plugin. -->","yoast_head_json":{"title":"ISUA Gletscherabenteuer mit dem Hubschrauber | Ilulissat | Disko Bay | Guide to Greenland","description":"Fliegen Sie mit dem Hubschrauber \u00fcber den Ilulissat-Eisfjord bis zur gr\u00f6nl\u00e4ndischen Eiskappe. Erhalten Sie einen seltenen Blick auf den Gletscher und die arktische Tierwel","robots":{"index":"index","follow":"follow","max-snippet":"max-snippet:-1","max-image-preview":"max-image-preview:large","max-video-preview":"max-video-preview:-1"},"canonical":"https:\/\/guidetogreenland.com\/de\/buch-reisen-urlaub\/isua-gletscherabenteuer-mit-dem-hubschrauber-ilulissat-disko-bay\/","og_locale":"de_DE","og_type":"article","og_title":"ISUA Gletscherabenteuer mit dem Hubschrauber | Ilulissat | Disko Bay | Guide to Greenland","og_description":"Fliegen Sie mit dem Hubschrauber \u00fcber den Ilulissat-Eisfjord bis zur gr\u00f6nl\u00e4ndischen Eiskappe. Erhalten Sie einen seltenen Blick auf den Gletscher und die arktische Tierwel","og_url":"https:\/\/guidetogreenland.com\/de\/buch-reisen-urlaub\/isua-gletscherabenteuer-mit-dem-hubschrauber-ilulissat-disko-bay\/","og_site_name":"Guide to Greenland","article_modified_time":"2025-11-09T06:22:45+00:00","og_image":[{"width":1781,"height":656,"url":"https:\/\/guidetogreenland.com\/wp-content\/uploads\/2020\/05\/ISUA-Glacier-Adventure-By-Helicopter-Ilulissat-Disko-Bay-Guide-to-Greenland8.jpeg","type":"image\/jpeg"}],"twitter_card":"summary_large_image","twitter_misc":{"Gesch\u00e4tzte Lesezeit":"2\u00a0Minuten"},"schema":{"@context":"https:\/\/schema.org","@graph":[{"@type":"WebPage","@id":"https:\/\/guidetogreenland.com\/de\/buch-reisen-urlaub\/isua-gletscherabenteuer-mit-dem-hubschrauber-ilulissat-disko-bay\/","url":"https:\/\/guidetogreenland.com\/de\/buch-reisen-urlaub\/isua-gletscherabenteuer-mit-dem-hubschrauber-ilulissat-disko-bay\/","name":"ISUA Gletscherabenteuer mit dem Hubschrauber | Ilulissat | Disko Bay | Guide to Greenland","isPartOf":{"@id":"https:\/\/guidetogreenland.com\/de\/#website"},"primaryImageOfPage":{"@id":"https:\/\/guidetogreenland.com\/de\/buch-reisen-urlaub\/isua-gletscherabenteuer-mit-dem-hubschrauber-ilulissat-disko-bay\/#primaryimage"},"image":{"@id":"https:\/\/guidetogreenland.com\/de\/buch-reisen-urlaub\/isua-gletscherabenteuer-mit-dem-hubschrauber-ilulissat-disko-bay\/#primaryimage"},"thumbnailUrl":"https:\/\/guidetogreenland.com\/wp-content\/uploads\/2020\/05\/ISUA-Glacier-Adventure-By-Helicopter-Ilulissat-Disko-Bay-Guide-to-Greenland8.jpeg","datePublished":"2024-11-22T10:32:47+00:00","dateModified":"2025-11-09T06:22:45+00:00","description":"Fliegen Sie mit dem Hubschrauber \u00fcber den Ilulissat-Eisfjord bis zur gr\u00f6nl\u00e4ndischen Eiskappe. Erhalten Sie einen seltenen Blick auf den Gletscher und die arktische Tierwel","breadcrumb":{"@id":"https:\/\/guidetogreenland.com\/de\/buch-reisen-urlaub\/isua-gletscherabenteuer-mit-dem-hubschrauber-ilulissat-disko-bay\/#breadcrumb"},"inLanguage":"de","potentialAction":[{"@type":"ReadAction","target":["https:\/\/guidetogreenland.com\/de\/buch-reisen-urlaub\/isua-gletscherabenteuer-mit-dem-hubschrauber-ilulissat-disko-bay\/"]}]},{"@type":"ImageObject","inLanguage":"de","@id":"https:\/\/guidetogreenland.com\/de\/buch-reisen-urlaub\/isua-gletscherabenteuer-mit-dem-hubschrauber-ilulissat-disko-bay\/#primaryimage","url":"https:\/\/guidetogreenland.com\/wp-content\/uploads\/2020\/05\/ISUA-Glacier-Adventure-By-Helicopter-Ilulissat-Disko-Bay-Guide-to-Greenland8.jpeg","contentUrl":"https:\/\/guidetogreenland.com\/wp-content\/uploads\/2020\/05\/ISUA-Glacier-Adventure-By-Helicopter-Ilulissat-Disko-Bay-Guide-to-Greenland8.jpeg","width":1781,"height":656},{"@type":"BreadcrumbList","@id":"https:\/\/guidetogreenland.com\/de\/buch-reisen-urlaub\/isua-gletscherabenteuer-mit-dem-hubschrauber-ilulissat-disko-bay\/#breadcrumb","itemListElement":[{"@type":"ListItem","position":1,"name":"Home","item":"https:\/\/guidetogreenland.com\/de\/"},{"@type":"ListItem","position":2,"name":"Alle Touren anzeigen","item":"https:\/\/guidetogreenland.com\/de\/buch-reisen-urlaub\/"},{"@type":"ListItem","position":3,"name":"ISUA Gletscherabenteuer mit dem Hubschrauber | Ilulissat | Disko Bay"}]},{"@type":"WebSite","@id":"https:\/\/guidetogreenland.com\/de\/#website","url":"https:\/\/guidetogreenland.com\/de\/","name":"Guide to Greenland","description":"Largest selection of tours in Greenland","potentialAction":[{"@type":"SearchAction","target":{"@type":"EntryPoint","urlTemplate":"https:\/\/guidetogreenland.com\/de\/?s={search_term_string}"},"query-input":{"@type":"PropertyValueSpecification","valueRequired":true,"valueName":"search_term_string"}}],"inLanguage":"de"}]}},"_links":{"self":[{"href":"https:\/\/guidetogreenland.com\/de\/wp-json\/wp\/v2\/product\/61854","targetHints":{"allow":["GET"]}}],"collection":[{"href":"https:\/\/guidetogreenland.com\/de\/wp-json\/wp\/v2\/product"}],"about":[{"href":"https:\/\/guidetogreenland.com\/de\/wp-json\/wp\/v2\/types\/product"}],"replies":[{"embeddable":true,"href":"https:\/\/guidetogreenland.com\/de\/wp-json\/wp\/v2\/comments?post=61854"}],"wp:featuredmedia":[{"embeddable":true,"href":"https:\/\/guidetogreenland.com\/de\/wp-json\/wp\/v2\/media\/44950"}],"wp:attachment":[{"href":"https:\/\/guidetogreenland.com\/de\/wp-json\/wp\/v2\/media?parent=61854"}],"wp:term":[{"taxonomy":"product_brand","embeddable":true,"href":"https:\/\/guidetogreenland.com\/de\/wp-json\/wp\/v2\/product_brand?post=61854"},{"taxonomy":"product_cat","embeddable":true,"href":"https:\/\/guidetogreenland.com\/de\/wp-json\/wp\/v2\/product_cat?post=61854"},{"taxonomy":"product_tag","embeddable":true,"href":"https:\/\/guidetogreenland.com\/de\/wp-json\/wp\/v2\/product_tag?post=61854"}],"curies":[{"name":"wp","href":"https:\/\/api.w.org\/{rel}","templated":true}]}}