{"id":61860,"date":"2020-06-10T12:01:20","date_gmt":"2024-11-22T10:34:28","guid":{"rendered":"https:\/\/guidetogreenland.com\/?post_type=product&#038;p=61860"},"modified":"2025-08-15T10:27:20","modified_gmt":"2025-08-15T13:27:20","slug":"bootstransfer-zwischen-kulusuk-und-tasiilaq-ostgroenland-copy","status":"publish","type":"product","link":"https:\/\/guidetogreenland.com\/de\/buch-reisen-urlaub\/bootstransfer-zwischen-kulusuk-und-tasiilaq-ostgronland\/","title":{"rendered":"Bootstransfer zwischen Kulusuk und Tasiilaq | Ostgr\u00f6nland"},"content":{"rendered":"<p class=\"p1\">Bootstransfer zwischen Kulusuk und Tasiilaq | Ostgr\u00f6nland<\/p>\n<p class=\"p1\">Sind Sie auf der Suche nach einem g\u00fcnstigen Transfer zwischen Kulusuk und Tasiilaq? Dann haben Sie die richtige Tour gefunden!<\/p>\n<p class=\"p1\">Wir bieten einen einfachen und g\u00fcnstigen Transfer von:<\/p>\n<p class=\"p1\">&#8211; Kulusuk nach Tasiilaq (1000dkk pro Person, einfache Fahrt)<\/p>\n<p class=\"p1\">&#8211; Tasiilaq nach Kulusuk (1000dkk pro Person, einfache Fahrt)<\/p>\n<p class=\"p1\">Bitte beachten Sie, dass sich die Abfahrtszeit \u00e4ndern kann (Sie werden per E-Mail informiert)<\/p>\n<p class=\"p1\">Bitte kreuzen Sie im Buchungsprozess an, in welche Richtung Sie Ihren Transfer w\u00fcnschen. Wenn Sie einen Transfer in beide Richtungen w\u00fcnschen, f\u00fcgen Sie dies als separate Buchung im Warenkorb mit dem gew\u00fcnschten Tag hinzu.<\/p>\n<p class=\"p1\">Das Meer zwischen Tasiilaq und Kulusuk gilt in den Sommermonaten als ostgr\u00f6nl\u00e4ndischer Highway, da die Einheimischen mit ihren Booten zwischen den beiden St\u00e4dten hin und her fahren. Unterwegs kommen Sie an Eisbergen vorbei und haben gute Chancen, arktische Wildtiere wie Wale, Robben und verschiedene Vogelarten zu beobachten.<\/p>\n<p class=\"p1\">Der Transfer zwischen den beiden St\u00e4dten dauert etwa eine Stunde, aber bitte beachten Sie, dass die Route von den Wetter- und Eisverh\u00e4ltnissen abh\u00e4ngt.<\/p>\n<p class=\"p1\">Um den Transfer zu buchen, w\u00e4hlen Sie bitte den gew\u00fcnschten Tag aus und buchen Sie den Transfer noch heute.<\/p>\n","protected":false},"excerpt":{"rendered":"Bootstransfer zwischen Kulusuk und Tasiilaq | Ostgr\u00f6nland Sind Sie auf der Suche nach einem g\u00fcnstigen Transfer zwischen Kulusuk und Tasiilaq? Dann haben Sie die richtige Tour gefunden! Wir bieten einen einfachen und g\u00fcnstigen Transfer von: &#8211; Kulusuk nach Tasiilaq (1000dkk pro Person, einfache Fahrt) &#8211; Tasiilaq nach Kulusuk (1000dkk pro Person, einfache Fahrt) Bitte beachten&#8230;","protected":false},"featured_media":46662,"comment_status":"open","ping_status":"closed","template":"","meta":[],"product_brand":[],"product_cat":[1136,1159,1291,1290,1186,1292],"product_tag":[1293],"class_list":{"0":"post-61860","1":"product","2":"type-product","3":"status-publish","4":"has-post-thumbnail","6":"product_cat-abenteuer-in-gronland","7":"product_cat-bootstouren-in-groenland","8":"product_cat-kulusuk-touren","9":"product_cat-ostgronland-touren","10":"product_cat-tagestouren-im-sommer","11":"product_cat-tasiilaq-touren","12":"product_tag-tasiilaq-de","13":"pa_activities-bootstour-de","14":"pa_available-month-juni","15":"pa_available-month-juli","16":"pa_available-month-august-de","17":"pa_available-month-september-de","18":"pa_destinations-kulusuk-de","19":"pa_destinations-tasiilaq-de","20":"pa_difficulty-leicht","21":"pa_duration-1-hour-de","22":"pa_tour-type-tagestour","23":"yith_shop_vendor-arctic-dream-de","24":"yith_booking_service-from-kulusuk-to-tasiilaq","25":"yith_booking_service-from-tasiilaq-to-kulusuk","27":"first","28":"instock","29":"virtual","30":"sold-individually","31":"purchasable","32":"product-type-booking"},"acf":[],"yoast_head":"<!-- This site is optimized with the Yoast SEO plugin v25.6 - https:\/\/yoast.com\/wordpress\/plugins\/seo\/ -->\n<title>Bootstransfer zwischen Kulusuk und Tasiilaq | Ostgr\u00f6nland | Guide to Greenland<\/title>\n<meta name=\"description\" content=\"Transfer von Tasiilaq nach Kulusuk zwischen Eisbergen und Buckelwalen! Das ultimative Erlebnis bei einem Besuch in Gr\u00f6nland\" \/>\n<meta name=\"robots\" content=\"index, follow, max-snippet:-1, max-image-preview:large, max-video-preview:-1\" \/>\n<link rel=\"canonical\" href=\"https:\/\/guidetogreenland.com\/de\/buch-reisen-urlaub\/bootstransfer-zwischen-kulusuk-und-tasiilaq-ostgronland\/\" \/>\n<meta property=\"og:locale\" content=\"de_DE\" \/>\n<meta property=\"og:type\" content=\"article\" \/>\n<meta property=\"og:title\" content=\"Bootstransfer zwischen Kulusuk und Tasiilaq | Ostgr\u00f6nland | Guide to Greenland\" \/>\n<meta property=\"og:description\" content=\"Transfer von Tasiilaq nach Kulusuk zwischen Eisbergen und Buckelwalen! Das ultimative Erlebnis bei einem Besuch in Gr\u00f6nland\" \/>\n<meta property=\"og:url\" content=\"https:\/\/guidetogreenland.com\/de\/buch-reisen-urlaub\/bootstransfer-zwischen-kulusuk-und-tasiilaq-ostgronland\/\" \/>\n<meta property=\"og:site_name\" content=\"Guide to Greenland\" \/>\n<meta property=\"article:modified_time\" content=\"2025-08-15T13:27:20+00:00\" \/>\n<meta property=\"og:image\" content=\"https:\/\/guidetogreenland.com\/wp-content\/uploads\/2020\/05\/boat-transfer-between-kulusuk-and-tasiilaq-east-greenland-Guide-to-Greenland7.jpg\" \/>\n\t<meta property=\"og:image:width\" content=\"926\" \/>\n\t<meta property=\"og:image:height\" content=\"614\" \/>\n\t<meta property=\"og:image:type\" content=\"image\/jpeg\" \/>\n<meta name=\"twitter:card\" content=\"summary_large_image\" \/>\n<meta name=\"twitter:label1\" content=\"Gesch\u00e4tzte Lesezeit\" \/>\n\t<meta name=\"twitter:data1\" content=\"1\u00a0Minute\" \/>\n<script type=\"application\/ld+json\" class=\"yoast-schema-graph\">{\"@context\":\"https:\/\/schema.org\",\"@graph\":[{\"@type\":\"WebPage\",\"@id\":\"https:\/\/guidetogreenland.com\/de\/buch-reisen-urlaub\/bootstransfer-zwischen-kulusuk-und-tasiilaq-ostgronland\/\",\"url\":\"https:\/\/guidetogreenland.com\/de\/buch-reisen-urlaub\/bootstransfer-zwischen-kulusuk-und-tasiilaq-ostgronland\/\",\"name\":\"Bootstransfer zwischen Kulusuk und Tasiilaq | Ostgr\u00f6nland | Guide to Greenland\",\"isPartOf\":{\"@id\":\"https:\/\/guidetogreenland.com\/de\/#website\"},\"primaryImageOfPage\":{\"@id\":\"https:\/\/guidetogreenland.com\/de\/buch-reisen-urlaub\/bootstransfer-zwischen-kulusuk-und-tasiilaq-ostgronland\/#primaryimage\"},\"image\":{\"@id\":\"https:\/\/guidetogreenland.com\/de\/buch-reisen-urlaub\/bootstransfer-zwischen-kulusuk-und-tasiilaq-ostgronland\/#primaryimage\"},\"thumbnailUrl\":\"https:\/\/guidetogreenland.com\/wp-content\/uploads\/2020\/05\/boat-transfer-between-kulusuk-and-tasiilaq-east-greenland-Guide-to-Greenland7.jpg\",\"datePublished\":\"2024-11-22T10:34:28+00:00\",\"dateModified\":\"2025-08-15T13:27:20+00:00\",\"description\":\"Transfer von Tasiilaq nach Kulusuk zwischen Eisbergen und Buckelwalen! Das ultimative Erlebnis bei einem Besuch in Gr\u00f6nland\",\"breadcrumb\":{\"@id\":\"https:\/\/guidetogreenland.com\/de\/buch-reisen-urlaub\/bootstransfer-zwischen-kulusuk-und-tasiilaq-ostgronland\/#breadcrumb\"},\"inLanguage\":\"de\",\"potentialAction\":[{\"@type\":\"ReadAction\",\"target\":[\"https:\/\/guidetogreenland.com\/de\/buch-reisen-urlaub\/bootstransfer-zwischen-kulusuk-und-tasiilaq-ostgronland\/\"]}]},{\"@type\":\"ImageObject\",\"inLanguage\":\"de\",\"@id\":\"https:\/\/guidetogreenland.com\/de\/buch-reisen-urlaub\/bootstransfer-zwischen-kulusuk-und-tasiilaq-ostgronland\/#primaryimage\",\"url\":\"https:\/\/guidetogreenland.com\/wp-content\/uploads\/2020\/05\/boat-transfer-between-kulusuk-and-tasiilaq-east-greenland-Guide-to-Greenland7.jpg\",\"contentUrl\":\"https:\/\/guidetogreenland.com\/wp-content\/uploads\/2020\/05\/boat-transfer-between-kulusuk-and-tasiilaq-east-greenland-Guide-to-Greenland7.jpg\",\"width\":926,\"height\":614},{\"@type\":\"BreadcrumbList\",\"@id\":\"https:\/\/guidetogreenland.com\/de\/buch-reisen-urlaub\/bootstransfer-zwischen-kulusuk-und-tasiilaq-ostgronland\/#breadcrumb\",\"itemListElement\":[{\"@type\":\"ListItem\",\"position\":1,\"name\":\"Home\",\"item\":\"https:\/\/guidetogreenland.com\/de\/\"},{\"@type\":\"ListItem\",\"position\":2,\"name\":\"Alle Touren anzeigen\",\"item\":\"https:\/\/guidetogreenland.com\/de\/buch-reisen-urlaub\/\"},{\"@type\":\"ListItem\",\"position\":3,\"name\":\"Bootstransfer zwischen Kulusuk und Tasiilaq | Ostgr\u00f6nland\"}]},{\"@type\":\"WebSite\",\"@id\":\"https:\/\/guidetogreenland.com\/de\/#website\",\"url\":\"https:\/\/guidetogreenland.com\/de\/\",\"name\":\"Guide to Greenland\",\"description\":\"Largest selection of tours in Greenland\",\"potentialAction\":[{\"@type\":\"SearchAction\",\"target\":{\"@type\":\"EntryPoint\",\"urlTemplate\":\"https:\/\/guidetogreenland.com\/de\/?s={search_term_string}\"},\"query-input\":{\"@type\":\"PropertyValueSpecification\",\"valueRequired\":true,\"valueName\":\"search_term_string\"}}],\"inLanguage\":\"de\"}]}<\/script>\n<!-- \/ Yoast SEO plugin. -->","yoast_head_json":{"title":"Bootstransfer zwischen Kulusuk und Tasiilaq | Ostgr\u00f6nland | Guide to Greenland","description":"Transfer von Tasiilaq nach Kulusuk zwischen Eisbergen und Buckelwalen! Das ultimative Erlebnis bei einem Besuch in Gr\u00f6nland","robots":{"index":"index","follow":"follow","max-snippet":"max-snippet:-1","max-image-preview":"max-image-preview:large","max-video-preview":"max-video-preview:-1"},"canonical":"https:\/\/guidetogreenland.com\/de\/buch-reisen-urlaub\/bootstransfer-zwischen-kulusuk-und-tasiilaq-ostgronland\/","og_locale":"de_DE","og_type":"article","og_title":"Bootstransfer zwischen Kulusuk und Tasiilaq | Ostgr\u00f6nland | Guide to Greenland","og_description":"Transfer von Tasiilaq nach Kulusuk zwischen Eisbergen und Buckelwalen! Das ultimative Erlebnis bei einem Besuch in Gr\u00f6nland","og_url":"https:\/\/guidetogreenland.com\/de\/buch-reisen-urlaub\/bootstransfer-zwischen-kulusuk-und-tasiilaq-ostgronland\/","og_site_name":"Guide to Greenland","article_modified_time":"2025-08-15T13:27:20+00:00","og_image":[{"width":926,"height":614,"url":"https:\/\/guidetogreenland.com\/wp-content\/uploads\/2020\/05\/boat-transfer-between-kulusuk-and-tasiilaq-east-greenland-Guide-to-Greenland7.jpg","type":"image\/jpeg"}],"twitter_card":"summary_large_image","twitter_misc":{"Gesch\u00e4tzte Lesezeit":"1\u00a0Minute"},"schema":{"@context":"https:\/\/schema.org","@graph":[{"@type":"WebPage","@id":"https:\/\/guidetogreenland.com\/de\/buch-reisen-urlaub\/bootstransfer-zwischen-kulusuk-und-tasiilaq-ostgronland\/","url":"https:\/\/guidetogreenland.com\/de\/buch-reisen-urlaub\/bootstransfer-zwischen-kulusuk-und-tasiilaq-ostgronland\/","name":"Bootstransfer zwischen Kulusuk und Tasiilaq | Ostgr\u00f6nland | Guide to Greenland","isPartOf":{"@id":"https:\/\/guidetogreenland.com\/de\/#website"},"primaryImageOfPage":{"@id":"https:\/\/guidetogreenland.com\/de\/buch-reisen-urlaub\/bootstransfer-zwischen-kulusuk-und-tasiilaq-ostgronland\/#primaryimage"},"image":{"@id":"https:\/\/guidetogreenland.com\/de\/buch-reisen-urlaub\/bootstransfer-zwischen-kulusuk-und-tasiilaq-ostgronland\/#primaryimage"},"thumbnailUrl":"https:\/\/guidetogreenland.com\/wp-content\/uploads\/2020\/05\/boat-transfer-between-kulusuk-and-tasiilaq-east-greenland-Guide-to-Greenland7.jpg","datePublished":"2024-11-22T10:34:28+00:00","dateModified":"2025-08-15T13:27:20+00:00","description":"Transfer von Tasiilaq nach Kulusuk zwischen Eisbergen und Buckelwalen! Das ultimative Erlebnis bei einem Besuch in Gr\u00f6nland","breadcrumb":{"@id":"https:\/\/guidetogreenland.com\/de\/buch-reisen-urlaub\/bootstransfer-zwischen-kulusuk-und-tasiilaq-ostgronland\/#breadcrumb"},"inLanguage":"de","potentialAction":[{"@type":"ReadAction","target":["https:\/\/guidetogreenland.com\/de\/buch-reisen-urlaub\/bootstransfer-zwischen-kulusuk-und-tasiilaq-ostgronland\/"]}]},{"@type":"ImageObject","inLanguage":"de","@id":"https:\/\/guidetogreenland.com\/de\/buch-reisen-urlaub\/bootstransfer-zwischen-kulusuk-und-tasiilaq-ostgronland\/#primaryimage","url":"https:\/\/guidetogreenland.com\/wp-content\/uploads\/2020\/05\/boat-transfer-between-kulusuk-and-tasiilaq-east-greenland-Guide-to-Greenland7.jpg","contentUrl":"https:\/\/guidetogreenland.com\/wp-content\/uploads\/2020\/05\/boat-transfer-between-kulusuk-and-tasiilaq-east-greenland-Guide-to-Greenland7.jpg","width":926,"height":614},{"@type":"BreadcrumbList","@id":"https:\/\/guidetogreenland.com\/de\/buch-reisen-urlaub\/bootstransfer-zwischen-kulusuk-und-tasiilaq-ostgronland\/#breadcrumb","itemListElement":[{"@type":"ListItem","position":1,"name":"Home","item":"https:\/\/guidetogreenland.com\/de\/"},{"@type":"ListItem","position":2,"name":"Alle Touren anzeigen","item":"https:\/\/guidetogreenland.com\/de\/buch-reisen-urlaub\/"},{"@type":"ListItem","position":3,"name":"Bootstransfer zwischen Kulusuk und Tasiilaq | Ostgr\u00f6nland"}]},{"@type":"WebSite","@id":"https:\/\/guidetogreenland.com\/de\/#website","url":"https:\/\/guidetogreenland.com\/de\/","name":"Guide to Greenland","description":"Largest selection of tours in Greenland","potentialAction":[{"@type":"SearchAction","target":{"@type":"EntryPoint","urlTemplate":"https:\/\/guidetogreenland.com\/de\/?s={search_term_string}"},"query-input":{"@type":"PropertyValueSpecification","valueRequired":true,"valueName":"search_term_string"}}],"inLanguage":"de"}]}},"_links":{"self":[{"href":"https:\/\/guidetogreenland.com\/de\/wp-json\/wp\/v2\/product\/61860","targetHints":{"allow":["GET"]}}],"collection":[{"href":"https:\/\/guidetogreenland.com\/de\/wp-json\/wp\/v2\/product"}],"about":[{"href":"https:\/\/guidetogreenland.com\/de\/wp-json\/wp\/v2\/types\/product"}],"replies":[{"embeddable":true,"href":"https:\/\/guidetogreenland.com\/de\/wp-json\/wp\/v2\/comments?post=61860"}],"wp:featuredmedia":[{"embeddable":true,"href":"https:\/\/guidetogreenland.com\/de\/wp-json\/wp\/v2\/media\/46662"}],"wp:attachment":[{"href":"https:\/\/guidetogreenland.com\/de\/wp-json\/wp\/v2\/media?parent=61860"}],"wp:term":[{"taxonomy":"product_brand","embeddable":true,"href":"https:\/\/guidetogreenland.com\/de\/wp-json\/wp\/v2\/product_brand?post=61860"},{"taxonomy":"product_cat","embeddable":true,"href":"https:\/\/guidetogreenland.com\/de\/wp-json\/wp\/v2\/product_cat?post=61860"},{"taxonomy":"product_tag","embeddable":true,"href":"https:\/\/guidetogreenland.com\/de\/wp-json\/wp\/v2\/product_tag?post=61860"}],"curies":[{"name":"wp","href":"https:\/\/api.w.org\/{rel}","templated":true}]}}