{"id":61863,"date":"2020-06-09T16:31:05","date_gmt":"2024-11-22T10:35:19","guid":{"rendered":"https:\/\/guidetogreenland.com\/?post_type=product&#038;p=61863"},"modified":"2025-06-27T06:09:22","modified_gmt":"2025-06-27T09:09:22","slug":"hundeschlittentour-zur-ufo-huette-sisimiut-copy","status":"publish","type":"product","link":"https:\/\/guidetogreenland.com\/de\/buch-reisen-urlaub\/hundeschlittentour-zur-ufo-hutte-sisimiut-copy\/","title":{"rendered":"Hundeschlittentour zur UFO-H\u00fctte | Sisimiut"},"content":{"rendered":"<p><span style=\"font-weight: 400;\">Nehmen Sie an dieser aufregenden Schlittenhundefahrt zu einem wunderbaren Aussichtspunkt bei einer H\u00fctte teil, die als UFO bekannt ist. Dies ist die perfekte Tour f\u00fcr alle, die ihr Winterabenteuer aufpeppen und sich mit unserem kulturellen Erbe des Hundeschlittenfahrens vertraut machen m\u00f6chten.\u00a0<\/span><\/p>\n<p><span style=\"font-weight: 400;\">Wir holen Sie dort ab, wo Sie \u00fcbernachten, und fahren Sie zu unserem Ausgangspunkt, wo Ihr Guide, oder besser gesagt, Ihr Musher, Ihnen erkl\u00e4rt, wie Sie im Schlitten sitzen und worauf Sie achten sollten.<\/span><\/p>\n<p><span style=\"font-weight: 400;\">Inzwischen sind die Hunde wahrscheinlich schon ganz aufgeregt und k\u00f6nnen es kaum erwarten, dass es losgeht, also starten wir mit Vollgas! Wir fahren normalerweise mit 12 Hunden, und Sie werden gen\u00fcgend Zeit haben, sie kennenzulernen, aber bitte h\u00f6ren Sie auf das, was der Musher zu sagen hat, da einige der Hunde vielleicht etwas verspielter sind, w\u00e4hrend andere sehr scheu sein k\u00f6nnen und lieber in Ruhe gelassen werden.<\/span><\/p>\n<p><span style=\"font-weight: 400;\">Die gr\u00f6nl\u00e4ndischen Schlittenhunde sind eine alte Rasse und gelten nicht als Haustiere, sondern als \u00dcberlebensmittel. Diese Hunde ziehen Sie gerne Tausende von Kilometern weit, aber wir werden nat\u00fcrlich nicht ann\u00e4hernd so weit fahren, und sie werden sich am Aussichtspunkt, wo wir eine hei\u00dfe Tasse Kaffee trinken und ein paar sch\u00f6ne Fotos machen k\u00f6nnen, gut ausruhen.<\/span><\/p>\n<p><span style=\"font-weight: 400;\">Der Schlitten ist ein traditioneller Holzschlitten, der mit Rentierfell bedeckt ist, einem der besten nat\u00fcrlich isolierenden Materialien, die es gibt, damit es Ihre unteren Regionen sch\u00f6n kuschelig haben.<\/span><\/p>\n<p><span style=\"font-weight: 400;\">Verpassen Sie nicht Ihre Chance, sich warm anzuziehen und an diesem verschneiten Abenteuer zu einer besonderen H\u00fctte und einer atemberaubenden Aussicht teilzunehmen! W\u00e4hlen Sie Ihr bevorzugtes Datum aus und klicken Sie auf \u201e<\/span><b>Jetzt buchen<\/b><span style=\"font-weight: 400;\">\u201c, um Ihren Platz zu reservieren.<\/span><\/p>\n","protected":false},"excerpt":{"rendered":"Nehmen Sie an dieser aufregenden Schlittenhundefahrt zu einem wunderbaren Aussichtspunkt bei einer H\u00fctte teil, die als UFO bekannt ist. Dies ist die perfekte Tour f\u00fcr alle, die ihr Winterabenteuer aufpeppen und sich mit unserem kulturellen Erbe des Hundeschlittenfahrens vertraut machen m\u00f6chten.\u00a0 Wir holen Sie dort ab, wo Sie \u00fcbernachten, und fahren Sie zu unserem Ausgangspunkt,&#8230;","protected":false},"featured_media":46393,"comment_status":"open","ping_status":"closed","template":"","meta":[],"product_brand":[],"product_cat":[1136,1185,1282,1160,1264,1188,1410,1187,1194,1232],"product_tag":[1411],"class_list":{"0":"post-61863","1":"product","2":"type-product","3":"status-publish","4":"has-post-thumbnail","6":"product_cat-abenteuer-in-gronland","7":"product_cat-arktische-natur-und-tierwelt","8":"product_cat-gronlsndische-kultur","9":"product_cat-hundeschlitten-touren","10":"product_cat-polarkreis-touren","11":"product_cat-reiseziel-touren","12":"product_cat-sisimiut-touren","13":"product_cat-tagestouren-im-winter","14":"product_cat-touren-nach-region","15":"product_cat-westgronland-touren","16":"product_tag-sisimiut-de","17":"pa_activities-hundeschlittenfahrt-de","18":"pa_available-month-january-de","19":"pa_available-month-februar","20":"pa_available-month-maerz","21":"pa_available-month-april-de","22":"pa_destinations-sisimiut-de","23":"pa_difficulty-maessig","24":"pa_duration-4-stunden","25":"pa_tour-type-tagestour","26":"yith_shop_vendor-dogsledge-taxi-de","28":"first","29":"instock","30":"virtual","31":"sold-individually","32":"purchasable","33":"product-type-booking"},"acf":[],"yoast_head":"<!-- This site is optimized with the Yoast SEO plugin v25.6 - https:\/\/yoast.com\/wordpress\/plugins\/seo\/ -->\n<title>Dog sledding tour to the UFO cabin | Sisimiut | Guide to Greenland<\/title>\n<meta name=\"description\" content=\"Nehmen Sie an dieser aufregenden Hundeschlittentour zu einem wunderbaren Aussichtspunkt bei einer H\u00fctte teil, die in Sisimiut als \u201eUFO\u201c bekannt ist. Sehen Sie sich die Tour hier an \u00bb\" \/>\n<meta name=\"robots\" content=\"index, follow, max-snippet:-1, max-image-preview:large, max-video-preview:-1\" \/>\n<link rel=\"canonical\" href=\"https:\/\/guidetogreenland.com\/de\/buch-reisen-urlaub\/hundeschlittentour-zur-ufo-hutte-sisimiut-copy\/\" \/>\n<meta property=\"og:locale\" content=\"de_DE\" \/>\n<meta property=\"og:type\" content=\"article\" \/>\n<meta property=\"og:title\" content=\"Dog sledding tour to the UFO cabin | Sisimiut | Guide to Greenland\" \/>\n<meta property=\"og:description\" content=\"Nehmen Sie an dieser aufregenden Hundeschlittentour zu einem wunderbaren Aussichtspunkt bei einer H\u00fctte teil, die in Sisimiut als \u201eUFO\u201c bekannt ist. Sehen Sie sich die Tour hier an \u00bb\" \/>\n<meta property=\"og:url\" content=\"https:\/\/guidetogreenland.com\/de\/buch-reisen-urlaub\/hundeschlittentour-zur-ufo-hutte-sisimiut-copy\/\" \/>\n<meta property=\"og:site_name\" content=\"Guide to Greenland\" \/>\n<meta property=\"article:modified_time\" content=\"2025-06-27T09:09:22+00:00\" \/>\n<meta property=\"og:image\" content=\"https:\/\/guidetogreenland.com\/wp-content\/uploads\/2020\/05\/dog-sledding-tour-to-the-ufo-cabin-viewpoint-sisimiut-Guide-to-Greenland5.jpg\" \/>\n\t<meta property=\"og:image:width\" content=\"1766\" \/>\n\t<meta property=\"og:image:height\" content=\"1380\" \/>\n\t<meta property=\"og:image:type\" content=\"image\/jpeg\" \/>\n<meta name=\"twitter:card\" content=\"summary_large_image\" \/>\n<meta name=\"twitter:label1\" content=\"Gesch\u00e4tzte Lesezeit\" \/>\n\t<meta name=\"twitter:data1\" content=\"2\u00a0Minuten\" \/>\n<script type=\"application\/ld+json\" class=\"yoast-schema-graph\">{\"@context\":\"https:\/\/schema.org\",\"@graph\":[{\"@type\":\"WebPage\",\"@id\":\"https:\/\/guidetogreenland.com\/de\/buch-reisen-urlaub\/hundeschlittentour-zur-ufo-hutte-sisimiut-copy\/\",\"url\":\"https:\/\/guidetogreenland.com\/de\/buch-reisen-urlaub\/hundeschlittentour-zur-ufo-hutte-sisimiut-copy\/\",\"name\":\"Dog sledding tour to the UFO cabin | Sisimiut | Guide to Greenland\",\"isPartOf\":{\"@id\":\"https:\/\/guidetogreenland.com\/de\/#website\"},\"primaryImageOfPage\":{\"@id\":\"https:\/\/guidetogreenland.com\/de\/buch-reisen-urlaub\/hundeschlittentour-zur-ufo-hutte-sisimiut-copy\/#primaryimage\"},\"image\":{\"@id\":\"https:\/\/guidetogreenland.com\/de\/buch-reisen-urlaub\/hundeschlittentour-zur-ufo-hutte-sisimiut-copy\/#primaryimage\"},\"thumbnailUrl\":\"https:\/\/guidetogreenland.com\/wp-content\/uploads\/2020\/05\/dog-sledding-tour-to-the-ufo-cabin-viewpoint-sisimiut-Guide-to-Greenland5.jpg\",\"datePublished\":\"2024-11-22T10:35:19+00:00\",\"dateModified\":\"2025-06-27T09:09:22+00:00\",\"description\":\"Nehmen Sie an dieser aufregenden Hundeschlittentour zu einem wunderbaren Aussichtspunkt bei einer H\u00fctte teil, die in Sisimiut als \u201eUFO\u201c bekannt ist. Sehen Sie sich die Tour hier an \u00bb\",\"breadcrumb\":{\"@id\":\"https:\/\/guidetogreenland.com\/de\/buch-reisen-urlaub\/hundeschlittentour-zur-ufo-hutte-sisimiut-copy\/#breadcrumb\"},\"inLanguage\":\"de\",\"potentialAction\":[{\"@type\":\"ReadAction\",\"target\":[\"https:\/\/guidetogreenland.com\/de\/buch-reisen-urlaub\/hundeschlittentour-zur-ufo-hutte-sisimiut-copy\/\"]}]},{\"@type\":\"ImageObject\",\"inLanguage\":\"de\",\"@id\":\"https:\/\/guidetogreenland.com\/de\/buch-reisen-urlaub\/hundeschlittentour-zur-ufo-hutte-sisimiut-copy\/#primaryimage\",\"url\":\"https:\/\/guidetogreenland.com\/wp-content\/uploads\/2020\/05\/dog-sledding-tour-to-the-ufo-cabin-viewpoint-sisimiut-Guide-to-Greenland5.jpg\",\"contentUrl\":\"https:\/\/guidetogreenland.com\/wp-content\/uploads\/2020\/05\/dog-sledding-tour-to-the-ufo-cabin-viewpoint-sisimiut-Guide-to-Greenland5.jpg\",\"width\":1766,\"height\":1380},{\"@type\":\"BreadcrumbList\",\"@id\":\"https:\/\/guidetogreenland.com\/de\/buch-reisen-urlaub\/hundeschlittentour-zur-ufo-hutte-sisimiut-copy\/#breadcrumb\",\"itemListElement\":[{\"@type\":\"ListItem\",\"position\":1,\"name\":\"Home\",\"item\":\"https:\/\/guidetogreenland.com\/de\/\"},{\"@type\":\"ListItem\",\"position\":2,\"name\":\"Alle Touren anzeigen\",\"item\":\"https:\/\/guidetogreenland.com\/de\/buch-reisen-urlaub\/\"},{\"@type\":\"ListItem\",\"position\":3,\"name\":\"Hundeschlittentour zur UFO-H\u00fctte | Sisimiut\"}]},{\"@type\":\"WebSite\",\"@id\":\"https:\/\/guidetogreenland.com\/de\/#website\",\"url\":\"https:\/\/guidetogreenland.com\/de\/\",\"name\":\"Guide to Greenland\",\"description\":\"Largest selection of tours in Greenland\",\"potentialAction\":[{\"@type\":\"SearchAction\",\"target\":{\"@type\":\"EntryPoint\",\"urlTemplate\":\"https:\/\/guidetogreenland.com\/de\/?s={search_term_string}\"},\"query-input\":{\"@type\":\"PropertyValueSpecification\",\"valueRequired\":true,\"valueName\":\"search_term_string\"}}],\"inLanguage\":\"de\"}]}<\/script>\n<!-- \/ Yoast SEO plugin. -->","yoast_head_json":{"title":"Dog sledding tour to the UFO cabin | Sisimiut | Guide to Greenland","description":"Nehmen Sie an dieser aufregenden Hundeschlittentour zu einem wunderbaren Aussichtspunkt bei einer H\u00fctte teil, die in Sisimiut als \u201eUFO\u201c bekannt ist. Sehen Sie sich die Tour hier an \u00bb","robots":{"index":"index","follow":"follow","max-snippet":"max-snippet:-1","max-image-preview":"max-image-preview:large","max-video-preview":"max-video-preview:-1"},"canonical":"https:\/\/guidetogreenland.com\/de\/buch-reisen-urlaub\/hundeschlittentour-zur-ufo-hutte-sisimiut-copy\/","og_locale":"de_DE","og_type":"article","og_title":"Dog sledding tour to the UFO cabin | Sisimiut | Guide to Greenland","og_description":"Nehmen Sie an dieser aufregenden Hundeschlittentour zu einem wunderbaren Aussichtspunkt bei einer H\u00fctte teil, die in Sisimiut als \u201eUFO\u201c bekannt ist. Sehen Sie sich die Tour hier an \u00bb","og_url":"https:\/\/guidetogreenland.com\/de\/buch-reisen-urlaub\/hundeschlittentour-zur-ufo-hutte-sisimiut-copy\/","og_site_name":"Guide to Greenland","article_modified_time":"2025-06-27T09:09:22+00:00","og_image":[{"width":1766,"height":1380,"url":"https:\/\/guidetogreenland.com\/wp-content\/uploads\/2020\/05\/dog-sledding-tour-to-the-ufo-cabin-viewpoint-sisimiut-Guide-to-Greenland5.jpg","type":"image\/jpeg"}],"twitter_card":"summary_large_image","twitter_misc":{"Gesch\u00e4tzte Lesezeit":"2\u00a0Minuten"},"schema":{"@context":"https:\/\/schema.org","@graph":[{"@type":"WebPage","@id":"https:\/\/guidetogreenland.com\/de\/buch-reisen-urlaub\/hundeschlittentour-zur-ufo-hutte-sisimiut-copy\/","url":"https:\/\/guidetogreenland.com\/de\/buch-reisen-urlaub\/hundeschlittentour-zur-ufo-hutte-sisimiut-copy\/","name":"Dog sledding tour to the UFO cabin | Sisimiut | Guide to Greenland","isPartOf":{"@id":"https:\/\/guidetogreenland.com\/de\/#website"},"primaryImageOfPage":{"@id":"https:\/\/guidetogreenland.com\/de\/buch-reisen-urlaub\/hundeschlittentour-zur-ufo-hutte-sisimiut-copy\/#primaryimage"},"image":{"@id":"https:\/\/guidetogreenland.com\/de\/buch-reisen-urlaub\/hundeschlittentour-zur-ufo-hutte-sisimiut-copy\/#primaryimage"},"thumbnailUrl":"https:\/\/guidetogreenland.com\/wp-content\/uploads\/2020\/05\/dog-sledding-tour-to-the-ufo-cabin-viewpoint-sisimiut-Guide-to-Greenland5.jpg","datePublished":"2024-11-22T10:35:19+00:00","dateModified":"2025-06-27T09:09:22+00:00","description":"Nehmen Sie an dieser aufregenden Hundeschlittentour zu einem wunderbaren Aussichtspunkt bei einer H\u00fctte teil, die in Sisimiut als \u201eUFO\u201c bekannt ist. Sehen Sie sich die Tour hier an \u00bb","breadcrumb":{"@id":"https:\/\/guidetogreenland.com\/de\/buch-reisen-urlaub\/hundeschlittentour-zur-ufo-hutte-sisimiut-copy\/#breadcrumb"},"inLanguage":"de","potentialAction":[{"@type":"ReadAction","target":["https:\/\/guidetogreenland.com\/de\/buch-reisen-urlaub\/hundeschlittentour-zur-ufo-hutte-sisimiut-copy\/"]}]},{"@type":"ImageObject","inLanguage":"de","@id":"https:\/\/guidetogreenland.com\/de\/buch-reisen-urlaub\/hundeschlittentour-zur-ufo-hutte-sisimiut-copy\/#primaryimage","url":"https:\/\/guidetogreenland.com\/wp-content\/uploads\/2020\/05\/dog-sledding-tour-to-the-ufo-cabin-viewpoint-sisimiut-Guide-to-Greenland5.jpg","contentUrl":"https:\/\/guidetogreenland.com\/wp-content\/uploads\/2020\/05\/dog-sledding-tour-to-the-ufo-cabin-viewpoint-sisimiut-Guide-to-Greenland5.jpg","width":1766,"height":1380},{"@type":"BreadcrumbList","@id":"https:\/\/guidetogreenland.com\/de\/buch-reisen-urlaub\/hundeschlittentour-zur-ufo-hutte-sisimiut-copy\/#breadcrumb","itemListElement":[{"@type":"ListItem","position":1,"name":"Home","item":"https:\/\/guidetogreenland.com\/de\/"},{"@type":"ListItem","position":2,"name":"Alle Touren anzeigen","item":"https:\/\/guidetogreenland.com\/de\/buch-reisen-urlaub\/"},{"@type":"ListItem","position":3,"name":"Hundeschlittentour zur UFO-H\u00fctte | Sisimiut"}]},{"@type":"WebSite","@id":"https:\/\/guidetogreenland.com\/de\/#website","url":"https:\/\/guidetogreenland.com\/de\/","name":"Guide to Greenland","description":"Largest selection of tours in Greenland","potentialAction":[{"@type":"SearchAction","target":{"@type":"EntryPoint","urlTemplate":"https:\/\/guidetogreenland.com\/de\/?s={search_term_string}"},"query-input":{"@type":"PropertyValueSpecification","valueRequired":true,"valueName":"search_term_string"}}],"inLanguage":"de"}]}},"_links":{"self":[{"href":"https:\/\/guidetogreenland.com\/de\/wp-json\/wp\/v2\/product\/61863","targetHints":{"allow":["GET"]}}],"collection":[{"href":"https:\/\/guidetogreenland.com\/de\/wp-json\/wp\/v2\/product"}],"about":[{"href":"https:\/\/guidetogreenland.com\/de\/wp-json\/wp\/v2\/types\/product"}],"replies":[{"embeddable":true,"href":"https:\/\/guidetogreenland.com\/de\/wp-json\/wp\/v2\/comments?post=61863"}],"wp:featuredmedia":[{"embeddable":true,"href":"https:\/\/guidetogreenland.com\/de\/wp-json\/wp\/v2\/media\/46393"}],"wp:attachment":[{"href":"https:\/\/guidetogreenland.com\/de\/wp-json\/wp\/v2\/media?parent=61863"}],"wp:term":[{"taxonomy":"product_brand","embeddable":true,"href":"https:\/\/guidetogreenland.com\/de\/wp-json\/wp\/v2\/product_brand?post=61863"},{"taxonomy":"product_cat","embeddable":true,"href":"https:\/\/guidetogreenland.com\/de\/wp-json\/wp\/v2\/product_cat?post=61863"},{"taxonomy":"product_tag","embeddable":true,"href":"https:\/\/guidetogreenland.com\/de\/wp-json\/wp\/v2\/product_tag?post=61863"}],"curies":[{"name":"wp","href":"https:\/\/api.w.org\/{rel}","templated":true}]}}