{"id":61866,"date":"2020-05-28T16:21:46","date_gmt":"2024-11-22T10:35:56","guid":{"rendered":"https:\/\/guidetogreenland.com\/?post_type=product&#038;p=61866"},"modified":"2025-09-19T01:02:16","modified_gmt":"2025-09-19T04:02:16","slug":"der-geschmack-groenlands-abend-in-oqaatsut-ilulissat-copy","status":"publish","type":"product","link":"https:\/\/guidetogreenland.com\/de\/buch-reisen-urlaub\/der-geschmack-gronlands-abend-in-oqaatsut-ilulissat\/","title":{"rendered":"Der Geschmack Gr\u00f6nlands | Abend in Oqaatsut | Ilulissat"},"content":{"rendered":"<p><span style=\"font-weight: 400;\">Erleben Sie Gr\u00f6nland bei dieser au\u00dfergew\u00f6hnlichen Aktivit\u00e4t in einer kleinen Siedlung, die in Ilulissat beginnt. Diese Tour ist die perfekte Einf\u00fchrung in die gr\u00f6nl\u00e4ndische Essenskultur und in die Geschenke, die die gr\u00f6nl\u00e4ndische Natur zu bieten hat.<\/span><\/p>\n<p><span style=\"font-weight: 400;\">Diese Tour f\u00fchrt Sie aus der Stadt hinaus in die kleine Siedlung Oqaatsut. Oqaatsut liegt etwa 20 Kilometer n\u00f6rdlich von Ilulissat, eine 30-min\u00fctige Bootsfahrt entfernt. Nach der Ankunft in Oqaatsut machen wir eine gef\u00fchrte Siedlungsbesichtigung. Oqaatsut hie\u00df urspr\u00fcnglich &#8222;Rodebay&#8220;, benannt nach holl\u00e4ndischen Walf\u00e4ngern, die die kleine Siedlung im 18. Jahrhundert als Handelsstation gr\u00fcndeten.<\/span><\/p>\n<p><span style=\"font-weight: 400;\">Nach einer F\u00fchrung durch die Siedlung haben Sie etwas Zeit zur freien Verf\u00fcgung, um sie auf eigene Faust zu erkunden.<\/span><\/p>\n<p><span style=\"font-weight: 400;\">Nach der Erkundung von Oqaatsut besuchen wir das Restaurant H8, wo Sie ein 3-G\u00e4nge-Men\u00fc mit Blick auf die Bucht genie\u00dfen k\u00f6nnen. Das Essen wird aus lokalen Zutaten zubereitet, so dass Sie den Geschmack Gr\u00f6nlands kennen lernen.<\/span><\/p>\n<p><span style=\"font-weight: 400;\">Die Gr\u00f6nl\u00e4nder haben schon immer im Einklang mit der Natur gelebt und waren von den Gaben der Natur abh\u00e4ngig, wie z. B. Fisch, Karibu, Beeren, arktischer Thymian, arktische Angelika, Qajaasat (Labrador-Tee), Pilze, Hasengl\u00f6ckchen usw. Oqaatsut ist von endlosen Kilometern arktischer Tundra und Meer umgeben, mit perfekten Bedingungen f\u00fcr das ungest\u00f6rte Wachstum gr\u00f6nl\u00e4ndischer Kr\u00e4uter und das Gedeihen gr\u00f6nl\u00e4ndischer Wildtiere.<\/span><\/p>\n<p><span style=\"font-weight: 400;\">Nach dem Abendessen besteigen wir wieder das Boot und fahren zur\u00fcck nach Ilulissat!<\/span><\/p>\n<p><span style=\"font-weight: 400;\">Z\u00f6gern Sie nicht, diese au\u00dfergew\u00f6hnliche Aktivit\u00e4t zu buchen, denn Sie werden einen ganzen Tag in der Natur verbringen, k\u00f6stlich essen und in die gr\u00f6nl\u00e4ndische Kultur und Geschichte eintauchen. Pr\u00fcfen Sie die Verf\u00fcgbarkeit der Buchung, indem Sie oben auf Jetzt buchen klicken.<\/span><\/p>\n<p>&nbsp;<\/p>\n","protected":false},"excerpt":{"rendered":"Erleben Sie Gr\u00f6nland bei dieser au\u00dfergew\u00f6hnlichen Aktivit\u00e4t in einer kleinen Siedlung, die in Ilulissat beginnt. Diese Tour ist die perfekte Einf\u00fchrung in die gr\u00f6nl\u00e4ndische Essenskultur und in die Geschenke, die die gr\u00f6nl\u00e4ndische Natur zu bieten hat. Diese Tour f\u00fchrt Sie aus der Stadt hinaus in die kleine Siedlung Oqaatsut. Oqaatsut liegt etwa 20 Kilometer n\u00f6rdlich&#8230;","protected":false},"featured_media":45230,"comment_status":"open","ping_status":"closed","template":"","meta":[],"product_brand":[],"product_cat":[1159,1189,1282,1163,1281,1186],"product_tag":[1196],"class_list":{"0":"post-61866","1":"product","2":"type-product","3":"status-publish","4":"has-post-thumbnail","6":"product_cat-bootstouren-in-groenland","7":"product_cat-diskobucht-touren","8":"product_cat-gronlsndische-kultur","9":"product_cat-ilulissat-touren","10":"product_cat-kulturelle-touren","11":"product_cat-tagestouren-im-sommer","12":"product_tag-ilulissat-de","13":"pa_activities-besuch-einer-siedlung-de","14":"pa_activities-bootstour-de","15":"pa_activities-groenlaendische-kultur-de","16":"pa_activities-lebensmittelverkostung-kaffemik-de","17":"pa_attractions-oqaatsut-rodebay","18":"pa_available-month-mai","19":"pa_available-month-juni","20":"pa_available-month-juli","21":"pa_available-month-august-de","22":"pa_available-month-september-de","23":"pa_available-month-oktober","24":"pa_destinations-ilulissat-de","25":"pa_difficulty-leicht","26":"pa_tour-type-tagestour","27":"yith_shop_vendor-albatros-ilulissat-de","29":"first","30":"instock","31":"virtual","32":"sold-individually","33":"purchasable","34":"product-type-booking"},"acf":[],"yoast_head":"<!-- This site is optimized with the Yoast SEO plugin v25.6 - https:\/\/yoast.com\/wordpress\/plugins\/seo\/ -->\n<title>Der Geschmack Gr\u00f6nlands | Abend in Oqaatsut | Ilulissat | Guide to Greenland<\/title>\n<meta name=\"description\" content=\"Erleben Sie Gr\u00f6nland bei dieser au\u00dfergew\u00f6hnlichen 6-st\u00fcndigen kulinarischen Aktivit\u00e4t, die in Ilulissat beginnt. Diese Tour ist die perfekte Einf\u00fchrung in die gr\u00f6nl\u00e4ndische Esskultur und die arktischen Rohstoffe!\" \/>\n<meta name=\"robots\" content=\"index, follow, max-snippet:-1, max-image-preview:large, max-video-preview:-1\" \/>\n<link rel=\"canonical\" href=\"https:\/\/guidetogreenland.com\/de\/buch-reisen-urlaub\/der-geschmack-gronlands-abend-in-oqaatsut-ilulissat\/\" \/>\n<meta property=\"og:locale\" content=\"de_DE\" \/>\n<meta property=\"og:type\" content=\"article\" \/>\n<meta property=\"og:title\" content=\"Der Geschmack Gr\u00f6nlands | Abend in Oqaatsut | Ilulissat | Guide to Greenland\" \/>\n<meta property=\"og:description\" content=\"Erleben Sie Gr\u00f6nland bei dieser au\u00dfergew\u00f6hnlichen 6-st\u00fcndigen kulinarischen Aktivit\u00e4t, die in Ilulissat beginnt. Diese Tour ist die perfekte Einf\u00fchrung in die gr\u00f6nl\u00e4ndische Esskultur und die arktischen Rohstoffe!\" \/>\n<meta property=\"og:url\" content=\"https:\/\/guidetogreenland.com\/de\/buch-reisen-urlaub\/der-geschmack-gronlands-abend-in-oqaatsut-ilulissat\/\" \/>\n<meta property=\"og:site_name\" content=\"Guide to Greenland\" \/>\n<meta property=\"article:modified_time\" content=\"2025-09-19T04:02:16+00:00\" \/>\n<meta property=\"og:image\" content=\"https:\/\/guidetogreenland.com\/wp-content\/uploads\/2020\/05\/a-taste-of-greenland-settlement-adventure-in-oqaatsut-ilulissat-Guide-to-Greenland8.jpg\" \/>\n\t<meta property=\"og:image:width\" content=\"1380\" \/>\n\t<meta property=\"og:image:height\" content=\"1380\" \/>\n\t<meta property=\"og:image:type\" content=\"image\/jpeg\" \/>\n<meta name=\"twitter:card\" content=\"summary_large_image\" \/>\n<meta name=\"twitter:label1\" content=\"Gesch\u00e4tzte Lesezeit\" \/>\n\t<meta name=\"twitter:data1\" content=\"2\u00a0Minuten\" \/>\n<script type=\"application\/ld+json\" class=\"yoast-schema-graph\">{\"@context\":\"https:\/\/schema.org\",\"@graph\":[{\"@type\":\"WebPage\",\"@id\":\"https:\/\/guidetogreenland.com\/de\/buch-reisen-urlaub\/der-geschmack-gronlands-abend-in-oqaatsut-ilulissat\/\",\"url\":\"https:\/\/guidetogreenland.com\/de\/buch-reisen-urlaub\/der-geschmack-gronlands-abend-in-oqaatsut-ilulissat\/\",\"name\":\"Der Geschmack Gr\u00f6nlands | Abend in Oqaatsut | Ilulissat | Guide to Greenland\",\"isPartOf\":{\"@id\":\"https:\/\/guidetogreenland.com\/de\/#website\"},\"primaryImageOfPage\":{\"@id\":\"https:\/\/guidetogreenland.com\/de\/buch-reisen-urlaub\/der-geschmack-gronlands-abend-in-oqaatsut-ilulissat\/#primaryimage\"},\"image\":{\"@id\":\"https:\/\/guidetogreenland.com\/de\/buch-reisen-urlaub\/der-geschmack-gronlands-abend-in-oqaatsut-ilulissat\/#primaryimage\"},\"thumbnailUrl\":\"https:\/\/guidetogreenland.com\/wp-content\/uploads\/2020\/05\/a-taste-of-greenland-settlement-adventure-in-oqaatsut-ilulissat-Guide-to-Greenland8.jpg\",\"datePublished\":\"2024-11-22T10:35:56+00:00\",\"dateModified\":\"2025-09-19T04:02:16+00:00\",\"description\":\"Erleben Sie Gr\u00f6nland bei dieser au\u00dfergew\u00f6hnlichen 6-st\u00fcndigen kulinarischen Aktivit\u00e4t, die in Ilulissat beginnt. Diese Tour ist die perfekte Einf\u00fchrung in die gr\u00f6nl\u00e4ndische Esskultur und die arktischen Rohstoffe!\",\"breadcrumb\":{\"@id\":\"https:\/\/guidetogreenland.com\/de\/buch-reisen-urlaub\/der-geschmack-gronlands-abend-in-oqaatsut-ilulissat\/#breadcrumb\"},\"inLanguage\":\"de\",\"potentialAction\":[{\"@type\":\"ReadAction\",\"target\":[\"https:\/\/guidetogreenland.com\/de\/buch-reisen-urlaub\/der-geschmack-gronlands-abend-in-oqaatsut-ilulissat\/\"]}]},{\"@type\":\"ImageObject\",\"inLanguage\":\"de\",\"@id\":\"https:\/\/guidetogreenland.com\/de\/buch-reisen-urlaub\/der-geschmack-gronlands-abend-in-oqaatsut-ilulissat\/#primaryimage\",\"url\":\"https:\/\/guidetogreenland.com\/wp-content\/uploads\/2020\/05\/a-taste-of-greenland-settlement-adventure-in-oqaatsut-ilulissat-Guide-to-Greenland8.jpg\",\"contentUrl\":\"https:\/\/guidetogreenland.com\/wp-content\/uploads\/2020\/05\/a-taste-of-greenland-settlement-adventure-in-oqaatsut-ilulissat-Guide-to-Greenland8.jpg\",\"width\":1380,\"height\":1380},{\"@type\":\"BreadcrumbList\",\"@id\":\"https:\/\/guidetogreenland.com\/de\/buch-reisen-urlaub\/der-geschmack-gronlands-abend-in-oqaatsut-ilulissat\/#breadcrumb\",\"itemListElement\":[{\"@type\":\"ListItem\",\"position\":1,\"name\":\"Home\",\"item\":\"https:\/\/guidetogreenland.com\/de\/\"},{\"@type\":\"ListItem\",\"position\":2,\"name\":\"Alle Touren anzeigen\",\"item\":\"https:\/\/guidetogreenland.com\/de\/buch-reisen-urlaub\/\"},{\"@type\":\"ListItem\",\"position\":3,\"name\":\"Der Geschmack Gr\u00f6nlands | Abend in Oqaatsut | Ilulissat\"}]},{\"@type\":\"WebSite\",\"@id\":\"https:\/\/guidetogreenland.com\/de\/#website\",\"url\":\"https:\/\/guidetogreenland.com\/de\/\",\"name\":\"Guide to Greenland\",\"description\":\"Largest selection of tours in Greenland\",\"potentialAction\":[{\"@type\":\"SearchAction\",\"target\":{\"@type\":\"EntryPoint\",\"urlTemplate\":\"https:\/\/guidetogreenland.com\/de\/?s={search_term_string}\"},\"query-input\":{\"@type\":\"PropertyValueSpecification\",\"valueRequired\":true,\"valueName\":\"search_term_string\"}}],\"inLanguage\":\"de\"}]}<\/script>\n<!-- \/ Yoast SEO plugin. -->","yoast_head_json":{"title":"Der Geschmack Gr\u00f6nlands | Abend in Oqaatsut | Ilulissat | Guide to Greenland","description":"Erleben Sie Gr\u00f6nland bei dieser au\u00dfergew\u00f6hnlichen 6-st\u00fcndigen kulinarischen Aktivit\u00e4t, die in Ilulissat beginnt. Diese Tour ist die perfekte Einf\u00fchrung in die gr\u00f6nl\u00e4ndische Esskultur und die arktischen Rohstoffe!","robots":{"index":"index","follow":"follow","max-snippet":"max-snippet:-1","max-image-preview":"max-image-preview:large","max-video-preview":"max-video-preview:-1"},"canonical":"https:\/\/guidetogreenland.com\/de\/buch-reisen-urlaub\/der-geschmack-gronlands-abend-in-oqaatsut-ilulissat\/","og_locale":"de_DE","og_type":"article","og_title":"Der Geschmack Gr\u00f6nlands | Abend in Oqaatsut | Ilulissat | Guide to Greenland","og_description":"Erleben Sie Gr\u00f6nland bei dieser au\u00dfergew\u00f6hnlichen 6-st\u00fcndigen kulinarischen Aktivit\u00e4t, die in Ilulissat beginnt. Diese Tour ist die perfekte Einf\u00fchrung in die gr\u00f6nl\u00e4ndische Esskultur und die arktischen Rohstoffe!","og_url":"https:\/\/guidetogreenland.com\/de\/buch-reisen-urlaub\/der-geschmack-gronlands-abend-in-oqaatsut-ilulissat\/","og_site_name":"Guide to Greenland","article_modified_time":"2025-09-19T04:02:16+00:00","og_image":[{"width":1380,"height":1380,"url":"https:\/\/guidetogreenland.com\/wp-content\/uploads\/2020\/05\/a-taste-of-greenland-settlement-adventure-in-oqaatsut-ilulissat-Guide-to-Greenland8.jpg","type":"image\/jpeg"}],"twitter_card":"summary_large_image","twitter_misc":{"Gesch\u00e4tzte Lesezeit":"2\u00a0Minuten"},"schema":{"@context":"https:\/\/schema.org","@graph":[{"@type":"WebPage","@id":"https:\/\/guidetogreenland.com\/de\/buch-reisen-urlaub\/der-geschmack-gronlands-abend-in-oqaatsut-ilulissat\/","url":"https:\/\/guidetogreenland.com\/de\/buch-reisen-urlaub\/der-geschmack-gronlands-abend-in-oqaatsut-ilulissat\/","name":"Der Geschmack Gr\u00f6nlands | Abend in Oqaatsut | Ilulissat | Guide to Greenland","isPartOf":{"@id":"https:\/\/guidetogreenland.com\/de\/#website"},"primaryImageOfPage":{"@id":"https:\/\/guidetogreenland.com\/de\/buch-reisen-urlaub\/der-geschmack-gronlands-abend-in-oqaatsut-ilulissat\/#primaryimage"},"image":{"@id":"https:\/\/guidetogreenland.com\/de\/buch-reisen-urlaub\/der-geschmack-gronlands-abend-in-oqaatsut-ilulissat\/#primaryimage"},"thumbnailUrl":"https:\/\/guidetogreenland.com\/wp-content\/uploads\/2020\/05\/a-taste-of-greenland-settlement-adventure-in-oqaatsut-ilulissat-Guide-to-Greenland8.jpg","datePublished":"2024-11-22T10:35:56+00:00","dateModified":"2025-09-19T04:02:16+00:00","description":"Erleben Sie Gr\u00f6nland bei dieser au\u00dfergew\u00f6hnlichen 6-st\u00fcndigen kulinarischen Aktivit\u00e4t, die in Ilulissat beginnt. Diese Tour ist die perfekte Einf\u00fchrung in die gr\u00f6nl\u00e4ndische Esskultur und die arktischen Rohstoffe!","breadcrumb":{"@id":"https:\/\/guidetogreenland.com\/de\/buch-reisen-urlaub\/der-geschmack-gronlands-abend-in-oqaatsut-ilulissat\/#breadcrumb"},"inLanguage":"de","potentialAction":[{"@type":"ReadAction","target":["https:\/\/guidetogreenland.com\/de\/buch-reisen-urlaub\/der-geschmack-gronlands-abend-in-oqaatsut-ilulissat\/"]}]},{"@type":"ImageObject","inLanguage":"de","@id":"https:\/\/guidetogreenland.com\/de\/buch-reisen-urlaub\/der-geschmack-gronlands-abend-in-oqaatsut-ilulissat\/#primaryimage","url":"https:\/\/guidetogreenland.com\/wp-content\/uploads\/2020\/05\/a-taste-of-greenland-settlement-adventure-in-oqaatsut-ilulissat-Guide-to-Greenland8.jpg","contentUrl":"https:\/\/guidetogreenland.com\/wp-content\/uploads\/2020\/05\/a-taste-of-greenland-settlement-adventure-in-oqaatsut-ilulissat-Guide-to-Greenland8.jpg","width":1380,"height":1380},{"@type":"BreadcrumbList","@id":"https:\/\/guidetogreenland.com\/de\/buch-reisen-urlaub\/der-geschmack-gronlands-abend-in-oqaatsut-ilulissat\/#breadcrumb","itemListElement":[{"@type":"ListItem","position":1,"name":"Home","item":"https:\/\/guidetogreenland.com\/de\/"},{"@type":"ListItem","position":2,"name":"Alle Touren anzeigen","item":"https:\/\/guidetogreenland.com\/de\/buch-reisen-urlaub\/"},{"@type":"ListItem","position":3,"name":"Der Geschmack Gr\u00f6nlands | Abend in Oqaatsut | Ilulissat"}]},{"@type":"WebSite","@id":"https:\/\/guidetogreenland.com\/de\/#website","url":"https:\/\/guidetogreenland.com\/de\/","name":"Guide to Greenland","description":"Largest selection of tours in Greenland","potentialAction":[{"@type":"SearchAction","target":{"@type":"EntryPoint","urlTemplate":"https:\/\/guidetogreenland.com\/de\/?s={search_term_string}"},"query-input":{"@type":"PropertyValueSpecification","valueRequired":true,"valueName":"search_term_string"}}],"inLanguage":"de"}]}},"_links":{"self":[{"href":"https:\/\/guidetogreenland.com\/de\/wp-json\/wp\/v2\/product\/61866","targetHints":{"allow":["GET"]}}],"collection":[{"href":"https:\/\/guidetogreenland.com\/de\/wp-json\/wp\/v2\/product"}],"about":[{"href":"https:\/\/guidetogreenland.com\/de\/wp-json\/wp\/v2\/types\/product"}],"replies":[{"embeddable":true,"href":"https:\/\/guidetogreenland.com\/de\/wp-json\/wp\/v2\/comments?post=61866"}],"wp:featuredmedia":[{"embeddable":true,"href":"https:\/\/guidetogreenland.com\/de\/wp-json\/wp\/v2\/media\/45230"}],"wp:attachment":[{"href":"https:\/\/guidetogreenland.com\/de\/wp-json\/wp\/v2\/media?parent=61866"}],"wp:term":[{"taxonomy":"product_brand","embeddable":true,"href":"https:\/\/guidetogreenland.com\/de\/wp-json\/wp\/v2\/product_brand?post=61866"},{"taxonomy":"product_cat","embeddable":true,"href":"https:\/\/guidetogreenland.com\/de\/wp-json\/wp\/v2\/product_cat?post=61866"},{"taxonomy":"product_tag","embeddable":true,"href":"https:\/\/guidetogreenland.com\/de\/wp-json\/wp\/v2\/product_tag?post=61866"}],"curies":[{"name":"wp","href":"https:\/\/api.w.org\/{rel}","templated":true}]}}