{"id":61869,"date":"2020-05-26T17:56:01","date_gmt":"2024-11-22T10:37:02","guid":{"rendered":"https:\/\/guidetogreenland.com\/?post_type=product&#038;p=61869"},"modified":"2026-04-04T16:58:53","modified_gmt":"2026-04-04T17:58:53","slug":"groenlaendische-inlandeis-expedition-point-660-kangerlussuaq-copy","status":"publish","type":"product","link":"https:\/\/guidetogreenland.com\/de\/buch-reisen-urlaub\/gronlandische-inlandeis-expedition-point-660-kangerlussuaq\/","title":{"rendered":"Gr\u00f6nl\u00e4ndische Inlandeis-Expedition | Point 660 | Kangerlussuaq"},"content":{"rendered":"<p class=\"p1\">Kommen Sie mit zum wundersch\u00f6nen Point 660, einem Ort, der erst k\u00fcrzlich vom Eis freigelegt wurde und nur von wenigen gesehen wird. Von Point 660 aus haben Sie einen herrlichen Blick auf das Inlandeis, das langsam in die farbenfrohe, eisfreie Tundra abtaucht. Dies ist eine Tour f\u00fcr alle, die das gr\u00f6nl\u00e4ndische Inlandeis mit ihren Augen, F\u00fc\u00dfen und ihrer Neugierde erkunden m\u00f6chten!<\/p>\n<p class=\"p1\">Ihr Abenteuer beginnt damit, dass Sie und Ihre Mitreisenden die abgelegene Schotterstra\u00dfe aus Kangerlussuaq heraus befahren. Kangerlussuaq liegt im Landesinneren an einem langen Fjord und hat daher ein anderes Klima als das \u00fcbrige Gr\u00f6nland.<\/p>\n<p class=\"p1\">Auf dem Weg zu Point 660 haben Sie vielleicht das Gl\u00fcck, vom Auto aus eines der vielen Wildtiere zu sehen, und Sie haben auch die M\u00f6glichkeit, einen kurzen Stopp einzulegen und ein Foto zu machen!<\/p>\n<p class=\"p1\">Wenn Sie und Ihre Mitreisenden am Point 660 ankommen, atmen Sie die frische Luft ein und blicken auf die bezaubernde und mythische gr\u00f6nl\u00e4ndische Inlandeiskappe, die so weit reicht, wie das Auge sehen kann. Die unbefestigte Stra\u00dfe f\u00fchrt direkt an das riesige und majest\u00e4tische Inlandeis heran, so dass Sie die M\u00f6glichkeit haben, es mit den F\u00fc\u00dfen auf dem Eis zu erkunden.<\/p>\n<p class=\"p1\">Diese Tour wird im Gel\u00e4ndewagen mit unserem \u00f6rtlichen Reiseleiter durchgef\u00fchrt, so dass Sie nicht nur die Natur genie\u00dfen, sondern auch mehr \u00fcber Gr\u00f6nland und das Leben hier im Allgemeinen erfahren k\u00f6nnen.<\/p>\n<p class=\"p1\">F\u00fcgen Sie den Besuch des Russel-Gletschers zu dieser Tour hinzu und sehen Sie so viel wie m\u00f6glich von Kangerlussuaq in kurzer Zeit. Diese Tour ist perfekt, wenn Sie nur wenig Zeit haben und so viel wie m\u00f6glich sehen m\u00f6chten!<\/p>\n<p class=\"p1\">Buchen Sie Ihr n\u00e4chstes Abenteuer, indem Sie Ihr Reisedatum ausw\u00e4hlen und auf <strong>Jetzt buchen<\/strong> klicken.<\/p>\n","protected":false},"excerpt":{"rendered":"Kommen Sie mit zum wundersch\u00f6nen Point 660, einem Ort, der erst k\u00fcrzlich vom Eis freigelegt wurde und nur von wenigen gesehen wird. Von Point 660 aus haben Sie einen herrlichen Blick auf das Inlandeis, das langsam in die farbenfrohe, eisfreie Tundra abtaucht. Dies ist eine Tour f\u00fcr alle, die das gr\u00f6nl\u00e4ndische Inlandeis mit ihren Augen,&#8230;","protected":false},"featured_media":44790,"comment_status":"open","ping_status":"closed","template":"","meta":[],"product_brand":[],"product_cat":[1136,1185,1176,1165,1264,1188,1186,1187,1194,1253],"product_tag":[1265],"class_list":{"0":"post-61869","1":"product","2":"type-product","3":"status-publish","4":"has-post-thumbnail","6":"product_cat-abenteuer-in-gronland","7":"product_cat-arktische-natur-und-tierwelt","8":"product_cat-gletscher-inlandeis-touren","9":"product_cat-kangerlussuaq-touren-de","10":"product_cat-polarkreis-touren","11":"product_cat-reiseziel-touren","12":"product_cat-tagestouren-im-sommer","13":"product_cat-tagestouren-im-winter","14":"product_cat-touren-nach-region","15":"product_cat-wandern-trekking-touren","16":"product_tag-kangerlussuaq-de","17":"pa_activities-eiskappen-gletscherwanderung-de","18":"pa_activities-gletscher-ansichten-de","19":"pa_activities-wandern-de","20":"pa_attractions-eisdecke","21":"pa_available-month-maerz","22":"pa_available-month-april-de","23":"pa_available-month-mai","24":"pa_available-month-juni","25":"pa_available-month-juli","26":"pa_available-month-august-de","27":"pa_available-month-september-de","28":"pa_available-month-oktober","29":"pa_destinations-kangerlussuaq-de","30":"pa_difficulty-leicht","31":"pa_tour-type-tagestour","32":"yith_shop_vendor-albatros-arctic-circle-de","33":"yith_booking_service-combine-with-russell-glacier-2hr","35":"first","36":"instock","37":"virtual","38":"sold-individually","39":"purchasable","40":"product-type-booking"},"acf":[],"yoast_head":"<!-- This site is optimized with the Yoast SEO plugin v25.6 - https:\/\/yoast.com\/wordpress\/plugins\/seo\/ -->\n<title>Gr\u00f6nl\u00e4ndische Inlandeis-Expedition | Point 660 | Kangerlussuaq | Guide to Greenland<\/title>\n<meta name=\"description\" content=\"Erkunden Sie das gr\u00f6nl\u00e4ndische Inlandeis und besuchen Sie den wundersch\u00f6nen Point 660, einen Ort, der erst k\u00fcrzlich vom Eis freigelegt wurde und nur von wenigen gesehen wird. Siehe Tour hier &gt;&gt;\" \/>\n<meta name=\"robots\" content=\"index, follow, max-snippet:-1, max-image-preview:large, max-video-preview:-1\" \/>\n<link rel=\"canonical\" href=\"https:\/\/guidetogreenland.com\/de\/buch-reisen-urlaub\/gronlandische-inlandeis-expedition-point-660-kangerlussuaq\/\" \/>\n<meta property=\"og:locale\" content=\"de_DE\" \/>\n<meta property=\"og:type\" content=\"article\" \/>\n<meta property=\"og:title\" content=\"Gr\u00f6nl\u00e4ndische Inlandeis-Expedition | Point 660 | Kangerlussuaq | Guide to Greenland\" \/>\n<meta property=\"og:description\" content=\"Erkunden Sie das gr\u00f6nl\u00e4ndische Inlandeis und besuchen Sie den wundersch\u00f6nen Point 660, einen Ort, der erst k\u00fcrzlich vom Eis freigelegt wurde und nur von wenigen gesehen wird. Siehe Tour hier &gt;&gt;\" \/>\n<meta property=\"og:url\" content=\"https:\/\/guidetogreenland.com\/de\/buch-reisen-urlaub\/gronlandische-inlandeis-expedition-point-660-kangerlussuaq\/\" \/>\n<meta property=\"og:site_name\" content=\"Guide to Greenland\" \/>\n<meta property=\"article:modified_time\" content=\"2026-04-04T17:58:53+00:00\" \/>\n<meta property=\"og:image\" content=\"https:\/\/guidetogreenland.com\/wp-content\/uploads\/2020\/05\/greenland-icecap-expedition-point-660-kangerlussuaq-Guide-to-Greenland14.jpeg\" \/>\n\t<meta property=\"og:image:width\" content=\"1417\" \/>\n\t<meta property=\"og:image:height\" content=\"944\" \/>\n\t<meta property=\"og:image:type\" content=\"image\/jpeg\" \/>\n<meta name=\"twitter:card\" content=\"summary_large_image\" \/>\n<meta name=\"twitter:label1\" content=\"Gesch\u00e4tzte Lesezeit\" \/>\n\t<meta name=\"twitter:data1\" content=\"2\u00a0Minuten\" \/>\n<script type=\"application\/ld+json\" class=\"yoast-schema-graph\">{\"@context\":\"https:\/\/schema.org\",\"@graph\":[{\"@type\":\"WebPage\",\"@id\":\"https:\/\/guidetogreenland.com\/de\/buch-reisen-urlaub\/gronlandische-inlandeis-expedition-point-660-kangerlussuaq\/\",\"url\":\"https:\/\/guidetogreenland.com\/de\/buch-reisen-urlaub\/gronlandische-inlandeis-expedition-point-660-kangerlussuaq\/\",\"name\":\"Gr\u00f6nl\u00e4ndische Inlandeis-Expedition | Point 660 | Kangerlussuaq | Guide to Greenland\",\"isPartOf\":{\"@id\":\"https:\/\/guidetogreenland.com\/de\/#website\"},\"primaryImageOfPage\":{\"@id\":\"https:\/\/guidetogreenland.com\/de\/buch-reisen-urlaub\/gronlandische-inlandeis-expedition-point-660-kangerlussuaq\/#primaryimage\"},\"image\":{\"@id\":\"https:\/\/guidetogreenland.com\/de\/buch-reisen-urlaub\/gronlandische-inlandeis-expedition-point-660-kangerlussuaq\/#primaryimage\"},\"thumbnailUrl\":\"https:\/\/guidetogreenland.com\/wp-content\/uploads\/2020\/05\/greenland-icecap-expedition-point-660-kangerlussuaq-Guide-to-Greenland14.jpeg\",\"datePublished\":\"2024-11-22T10:37:02+00:00\",\"dateModified\":\"2026-04-04T17:58:53+00:00\",\"description\":\"Erkunden Sie das gr\u00f6nl\u00e4ndische Inlandeis und besuchen Sie den wundersch\u00f6nen Point 660, einen Ort, der erst k\u00fcrzlich vom Eis freigelegt wurde und nur von wenigen gesehen wird. Siehe Tour hier >>\",\"breadcrumb\":{\"@id\":\"https:\/\/guidetogreenland.com\/de\/buch-reisen-urlaub\/gronlandische-inlandeis-expedition-point-660-kangerlussuaq\/#breadcrumb\"},\"inLanguage\":\"de\",\"potentialAction\":[{\"@type\":\"ReadAction\",\"target\":[\"https:\/\/guidetogreenland.com\/de\/buch-reisen-urlaub\/gronlandische-inlandeis-expedition-point-660-kangerlussuaq\/\"]}]},{\"@type\":\"ImageObject\",\"inLanguage\":\"de\",\"@id\":\"https:\/\/guidetogreenland.com\/de\/buch-reisen-urlaub\/gronlandische-inlandeis-expedition-point-660-kangerlussuaq\/#primaryimage\",\"url\":\"https:\/\/guidetogreenland.com\/wp-content\/uploads\/2020\/05\/greenland-icecap-expedition-point-660-kangerlussuaq-Guide-to-Greenland14.jpeg\",\"contentUrl\":\"https:\/\/guidetogreenland.com\/wp-content\/uploads\/2020\/05\/greenland-icecap-expedition-point-660-kangerlussuaq-Guide-to-Greenland14.jpeg\",\"width\":1417,\"height\":944},{\"@type\":\"BreadcrumbList\",\"@id\":\"https:\/\/guidetogreenland.com\/de\/buch-reisen-urlaub\/gronlandische-inlandeis-expedition-point-660-kangerlussuaq\/#breadcrumb\",\"itemListElement\":[{\"@type\":\"ListItem\",\"position\":1,\"name\":\"Home\",\"item\":\"https:\/\/guidetogreenland.com\/de\/\"},{\"@type\":\"ListItem\",\"position\":2,\"name\":\"Alle Touren anzeigen\",\"item\":\"https:\/\/guidetogreenland.com\/de\/buch-reisen-urlaub\/\"},{\"@type\":\"ListItem\",\"position\":3,\"name\":\"Gr\u00f6nl\u00e4ndische Inlandeis-Expedition | Point 660 | Kangerlussuaq\"}]},{\"@type\":\"WebSite\",\"@id\":\"https:\/\/guidetogreenland.com\/de\/#website\",\"url\":\"https:\/\/guidetogreenland.com\/de\/\",\"name\":\"Guide to Greenland\",\"description\":\"Largest selection of tours in Greenland\",\"potentialAction\":[{\"@type\":\"SearchAction\",\"target\":{\"@type\":\"EntryPoint\",\"urlTemplate\":\"https:\/\/guidetogreenland.com\/de\/?s={search_term_string}\"},\"query-input\":{\"@type\":\"PropertyValueSpecification\",\"valueRequired\":true,\"valueName\":\"search_term_string\"}}],\"inLanguage\":\"de\"}]}<\/script>\n<!-- \/ Yoast SEO plugin. -->","yoast_head_json":{"title":"Gr\u00f6nl\u00e4ndische Inlandeis-Expedition | Point 660 | Kangerlussuaq | Guide to Greenland","description":"Erkunden Sie das gr\u00f6nl\u00e4ndische Inlandeis und besuchen Sie den wundersch\u00f6nen Point 660, einen Ort, der erst k\u00fcrzlich vom Eis freigelegt wurde und nur von wenigen gesehen wird. Siehe Tour hier >>","robots":{"index":"index","follow":"follow","max-snippet":"max-snippet:-1","max-image-preview":"max-image-preview:large","max-video-preview":"max-video-preview:-1"},"canonical":"https:\/\/guidetogreenland.com\/de\/buch-reisen-urlaub\/gronlandische-inlandeis-expedition-point-660-kangerlussuaq\/","og_locale":"de_DE","og_type":"article","og_title":"Gr\u00f6nl\u00e4ndische Inlandeis-Expedition | Point 660 | Kangerlussuaq | Guide to Greenland","og_description":"Erkunden Sie das gr\u00f6nl\u00e4ndische Inlandeis und besuchen Sie den wundersch\u00f6nen Point 660, einen Ort, der erst k\u00fcrzlich vom Eis freigelegt wurde und nur von wenigen gesehen wird. Siehe Tour hier >>","og_url":"https:\/\/guidetogreenland.com\/de\/buch-reisen-urlaub\/gronlandische-inlandeis-expedition-point-660-kangerlussuaq\/","og_site_name":"Guide to Greenland","article_modified_time":"2026-04-04T17:58:53+00:00","og_image":[{"width":1417,"height":944,"url":"https:\/\/guidetogreenland.com\/wp-content\/uploads\/2020\/05\/greenland-icecap-expedition-point-660-kangerlussuaq-Guide-to-Greenland14.jpeg","type":"image\/jpeg"}],"twitter_card":"summary_large_image","twitter_misc":{"Gesch\u00e4tzte Lesezeit":"2\u00a0Minuten"},"schema":{"@context":"https:\/\/schema.org","@graph":[{"@type":"WebPage","@id":"https:\/\/guidetogreenland.com\/de\/buch-reisen-urlaub\/gronlandische-inlandeis-expedition-point-660-kangerlussuaq\/","url":"https:\/\/guidetogreenland.com\/de\/buch-reisen-urlaub\/gronlandische-inlandeis-expedition-point-660-kangerlussuaq\/","name":"Gr\u00f6nl\u00e4ndische Inlandeis-Expedition | Point 660 | Kangerlussuaq | Guide to Greenland","isPartOf":{"@id":"https:\/\/guidetogreenland.com\/de\/#website"},"primaryImageOfPage":{"@id":"https:\/\/guidetogreenland.com\/de\/buch-reisen-urlaub\/gronlandische-inlandeis-expedition-point-660-kangerlussuaq\/#primaryimage"},"image":{"@id":"https:\/\/guidetogreenland.com\/de\/buch-reisen-urlaub\/gronlandische-inlandeis-expedition-point-660-kangerlussuaq\/#primaryimage"},"thumbnailUrl":"https:\/\/guidetogreenland.com\/wp-content\/uploads\/2020\/05\/greenland-icecap-expedition-point-660-kangerlussuaq-Guide-to-Greenland14.jpeg","datePublished":"2024-11-22T10:37:02+00:00","dateModified":"2026-04-04T17:58:53+00:00","description":"Erkunden Sie das gr\u00f6nl\u00e4ndische Inlandeis und besuchen Sie den wundersch\u00f6nen Point 660, einen Ort, der erst k\u00fcrzlich vom Eis freigelegt wurde und nur von wenigen gesehen wird. Siehe Tour hier >>","breadcrumb":{"@id":"https:\/\/guidetogreenland.com\/de\/buch-reisen-urlaub\/gronlandische-inlandeis-expedition-point-660-kangerlussuaq\/#breadcrumb"},"inLanguage":"de","potentialAction":[{"@type":"ReadAction","target":["https:\/\/guidetogreenland.com\/de\/buch-reisen-urlaub\/gronlandische-inlandeis-expedition-point-660-kangerlussuaq\/"]}]},{"@type":"ImageObject","inLanguage":"de","@id":"https:\/\/guidetogreenland.com\/de\/buch-reisen-urlaub\/gronlandische-inlandeis-expedition-point-660-kangerlussuaq\/#primaryimage","url":"https:\/\/guidetogreenland.com\/wp-content\/uploads\/2020\/05\/greenland-icecap-expedition-point-660-kangerlussuaq-Guide-to-Greenland14.jpeg","contentUrl":"https:\/\/guidetogreenland.com\/wp-content\/uploads\/2020\/05\/greenland-icecap-expedition-point-660-kangerlussuaq-Guide-to-Greenland14.jpeg","width":1417,"height":944},{"@type":"BreadcrumbList","@id":"https:\/\/guidetogreenland.com\/de\/buch-reisen-urlaub\/gronlandische-inlandeis-expedition-point-660-kangerlussuaq\/#breadcrumb","itemListElement":[{"@type":"ListItem","position":1,"name":"Home","item":"https:\/\/guidetogreenland.com\/de\/"},{"@type":"ListItem","position":2,"name":"Alle Touren anzeigen","item":"https:\/\/guidetogreenland.com\/de\/buch-reisen-urlaub\/"},{"@type":"ListItem","position":3,"name":"Gr\u00f6nl\u00e4ndische Inlandeis-Expedition | Point 660 | Kangerlussuaq"}]},{"@type":"WebSite","@id":"https:\/\/guidetogreenland.com\/de\/#website","url":"https:\/\/guidetogreenland.com\/de\/","name":"Guide to Greenland","description":"Largest selection of tours in Greenland","potentialAction":[{"@type":"SearchAction","target":{"@type":"EntryPoint","urlTemplate":"https:\/\/guidetogreenland.com\/de\/?s={search_term_string}"},"query-input":{"@type":"PropertyValueSpecification","valueRequired":true,"valueName":"search_term_string"}}],"inLanguage":"de"}]}},"_links":{"self":[{"href":"https:\/\/guidetogreenland.com\/de\/wp-json\/wp\/v2\/product\/61869","targetHints":{"allow":["GET"]}}],"collection":[{"href":"https:\/\/guidetogreenland.com\/de\/wp-json\/wp\/v2\/product"}],"about":[{"href":"https:\/\/guidetogreenland.com\/de\/wp-json\/wp\/v2\/types\/product"}],"replies":[{"embeddable":true,"href":"https:\/\/guidetogreenland.com\/de\/wp-json\/wp\/v2\/comments?post=61869"}],"wp:featuredmedia":[{"embeddable":true,"href":"https:\/\/guidetogreenland.com\/de\/wp-json\/wp\/v2\/media\/44790"}],"wp:attachment":[{"href":"https:\/\/guidetogreenland.com\/de\/wp-json\/wp\/v2\/media?parent=61869"}],"wp:term":[{"taxonomy":"product_brand","embeddable":true,"href":"https:\/\/guidetogreenland.com\/de\/wp-json\/wp\/v2\/product_brand?post=61869"},{"taxonomy":"product_cat","embeddable":true,"href":"https:\/\/guidetogreenland.com\/de\/wp-json\/wp\/v2\/product_cat?post=61869"},{"taxonomy":"product_tag","embeddable":true,"href":"https:\/\/guidetogreenland.com\/de\/wp-json\/wp\/v2\/product_tag?post=61869"}],"curies":[{"name":"wp","href":"https:\/\/api.w.org\/{rel}","templated":true}]}}