{"id":61875,"date":"2020-05-19T18:31:34","date_gmt":"2024-11-22T11:22:27","guid":{"rendered":"https:\/\/guidetogreenland.com\/?post_type=product&#038;p=61875"},"modified":"2026-01-25T10:51:05","modified_gmt":"2026-01-25T13:51:05","slug":"tundra-und-wildlife-tour-kangerlussuaq-westgroenland-copy","status":"publish","type":"product","link":"https:\/\/guidetogreenland.com\/de\/buch-reisen-urlaub\/tundra-und-wildlife-tour-kangerlussuaq-westgronland\/","title":{"rendered":"Tundra- und Wildlife-Tour | Kangerlussuaq | Westgr\u00f6nland"},"content":{"rendered":"<p class=\"p1\">Lernen Sie die Tierwelt von Kangerlussuaq kennen, auf dieser faszinierenden 1 1\/2-st\u00fcndigen Wildtiersafari rund um Kangerlussuaq! Sie werden nach den erstaunlichen Moschusochsen und den riesigen Rentieren Ausschau halten, die in der Gegend umherstreifen!<\/p>\n<p class=\"p1\">Kangerlussuaq ist bekannt f\u00fcr seine gro\u00dfe Anzahl an gro\u00dfen S\u00e4ugetieren, da das Wetter hier recht stabil ist und gro\u00dfe Landstriche vom Inlandeis unber\u00fchrt sind. Die endlosen Kilometer arktischer Tundra und das stabile Wetter machen es zum perfekten Ort, um diese Tiere in ihrem nat\u00fcrlichen Lebensraum zu finden und zu beobachten.<\/p>\n<p class=\"p1\">Die Moschusochsen k\u00f6nnen bis zu 400 kg wiegen und haben den wunderbaren gr\u00f6nl\u00e4ndischen Namen Umimmak, was so viel bedeutet wie &#8222;der Langb\u00e4rtige&#8220;. Die gro\u00dfen Bullen sind eine Augenweide, vor allem in Begleitung ihrer Familien, aber auch die Rentiere. Moschusochsen und Rentiere sind nicht die einzigen Tiere in diesem Gebiet.\u00a0 Auch Polarf\u00fcchse, Polarhasen und viele V\u00f6gel wie Adler und Falken leben hier.<\/p>\n<p class=\"p1\">Auf dieser aufregenden Tour werden Sie in einem Allrad-Bus mit Panoramafenstern durch die unglaubliche Landschaft mit Bergen und w\u00fcsten\u00e4hnlichem Terrain gefahren. Sie k\u00f6nnen ein Fernglas mitnehmen, um bessere Chancen zu haben, wilde Tiere zu sehen.<\/p>\n<p class=\"p1\">Nat\u00fcrlich ist es nie vorhersehbar, dass Sie auf einer Tour nach bestimmten Tieren Ausschau halten werden, aber die Fahrt wird trotzdem atemberaubend sein. Und wer wei\u00df, vielleicht haben Sie sogar das Gl\u00fcck, einer Herde Moschusochsen ganz nahe zu kommen. In jedem Fall werden Sie mit unglaublichen Eindr\u00fccken und Fotos nach Hause gehen.<\/p>\n<p class=\"p1\">Reservieren Sie Ihren Platz, indem Sie Ihr Wunschdatum ausw\u00e4hlen und auf Jetzt buchen klicken.<\/p>\n","protected":false},"excerpt":{"rendered":"Lernen Sie die Tierwelt von Kangerlussuaq kennen, auf dieser faszinierenden 1 1\/2-st\u00fcndigen Wildtiersafari rund um Kangerlussuaq! Sie werden nach den erstaunlichen Moschusochsen und den riesigen Rentieren Ausschau halten, die in der Gegend umherstreifen! Kangerlussuaq ist bekannt f\u00fcr seine gro\u00dfe Anzahl an gro\u00dfen S\u00e4ugetieren, da das Wetter hier recht stabil ist und gro\u00dfe Landstriche vom Inlandeis&#8230;","protected":false},"featured_media":44595,"comment_status":"open","ping_status":"closed","template":"","meta":[],"product_brand":[],"product_cat":[1136,1185,1165,1264,1188,1186,1187],"product_tag":[1265],"class_list":{"0":"post-61875","1":"product","2":"type-product","3":"status-publish","4":"has-post-thumbnail","6":"product_cat-abenteuer-in-gronland","7":"product_cat-arktische-natur-und-tierwelt","8":"product_cat-kangerlussuaq-touren-de","9":"product_cat-polarkreis-touren","10":"product_cat-reiseziel-touren","11":"product_cat-tagestouren-im-sommer","12":"product_cat-tagestouren-im-winter","13":"product_tag-kangerlussuaq-de","14":"pa_activities-eiskappen-gletscherwanderung-de","15":"pa_activities-wandern-de","16":"pa_activities-wildtier-beobachtung-de","17":"pa_available-month-februar","18":"pa_available-month-maerz","19":"pa_available-month-april-de","20":"pa_available-month-mai","21":"pa_available-month-juni","22":"pa_available-month-juli","23":"pa_available-month-august-de","24":"pa_available-month-september-de","25":"pa_available-month-oktober","26":"pa_available-month-november-de","27":"pa_destinations-kangerlussuaq-de","28":"pa_difficulty-leicht","29":"pa_duration-1-5-stunden","30":"pa_tour-type-tagestour","31":"yith_shop_vendor-albatros-arctic-circle-de","33":"first","34":"instock","35":"virtual","36":"sold-individually","37":"purchasable","38":"product-type-booking"},"acf":[],"yoast_head":"<!-- This site is optimized with the Yoast SEO plugin v25.6 - https:\/\/yoast.com\/wordpress\/plugins\/seo\/ -->\n<title>Tundra- und Wildlife-Tour | Kangerlussuaq | Westgr\u00f6nland | Guide to Greenland<\/title>\n<meta name=\"robots\" content=\"index, follow, max-snippet:-1, max-image-preview:large, max-video-preview:-1\" \/>\n<link rel=\"canonical\" href=\"https:\/\/guidetogreenland.com\/de\/buch-reisen-urlaub\/tundra-und-wildlife-tour-kangerlussuaq-westgronland\/\" \/>\n<meta property=\"og:locale\" content=\"de_DE\" \/>\n<meta property=\"og:type\" content=\"article\" \/>\n<meta property=\"og:title\" content=\"Tundra- und Wildlife-Tour | Kangerlussuaq | Westgr\u00f6nland | Guide to Greenland\" \/>\n<meta property=\"og:description\" content=\"Lernen Sie die Tierwelt von Kangerlussuaq kennen, auf dieser faszinierenden 1 1\/2-st\u00fcndigen Wildtiersafari rund um Kangerlussuaq! Sie werden nach den erstaunlichen Moschusochsen und den riesigen Rentieren Ausschau halten, die in der Gegend umherstreifen! Kangerlussuaq ist bekannt f\u00fcr seine gro\u00dfe Anzahl an gro\u00dfen S\u00e4ugetieren, da das Wetter hier recht stabil ist und gro\u00dfe Landstriche vom Inlandeis...\" \/>\n<meta property=\"og:url\" content=\"https:\/\/guidetogreenland.com\/de\/buch-reisen-urlaub\/tundra-und-wildlife-tour-kangerlussuaq-westgronland\/\" \/>\n<meta property=\"og:site_name\" content=\"Guide to Greenland\" \/>\n<meta property=\"article:modified_time\" content=\"2026-01-25T13:51:05+00:00\" \/>\n<meta property=\"og:image\" content=\"https:\/\/guidetogreenland.com\/wp-content\/uploads\/2020\/05\/tundra-and-wildlife-tour-kangerlussuaq-west-greenland-Guide-to-Greenland17.jpg\" \/>\n\t<meta property=\"og:image:width\" content=\"926\" \/>\n\t<meta property=\"og:image:height\" content=\"576\" \/>\n\t<meta property=\"og:image:type\" content=\"image\/jpeg\" \/>\n<meta name=\"twitter:card\" content=\"summary_large_image\" \/>\n<meta name=\"twitter:label1\" content=\"Gesch\u00e4tzte Lesezeit\" \/>\n\t<meta name=\"twitter:data1\" content=\"2\u00a0Minuten\" \/>\n<script type=\"application\/ld+json\" class=\"yoast-schema-graph\">{\"@context\":\"https:\/\/schema.org\",\"@graph\":[{\"@type\":\"WebPage\",\"@id\":\"https:\/\/guidetogreenland.com\/de\/buch-reisen-urlaub\/tundra-und-wildlife-tour-kangerlussuaq-westgronland\/\",\"url\":\"https:\/\/guidetogreenland.com\/de\/buch-reisen-urlaub\/tundra-und-wildlife-tour-kangerlussuaq-westgronland\/\",\"name\":\"Tundra- und Wildlife-Tour | Kangerlussuaq | Westgr\u00f6nland | Guide to Greenland\",\"isPartOf\":{\"@id\":\"https:\/\/guidetogreenland.com\/de\/#website\"},\"primaryImageOfPage\":{\"@id\":\"https:\/\/guidetogreenland.com\/de\/buch-reisen-urlaub\/tundra-und-wildlife-tour-kangerlussuaq-westgronland\/#primaryimage\"},\"image\":{\"@id\":\"https:\/\/guidetogreenland.com\/de\/buch-reisen-urlaub\/tundra-und-wildlife-tour-kangerlussuaq-westgronland\/#primaryimage\"},\"thumbnailUrl\":\"https:\/\/guidetogreenland.com\/wp-content\/uploads\/2020\/05\/tundra-and-wildlife-tour-kangerlussuaq-west-greenland-Guide-to-Greenland17.jpg\",\"datePublished\":\"2024-11-22T11:22:27+00:00\",\"dateModified\":\"2026-01-25T13:51:05+00:00\",\"breadcrumb\":{\"@id\":\"https:\/\/guidetogreenland.com\/de\/buch-reisen-urlaub\/tundra-und-wildlife-tour-kangerlussuaq-westgronland\/#breadcrumb\"},\"inLanguage\":\"de\",\"potentialAction\":[{\"@type\":\"ReadAction\",\"target\":[\"https:\/\/guidetogreenland.com\/de\/buch-reisen-urlaub\/tundra-und-wildlife-tour-kangerlussuaq-westgronland\/\"]}]},{\"@type\":\"ImageObject\",\"inLanguage\":\"de\",\"@id\":\"https:\/\/guidetogreenland.com\/de\/buch-reisen-urlaub\/tundra-und-wildlife-tour-kangerlussuaq-westgronland\/#primaryimage\",\"url\":\"https:\/\/guidetogreenland.com\/wp-content\/uploads\/2020\/05\/tundra-and-wildlife-tour-kangerlussuaq-west-greenland-Guide-to-Greenland17.jpg\",\"contentUrl\":\"https:\/\/guidetogreenland.com\/wp-content\/uploads\/2020\/05\/tundra-and-wildlife-tour-kangerlussuaq-west-greenland-Guide-to-Greenland17.jpg\",\"width\":926,\"height\":576},{\"@type\":\"BreadcrumbList\",\"@id\":\"https:\/\/guidetogreenland.com\/de\/buch-reisen-urlaub\/tundra-und-wildlife-tour-kangerlussuaq-westgronland\/#breadcrumb\",\"itemListElement\":[{\"@type\":\"ListItem\",\"position\":1,\"name\":\"Home\",\"item\":\"https:\/\/guidetogreenland.com\/de\/\"},{\"@type\":\"ListItem\",\"position\":2,\"name\":\"Alle Touren anzeigen\",\"item\":\"https:\/\/guidetogreenland.com\/de\/buch-reisen-urlaub\/\"},{\"@type\":\"ListItem\",\"position\":3,\"name\":\"Tundra- und Wildlife-Tour | Kangerlussuaq | Westgr\u00f6nland\"}]},{\"@type\":\"WebSite\",\"@id\":\"https:\/\/guidetogreenland.com\/de\/#website\",\"url\":\"https:\/\/guidetogreenland.com\/de\/\",\"name\":\"Guide to Greenland\",\"description\":\"Largest selection of tours in Greenland\",\"potentialAction\":[{\"@type\":\"SearchAction\",\"target\":{\"@type\":\"EntryPoint\",\"urlTemplate\":\"https:\/\/guidetogreenland.com\/de\/?s={search_term_string}\"},\"query-input\":{\"@type\":\"PropertyValueSpecification\",\"valueRequired\":true,\"valueName\":\"search_term_string\"}}],\"inLanguage\":\"de\"}]}<\/script>\n<!-- \/ Yoast SEO plugin. -->","yoast_head_json":{"title":"Tundra- und Wildlife-Tour | Kangerlussuaq | Westgr\u00f6nland | Guide to Greenland","robots":{"index":"index","follow":"follow","max-snippet":"max-snippet:-1","max-image-preview":"max-image-preview:large","max-video-preview":"max-video-preview:-1"},"canonical":"https:\/\/guidetogreenland.com\/de\/buch-reisen-urlaub\/tundra-und-wildlife-tour-kangerlussuaq-westgronland\/","og_locale":"de_DE","og_type":"article","og_title":"Tundra- und Wildlife-Tour | Kangerlussuaq | Westgr\u00f6nland | Guide to Greenland","og_description":"Lernen Sie die Tierwelt von Kangerlussuaq kennen, auf dieser faszinierenden 1 1\/2-st\u00fcndigen Wildtiersafari rund um Kangerlussuaq! Sie werden nach den erstaunlichen Moschusochsen und den riesigen Rentieren Ausschau halten, die in der Gegend umherstreifen! Kangerlussuaq ist bekannt f\u00fcr seine gro\u00dfe Anzahl an gro\u00dfen S\u00e4ugetieren, da das Wetter hier recht stabil ist und gro\u00dfe Landstriche vom Inlandeis...","og_url":"https:\/\/guidetogreenland.com\/de\/buch-reisen-urlaub\/tundra-und-wildlife-tour-kangerlussuaq-westgronland\/","og_site_name":"Guide to Greenland","article_modified_time":"2026-01-25T13:51:05+00:00","og_image":[{"width":926,"height":576,"url":"https:\/\/guidetogreenland.com\/wp-content\/uploads\/2020\/05\/tundra-and-wildlife-tour-kangerlussuaq-west-greenland-Guide-to-Greenland17.jpg","type":"image\/jpeg"}],"twitter_card":"summary_large_image","twitter_misc":{"Gesch\u00e4tzte Lesezeit":"2\u00a0Minuten"},"schema":{"@context":"https:\/\/schema.org","@graph":[{"@type":"WebPage","@id":"https:\/\/guidetogreenland.com\/de\/buch-reisen-urlaub\/tundra-und-wildlife-tour-kangerlussuaq-westgronland\/","url":"https:\/\/guidetogreenland.com\/de\/buch-reisen-urlaub\/tundra-und-wildlife-tour-kangerlussuaq-westgronland\/","name":"Tundra- und Wildlife-Tour | Kangerlussuaq | Westgr\u00f6nland | Guide to Greenland","isPartOf":{"@id":"https:\/\/guidetogreenland.com\/de\/#website"},"primaryImageOfPage":{"@id":"https:\/\/guidetogreenland.com\/de\/buch-reisen-urlaub\/tundra-und-wildlife-tour-kangerlussuaq-westgronland\/#primaryimage"},"image":{"@id":"https:\/\/guidetogreenland.com\/de\/buch-reisen-urlaub\/tundra-und-wildlife-tour-kangerlussuaq-westgronland\/#primaryimage"},"thumbnailUrl":"https:\/\/guidetogreenland.com\/wp-content\/uploads\/2020\/05\/tundra-and-wildlife-tour-kangerlussuaq-west-greenland-Guide-to-Greenland17.jpg","datePublished":"2024-11-22T11:22:27+00:00","dateModified":"2026-01-25T13:51:05+00:00","breadcrumb":{"@id":"https:\/\/guidetogreenland.com\/de\/buch-reisen-urlaub\/tundra-und-wildlife-tour-kangerlussuaq-westgronland\/#breadcrumb"},"inLanguage":"de","potentialAction":[{"@type":"ReadAction","target":["https:\/\/guidetogreenland.com\/de\/buch-reisen-urlaub\/tundra-und-wildlife-tour-kangerlussuaq-westgronland\/"]}]},{"@type":"ImageObject","inLanguage":"de","@id":"https:\/\/guidetogreenland.com\/de\/buch-reisen-urlaub\/tundra-und-wildlife-tour-kangerlussuaq-westgronland\/#primaryimage","url":"https:\/\/guidetogreenland.com\/wp-content\/uploads\/2020\/05\/tundra-and-wildlife-tour-kangerlussuaq-west-greenland-Guide-to-Greenland17.jpg","contentUrl":"https:\/\/guidetogreenland.com\/wp-content\/uploads\/2020\/05\/tundra-and-wildlife-tour-kangerlussuaq-west-greenland-Guide-to-Greenland17.jpg","width":926,"height":576},{"@type":"BreadcrumbList","@id":"https:\/\/guidetogreenland.com\/de\/buch-reisen-urlaub\/tundra-und-wildlife-tour-kangerlussuaq-westgronland\/#breadcrumb","itemListElement":[{"@type":"ListItem","position":1,"name":"Home","item":"https:\/\/guidetogreenland.com\/de\/"},{"@type":"ListItem","position":2,"name":"Alle Touren anzeigen","item":"https:\/\/guidetogreenland.com\/de\/buch-reisen-urlaub\/"},{"@type":"ListItem","position":3,"name":"Tundra- und Wildlife-Tour | Kangerlussuaq | Westgr\u00f6nland"}]},{"@type":"WebSite","@id":"https:\/\/guidetogreenland.com\/de\/#website","url":"https:\/\/guidetogreenland.com\/de\/","name":"Guide to Greenland","description":"Largest selection of tours in Greenland","potentialAction":[{"@type":"SearchAction","target":{"@type":"EntryPoint","urlTemplate":"https:\/\/guidetogreenland.com\/de\/?s={search_term_string}"},"query-input":{"@type":"PropertyValueSpecification","valueRequired":true,"valueName":"search_term_string"}}],"inLanguage":"de"}]}},"_links":{"self":[{"href":"https:\/\/guidetogreenland.com\/de\/wp-json\/wp\/v2\/product\/61875","targetHints":{"allow":["GET"]}}],"collection":[{"href":"https:\/\/guidetogreenland.com\/de\/wp-json\/wp\/v2\/product"}],"about":[{"href":"https:\/\/guidetogreenland.com\/de\/wp-json\/wp\/v2\/types\/product"}],"replies":[{"embeddable":true,"href":"https:\/\/guidetogreenland.com\/de\/wp-json\/wp\/v2\/comments?post=61875"}],"wp:featuredmedia":[{"embeddable":true,"href":"https:\/\/guidetogreenland.com\/de\/wp-json\/wp\/v2\/media\/44595"}],"wp:attachment":[{"href":"https:\/\/guidetogreenland.com\/de\/wp-json\/wp\/v2\/media?parent=61875"}],"wp:term":[{"taxonomy":"product_brand","embeddable":true,"href":"https:\/\/guidetogreenland.com\/de\/wp-json\/wp\/v2\/product_brand?post=61875"},{"taxonomy":"product_cat","embeddable":true,"href":"https:\/\/guidetogreenland.com\/de\/wp-json\/wp\/v2\/product_cat?post=61875"},{"taxonomy":"product_tag","embeddable":true,"href":"https:\/\/guidetogreenland.com\/de\/wp-json\/wp\/v2\/product_tag?post=61875"}],"curies":[{"name":"wp","href":"https:\/\/api.w.org\/{rel}","templated":true}]}}