{"id":61878,"date":"2020-05-19T16:34:41","date_gmt":"2024-11-22T11:23:02","guid":{"rendered":"https:\/\/guidetogreenland.com\/?post_type=product&#038;p=61878"},"modified":"2026-01-25T10:29:39","modified_gmt":"2026-01-25T13:29:39","slug":"begegnung-mit-schlittenhunden-ilulissat-disko-bucht","status":"publish","type":"product","link":"https:\/\/guidetogreenland.com\/de\/buch-reisen-urlaub\/begegnung-mit-schlittenhunden-ilulissat-disko-bucht\/","title":{"rendered":"Begegnung mit Schlittenhunden | Ilulissat | Disko-Bucht"},"content":{"rendered":"<p><span style=\"font-weight: 400;\">Begegnung mit Schlittenhunden | Ilulissat | Disko-Bucht<\/span><\/p>\n<p><span style=\"font-weight: 400;\">Kommen Sie vorbei und erleben Sie eine Symphonie von 20 heulenden Schlittenhunden! Wenn Sie Ilulissat besuchen, m\u00fcssen Sie die gr\u00f6nl\u00e4ndischen Schlittenhunde erleben. Auf dieser Tour laden wir Sie ein, mit einem Rudel gr\u00f6nl\u00e4ndischer Schlittenhunde zu \u201eschlemmen\u201c.<\/span><\/p>\n<p><span style=\"font-weight: 400;\">Als die Inuit vor 4000 bis 5000 Jahren erstmals nach Gr\u00f6nland kamen, brachten sie die Schlittenhunde mit. Seitdem sind die Schlittenhunde ein entscheidendes Element f\u00fcr das \u00dcberleben in der Arktis, da kein modernes Schneemobil mit der unerm\u00fcdlichen Arbeit eines Schlittenhundes konkurrieren kann. Heute werden die Schlittenhunde von den traditionellen J\u00e4gern f\u00fcr Reisen in entlegene Gebiete zum Langleinenfischen, Jagen und Transportieren eingesetzt.<\/span><\/p>\n<p><span style=\"font-weight: 400;\">Ihr Ausflug beginnt an einem Treffpunkt in der Stadt, wo Sie und Ihre Mitreisenden Ihren Reiseleiter f\u00fcr den Tag kennenlernen. Von hier aus verlassen Sie die Stadt und werden von einem \u00f6rtlichen Hundeschlittenf\u00fchrer begr\u00fc\u00dft. Der Hundeschlittenf\u00fchrer zeigt Ihnen, wie Sie den Schlitten und das Geschirr bedienen und wie Sie die Gerte verwenden. Der Besitzer erz\u00e4hlt Ihnen, wie es ist, in einer immer moderneren und globalisierteren Welt Hundeschlitten zu fahren.<\/span><\/p>\n<p><span style=\"font-weight: 400;\">Anschlie\u00dfend wartet ein Rudel von 20 heulenden und hungrigen Hunden darauf, gef\u00fcttert zu werden. Nachdem Sie und Ihre Mitreisenden alles \u00fcber Hundeschlittenfahren und die Jagd gelernt haben, k\u00f6nnen Sie mit etwas Gl\u00fcck dem Musher beim F\u00fcttern der Hunde helfen. Dies ist eine au\u00dfergew\u00f6hnliche Erfahrung, die Sie nur hier in Gr\u00f6nland machen k\u00f6nnen. Sie werden die vielen heulenden Hunde sehen, f\u00fchlen und h\u00f6ren k\u00f6nnen!<\/span><\/p>\n<p><span style=\"font-weight: 400;\">Im Fr\u00fchjahr k\u00f6nnen Sie Schlittenhundewelpen sehen, die einem das Herz zerrei\u00dfen. Zwischen dem Besitzer und den Hunden besteht eine besondere Bindung, die es ihnen erm\u00f6glicht, auf langen Reisen in der Wildnis zusammenzuarbeiten. Die Hunde sind ihrem Besitzer gegen\u00fcber sehr loyal, k\u00f6nnen aber Fremden gegen\u00fcber aggressiv wirken. Bitte halten Sie Abstand zu den Hunden, wenn Sie am Hundezwinger ankommen. Der Besitzer zeigt Ihnen, welche Hunde gefahrlos gestreichelt werden k\u00f6nnen.<\/span><\/p>\n<p><span style=\"font-weight: 400;\">Wenn Sie die Symphonie heulender Schlittenhunde erleben m\u00f6chten, w\u00e4hlen Sie Ihr bevorzugtes Datum aus und klicken Sie auf \u201e<\/span><b>Jetzt buchen<\/b><span style=\"font-weight: 400;\">\u201c.<\/span><\/p>\n","protected":false},"excerpt":{"rendered":"Begegnung mit Schlittenhunden | Ilulissat | Disko-Bucht Kommen Sie vorbei und erleben Sie eine Symphonie von 20 heulenden Schlittenhunden! Wenn Sie Ilulissat besuchen, m\u00fcssen Sie die gr\u00f6nl\u00e4ndischen Schlittenhunde erleben. Auf dieser Tour laden wir Sie ein, mit einem Rudel gr\u00f6nl\u00e4ndischer Schlittenhunde zu \u201eschlemmen\u201c. Als die Inuit vor 4000 bis 5000 Jahren erstmals nach Gr\u00f6nland kamen,&#8230;","protected":false},"featured_media":44578,"comment_status":"open","ping_status":"closed","template":"","meta":[],"product_brand":[],"product_cat":[1136,1189,1282,1163,1281,1188,1186,1187,1194],"product_tag":[1196],"class_list":{"0":"post-61878","1":"product","2":"type-product","3":"status-publish","4":"has-post-thumbnail","6":"product_cat-abenteuer-in-gronland","7":"product_cat-diskobucht-touren","8":"product_cat-gronlsndische-kultur","9":"product_cat-ilulissat-touren","10":"product_cat-kulturelle-touren","11":"product_cat-reiseziel-touren","12":"product_cat-tagestouren-im-sommer","13":"product_cat-tagestouren-im-winter","14":"product_cat-touren-nach-region","15":"product_tag-ilulissat-de","16":"pa_activities-groenlaendische-kultur-de","17":"pa_available-month-january-de","18":"pa_available-month-februar","19":"pa_available-month-maerz","20":"pa_available-month-april-de","21":"pa_available-month-mai","22":"pa_available-month-juni","23":"pa_available-month-juli","24":"pa_available-month-august-de","25":"pa_available-month-september-de","26":"pa_available-month-oktober","27":"pa_available-month-november-de","28":"pa_available-month-dezember","29":"pa_destinations-ilulissat-de","30":"pa_difficulty-leicht","31":"pa_duration-1-5-stunden","32":"pa_tour-type-tagestour","33":"yith_shop_vendor-diskobaytours-de","35":"first","36":"instock","37":"virtual","38":"sold-individually","39":"purchasable","40":"product-type-booking"},"acf":[],"yoast_head":"<!-- This site is optimized with the Yoast SEO plugin v25.6 - https:\/\/yoast.com\/wordpress\/plugins\/seo\/ -->\n<title>The Sled Dog Experience in Ilulissat \u2022 Disko Bay | Guide to Greenland<\/title>\n<meta name=\"description\" content=\"Kommen Sie vorbei und erleben Sie eine Symphonie von 20 heulenden Schlittenhunden! Wenn Sie Ilulissat besuchen, m\u00fcssen Sie die gr\u00f6nl\u00e4ndischen Schlittenhunde erleben. \u00bb\" \/>\n<meta name=\"robots\" content=\"index, follow, max-snippet:-1, max-image-preview:large, max-video-preview:-1\" \/>\n<link rel=\"canonical\" href=\"https:\/\/guidetogreenland.com\/de\/buch-reisen-urlaub\/begegnung-mit-schlittenhunden-ilulissat-disko-bucht\/\" \/>\n<meta property=\"og:locale\" content=\"de_DE\" \/>\n<meta property=\"og:type\" content=\"article\" \/>\n<meta property=\"og:title\" content=\"The Sled Dog Experience in Ilulissat \u2022 Disko Bay | Guide to Greenland\" \/>\n<meta property=\"og:description\" content=\"Kommen Sie vorbei und erleben Sie eine Symphonie von 20 heulenden Schlittenhunden! Wenn Sie Ilulissat besuchen, m\u00fcssen Sie die gr\u00f6nl\u00e4ndischen Schlittenhunde erleben. \u00bb\" \/>\n<meta property=\"og:url\" content=\"https:\/\/guidetogreenland.com\/de\/buch-reisen-urlaub\/begegnung-mit-schlittenhunden-ilulissat-disko-bucht\/\" \/>\n<meta property=\"og:site_name\" content=\"Guide to Greenland\" \/>\n<meta property=\"article:modified_time\" content=\"2026-01-25T13:29:39+00:00\" \/>\n<meta property=\"og:image\" content=\"https:\/\/guidetogreenland.com\/wp-content\/uploads\/2020\/05\/the-sled-dog-experience-ilulissat-disko-bay-Guide-to-Greenland7.jpg\" \/>\n\t<meta property=\"og:image:width\" content=\"926\" \/>\n\t<meta property=\"og:image:height\" content=\"695\" \/>\n\t<meta property=\"og:image:type\" content=\"image\/jpeg\" \/>\n<meta name=\"twitter:card\" content=\"summary_large_image\" \/>\n<meta name=\"twitter:label1\" content=\"Gesch\u00e4tzte Lesezeit\" \/>\n\t<meta name=\"twitter:data1\" content=\"2\u00a0Minuten\" \/>\n<script type=\"application\/ld+json\" class=\"yoast-schema-graph\">{\"@context\":\"https:\/\/schema.org\",\"@graph\":[{\"@type\":\"WebPage\",\"@id\":\"https:\/\/guidetogreenland.com\/de\/buch-reisen-urlaub\/begegnung-mit-schlittenhunden-ilulissat-disko-bucht\/\",\"url\":\"https:\/\/guidetogreenland.com\/de\/buch-reisen-urlaub\/begegnung-mit-schlittenhunden-ilulissat-disko-bucht\/\",\"name\":\"The Sled Dog Experience in Ilulissat \u2022 Disko Bay | Guide to Greenland\",\"isPartOf\":{\"@id\":\"https:\/\/guidetogreenland.com\/de\/#website\"},\"primaryImageOfPage\":{\"@id\":\"https:\/\/guidetogreenland.com\/de\/buch-reisen-urlaub\/begegnung-mit-schlittenhunden-ilulissat-disko-bucht\/#primaryimage\"},\"image\":{\"@id\":\"https:\/\/guidetogreenland.com\/de\/buch-reisen-urlaub\/begegnung-mit-schlittenhunden-ilulissat-disko-bucht\/#primaryimage\"},\"thumbnailUrl\":\"https:\/\/guidetogreenland.com\/wp-content\/uploads\/2020\/05\/the-sled-dog-experience-ilulissat-disko-bay-Guide-to-Greenland7.jpg\",\"datePublished\":\"2024-11-22T11:23:02+00:00\",\"dateModified\":\"2026-01-25T13:29:39+00:00\",\"description\":\"Kommen Sie vorbei und erleben Sie eine Symphonie von 20 heulenden Schlittenhunden! Wenn Sie Ilulissat besuchen, m\u00fcssen Sie die gr\u00f6nl\u00e4ndischen Schlittenhunde erleben. \u00bb\",\"breadcrumb\":{\"@id\":\"https:\/\/guidetogreenland.com\/de\/buch-reisen-urlaub\/begegnung-mit-schlittenhunden-ilulissat-disko-bucht\/#breadcrumb\"},\"inLanguage\":\"de\",\"potentialAction\":[{\"@type\":\"ReadAction\",\"target\":[\"https:\/\/guidetogreenland.com\/de\/buch-reisen-urlaub\/begegnung-mit-schlittenhunden-ilulissat-disko-bucht\/\"]}]},{\"@type\":\"ImageObject\",\"inLanguage\":\"de\",\"@id\":\"https:\/\/guidetogreenland.com\/de\/buch-reisen-urlaub\/begegnung-mit-schlittenhunden-ilulissat-disko-bucht\/#primaryimage\",\"url\":\"https:\/\/guidetogreenland.com\/wp-content\/uploads\/2020\/05\/the-sled-dog-experience-ilulissat-disko-bay-Guide-to-Greenland7.jpg\",\"contentUrl\":\"https:\/\/guidetogreenland.com\/wp-content\/uploads\/2020\/05\/the-sled-dog-experience-ilulissat-disko-bay-Guide-to-Greenland7.jpg\",\"width\":926,\"height\":695},{\"@type\":\"BreadcrumbList\",\"@id\":\"https:\/\/guidetogreenland.com\/de\/buch-reisen-urlaub\/begegnung-mit-schlittenhunden-ilulissat-disko-bucht\/#breadcrumb\",\"itemListElement\":[{\"@type\":\"ListItem\",\"position\":1,\"name\":\"Home\",\"item\":\"https:\/\/guidetogreenland.com\/de\/\"},{\"@type\":\"ListItem\",\"position\":2,\"name\":\"Alle Touren anzeigen\",\"item\":\"https:\/\/guidetogreenland.com\/de\/buch-reisen-urlaub\/\"},{\"@type\":\"ListItem\",\"position\":3,\"name\":\"Begegnung mit Schlittenhunden | Ilulissat | Disko-Bucht\"}]},{\"@type\":\"WebSite\",\"@id\":\"https:\/\/guidetogreenland.com\/de\/#website\",\"url\":\"https:\/\/guidetogreenland.com\/de\/\",\"name\":\"Guide to Greenland\",\"description\":\"Largest selection of tours in Greenland\",\"potentialAction\":[{\"@type\":\"SearchAction\",\"target\":{\"@type\":\"EntryPoint\",\"urlTemplate\":\"https:\/\/guidetogreenland.com\/de\/?s={search_term_string}\"},\"query-input\":{\"@type\":\"PropertyValueSpecification\",\"valueRequired\":true,\"valueName\":\"search_term_string\"}}],\"inLanguage\":\"de\"}]}<\/script>\n<!-- \/ Yoast SEO plugin. -->","yoast_head_json":{"title":"The Sled Dog Experience in Ilulissat \u2022 Disko Bay | Guide to Greenland","description":"Kommen Sie vorbei und erleben Sie eine Symphonie von 20 heulenden Schlittenhunden! Wenn Sie Ilulissat besuchen, m\u00fcssen Sie die gr\u00f6nl\u00e4ndischen Schlittenhunde erleben. \u00bb","robots":{"index":"index","follow":"follow","max-snippet":"max-snippet:-1","max-image-preview":"max-image-preview:large","max-video-preview":"max-video-preview:-1"},"canonical":"https:\/\/guidetogreenland.com\/de\/buch-reisen-urlaub\/begegnung-mit-schlittenhunden-ilulissat-disko-bucht\/","og_locale":"de_DE","og_type":"article","og_title":"The Sled Dog Experience in Ilulissat \u2022 Disko Bay | Guide to Greenland","og_description":"Kommen Sie vorbei und erleben Sie eine Symphonie von 20 heulenden Schlittenhunden! Wenn Sie Ilulissat besuchen, m\u00fcssen Sie die gr\u00f6nl\u00e4ndischen Schlittenhunde erleben. \u00bb","og_url":"https:\/\/guidetogreenland.com\/de\/buch-reisen-urlaub\/begegnung-mit-schlittenhunden-ilulissat-disko-bucht\/","og_site_name":"Guide to Greenland","article_modified_time":"2026-01-25T13:29:39+00:00","og_image":[{"width":926,"height":695,"url":"https:\/\/guidetogreenland.com\/wp-content\/uploads\/2020\/05\/the-sled-dog-experience-ilulissat-disko-bay-Guide-to-Greenland7.jpg","type":"image\/jpeg"}],"twitter_card":"summary_large_image","twitter_misc":{"Gesch\u00e4tzte Lesezeit":"2\u00a0Minuten"},"schema":{"@context":"https:\/\/schema.org","@graph":[{"@type":"WebPage","@id":"https:\/\/guidetogreenland.com\/de\/buch-reisen-urlaub\/begegnung-mit-schlittenhunden-ilulissat-disko-bucht\/","url":"https:\/\/guidetogreenland.com\/de\/buch-reisen-urlaub\/begegnung-mit-schlittenhunden-ilulissat-disko-bucht\/","name":"The Sled Dog Experience in Ilulissat \u2022 Disko Bay | Guide to Greenland","isPartOf":{"@id":"https:\/\/guidetogreenland.com\/de\/#website"},"primaryImageOfPage":{"@id":"https:\/\/guidetogreenland.com\/de\/buch-reisen-urlaub\/begegnung-mit-schlittenhunden-ilulissat-disko-bucht\/#primaryimage"},"image":{"@id":"https:\/\/guidetogreenland.com\/de\/buch-reisen-urlaub\/begegnung-mit-schlittenhunden-ilulissat-disko-bucht\/#primaryimage"},"thumbnailUrl":"https:\/\/guidetogreenland.com\/wp-content\/uploads\/2020\/05\/the-sled-dog-experience-ilulissat-disko-bay-Guide-to-Greenland7.jpg","datePublished":"2024-11-22T11:23:02+00:00","dateModified":"2026-01-25T13:29:39+00:00","description":"Kommen Sie vorbei und erleben Sie eine Symphonie von 20 heulenden Schlittenhunden! Wenn Sie Ilulissat besuchen, m\u00fcssen Sie die gr\u00f6nl\u00e4ndischen Schlittenhunde erleben. \u00bb","breadcrumb":{"@id":"https:\/\/guidetogreenland.com\/de\/buch-reisen-urlaub\/begegnung-mit-schlittenhunden-ilulissat-disko-bucht\/#breadcrumb"},"inLanguage":"de","potentialAction":[{"@type":"ReadAction","target":["https:\/\/guidetogreenland.com\/de\/buch-reisen-urlaub\/begegnung-mit-schlittenhunden-ilulissat-disko-bucht\/"]}]},{"@type":"ImageObject","inLanguage":"de","@id":"https:\/\/guidetogreenland.com\/de\/buch-reisen-urlaub\/begegnung-mit-schlittenhunden-ilulissat-disko-bucht\/#primaryimage","url":"https:\/\/guidetogreenland.com\/wp-content\/uploads\/2020\/05\/the-sled-dog-experience-ilulissat-disko-bay-Guide-to-Greenland7.jpg","contentUrl":"https:\/\/guidetogreenland.com\/wp-content\/uploads\/2020\/05\/the-sled-dog-experience-ilulissat-disko-bay-Guide-to-Greenland7.jpg","width":926,"height":695},{"@type":"BreadcrumbList","@id":"https:\/\/guidetogreenland.com\/de\/buch-reisen-urlaub\/begegnung-mit-schlittenhunden-ilulissat-disko-bucht\/#breadcrumb","itemListElement":[{"@type":"ListItem","position":1,"name":"Home","item":"https:\/\/guidetogreenland.com\/de\/"},{"@type":"ListItem","position":2,"name":"Alle Touren anzeigen","item":"https:\/\/guidetogreenland.com\/de\/buch-reisen-urlaub\/"},{"@type":"ListItem","position":3,"name":"Begegnung mit Schlittenhunden | Ilulissat | Disko-Bucht"}]},{"@type":"WebSite","@id":"https:\/\/guidetogreenland.com\/de\/#website","url":"https:\/\/guidetogreenland.com\/de\/","name":"Guide to Greenland","description":"Largest selection of tours in Greenland","potentialAction":[{"@type":"SearchAction","target":{"@type":"EntryPoint","urlTemplate":"https:\/\/guidetogreenland.com\/de\/?s={search_term_string}"},"query-input":{"@type":"PropertyValueSpecification","valueRequired":true,"valueName":"search_term_string"}}],"inLanguage":"de"}]}},"_links":{"self":[{"href":"https:\/\/guidetogreenland.com\/de\/wp-json\/wp\/v2\/product\/61878","targetHints":{"allow":["GET"]}}],"collection":[{"href":"https:\/\/guidetogreenland.com\/de\/wp-json\/wp\/v2\/product"}],"about":[{"href":"https:\/\/guidetogreenland.com\/de\/wp-json\/wp\/v2\/types\/product"}],"replies":[{"embeddable":true,"href":"https:\/\/guidetogreenland.com\/de\/wp-json\/wp\/v2\/comments?post=61878"}],"wp:featuredmedia":[{"embeddable":true,"href":"https:\/\/guidetogreenland.com\/de\/wp-json\/wp\/v2\/media\/44578"}],"wp:attachment":[{"href":"https:\/\/guidetogreenland.com\/de\/wp-json\/wp\/v2\/media?parent=61878"}],"wp:term":[{"taxonomy":"product_brand","embeddable":true,"href":"https:\/\/guidetogreenland.com\/de\/wp-json\/wp\/v2\/product_brand?post=61878"},{"taxonomy":"product_cat","embeddable":true,"href":"https:\/\/guidetogreenland.com\/de\/wp-json\/wp\/v2\/product_cat?post=61878"},{"taxonomy":"product_tag","embeddable":true,"href":"https:\/\/guidetogreenland.com\/de\/wp-json\/wp\/v2\/product_tag?post=61878"}],"curies":[{"name":"wp","href":"https:\/\/api.w.org\/{rel}","templated":true}]}}