{"id":61882,"date":"2020-05-19T13:20:24","date_gmt":"2024-11-22T11:23:41","guid":{"rendered":"https:\/\/guidetogreenland.com\/?post_type=product&#038;p=61882"},"modified":"2025-06-27T05:29:05","modified_gmt":"2025-06-27T08:29:05","slug":"der-grosse-russellgletscher-kangerlussuaq-copy","status":"publish","type":"product","link":"https:\/\/guidetogreenland.com\/de\/buch-reisen-urlaub\/der-grose-russellgletscher-kangerlussuaq\/","title":{"rendered":"Der Gro\u00dfe Russellgletscher | Kangerlussuaq"},"content":{"rendered":"<p class=\"p1\">Bei diesem Ausflug an den Rand des gr\u00f6nl\u00e4ndischen Inlandeises erleben Sie die 60 Meter hohe Wand des Russell-Gletschers aus n\u00e4chster N\u00e4he.<\/p>\n<p class=\"p1\">Wir fahren mit dem Gel\u00e4ndewagen 25 km von Kangerlussuaq zum Gletscher entlang der geschotterten &#8222;Ice Road&#8220; &#8211; einem Teil der l\u00e4ngsten durchgehenden Stra\u00dfe Gr\u00f6nlands. Unsere Reise f\u00fchrt uns durch ein weites Tal, das durch den sich zur\u00fcckziehenden Gletscher geformt wurde, und wir werden ein wachsames Auge auf die Moschusochsen- und Rentierherden haben, die sich in dieser Gegend aufhalten.<\/p>\n<p class=\"p1\">Unterwegs werden wir mehrmals anhalten, um Fotos zu machen und \u00fcber die Region um Kangerlussuaq, die Sehensw\u00fcrdigkeiten, die Geschichte und die Tiere zu sprechen. Wir werden auch ein altes Kriegsflugzeug besuchen, das 1968 abgest\u00fcrzt ist, und seine Geschichte erz\u00e4hlen.<\/p>\n<p class=\"p1\">Am Gletscher angekommen, gehen wir so nah heran, wie es die Sicherheit erlaubt. Denken Sie daran, dass Gletscherw\u00e4nde bekannterma\u00dfen instabil und unberechenbar sind, so dass Sie nie bis ganz nach oben gehen sollten.\u00a0 Hier haben Sie viel Zeit, die Gletscherwand zu erkunden, dem flie\u00dfenden Wasser zu lauschen, dem knackenden Eis zuzuh\u00f6ren und, wenn Sie sehr, sehr viel Gl\u00fcck haben, zu sehen, wie ein Teil des Gletschers abbricht und in den Schmelzwasserfluss an seinem Fu\u00df st\u00fcrzt.<\/p>\n<p class=\"p1\">Diese Tour wird im Gel\u00e4ndewagen mit unserem einheimischen F\u00fchrer durchgef\u00fchrt, so dass Sie eine angenehme Zeit haben, etwas \u00fcber Gr\u00f6nland erfahren und eine wundersch\u00f6ne Fahrt durch die gr\u00f6nl\u00e4ndische Landschaft genie\u00dfen k\u00f6nnen.<\/p>\n<p class=\"p1\">F\u00fcgen Sie bei der Buchung dieser Tour den Besuch des Point 660 hinzu und sehen Sie so viel wie m\u00f6glich von Kangerlussuaq in kurzer Zeit. Diese Tour ist perfekt, wenn Sie nur wenig Zeit haben und so viel wie m\u00f6glich sehen m\u00f6chten!<\/p>\n<p class=\"p3\">Buchen Sie Ihr n\u00e4chstes Abenteuer, indem Sie Ihr Reisedatum ausw\u00e4hlen und auf <strong>Jetzt buchen<\/strong> klicken.<\/p>\n<p class=\"e1imf5dp0 x-jm2771\">\n","protected":false},"excerpt":{"rendered":"Bei diesem Ausflug an den Rand des gr\u00f6nl\u00e4ndischen Inlandeises erleben Sie die 60 Meter hohe Wand des Russell-Gletschers aus n\u00e4chster N\u00e4he. Wir fahren mit dem Gel\u00e4ndewagen 25 km von Kangerlussuaq zum Gletscher entlang der geschotterten &#8222;Ice Road&#8220; &#8211; einem Teil der l\u00e4ngsten durchgehenden Stra\u00dfe Gr\u00f6nlands. Unsere Reise f\u00fchrt uns durch ein weites Tal, das durch&#8230;","protected":false},"featured_media":44571,"comment_status":"open","ping_status":"closed","template":"","meta":[],"product_brand":[],"product_cat":[1136,1185,1176,1165,1286,1264,1188,1186,1187,1194,1253],"product_tag":[1265],"class_list":{"0":"post-61882","1":"product","2":"type-product","3":"status-publish","4":"has-post-thumbnail","6":"product_cat-abenteuer-in-gronland","7":"product_cat-arktische-natur-und-tierwelt","8":"product_cat-gletscher-inlandeis-touren","9":"product_cat-kangerlussuaq-touren-de","10":"product_cat-nordgronland-touren","11":"product_cat-polarkreis-touren","12":"product_cat-reiseziel-touren","13":"product_cat-tagestouren-im-sommer","14":"product_cat-tagestouren-im-winter","15":"product_cat-touren-nach-region","16":"product_cat-wandern-trekking-touren","17":"product_tag-kangerlussuaq-de","18":"pa_activities-gletscher-ansichten-de","19":"pa_attractions-eisdecke","20":"pa_attractions-russell-gletscher","21":"pa_available-month-mai","22":"pa_available-month-juni","23":"pa_available-month-juli","24":"pa_available-month-august-de","25":"pa_available-month-september-de","26":"pa_destinations-kangerlussuaq-de","27":"pa_difficulty-leicht","28":"pa_duration-3-stunden","29":"pa_tour-type-tagestour","30":"yith_booking_service-combination-with-ice-cap-point-660","32":"first","33":"instock","34":"virtual","35":"sold-individually","36":"purchasable","37":"product-type-booking"},"acf":[],"yoast_head":"<!-- This site is optimized with the Yoast SEO plugin v25.6 - https:\/\/yoast.com\/wordpress\/plugins\/seo\/ -->\n<title>Der Gro\u00dfe Russellgletscher | Kangerlussuaq | Guide to Greenland<\/title>\n<meta name=\"description\" content=\"Erleben Sie die 60 Meter hohe Felswand des Russell-Gletschers bei einem Ausflug an den Rand des gr\u00f6nl\u00e4ndischen Inlandeises aus n\u00e4chster N\u00e4he. Klicken Sie, um mehr zu erfahren und zu buchen.\" \/>\n<meta name=\"robots\" content=\"index, follow, max-snippet:-1, max-image-preview:large, max-video-preview:-1\" \/>\n<link rel=\"canonical\" href=\"https:\/\/guidetogreenland.com\/de\/buch-reisen-urlaub\/der-grose-russellgletscher-kangerlussuaq\/\" \/>\n<meta property=\"og:locale\" content=\"de_DE\" \/>\n<meta property=\"og:type\" content=\"article\" \/>\n<meta property=\"og:title\" content=\"Der Gro\u00dfe Russellgletscher | Kangerlussuaq | Guide to Greenland\" \/>\n<meta property=\"og:description\" content=\"Erleben Sie die 60 Meter hohe Felswand des Russell-Gletschers bei einem Ausflug an den Rand des gr\u00f6nl\u00e4ndischen Inlandeises aus n\u00e4chster N\u00e4he. Klicken Sie, um mehr zu erfahren und zu buchen.\" \/>\n<meta property=\"og:url\" content=\"https:\/\/guidetogreenland.com\/de\/buch-reisen-urlaub\/der-grose-russellgletscher-kangerlussuaq\/\" \/>\n<meta property=\"og:site_name\" content=\"Guide to Greenland\" \/>\n<meta property=\"article:modified_time\" content=\"2025-06-27T08:29:05+00:00\" \/>\n<meta property=\"og:image\" content=\"https:\/\/guidetogreenland.com\/wp-content\/uploads\/2020\/05\/the-great-russell-glacier-kangerlussuaq-Guide-to-Greenland16.jpg\" \/>\n\t<meta property=\"og:image:width\" content=\"926\" \/>\n\t<meta property=\"og:image:height\" content=\"695\" \/>\n\t<meta property=\"og:image:type\" content=\"image\/jpeg\" \/>\n<meta name=\"twitter:card\" content=\"summary_large_image\" \/>\n<meta name=\"twitter:label1\" content=\"Gesch\u00e4tzte Lesezeit\" \/>\n\t<meta name=\"twitter:data1\" content=\"2\u00a0Minuten\" \/>\n<script type=\"application\/ld+json\" class=\"yoast-schema-graph\">{\"@context\":\"https:\/\/schema.org\",\"@graph\":[{\"@type\":\"WebPage\",\"@id\":\"https:\/\/guidetogreenland.com\/de\/buch-reisen-urlaub\/der-grose-russellgletscher-kangerlussuaq\/\",\"url\":\"https:\/\/guidetogreenland.com\/de\/buch-reisen-urlaub\/der-grose-russellgletscher-kangerlussuaq\/\",\"name\":\"Der Gro\u00dfe Russellgletscher | Kangerlussuaq | Guide to Greenland\",\"isPartOf\":{\"@id\":\"https:\/\/guidetogreenland.com\/de\/#website\"},\"primaryImageOfPage\":{\"@id\":\"https:\/\/guidetogreenland.com\/de\/buch-reisen-urlaub\/der-grose-russellgletscher-kangerlussuaq\/#primaryimage\"},\"image\":{\"@id\":\"https:\/\/guidetogreenland.com\/de\/buch-reisen-urlaub\/der-grose-russellgletscher-kangerlussuaq\/#primaryimage\"},\"thumbnailUrl\":\"https:\/\/guidetogreenland.com\/wp-content\/uploads\/2020\/05\/the-great-russell-glacier-kangerlussuaq-Guide-to-Greenland16.jpg\",\"datePublished\":\"2024-11-22T11:23:41+00:00\",\"dateModified\":\"2025-06-27T08:29:05+00:00\",\"description\":\"Erleben Sie die 60 Meter hohe Felswand des Russell-Gletschers bei einem Ausflug an den Rand des gr\u00f6nl\u00e4ndischen Inlandeises aus n\u00e4chster N\u00e4he. Klicken Sie, um mehr zu erfahren und zu buchen.\",\"breadcrumb\":{\"@id\":\"https:\/\/guidetogreenland.com\/de\/buch-reisen-urlaub\/der-grose-russellgletscher-kangerlussuaq\/#breadcrumb\"},\"inLanguage\":\"de\",\"potentialAction\":[{\"@type\":\"ReadAction\",\"target\":[\"https:\/\/guidetogreenland.com\/de\/buch-reisen-urlaub\/der-grose-russellgletscher-kangerlussuaq\/\"]}]},{\"@type\":\"ImageObject\",\"inLanguage\":\"de\",\"@id\":\"https:\/\/guidetogreenland.com\/de\/buch-reisen-urlaub\/der-grose-russellgletscher-kangerlussuaq\/#primaryimage\",\"url\":\"https:\/\/guidetogreenland.com\/wp-content\/uploads\/2020\/05\/the-great-russell-glacier-kangerlussuaq-Guide-to-Greenland16.jpg\",\"contentUrl\":\"https:\/\/guidetogreenland.com\/wp-content\/uploads\/2020\/05\/the-great-russell-glacier-kangerlussuaq-Guide-to-Greenland16.jpg\",\"width\":926,\"height\":695},{\"@type\":\"BreadcrumbList\",\"@id\":\"https:\/\/guidetogreenland.com\/de\/buch-reisen-urlaub\/der-grose-russellgletscher-kangerlussuaq\/#breadcrumb\",\"itemListElement\":[{\"@type\":\"ListItem\",\"position\":1,\"name\":\"Home\",\"item\":\"https:\/\/guidetogreenland.com\/de\/\"},{\"@type\":\"ListItem\",\"position\":2,\"name\":\"Alle Touren anzeigen\",\"item\":\"https:\/\/guidetogreenland.com\/de\/buch-reisen-urlaub\/\"},{\"@type\":\"ListItem\",\"position\":3,\"name\":\"Der Gro\u00dfe Russellgletscher | Kangerlussuaq\"}]},{\"@type\":\"WebSite\",\"@id\":\"https:\/\/guidetogreenland.com\/de\/#website\",\"url\":\"https:\/\/guidetogreenland.com\/de\/\",\"name\":\"Guide to Greenland\",\"description\":\"Largest selection of tours in Greenland\",\"potentialAction\":[{\"@type\":\"SearchAction\",\"target\":{\"@type\":\"EntryPoint\",\"urlTemplate\":\"https:\/\/guidetogreenland.com\/de\/?s={search_term_string}\"},\"query-input\":{\"@type\":\"PropertyValueSpecification\",\"valueRequired\":true,\"valueName\":\"search_term_string\"}}],\"inLanguage\":\"de\"}]}<\/script>\n<!-- \/ Yoast SEO plugin. -->","yoast_head_json":{"title":"Der Gro\u00dfe Russellgletscher | Kangerlussuaq | Guide to Greenland","description":"Erleben Sie die 60 Meter hohe Felswand des Russell-Gletschers bei einem Ausflug an den Rand des gr\u00f6nl\u00e4ndischen Inlandeises aus n\u00e4chster N\u00e4he. Klicken Sie, um mehr zu erfahren und zu buchen.","robots":{"index":"index","follow":"follow","max-snippet":"max-snippet:-1","max-image-preview":"max-image-preview:large","max-video-preview":"max-video-preview:-1"},"canonical":"https:\/\/guidetogreenland.com\/de\/buch-reisen-urlaub\/der-grose-russellgletscher-kangerlussuaq\/","og_locale":"de_DE","og_type":"article","og_title":"Der Gro\u00dfe Russellgletscher | Kangerlussuaq | Guide to Greenland","og_description":"Erleben Sie die 60 Meter hohe Felswand des Russell-Gletschers bei einem Ausflug an den Rand des gr\u00f6nl\u00e4ndischen Inlandeises aus n\u00e4chster N\u00e4he. Klicken Sie, um mehr zu erfahren und zu buchen.","og_url":"https:\/\/guidetogreenland.com\/de\/buch-reisen-urlaub\/der-grose-russellgletscher-kangerlussuaq\/","og_site_name":"Guide to Greenland","article_modified_time":"2025-06-27T08:29:05+00:00","og_image":[{"width":926,"height":695,"url":"https:\/\/guidetogreenland.com\/wp-content\/uploads\/2020\/05\/the-great-russell-glacier-kangerlussuaq-Guide-to-Greenland16.jpg","type":"image\/jpeg"}],"twitter_card":"summary_large_image","twitter_misc":{"Gesch\u00e4tzte Lesezeit":"2\u00a0Minuten"},"schema":{"@context":"https:\/\/schema.org","@graph":[{"@type":"WebPage","@id":"https:\/\/guidetogreenland.com\/de\/buch-reisen-urlaub\/der-grose-russellgletscher-kangerlussuaq\/","url":"https:\/\/guidetogreenland.com\/de\/buch-reisen-urlaub\/der-grose-russellgletscher-kangerlussuaq\/","name":"Der Gro\u00dfe Russellgletscher | Kangerlussuaq | Guide to Greenland","isPartOf":{"@id":"https:\/\/guidetogreenland.com\/de\/#website"},"primaryImageOfPage":{"@id":"https:\/\/guidetogreenland.com\/de\/buch-reisen-urlaub\/der-grose-russellgletscher-kangerlussuaq\/#primaryimage"},"image":{"@id":"https:\/\/guidetogreenland.com\/de\/buch-reisen-urlaub\/der-grose-russellgletscher-kangerlussuaq\/#primaryimage"},"thumbnailUrl":"https:\/\/guidetogreenland.com\/wp-content\/uploads\/2020\/05\/the-great-russell-glacier-kangerlussuaq-Guide-to-Greenland16.jpg","datePublished":"2024-11-22T11:23:41+00:00","dateModified":"2025-06-27T08:29:05+00:00","description":"Erleben Sie die 60 Meter hohe Felswand des Russell-Gletschers bei einem Ausflug an den Rand des gr\u00f6nl\u00e4ndischen Inlandeises aus n\u00e4chster N\u00e4he. Klicken Sie, um mehr zu erfahren und zu buchen.","breadcrumb":{"@id":"https:\/\/guidetogreenland.com\/de\/buch-reisen-urlaub\/der-grose-russellgletscher-kangerlussuaq\/#breadcrumb"},"inLanguage":"de","potentialAction":[{"@type":"ReadAction","target":["https:\/\/guidetogreenland.com\/de\/buch-reisen-urlaub\/der-grose-russellgletscher-kangerlussuaq\/"]}]},{"@type":"ImageObject","inLanguage":"de","@id":"https:\/\/guidetogreenland.com\/de\/buch-reisen-urlaub\/der-grose-russellgletscher-kangerlussuaq\/#primaryimage","url":"https:\/\/guidetogreenland.com\/wp-content\/uploads\/2020\/05\/the-great-russell-glacier-kangerlussuaq-Guide-to-Greenland16.jpg","contentUrl":"https:\/\/guidetogreenland.com\/wp-content\/uploads\/2020\/05\/the-great-russell-glacier-kangerlussuaq-Guide-to-Greenland16.jpg","width":926,"height":695},{"@type":"BreadcrumbList","@id":"https:\/\/guidetogreenland.com\/de\/buch-reisen-urlaub\/der-grose-russellgletscher-kangerlussuaq\/#breadcrumb","itemListElement":[{"@type":"ListItem","position":1,"name":"Home","item":"https:\/\/guidetogreenland.com\/de\/"},{"@type":"ListItem","position":2,"name":"Alle Touren anzeigen","item":"https:\/\/guidetogreenland.com\/de\/buch-reisen-urlaub\/"},{"@type":"ListItem","position":3,"name":"Der Gro\u00dfe Russellgletscher | Kangerlussuaq"}]},{"@type":"WebSite","@id":"https:\/\/guidetogreenland.com\/de\/#website","url":"https:\/\/guidetogreenland.com\/de\/","name":"Guide to Greenland","description":"Largest selection of tours in Greenland","potentialAction":[{"@type":"SearchAction","target":{"@type":"EntryPoint","urlTemplate":"https:\/\/guidetogreenland.com\/de\/?s={search_term_string}"},"query-input":{"@type":"PropertyValueSpecification","valueRequired":true,"valueName":"search_term_string"}}],"inLanguage":"de"}]}},"_links":{"self":[{"href":"https:\/\/guidetogreenland.com\/de\/wp-json\/wp\/v2\/product\/61882","targetHints":{"allow":["GET"]}}],"collection":[{"href":"https:\/\/guidetogreenland.com\/de\/wp-json\/wp\/v2\/product"}],"about":[{"href":"https:\/\/guidetogreenland.com\/de\/wp-json\/wp\/v2\/types\/product"}],"replies":[{"embeddable":true,"href":"https:\/\/guidetogreenland.com\/de\/wp-json\/wp\/v2\/comments?post=61882"}],"wp:featuredmedia":[{"embeddable":true,"href":"https:\/\/guidetogreenland.com\/de\/wp-json\/wp\/v2\/media\/44571"}],"wp:attachment":[{"href":"https:\/\/guidetogreenland.com\/de\/wp-json\/wp\/v2\/media?parent=61882"}],"wp:term":[{"taxonomy":"product_brand","embeddable":true,"href":"https:\/\/guidetogreenland.com\/de\/wp-json\/wp\/v2\/product_brand?post=61882"},{"taxonomy":"product_cat","embeddable":true,"href":"https:\/\/guidetogreenland.com\/de\/wp-json\/wp\/v2\/product_cat?post=61882"},{"taxonomy":"product_tag","embeddable":true,"href":"https:\/\/guidetogreenland.com\/de\/wp-json\/wp\/v2\/product_tag?post=61882"}],"curies":[{"name":"wp","href":"https:\/\/api.w.org\/{rel}","templated":true}]}}