{"id":61885,"date":"2020-05-18T18:29:05","date_gmt":"2024-11-22T11:24:42","guid":{"rendered":"https:\/\/guidetogreenland.com\/?post_type=product&#038;p=61885"},"modified":"2026-01-25T10:32:25","modified_gmt":"2026-01-25T13:32:25","slug":"siedlungsrundgang-sermermiut-ilulissat-disko-bay-copy","status":"publish","type":"product","link":"https:\/\/guidetogreenland.com\/de\/buch-reisen-urlaub\/siedlungsrundgang-sermermiut-ilulissat-disko-bay\/","title":{"rendered":"Siedlungsrundgang Sermermiut | Ilulissat | Disko Bay"},"content":{"rendered":"<p class=\"p1\">Besuchen Sie das Herz des von der UNESCO zum Weltnaturerbe erkl\u00e4rten Ilulissat-Eisfjords und lernen Sie seine historische Bedeutung bei einem Spaziergang durch das Sermermiut-Tal kennen &#8211; dem Ort alter Siedlungen, die 4000 Jahre zur\u00fcckreichen.<\/p>\n<p class=\"p1\">Nach einem kurzen Transfer an den Stadtrand von Ilulissat machen wir uns auf eine leichte Wanderung entlang der Uferpromenade durch das Sermermiut-Tal in Richtung Ilulissat-Eisfjord.<\/p>\n<p class=\"p1\">Unterwegs erkl\u00e4ren wir Ihnen die Besonderheiten dieser Gegend und warum sie schon so lange bewohnt ist. Wir erz\u00e4hlen auch Geschichten \u00fcber die alte Lebensweise der Inuit und dar\u00fcber, wie die Gr\u00f6nl\u00e4nder vor der Ankunft der Europ\u00e4er lebten, und weisen auf die \u00dcberreste einiger Siedlungsstrukturen hin, die man von unserer Route aus sehen kann (sie sind nicht offensichtlich, wenn man nicht wei\u00df, wonach man suchen muss).<\/p>\n<p class=\"p1\">Die Aussicht auf die Eisberge wird immer spektakul\u00e4rer, je weiter wir uns dem letzten Punkt unserer kurzen Wanderung n\u00e4hern &#8211; dem Aussichtspunkt von Nakkaavik (w\u00f6rtlich: &#8222;Der Ort, an dem man f\u00e4llt&#8220;). Dort genie\u00dfen wir hei\u00dfen Tee und Kaffee mit Blick auf die Weite des Eisfjords, bevor wir unsere Schritte zu unserem Transferfahrzeug zur\u00fcckverfolgen.<\/p>\n<p class=\"p1\">Reservieren Sie Ihren Platz auf dieser historischen Wanderung durch den Ilulissat-Eisfjord, indem Sie Ihr Reisedatum ausw\u00e4hlen und auf <strong>Jetzt buchen<\/strong> klicken.<\/p>\n","protected":false},"excerpt":{"rendered":"Besuchen Sie das Herz des von der UNESCO zum Weltnaturerbe erkl\u00e4rten Ilulissat-Eisfjords und lernen Sie seine historische Bedeutung bei einem Spaziergang durch das Sermermiut-Tal kennen &#8211; dem Ort alter Siedlungen, die 4000 Jahre zur\u00fcckreichen. Nach einem kurzen Transfer an den Stadtrand von Ilulissat machen wir uns auf eine leichte Wanderung entlang der Uferpromenade durch das&#8230;","protected":false},"featured_media":44385,"comment_status":"open","ping_status":"closed","template":"","meta":[],"product_brand":[],"product_cat":[1136,1185,1189,1190,1191,1163,1188,1186,1187,1194,1253,1195],"product_tag":[1196],"class_list":{"0":"post-61885","1":"product","2":"type-product","3":"status-publish","4":"has-post-thumbnail","6":"product_cat-abenteuer-in-gronland","7":"product_cat-arktische-natur-und-tierwelt","8":"product_cat-diskobucht-touren","9":"product_cat-eisberg-eisfjord-touren","10":"product_cat-ilulissat-eisfjord-touren","11":"product_cat-ilulissat-touren","12":"product_cat-reiseziel-touren","13":"product_cat-tagestouren-im-sommer","14":"product_cat-tagestouren-im-winter","15":"product_cat-touren-nach-region","16":"product_cat-wandern-trekking-touren","17":"product_cat-weltkulturerbestaetten-in-gronland","18":"product_tag-ilulissat-de","19":"pa_activities-eisberg-ansichten-de","20":"pa_activities-eiskappen-gletscherwanderung-de","21":"pa_activities-groenlaendische-kultur-de","22":"pa_activities-unesco-staette-de","23":"pa_activities-wandern-de","24":"pa_attractions-diskobucht","25":"pa_attractions-ilulissat-eisfjord","26":"pa_available-month-january-de","27":"pa_available-month-februar","28":"pa_available-month-maerz","29":"pa_available-month-april-de","30":"pa_available-month-mai","31":"pa_available-month-juni","32":"pa_available-month-juli","33":"pa_available-month-august-de","34":"pa_available-month-september-de","35":"pa_available-month-oktober","36":"pa_available-month-november-de","37":"pa_available-month-dezember","38":"pa_destinations-ilulissat-de","39":"pa_difficulty-leicht","40":"pa_duration-2-stunden","41":"pa_tour-type-tagestour","42":"yith_shop_vendor-albatros-ilulissat-de","44":"first","45":"instock","46":"virtual","47":"sold-individually","48":"purchasable","49":"product-type-booking"},"acf":[],"yoast_head":"<!-- This site is optimized with the Yoast SEO plugin v25.6 - https:\/\/yoast.com\/wordpress\/plugins\/seo\/ -->\n<title>Siedlungsrundgang Sermermiut | Ilulissat | Disko Bay | Guide to Greenland<\/title>\n<meta name=\"description\" content=\"Besuchen Sie das kulturelle Herz des UNESCO-Weltkulturerbes Ilulissat-Eisfjord auf einem Spaziergang durch das historisch bedeutende Sermermiut-Tal. Klicken Sie hier, um mehr zu erfahren und zu buchen.\" \/>\n<meta name=\"robots\" content=\"index, follow, max-snippet:-1, max-image-preview:large, max-video-preview:-1\" \/>\n<link rel=\"canonical\" href=\"https:\/\/guidetogreenland.com\/de\/buch-reisen-urlaub\/siedlungsrundgang-sermermiut-ilulissat-disko-bay\/\" \/>\n<meta property=\"og:locale\" content=\"de_DE\" \/>\n<meta property=\"og:type\" content=\"article\" \/>\n<meta property=\"og:title\" content=\"Siedlungsrundgang Sermermiut | Ilulissat | Disko Bay | Guide to Greenland\" \/>\n<meta property=\"og:description\" content=\"Besuchen Sie das kulturelle Herz des UNESCO-Weltkulturerbes Ilulissat-Eisfjord auf einem Spaziergang durch das historisch bedeutende Sermermiut-Tal. Klicken Sie hier, um mehr zu erfahren und zu buchen.\" \/>\n<meta property=\"og:url\" content=\"https:\/\/guidetogreenland.com\/de\/buch-reisen-urlaub\/siedlungsrundgang-sermermiut-ilulissat-disko-bay\/\" \/>\n<meta property=\"og:site_name\" content=\"Guide to Greenland\" \/>\n<meta property=\"article:modified_time\" content=\"2026-01-25T13:32:25+00:00\" \/>\n<meta property=\"og:image\" content=\"https:\/\/guidetogreenland.com\/wp-content\/uploads\/2020\/05\/sermermiut-settlement-walk-ilulissat-disko-bay-Guide-to-Greenland7.jpg\" \/>\n\t<meta property=\"og:image:width\" content=\"1074\" \/>\n\t<meta property=\"og:image:height\" content=\"691\" \/>\n\t<meta property=\"og:image:type\" content=\"image\/jpeg\" \/>\n<meta name=\"twitter:card\" content=\"summary_large_image\" \/>\n<meta name=\"twitter:label1\" content=\"Gesch\u00e4tzte Lesezeit\" \/>\n\t<meta name=\"twitter:data1\" content=\"1\u00a0Minute\" \/>\n<script type=\"application\/ld+json\" class=\"yoast-schema-graph\">{\"@context\":\"https:\/\/schema.org\",\"@graph\":[{\"@type\":\"WebPage\",\"@id\":\"https:\/\/guidetogreenland.com\/de\/buch-reisen-urlaub\/siedlungsrundgang-sermermiut-ilulissat-disko-bay\/\",\"url\":\"https:\/\/guidetogreenland.com\/de\/buch-reisen-urlaub\/siedlungsrundgang-sermermiut-ilulissat-disko-bay\/\",\"name\":\"Siedlungsrundgang Sermermiut | Ilulissat | Disko Bay | Guide to Greenland\",\"isPartOf\":{\"@id\":\"https:\/\/guidetogreenland.com\/de\/#website\"},\"primaryImageOfPage\":{\"@id\":\"https:\/\/guidetogreenland.com\/de\/buch-reisen-urlaub\/siedlungsrundgang-sermermiut-ilulissat-disko-bay\/#primaryimage\"},\"image\":{\"@id\":\"https:\/\/guidetogreenland.com\/de\/buch-reisen-urlaub\/siedlungsrundgang-sermermiut-ilulissat-disko-bay\/#primaryimage\"},\"thumbnailUrl\":\"https:\/\/guidetogreenland.com\/wp-content\/uploads\/2020\/05\/sermermiut-settlement-walk-ilulissat-disko-bay-Guide-to-Greenland7.jpg\",\"datePublished\":\"2024-11-22T11:24:42+00:00\",\"dateModified\":\"2026-01-25T13:32:25+00:00\",\"description\":\"Besuchen Sie das kulturelle Herz des UNESCO-Weltkulturerbes Ilulissat-Eisfjord auf einem Spaziergang durch das historisch bedeutende Sermermiut-Tal. Klicken Sie hier, um mehr zu erfahren und zu buchen.\",\"breadcrumb\":{\"@id\":\"https:\/\/guidetogreenland.com\/de\/buch-reisen-urlaub\/siedlungsrundgang-sermermiut-ilulissat-disko-bay\/#breadcrumb\"},\"inLanguage\":\"de\",\"potentialAction\":[{\"@type\":\"ReadAction\",\"target\":[\"https:\/\/guidetogreenland.com\/de\/buch-reisen-urlaub\/siedlungsrundgang-sermermiut-ilulissat-disko-bay\/\"]}]},{\"@type\":\"ImageObject\",\"inLanguage\":\"de\",\"@id\":\"https:\/\/guidetogreenland.com\/de\/buch-reisen-urlaub\/siedlungsrundgang-sermermiut-ilulissat-disko-bay\/#primaryimage\",\"url\":\"https:\/\/guidetogreenland.com\/wp-content\/uploads\/2020\/05\/sermermiut-settlement-walk-ilulissat-disko-bay-Guide-to-Greenland7.jpg\",\"contentUrl\":\"https:\/\/guidetogreenland.com\/wp-content\/uploads\/2020\/05\/sermermiut-settlement-walk-ilulissat-disko-bay-Guide-to-Greenland7.jpg\",\"width\":1074,\"height\":691},{\"@type\":\"BreadcrumbList\",\"@id\":\"https:\/\/guidetogreenland.com\/de\/buch-reisen-urlaub\/siedlungsrundgang-sermermiut-ilulissat-disko-bay\/#breadcrumb\",\"itemListElement\":[{\"@type\":\"ListItem\",\"position\":1,\"name\":\"Home\",\"item\":\"https:\/\/guidetogreenland.com\/de\/\"},{\"@type\":\"ListItem\",\"position\":2,\"name\":\"Alle Touren anzeigen\",\"item\":\"https:\/\/guidetogreenland.com\/de\/buch-reisen-urlaub\/\"},{\"@type\":\"ListItem\",\"position\":3,\"name\":\"Siedlungsrundgang Sermermiut | Ilulissat | Disko Bay\"}]},{\"@type\":\"WebSite\",\"@id\":\"https:\/\/guidetogreenland.com\/de\/#website\",\"url\":\"https:\/\/guidetogreenland.com\/de\/\",\"name\":\"Guide to Greenland\",\"description\":\"Largest selection of tours in Greenland\",\"potentialAction\":[{\"@type\":\"SearchAction\",\"target\":{\"@type\":\"EntryPoint\",\"urlTemplate\":\"https:\/\/guidetogreenland.com\/de\/?s={search_term_string}\"},\"query-input\":{\"@type\":\"PropertyValueSpecification\",\"valueRequired\":true,\"valueName\":\"search_term_string\"}}],\"inLanguage\":\"de\"}]}<\/script>\n<!-- \/ Yoast SEO plugin. -->","yoast_head_json":{"title":"Siedlungsrundgang Sermermiut | Ilulissat | Disko Bay | Guide to Greenland","description":"Besuchen Sie das kulturelle Herz des UNESCO-Weltkulturerbes Ilulissat-Eisfjord auf einem Spaziergang durch das historisch bedeutende Sermermiut-Tal. Klicken Sie hier, um mehr zu erfahren und zu buchen.","robots":{"index":"index","follow":"follow","max-snippet":"max-snippet:-1","max-image-preview":"max-image-preview:large","max-video-preview":"max-video-preview:-1"},"canonical":"https:\/\/guidetogreenland.com\/de\/buch-reisen-urlaub\/siedlungsrundgang-sermermiut-ilulissat-disko-bay\/","og_locale":"de_DE","og_type":"article","og_title":"Siedlungsrundgang Sermermiut | Ilulissat | Disko Bay | Guide to Greenland","og_description":"Besuchen Sie das kulturelle Herz des UNESCO-Weltkulturerbes Ilulissat-Eisfjord auf einem Spaziergang durch das historisch bedeutende Sermermiut-Tal. Klicken Sie hier, um mehr zu erfahren und zu buchen.","og_url":"https:\/\/guidetogreenland.com\/de\/buch-reisen-urlaub\/siedlungsrundgang-sermermiut-ilulissat-disko-bay\/","og_site_name":"Guide to Greenland","article_modified_time":"2026-01-25T13:32:25+00:00","og_image":[{"width":1074,"height":691,"url":"https:\/\/guidetogreenland.com\/wp-content\/uploads\/2020\/05\/sermermiut-settlement-walk-ilulissat-disko-bay-Guide-to-Greenland7.jpg","type":"image\/jpeg"}],"twitter_card":"summary_large_image","twitter_misc":{"Gesch\u00e4tzte Lesezeit":"1\u00a0Minute"},"schema":{"@context":"https:\/\/schema.org","@graph":[{"@type":"WebPage","@id":"https:\/\/guidetogreenland.com\/de\/buch-reisen-urlaub\/siedlungsrundgang-sermermiut-ilulissat-disko-bay\/","url":"https:\/\/guidetogreenland.com\/de\/buch-reisen-urlaub\/siedlungsrundgang-sermermiut-ilulissat-disko-bay\/","name":"Siedlungsrundgang Sermermiut | Ilulissat | Disko Bay | Guide to Greenland","isPartOf":{"@id":"https:\/\/guidetogreenland.com\/de\/#website"},"primaryImageOfPage":{"@id":"https:\/\/guidetogreenland.com\/de\/buch-reisen-urlaub\/siedlungsrundgang-sermermiut-ilulissat-disko-bay\/#primaryimage"},"image":{"@id":"https:\/\/guidetogreenland.com\/de\/buch-reisen-urlaub\/siedlungsrundgang-sermermiut-ilulissat-disko-bay\/#primaryimage"},"thumbnailUrl":"https:\/\/guidetogreenland.com\/wp-content\/uploads\/2020\/05\/sermermiut-settlement-walk-ilulissat-disko-bay-Guide-to-Greenland7.jpg","datePublished":"2024-11-22T11:24:42+00:00","dateModified":"2026-01-25T13:32:25+00:00","description":"Besuchen Sie das kulturelle Herz des UNESCO-Weltkulturerbes Ilulissat-Eisfjord auf einem Spaziergang durch das historisch bedeutende Sermermiut-Tal. Klicken Sie hier, um mehr zu erfahren und zu buchen.","breadcrumb":{"@id":"https:\/\/guidetogreenland.com\/de\/buch-reisen-urlaub\/siedlungsrundgang-sermermiut-ilulissat-disko-bay\/#breadcrumb"},"inLanguage":"de","potentialAction":[{"@type":"ReadAction","target":["https:\/\/guidetogreenland.com\/de\/buch-reisen-urlaub\/siedlungsrundgang-sermermiut-ilulissat-disko-bay\/"]}]},{"@type":"ImageObject","inLanguage":"de","@id":"https:\/\/guidetogreenland.com\/de\/buch-reisen-urlaub\/siedlungsrundgang-sermermiut-ilulissat-disko-bay\/#primaryimage","url":"https:\/\/guidetogreenland.com\/wp-content\/uploads\/2020\/05\/sermermiut-settlement-walk-ilulissat-disko-bay-Guide-to-Greenland7.jpg","contentUrl":"https:\/\/guidetogreenland.com\/wp-content\/uploads\/2020\/05\/sermermiut-settlement-walk-ilulissat-disko-bay-Guide-to-Greenland7.jpg","width":1074,"height":691},{"@type":"BreadcrumbList","@id":"https:\/\/guidetogreenland.com\/de\/buch-reisen-urlaub\/siedlungsrundgang-sermermiut-ilulissat-disko-bay\/#breadcrumb","itemListElement":[{"@type":"ListItem","position":1,"name":"Home","item":"https:\/\/guidetogreenland.com\/de\/"},{"@type":"ListItem","position":2,"name":"Alle Touren anzeigen","item":"https:\/\/guidetogreenland.com\/de\/buch-reisen-urlaub\/"},{"@type":"ListItem","position":3,"name":"Siedlungsrundgang Sermermiut | Ilulissat | Disko Bay"}]},{"@type":"WebSite","@id":"https:\/\/guidetogreenland.com\/de\/#website","url":"https:\/\/guidetogreenland.com\/de\/","name":"Guide to Greenland","description":"Largest selection of tours in Greenland","potentialAction":[{"@type":"SearchAction","target":{"@type":"EntryPoint","urlTemplate":"https:\/\/guidetogreenland.com\/de\/?s={search_term_string}"},"query-input":{"@type":"PropertyValueSpecification","valueRequired":true,"valueName":"search_term_string"}}],"inLanguage":"de"}]}},"_links":{"self":[{"href":"https:\/\/guidetogreenland.com\/de\/wp-json\/wp\/v2\/product\/61885","targetHints":{"allow":["GET"]}}],"collection":[{"href":"https:\/\/guidetogreenland.com\/de\/wp-json\/wp\/v2\/product"}],"about":[{"href":"https:\/\/guidetogreenland.com\/de\/wp-json\/wp\/v2\/types\/product"}],"replies":[{"embeddable":true,"href":"https:\/\/guidetogreenland.com\/de\/wp-json\/wp\/v2\/comments?post=61885"}],"wp:featuredmedia":[{"embeddable":true,"href":"https:\/\/guidetogreenland.com\/de\/wp-json\/wp\/v2\/media\/44385"}],"wp:attachment":[{"href":"https:\/\/guidetogreenland.com\/de\/wp-json\/wp\/v2\/media?parent=61885"}],"wp:term":[{"taxonomy":"product_brand","embeddable":true,"href":"https:\/\/guidetogreenland.com\/de\/wp-json\/wp\/v2\/product_brand?post=61885"},{"taxonomy":"product_cat","embeddable":true,"href":"https:\/\/guidetogreenland.com\/de\/wp-json\/wp\/v2\/product_cat?post=61885"},{"taxonomy":"product_tag","embeddable":true,"href":"https:\/\/guidetogreenland.com\/de\/wp-json\/wp\/v2\/product_tag?post=61885"}],"curies":[{"name":"wp","href":"https:\/\/api.w.org\/{rel}","templated":true}]}}