{"id":61888,"date":"2020-05-18T17:03:42","date_gmt":"2024-11-22T11:25:10","guid":{"rendered":"https:\/\/guidetogreenland.com\/?post_type=product&#038;p=61888"},"modified":"2026-03-16T05:57:40","modified_gmt":"2026-03-16T08:57:40","slug":"qoornoq-inselabenteuer-nuuk-copy","status":"publish","type":"product","link":"https:\/\/guidetogreenland.com\/de\/buch-reisen-urlaub\/qoornoq-inselabenteuer-nuuk\/","title":{"rendered":"Qoornoq-Inselabenteuer | Nuuk"},"content":{"rendered":"<p><span style=\"font-weight: 400;\">Buchen Sie diese 4-st\u00fcndige Bootstour und besuchen Sie die wundersch\u00f6ne Qoornoq-Insel! Diese Tour ist f\u00fcr alle, die einen der Nuuk-Fjorde erleben m\u00f6chten, die zu den interessantesten Zielen mit unglaublicher Natur und gr\u00f6nl\u00e4ndischer Geschichte geh\u00f6ren. Diese Erfahrung sollten sich Besucher der gr\u00f6nl\u00e4ndischen Hauptstadt Nuuk, die sich f\u00fcr die Geschichte und die spektakul\u00e4re Natur des Landes begeistern, nicht entgehen lassen.<\/span><\/p>\n<p><span style=\"font-weight: 400;\">Ihre Tour beginnt am Kolonialhafen, nicht weit vom Stadtzentrum entfernt, wo Sie an Bord unseres Bootes mit geschlossener Kabine begr\u00fc\u00dft werden. Ihr erfahrener Kapit\u00e4n weist Ihnen einen Sitzplatz zu und gibt Ihnen eine Schwimmweste. Sobald Sie bereit sind, nimmt der Kapit\u00e4n Kurs auf das erste Highlight des Tages.<\/span><\/p>\n<p><span style=\"font-weight: 400;\">Wir fahren in das komplizierte Fjordsystem von Nuuk und passieren den ikonischen Berg Sermitsiaq, der aus den Schneeresten des Winters einen wundersch\u00f6nen Wasserfall den Berghang hinunter erschafft. Es ist ein spektakul\u00e4rer Anblick, den Wasserfall die Bergseite hinunterst\u00fcrzen zu sehen.<\/span><\/p>\n<p><span style=\"font-weight: 400;\">Bei der Siedlung gehen Sie an Land. Nach einem Spaziergang zwischen den wenigen H\u00e4usern und der umliegenden Tundra setzen wir unsere Reise auf die andere Seite der Insel fort. Dort erwartet uns ein atemberaubender Wasserfall, an dem wir verweilen und dem Rauschen des flie\u00dfenden Wassers lauschen und die \u00fcberw\u00e4ltigende Aussicht auf den Fjord genie\u00dfen. Anschlie\u00dfend machen wir uns auf den Weg zu einigen altnordischen Ruinen, wo Sie mehr \u00fcber die Lebensbedingungen vor Tausenden von Jahren erfahren.<\/span><\/p>\n<p class=\"x-18pep25\"><span style=\"font-weight: 400;\">Erkunden Sie den Nuuk-Fjord und eine seiner kleinen Siedlungen, indem Sie Ihr bevorzugtes Abreisedatum ausw\u00e4hlen und auf \u201e<b>Jetzt buchen<\/b>\u201c klicken.<\/span><\/p>\n","protected":false},"excerpt":{"rendered":"Buchen Sie diese 4-st\u00fcndige Bootstour und besuchen Sie die wundersch\u00f6ne Qoornoq-Insel! Diese Tour ist f\u00fcr alle, die einen der Nuuk-Fjorde erleben m\u00f6chten, die zu den interessantesten Zielen mit unglaublicher Natur und gr\u00f6nl\u00e4ndischer Geschichte geh\u00f6ren. Diese Erfahrung sollten sich Besucher der gr\u00f6nl\u00e4ndischen Hauptstadt Nuuk, die sich f\u00fcr die Geschichte und die spektakul\u00e4re Natur des Landes begeistern,&#8230;","protected":false},"featured_media":44262,"comment_status":"open","ping_status":"closed","template":"","meta":[],"product_brand":[],"product_cat":[1136,1185,1159,1164,1188,1186,1194,1232],"product_tag":[1247],"class_list":{"0":"post-61888","1":"product","2":"type-product","3":"status-publish","4":"has-post-thumbnail","6":"product_cat-abenteuer-in-gronland","7":"product_cat-arktische-natur-und-tierwelt","8":"product_cat-bootstouren-in-groenland","9":"product_cat-nuuk-touren","10":"product_cat-reiseziel-touren","11":"product_cat-tagestouren-im-sommer","12":"product_cat-touren-nach-region","13":"product_cat-westgronland-touren","14":"product_tag-nuuk-de","15":"pa_activities-besuch-einer-siedlung-de","16":"pa_activities-bootstour-de","17":"pa_attractions-nuuk-fjord","18":"pa_attractions-qoornoq-de","19":"pa_available-month-january-de","20":"pa_available-month-februar","21":"pa_available-month-maerz","22":"pa_available-month-april-de","23":"pa_available-month-mai","24":"pa_available-month-juni","25":"pa_available-month-juli","26":"pa_available-month-august-de","27":"pa_available-month-september-de","28":"pa_available-month-oktober","29":"pa_available-month-november-de","30":"pa_available-month-dezember","31":"pa_destinations-nuuk-de","32":"pa_difficulty-leicht","33":"pa_duration-4-stunden","34":"pa_tour-type-tagestour","35":"yith_shop_vendor-nuuk-water-taxi-de","37":"first","38":"instock","39":"virtual","40":"sold-individually","41":"purchasable","42":"product-type-booking"},"acf":[],"yoast_head":"<!-- This site is optimized with the Yoast SEO plugin v25.6 - https:\/\/yoast.com\/wordpress\/plugins\/seo\/ -->\n<title>Qoornoq Island Adventure on a 4-hour boat trip | Guide to Greenland<\/title>\n<meta name=\"description\" content=\"Explore the Nuuk Fjord and one of its small charming settlements, Qoornoq. Read more about this tour to Qoornoq on our website \u00bb\" \/>\n<meta name=\"robots\" content=\"index, follow, max-snippet:-1, max-image-preview:large, max-video-preview:-1\" \/>\n<link rel=\"canonical\" href=\"https:\/\/guidetogreenland.com\/de\/buch-reisen-urlaub\/qoornoq-inselabenteuer-nuuk\/\" \/>\n<meta property=\"og:locale\" content=\"de_DE\" \/>\n<meta property=\"og:type\" content=\"article\" \/>\n<meta property=\"og:title\" content=\"Qoornoq Island Adventure on a 4-hour boat trip | Guide to Greenland\" \/>\n<meta property=\"og:description\" content=\"Explore the Nuuk Fjord and one of its small charming settlements, Qoornoq. Read more about this tour to Qoornoq on our website \u00bb\" \/>\n<meta property=\"og:url\" content=\"https:\/\/guidetogreenland.com\/de\/buch-reisen-urlaub\/qoornoq-inselabenteuer-nuuk\/\" \/>\n<meta property=\"og:site_name\" content=\"Guide to Greenland\" \/>\n<meta property=\"article:modified_time\" content=\"2026-03-16T08:57:40+00:00\" \/>\n<meta property=\"og:image\" content=\"https:\/\/guidetogreenland.com\/wp-content\/uploads\/2020\/05\/qoornoq-island-adventure-nuuk-Guide-to-Greenland1.jpg\" \/>\n\t<meta property=\"og:image:width\" content=\"798\" \/>\n\t<meta property=\"og:image:height\" content=\"318\" \/>\n\t<meta property=\"og:image:type\" content=\"image\/jpeg\" \/>\n<meta name=\"twitter:card\" content=\"summary_large_image\" \/>\n<meta name=\"twitter:label1\" content=\"Gesch\u00e4tzte Lesezeit\" \/>\n\t<meta name=\"twitter:data1\" content=\"2\u00a0Minuten\" \/>\n<script type=\"application\/ld+json\" class=\"yoast-schema-graph\">{\"@context\":\"https:\/\/schema.org\",\"@graph\":[{\"@type\":\"WebPage\",\"@id\":\"https:\/\/guidetogreenland.com\/de\/buch-reisen-urlaub\/qoornoq-inselabenteuer-nuuk\/\",\"url\":\"https:\/\/guidetogreenland.com\/de\/buch-reisen-urlaub\/qoornoq-inselabenteuer-nuuk\/\",\"name\":\"Qoornoq Island Adventure on a 4-hour boat trip | Guide to Greenland\",\"isPartOf\":{\"@id\":\"https:\/\/guidetogreenland.com\/de\/#website\"},\"primaryImageOfPage\":{\"@id\":\"https:\/\/guidetogreenland.com\/de\/buch-reisen-urlaub\/qoornoq-inselabenteuer-nuuk\/#primaryimage\"},\"image\":{\"@id\":\"https:\/\/guidetogreenland.com\/de\/buch-reisen-urlaub\/qoornoq-inselabenteuer-nuuk\/#primaryimage\"},\"thumbnailUrl\":\"https:\/\/guidetogreenland.com\/wp-content\/uploads\/2020\/05\/qoornoq-island-adventure-nuuk-Guide-to-Greenland1.jpg\",\"datePublished\":\"2024-11-22T11:25:10+00:00\",\"dateModified\":\"2026-03-16T08:57:40+00:00\",\"description\":\"Explore the Nuuk Fjord and one of its small charming settlements, Qoornoq. Read more about this tour to Qoornoq on our website \u00bb\",\"breadcrumb\":{\"@id\":\"https:\/\/guidetogreenland.com\/de\/buch-reisen-urlaub\/qoornoq-inselabenteuer-nuuk\/#breadcrumb\"},\"inLanguage\":\"de\",\"potentialAction\":[{\"@type\":\"ReadAction\",\"target\":[\"https:\/\/guidetogreenland.com\/de\/buch-reisen-urlaub\/qoornoq-inselabenteuer-nuuk\/\"]}]},{\"@type\":\"ImageObject\",\"inLanguage\":\"de\",\"@id\":\"https:\/\/guidetogreenland.com\/de\/buch-reisen-urlaub\/qoornoq-inselabenteuer-nuuk\/#primaryimage\",\"url\":\"https:\/\/guidetogreenland.com\/wp-content\/uploads\/2020\/05\/qoornoq-island-adventure-nuuk-Guide-to-Greenland1.jpg\",\"contentUrl\":\"https:\/\/guidetogreenland.com\/wp-content\/uploads\/2020\/05\/qoornoq-island-adventure-nuuk-Guide-to-Greenland1.jpg\",\"width\":798,\"height\":318},{\"@type\":\"BreadcrumbList\",\"@id\":\"https:\/\/guidetogreenland.com\/de\/buch-reisen-urlaub\/qoornoq-inselabenteuer-nuuk\/#breadcrumb\",\"itemListElement\":[{\"@type\":\"ListItem\",\"position\":1,\"name\":\"Home\",\"item\":\"https:\/\/guidetogreenland.com\/de\/\"},{\"@type\":\"ListItem\",\"position\":2,\"name\":\"Alle Touren anzeigen\",\"item\":\"https:\/\/guidetogreenland.com\/de\/buch-reisen-urlaub\/\"},{\"@type\":\"ListItem\",\"position\":3,\"name\":\"Qoornoq-Inselabenteuer | Nuuk\"}]},{\"@type\":\"WebSite\",\"@id\":\"https:\/\/guidetogreenland.com\/de\/#website\",\"url\":\"https:\/\/guidetogreenland.com\/de\/\",\"name\":\"Guide to Greenland\",\"description\":\"Largest selection of tours in Greenland\",\"potentialAction\":[{\"@type\":\"SearchAction\",\"target\":{\"@type\":\"EntryPoint\",\"urlTemplate\":\"https:\/\/guidetogreenland.com\/de\/?s={search_term_string}\"},\"query-input\":{\"@type\":\"PropertyValueSpecification\",\"valueRequired\":true,\"valueName\":\"search_term_string\"}}],\"inLanguage\":\"de\"}]}<\/script>\n<!-- \/ Yoast SEO plugin. -->","yoast_head_json":{"title":"Qoornoq Island Adventure on a 4-hour boat trip | Guide to Greenland","description":"Explore the Nuuk Fjord and one of its small charming settlements, Qoornoq. Read more about this tour to Qoornoq on our website \u00bb","robots":{"index":"index","follow":"follow","max-snippet":"max-snippet:-1","max-image-preview":"max-image-preview:large","max-video-preview":"max-video-preview:-1"},"canonical":"https:\/\/guidetogreenland.com\/de\/buch-reisen-urlaub\/qoornoq-inselabenteuer-nuuk\/","og_locale":"de_DE","og_type":"article","og_title":"Qoornoq Island Adventure on a 4-hour boat trip | Guide to Greenland","og_description":"Explore the Nuuk Fjord and one of its small charming settlements, Qoornoq. Read more about this tour to Qoornoq on our website \u00bb","og_url":"https:\/\/guidetogreenland.com\/de\/buch-reisen-urlaub\/qoornoq-inselabenteuer-nuuk\/","og_site_name":"Guide to Greenland","article_modified_time":"2026-03-16T08:57:40+00:00","og_image":[{"width":798,"height":318,"url":"https:\/\/guidetogreenland.com\/wp-content\/uploads\/2020\/05\/qoornoq-island-adventure-nuuk-Guide-to-Greenland1.jpg","type":"image\/jpeg"}],"twitter_card":"summary_large_image","twitter_misc":{"Gesch\u00e4tzte Lesezeit":"2\u00a0Minuten"},"schema":{"@context":"https:\/\/schema.org","@graph":[{"@type":"WebPage","@id":"https:\/\/guidetogreenland.com\/de\/buch-reisen-urlaub\/qoornoq-inselabenteuer-nuuk\/","url":"https:\/\/guidetogreenland.com\/de\/buch-reisen-urlaub\/qoornoq-inselabenteuer-nuuk\/","name":"Qoornoq Island Adventure on a 4-hour boat trip | Guide to Greenland","isPartOf":{"@id":"https:\/\/guidetogreenland.com\/de\/#website"},"primaryImageOfPage":{"@id":"https:\/\/guidetogreenland.com\/de\/buch-reisen-urlaub\/qoornoq-inselabenteuer-nuuk\/#primaryimage"},"image":{"@id":"https:\/\/guidetogreenland.com\/de\/buch-reisen-urlaub\/qoornoq-inselabenteuer-nuuk\/#primaryimage"},"thumbnailUrl":"https:\/\/guidetogreenland.com\/wp-content\/uploads\/2020\/05\/qoornoq-island-adventure-nuuk-Guide-to-Greenland1.jpg","datePublished":"2024-11-22T11:25:10+00:00","dateModified":"2026-03-16T08:57:40+00:00","description":"Explore the Nuuk Fjord and one of its small charming settlements, Qoornoq. Read more about this tour to Qoornoq on our website \u00bb","breadcrumb":{"@id":"https:\/\/guidetogreenland.com\/de\/buch-reisen-urlaub\/qoornoq-inselabenteuer-nuuk\/#breadcrumb"},"inLanguage":"de","potentialAction":[{"@type":"ReadAction","target":["https:\/\/guidetogreenland.com\/de\/buch-reisen-urlaub\/qoornoq-inselabenteuer-nuuk\/"]}]},{"@type":"ImageObject","inLanguage":"de","@id":"https:\/\/guidetogreenland.com\/de\/buch-reisen-urlaub\/qoornoq-inselabenteuer-nuuk\/#primaryimage","url":"https:\/\/guidetogreenland.com\/wp-content\/uploads\/2020\/05\/qoornoq-island-adventure-nuuk-Guide-to-Greenland1.jpg","contentUrl":"https:\/\/guidetogreenland.com\/wp-content\/uploads\/2020\/05\/qoornoq-island-adventure-nuuk-Guide-to-Greenland1.jpg","width":798,"height":318},{"@type":"BreadcrumbList","@id":"https:\/\/guidetogreenland.com\/de\/buch-reisen-urlaub\/qoornoq-inselabenteuer-nuuk\/#breadcrumb","itemListElement":[{"@type":"ListItem","position":1,"name":"Home","item":"https:\/\/guidetogreenland.com\/de\/"},{"@type":"ListItem","position":2,"name":"Alle Touren anzeigen","item":"https:\/\/guidetogreenland.com\/de\/buch-reisen-urlaub\/"},{"@type":"ListItem","position":3,"name":"Qoornoq-Inselabenteuer | Nuuk"}]},{"@type":"WebSite","@id":"https:\/\/guidetogreenland.com\/de\/#website","url":"https:\/\/guidetogreenland.com\/de\/","name":"Guide to Greenland","description":"Largest selection of tours in Greenland","potentialAction":[{"@type":"SearchAction","target":{"@type":"EntryPoint","urlTemplate":"https:\/\/guidetogreenland.com\/de\/?s={search_term_string}"},"query-input":{"@type":"PropertyValueSpecification","valueRequired":true,"valueName":"search_term_string"}}],"inLanguage":"de"}]}},"_links":{"self":[{"href":"https:\/\/guidetogreenland.com\/de\/wp-json\/wp\/v2\/product\/61888","targetHints":{"allow":["GET"]}}],"collection":[{"href":"https:\/\/guidetogreenland.com\/de\/wp-json\/wp\/v2\/product"}],"about":[{"href":"https:\/\/guidetogreenland.com\/de\/wp-json\/wp\/v2\/types\/product"}],"replies":[{"embeddable":true,"href":"https:\/\/guidetogreenland.com\/de\/wp-json\/wp\/v2\/comments?post=61888"}],"wp:featuredmedia":[{"embeddable":true,"href":"https:\/\/guidetogreenland.com\/de\/wp-json\/wp\/v2\/media\/44262"}],"wp:attachment":[{"href":"https:\/\/guidetogreenland.com\/de\/wp-json\/wp\/v2\/media?parent=61888"}],"wp:term":[{"taxonomy":"product_brand","embeddable":true,"href":"https:\/\/guidetogreenland.com\/de\/wp-json\/wp\/v2\/product_brand?post=61888"},{"taxonomy":"product_cat","embeddable":true,"href":"https:\/\/guidetogreenland.com\/de\/wp-json\/wp\/v2\/product_cat?post=61888"},{"taxonomy":"product_tag","embeddable":true,"href":"https:\/\/guidetogreenland.com\/de\/wp-json\/wp\/v2\/product_tag?post=61888"}],"curies":[{"name":"wp","href":"https:\/\/api.w.org\/{rel}","templated":true}]}}