{"id":61891,"date":"2020-05-18T14:02:30","date_gmt":"2024-11-22T11:25:34","guid":{"rendered":"https:\/\/guidetogreenland.com\/?post_type=product&#038;p=61891"},"modified":"2026-03-04T19:41:54","modified_gmt":"2026-03-04T22:41:54","slug":"point-660-groenland-eisschild-tour-kangerlussuaq-copy","status":"publish","type":"product","link":"https:\/\/guidetogreenland.com\/de\/buch-reisen-urlaub\/point-660-gronland-eisschild-tour-kangerlussuaq\/","title":{"rendered":"Point 660 Gr\u00f6nland Eisschild Tour | Kangerlussuaq"},"content":{"rendered":"<p>Wandern Sie auf dem zweitgr\u00f6\u00dften Inlandeis der Welt auf diesem unvergesslichen Trip zu Point 660 bei Kangerlussuaq.<\/p>\n<p>Die Fahrt mit dem Bus von Kangerlussuaq zum Gr\u00f6nl\u00e4ndischen Inlandeis dauert ca. 1,5 bis 2 Stunden und f\u00fchrt \u00fcber eine Stra\u00dfe, die urspr\u00fcnglich von Volkswagen gebaut wurde, damit sie ihre Autos auf dem Eis testen konnten.<\/p>\n<p>Diese Zeiten sind zwar l\u00e4ngst vorbei, aber wir werden die Vorteile dieser Infrastruktur nutzen und durch das wundersch\u00f6ne Tal Sandflugtsdal mit seinem t\u00fcrkisfarbenen Gletscherfluss und der h\u00fcgeligen arktischen Tundra zu unserem Ziel fahren.Unterwegs sprechen wir \u00fcber die Geschichte und die Besonderheiten der Gegend um Kangerlussuaq und halten Ausschau nach Moschusochsen, Rentieren, Polarhasen und Polarf\u00fcchsen, die auf dieser Strecke h\u00e4ufig anzutreffen sind. Am Point 660 angekommen, wandern wir auf das Inlandeis hinauf und folgen einem Pfad, der durch die Gletschermor\u00e4ne f\u00fchrt.<\/p>\n<p>Die Breite dieses Weges zeigt, wie weit sich das Eis in den Jahren seit dem Bau der Stra\u00dfe zur\u00fcckgezogen hat, und leider wird er mit jedem Jahr breiter.<\/p>\n<p>Auf dem Inlandeis selbst haben wir einen atemberaubenden Blick auf diese riesige Eisfl\u00e4che, die sich so weit erstreckt, wie das Auge reicht. Sie werden gen\u00fcgend Zeit haben, sich umzusehen, zu erkunden und zu fotografieren, bevor wir auf demselben Weg nach Kangerlussuaq zur\u00fcckkehren.<\/p>\n<p>Reservieren Sie Ihren Platz und erleben Sie diese fremde, eisige Landschaft, indem Sie Ihr Reisedatum ausw\u00e4hlen und auf &#8222;Jetzt buchen&#8220; klicken.<\/p>\n","protected":false},"excerpt":{"rendered":"Wandern Sie auf dem zweitgr\u00f6\u00dften Inlandeis der Welt auf diesem unvergesslichen Trip zu Point 660 bei Kangerlussuaq. Die Fahrt mit dem Bus von Kangerlussuaq zum Gr\u00f6nl\u00e4ndischen Inlandeis dauert ca. 1,5 bis 2 Stunden und f\u00fchrt \u00fcber eine Stra\u00dfe, die urspr\u00fcnglich von Volkswagen gebaut wurde, damit sie ihre Autos auf dem Eis testen konnten. Diese Zeiten&#8230;","protected":false},"featured_media":44232,"comment_status":"open","ping_status":"closed","template":"","meta":[],"product_brand":[],"product_cat":[1136,1185,1176,1165,1264,1188,1186,1187,1194,1232],"product_tag":[1265],"class_list":{"0":"post-61891","1":"product","2":"type-product","3":"status-publish","4":"has-post-thumbnail","6":"product_cat-abenteuer-in-gronland","7":"product_cat-arktische-natur-und-tierwelt","8":"product_cat-gletscher-inlandeis-touren","9":"product_cat-kangerlussuaq-touren-de","10":"product_cat-polarkreis-touren","11":"product_cat-reiseziel-touren","12":"product_cat-tagestouren-im-sommer","13":"product_cat-tagestouren-im-winter","14":"product_cat-touren-nach-region","15":"product_cat-westgronland-touren","16":"product_tag-kangerlussuaq-de","17":"pa_activities-eiskappen-gletscherwanderung-de","18":"pa_activities-gletscher-ansichten-de","19":"pa_attractions-eisdecke","20":"pa_available-month-january-de","21":"pa_available-month-februar","22":"pa_available-month-maerz","23":"pa_available-month-april-de","24":"pa_available-month-mai","25":"pa_available-month-juni","26":"pa_available-month-juli","27":"pa_available-month-august-de","28":"pa_available-month-november-de","29":"pa_destinations-kangerlussuaq-de","30":"pa_difficulty-leicht","31":"pa_duration-5-stunden","32":"pa_tour-type-tagestour","33":"yith_shop_vendor-albatros-arctic-circle-de","35":"first","36":"instock","37":"virtual","38":"sold-individually","39":"purchasable","40":"product-type-booking"},"acf":[],"yoast_head":"<!-- This site is optimized with the Yoast SEO plugin v25.6 - https:\/\/yoast.com\/wordpress\/plugins\/seo\/ -->\n<title>Point 660 Gr\u00f6nland Eisschild Tour | Guide to Greenland<\/title>\n<meta name=\"description\" content=\"Wandern Sie auf dem zweitgr\u00f6\u00dften Inlandeis der Welt auf diesem unvergesslichen Ausflug zu Point 660 bei Kangerlussuaq, Gr\u00f6nland. Sehen Sie die Tour hier \u00bb\" \/>\n<meta name=\"robots\" content=\"index, follow, max-snippet:-1, max-image-preview:large, max-video-preview:-1\" \/>\n<link rel=\"canonical\" href=\"https:\/\/guidetogreenland.com\/de\/buch-reisen-urlaub\/point-660-gronland-eisschild-tour-kangerlussuaq\/\" \/>\n<meta property=\"og:locale\" content=\"de_DE\" \/>\n<meta property=\"og:type\" content=\"article\" \/>\n<meta property=\"og:title\" content=\"Point 660 Gr\u00f6nland Eisschild Tour | Guide to Greenland\" \/>\n<meta property=\"og:description\" content=\"Wandern Sie auf dem zweitgr\u00f6\u00dften Inlandeis der Welt auf diesem unvergesslichen Ausflug zu Point 660 bei Kangerlussuaq, Gr\u00f6nland. Sehen Sie die Tour hier \u00bb\" \/>\n<meta property=\"og:url\" content=\"https:\/\/guidetogreenland.com\/de\/buch-reisen-urlaub\/point-660-gronland-eisschild-tour-kangerlussuaq\/\" \/>\n<meta property=\"og:site_name\" content=\"Guide to Greenland\" \/>\n<meta property=\"article:modified_time\" content=\"2026-03-04T22:41:54+00:00\" \/>\n<meta property=\"og:image\" content=\"https:\/\/guidetogreenland.com\/wp-content\/uploads\/2020\/05\/point-660-greenland-ice-sheet-tour-kangerlussuaq-Guide-to-Greenland1.jpg\" \/>\n\t<meta property=\"og:image:width\" content=\"926\" \/>\n\t<meta property=\"og:image:height\" content=\"617\" \/>\n\t<meta property=\"og:image:type\" content=\"image\/jpeg\" \/>\n<meta name=\"twitter:card\" content=\"summary_large_image\" \/>\n<meta name=\"twitter:label1\" content=\"Gesch\u00e4tzte Lesezeit\" \/>\n\t<meta name=\"twitter:data1\" content=\"1\u00a0Minute\" \/>\n<script type=\"application\/ld+json\" class=\"yoast-schema-graph\">{\"@context\":\"https:\/\/schema.org\",\"@graph\":[{\"@type\":\"WebPage\",\"@id\":\"https:\/\/guidetogreenland.com\/de\/buch-reisen-urlaub\/point-660-gronland-eisschild-tour-kangerlussuaq\/\",\"url\":\"https:\/\/guidetogreenland.com\/de\/buch-reisen-urlaub\/point-660-gronland-eisschild-tour-kangerlussuaq\/\",\"name\":\"Point 660 Gr\u00f6nland Eisschild Tour | Guide to Greenland\",\"isPartOf\":{\"@id\":\"https:\/\/guidetogreenland.com\/de\/#website\"},\"primaryImageOfPage\":{\"@id\":\"https:\/\/guidetogreenland.com\/de\/buch-reisen-urlaub\/point-660-gronland-eisschild-tour-kangerlussuaq\/#primaryimage\"},\"image\":{\"@id\":\"https:\/\/guidetogreenland.com\/de\/buch-reisen-urlaub\/point-660-gronland-eisschild-tour-kangerlussuaq\/#primaryimage\"},\"thumbnailUrl\":\"https:\/\/guidetogreenland.com\/wp-content\/uploads\/2020\/05\/point-660-greenland-ice-sheet-tour-kangerlussuaq-Guide-to-Greenland1.jpg\",\"datePublished\":\"2024-11-22T11:25:34+00:00\",\"dateModified\":\"2026-03-04T22:41:54+00:00\",\"description\":\"Wandern Sie auf dem zweitgr\u00f6\u00dften Inlandeis der Welt auf diesem unvergesslichen Ausflug zu Point 660 bei Kangerlussuaq, Gr\u00f6nland. Sehen Sie die Tour hier \u00bb\",\"breadcrumb\":{\"@id\":\"https:\/\/guidetogreenland.com\/de\/buch-reisen-urlaub\/point-660-gronland-eisschild-tour-kangerlussuaq\/#breadcrumb\"},\"inLanguage\":\"de\",\"potentialAction\":[{\"@type\":\"ReadAction\",\"target\":[\"https:\/\/guidetogreenland.com\/de\/buch-reisen-urlaub\/point-660-gronland-eisschild-tour-kangerlussuaq\/\"]}]},{\"@type\":\"ImageObject\",\"inLanguage\":\"de\",\"@id\":\"https:\/\/guidetogreenland.com\/de\/buch-reisen-urlaub\/point-660-gronland-eisschild-tour-kangerlussuaq\/#primaryimage\",\"url\":\"https:\/\/guidetogreenland.com\/wp-content\/uploads\/2020\/05\/point-660-greenland-ice-sheet-tour-kangerlussuaq-Guide-to-Greenland1.jpg\",\"contentUrl\":\"https:\/\/guidetogreenland.com\/wp-content\/uploads\/2020\/05\/point-660-greenland-ice-sheet-tour-kangerlussuaq-Guide-to-Greenland1.jpg\",\"width\":926,\"height\":617},{\"@type\":\"BreadcrumbList\",\"@id\":\"https:\/\/guidetogreenland.com\/de\/buch-reisen-urlaub\/point-660-gronland-eisschild-tour-kangerlussuaq\/#breadcrumb\",\"itemListElement\":[{\"@type\":\"ListItem\",\"position\":1,\"name\":\"Home\",\"item\":\"https:\/\/guidetogreenland.com\/de\/\"},{\"@type\":\"ListItem\",\"position\":2,\"name\":\"Alle Touren anzeigen\",\"item\":\"https:\/\/guidetogreenland.com\/de\/buch-reisen-urlaub\/\"},{\"@type\":\"ListItem\",\"position\":3,\"name\":\"Point 660 Gr\u00f6nland Eisschild Tour | Kangerlussuaq\"}]},{\"@type\":\"WebSite\",\"@id\":\"https:\/\/guidetogreenland.com\/de\/#website\",\"url\":\"https:\/\/guidetogreenland.com\/de\/\",\"name\":\"Guide to Greenland\",\"description\":\"Largest selection of tours in Greenland\",\"potentialAction\":[{\"@type\":\"SearchAction\",\"target\":{\"@type\":\"EntryPoint\",\"urlTemplate\":\"https:\/\/guidetogreenland.com\/de\/?s={search_term_string}\"},\"query-input\":{\"@type\":\"PropertyValueSpecification\",\"valueRequired\":true,\"valueName\":\"search_term_string\"}}],\"inLanguage\":\"de\"}]}<\/script>\n<!-- \/ Yoast SEO plugin. -->","yoast_head_json":{"title":"Point 660 Gr\u00f6nland Eisschild Tour | Guide to Greenland","description":"Wandern Sie auf dem zweitgr\u00f6\u00dften Inlandeis der Welt auf diesem unvergesslichen Ausflug zu Point 660 bei Kangerlussuaq, Gr\u00f6nland. Sehen Sie die Tour hier \u00bb","robots":{"index":"index","follow":"follow","max-snippet":"max-snippet:-1","max-image-preview":"max-image-preview:large","max-video-preview":"max-video-preview:-1"},"canonical":"https:\/\/guidetogreenland.com\/de\/buch-reisen-urlaub\/point-660-gronland-eisschild-tour-kangerlussuaq\/","og_locale":"de_DE","og_type":"article","og_title":"Point 660 Gr\u00f6nland Eisschild Tour | Guide to Greenland","og_description":"Wandern Sie auf dem zweitgr\u00f6\u00dften Inlandeis der Welt auf diesem unvergesslichen Ausflug zu Point 660 bei Kangerlussuaq, Gr\u00f6nland. Sehen Sie die Tour hier \u00bb","og_url":"https:\/\/guidetogreenland.com\/de\/buch-reisen-urlaub\/point-660-gronland-eisschild-tour-kangerlussuaq\/","og_site_name":"Guide to Greenland","article_modified_time":"2026-03-04T22:41:54+00:00","og_image":[{"width":926,"height":617,"url":"https:\/\/guidetogreenland.com\/wp-content\/uploads\/2020\/05\/point-660-greenland-ice-sheet-tour-kangerlussuaq-Guide-to-Greenland1.jpg","type":"image\/jpeg"}],"twitter_card":"summary_large_image","twitter_misc":{"Gesch\u00e4tzte Lesezeit":"1\u00a0Minute"},"schema":{"@context":"https:\/\/schema.org","@graph":[{"@type":"WebPage","@id":"https:\/\/guidetogreenland.com\/de\/buch-reisen-urlaub\/point-660-gronland-eisschild-tour-kangerlussuaq\/","url":"https:\/\/guidetogreenland.com\/de\/buch-reisen-urlaub\/point-660-gronland-eisschild-tour-kangerlussuaq\/","name":"Point 660 Gr\u00f6nland Eisschild Tour | Guide to Greenland","isPartOf":{"@id":"https:\/\/guidetogreenland.com\/de\/#website"},"primaryImageOfPage":{"@id":"https:\/\/guidetogreenland.com\/de\/buch-reisen-urlaub\/point-660-gronland-eisschild-tour-kangerlussuaq\/#primaryimage"},"image":{"@id":"https:\/\/guidetogreenland.com\/de\/buch-reisen-urlaub\/point-660-gronland-eisschild-tour-kangerlussuaq\/#primaryimage"},"thumbnailUrl":"https:\/\/guidetogreenland.com\/wp-content\/uploads\/2020\/05\/point-660-greenland-ice-sheet-tour-kangerlussuaq-Guide-to-Greenland1.jpg","datePublished":"2024-11-22T11:25:34+00:00","dateModified":"2026-03-04T22:41:54+00:00","description":"Wandern Sie auf dem zweitgr\u00f6\u00dften Inlandeis der Welt auf diesem unvergesslichen Ausflug zu Point 660 bei Kangerlussuaq, Gr\u00f6nland. Sehen Sie die Tour hier \u00bb","breadcrumb":{"@id":"https:\/\/guidetogreenland.com\/de\/buch-reisen-urlaub\/point-660-gronland-eisschild-tour-kangerlussuaq\/#breadcrumb"},"inLanguage":"de","potentialAction":[{"@type":"ReadAction","target":["https:\/\/guidetogreenland.com\/de\/buch-reisen-urlaub\/point-660-gronland-eisschild-tour-kangerlussuaq\/"]}]},{"@type":"ImageObject","inLanguage":"de","@id":"https:\/\/guidetogreenland.com\/de\/buch-reisen-urlaub\/point-660-gronland-eisschild-tour-kangerlussuaq\/#primaryimage","url":"https:\/\/guidetogreenland.com\/wp-content\/uploads\/2020\/05\/point-660-greenland-ice-sheet-tour-kangerlussuaq-Guide-to-Greenland1.jpg","contentUrl":"https:\/\/guidetogreenland.com\/wp-content\/uploads\/2020\/05\/point-660-greenland-ice-sheet-tour-kangerlussuaq-Guide-to-Greenland1.jpg","width":926,"height":617},{"@type":"BreadcrumbList","@id":"https:\/\/guidetogreenland.com\/de\/buch-reisen-urlaub\/point-660-gronland-eisschild-tour-kangerlussuaq\/#breadcrumb","itemListElement":[{"@type":"ListItem","position":1,"name":"Home","item":"https:\/\/guidetogreenland.com\/de\/"},{"@type":"ListItem","position":2,"name":"Alle Touren anzeigen","item":"https:\/\/guidetogreenland.com\/de\/buch-reisen-urlaub\/"},{"@type":"ListItem","position":3,"name":"Point 660 Gr\u00f6nland Eisschild Tour | Kangerlussuaq"}]},{"@type":"WebSite","@id":"https:\/\/guidetogreenland.com\/de\/#website","url":"https:\/\/guidetogreenland.com\/de\/","name":"Guide to Greenland","description":"Largest selection of tours in Greenland","potentialAction":[{"@type":"SearchAction","target":{"@type":"EntryPoint","urlTemplate":"https:\/\/guidetogreenland.com\/de\/?s={search_term_string}"},"query-input":{"@type":"PropertyValueSpecification","valueRequired":true,"valueName":"search_term_string"}}],"inLanguage":"de"}]}},"_links":{"self":[{"href":"https:\/\/guidetogreenland.com\/de\/wp-json\/wp\/v2\/product\/61891","targetHints":{"allow":["GET"]}}],"collection":[{"href":"https:\/\/guidetogreenland.com\/de\/wp-json\/wp\/v2\/product"}],"about":[{"href":"https:\/\/guidetogreenland.com\/de\/wp-json\/wp\/v2\/types\/product"}],"replies":[{"embeddable":true,"href":"https:\/\/guidetogreenland.com\/de\/wp-json\/wp\/v2\/comments?post=61891"}],"wp:featuredmedia":[{"embeddable":true,"href":"https:\/\/guidetogreenland.com\/de\/wp-json\/wp\/v2\/media\/44232"}],"wp:attachment":[{"href":"https:\/\/guidetogreenland.com\/de\/wp-json\/wp\/v2\/media?parent=61891"}],"wp:term":[{"taxonomy":"product_brand","embeddable":true,"href":"https:\/\/guidetogreenland.com\/de\/wp-json\/wp\/v2\/product_brand?post=61891"},{"taxonomy":"product_cat","embeddable":true,"href":"https:\/\/guidetogreenland.com\/de\/wp-json\/wp\/v2\/product_cat?post=61891"},{"taxonomy":"product_tag","embeddable":true,"href":"https:\/\/guidetogreenland.com\/de\/wp-json\/wp\/v2\/product_tag?post=61891"}],"curies":[{"name":"wp","href":"https:\/\/api.w.org\/{rel}","templated":true}]}}