{"id":61894,"date":"2020-05-15T16:14:07","date_gmt":"2024-11-22T11:25:56","guid":{"rendered":"https:\/\/guidetogreenland.com\/?post_type=product&#038;p=61894"},"modified":"2026-03-17T05:57:50","modified_gmt":"2026-03-17T08:57:50","slug":"nuuk-eisfjord-nuuk-copy","status":"publish","type":"product","link":"https:\/\/guidetogreenland.com\/de\/buch-reisen-urlaub\/nuuk-eisfjord-nuuk\/","title":{"rendered":"Nuuk Eisfjord | Nuuk"},"content":{"rendered":"<p><span style=\"font-weight: 400;\">M\u00f6chten Sie den Nuuk Eisfjord in seiner ganzen L\u00e4nge bereisen und den unglaublichen Narsap Sermia Gletscher bestaunen, der sich vom massiven gr\u00f6nl\u00e4ndischen Eisschild herabw\u00e4lzt? Diese Tour ist f\u00fcr Sie, wenn Sie die Wunder der Arktis erleben m\u00f6chten, von Eisbergen bis hin zu massiven Gletschermor\u00e4nen.\u00a0<\/span><\/p>\n<p><span style=\"font-weight: 400;\">Am Kolonialhafen in Nuuk werden Sie an Bord unseres geschlossenen Bootes willkommen gehei\u00dfen. Ziehen Sie sich warm an und setzen Sie sich unter freiem Himmel oder in die beheizte geschlossene Kabine, w\u00e4hrend Ihr erfahrener Kapit\u00e4n einen Kurs einschl\u00e4gt, der Sie an vielen der beeindruckenden Berge vorbeif\u00fchrt, die den Nuuk-Fjord pr\u00e4gen.<\/span><\/p>\n<p><span style=\"font-weight: 400;\">Genie\u00dfen Sie die spektakul\u00e4re Landschaft, w\u00e4hrend Sie an den Eisbergen vorbeifahren, die vom Gletscher abgebrochen sind und sich nun auf den Weg nach Nuuk machen. Einige von ihnen werden es bis zur Stadt schaffen und \u00fcberleben. Andere nicht.<\/span><\/p>\n<p><span style=\"font-weight: 400;\">Wenn die Eisbedingungen es zulassen, k\u00f6nnen Sie vor dem m\u00e4chtigen Narsap-Sermia-Gletscher stehen und seine wundersch\u00f6ne wei\u00dfe und kristallblaue Oberfl\u00e4che bestaunen. Ihr Kapit\u00e4n wird Sie so nah wie m\u00f6glich heranbringen, ohne Ihre Sicherheit zu gef\u00e4hrden, und Sie k\u00f6nnen hei\u00dfen Tee und Kaffee trinken, w\u00e4hrend Sie den Anblick eines der vielen gef\u00e4hrdeten Gletscher Gr\u00f6nlands auf sich wirken lassen.<\/span><\/p>\n<p><span style=\"font-weight: 400;\">Packen Sie Ihre w\u00e4rmste Kleidung, Ihre Kamera und Ihr Fernglas ein und reservieren Sie Ihren Platz auf dieser ausgedehnten Bootstour auf dem Nuuk-Fjord, indem Sie Ihr bevorzugtes Datum ausw\u00e4hlen und auf \u201e<\/span><b>Jetzt buchen<\/b><span style=\"font-weight: 400;\">\u201c klicken.<\/span><\/p>\n","protected":false},"excerpt":{"rendered":"Obwohl diese Tour auf einem geschlossenen Boot stattfindet, hat man von den Au\u00dfendecks aus die beste Aussicht. Bringen Sie unbedingt viel warme Kleidung mit (auch im Sommer), damit Sie die Aussicht von drau\u00dfen genie\u00dfen k\u00f6nnen.\r\nDie Route h\u00e4ngt von den Wind- und Wetterbedingungen ab. Um das bestm\u00f6gliche Erlebnis zu gew\u00e4hrleisten, m\u00fcssen die geplanten H\u00f6hepunkte m\u00f6glicherweise ge\u00e4ndert werden.\r\nF\u00fcr diese Tour gilt eine Mindestteilnehmerzahl von 4 Personen. Wenn wir diese Anzahl von Personen am Tag Ihrer Tour nicht erreichen, stornieren wir die Tour und erstatten den bezahlten Preis.","protected":false},"featured_media":52918,"comment_status":"open","ping_status":"closed","template":"","meta":[],"product_brand":[],"product_cat":[1136,1185,1159,1190,1164,1188,1186,1194,1232],"product_tag":[1247],"class_list":{"0":"post-61894","1":"product","2":"type-product","3":"status-publish","4":"has-post-thumbnail","6":"product_cat-abenteuer-in-gronland","7":"product_cat-arktische-natur-und-tierwelt","8":"product_cat-bootstouren-in-groenland","9":"product_cat-eisberg-eisfjord-touren","10":"product_cat-nuuk-touren","11":"product_cat-reiseziel-touren","12":"product_cat-tagestouren-im-sommer","13":"product_cat-touren-nach-region","14":"product_cat-westgronland-touren","15":"product_tag-nuuk-de","16":"pa_activities-bootstour-de","17":"pa_activities-eisberg-ansichten-de","18":"pa_activities-gletscher-ansichten-de","19":"pa_attractions-nuuk-fjord","20":"pa_available-month-april-de","21":"pa_available-month-mai","22":"pa_available-month-juni","23":"pa_available-month-juli","24":"pa_available-month-august-de","25":"pa_available-month-september-de","26":"pa_available-month-oktober","27":"pa_available-month-november-de","28":"pa_available-month-dezember","29":"pa_destinations-nuuk-de","30":"pa_difficulty-leicht","31":"pa_duration-6-stunden","32":"pa_tour-type-tagestour","33":"yith_shop_vendor-nuuk-water-taxi-de","35":"first","36":"instock","37":"featured","38":"virtual","39":"sold-individually","40":"purchasable","41":"product-type-booking"},"acf":[],"yoast_head":"<!-- This site is optimized with the Yoast SEO plugin v25.6 - https:\/\/yoast.com\/wordpress\/plugins\/seo\/ -->\n<title>Nuuk Icefjord Boat Tour \u2022 Sail among icebergs | Guide to Greenland<\/title>\n<meta name=\"description\" content=\"Reisen Sie zwischen Eisbergen, Buckelwalen und Robben zum Nuuk-Fjord-Gletscher. Dies ist eine arktische Kreuzfahrt f\u00fcr alle, die die Natur Gr\u00f6nlands genie\u00dfen m\u00f6chten.\" \/>\n<meta name=\"robots\" content=\"index, follow, max-snippet:-1, max-image-preview:large, max-video-preview:-1\" \/>\n<link rel=\"canonical\" href=\"https:\/\/guidetogreenland.com\/de\/buch-reisen-urlaub\/nuuk-eisfjord-nuuk\/\" \/>\n<meta property=\"og:locale\" content=\"de_DE\" \/>\n<meta property=\"og:type\" content=\"article\" \/>\n<meta property=\"og:title\" content=\"Nuuk Icefjord Boat Tour \u2022 Sail among icebergs | Guide to Greenland\" \/>\n<meta property=\"og:description\" content=\"Reisen Sie zwischen Eisbergen, Buckelwalen und Robben zum Nuuk-Fjord-Gletscher. Dies ist eine arktische Kreuzfahrt f\u00fcr alle, die die Natur Gr\u00f6nlands genie\u00dfen m\u00f6chten.\" \/>\n<meta property=\"og:url\" content=\"https:\/\/guidetogreenland.com\/de\/buch-reisen-urlaub\/nuuk-eisfjord-nuuk\/\" \/>\n<meta property=\"og:site_name\" content=\"Guide to Greenland\" \/>\n<meta property=\"article:modified_time\" content=\"2026-03-17T08:57:50+00:00\" \/>\n<meta property=\"og:image\" content=\"https:\/\/guidetogreenland.com\/wp-content\/uploads\/2020\/07\/People-looking-at-an-iceberg-on-a-boat-tour-of-the-Nuuk-Fjord-in-Winter-Guide-to-Greenland-scaled.jpg\" \/>\n\t<meta property=\"og:image:width\" content=\"2560\" \/>\n\t<meta property=\"og:image:height\" content=\"1707\" \/>\n\t<meta property=\"og:image:type\" content=\"image\/jpeg\" \/>\n<meta name=\"twitter:card\" content=\"summary_large_image\" \/>\n<meta name=\"twitter:label1\" content=\"Gesch\u00e4tzte Lesezeit\" \/>\n\t<meta name=\"twitter:data1\" content=\"2\u00a0Minuten\" \/>\n<script type=\"application\/ld+json\" class=\"yoast-schema-graph\">{\"@context\":\"https:\/\/schema.org\",\"@graph\":[{\"@type\":\"WebPage\",\"@id\":\"https:\/\/guidetogreenland.com\/de\/buch-reisen-urlaub\/nuuk-eisfjord-nuuk\/\",\"url\":\"https:\/\/guidetogreenland.com\/de\/buch-reisen-urlaub\/nuuk-eisfjord-nuuk\/\",\"name\":\"Nuuk Icefjord Boat Tour \u2022 Sail among icebergs | Guide to Greenland\",\"isPartOf\":{\"@id\":\"https:\/\/guidetogreenland.com\/de\/#website\"},\"primaryImageOfPage\":{\"@id\":\"https:\/\/guidetogreenland.com\/de\/buch-reisen-urlaub\/nuuk-eisfjord-nuuk\/#primaryimage\"},\"image\":{\"@id\":\"https:\/\/guidetogreenland.com\/de\/buch-reisen-urlaub\/nuuk-eisfjord-nuuk\/#primaryimage\"},\"thumbnailUrl\":\"https:\/\/guidetogreenland.com\/wp-content\/uploads\/2020\/07\/People-looking-at-an-iceberg-on-a-boat-tour-of-the-Nuuk-Fjord-in-Winter-Guide-to-Greenland-scaled.jpg\",\"datePublished\":\"2024-11-22T11:25:56+00:00\",\"dateModified\":\"2026-03-17T08:57:50+00:00\",\"description\":\"Reisen Sie zwischen Eisbergen, Buckelwalen und Robben zum Nuuk-Fjord-Gletscher. Dies ist eine arktische Kreuzfahrt f\u00fcr alle, die die Natur Gr\u00f6nlands genie\u00dfen m\u00f6chten.\",\"breadcrumb\":{\"@id\":\"https:\/\/guidetogreenland.com\/de\/buch-reisen-urlaub\/nuuk-eisfjord-nuuk\/#breadcrumb\"},\"inLanguage\":\"de\",\"potentialAction\":[{\"@type\":\"ReadAction\",\"target\":[\"https:\/\/guidetogreenland.com\/de\/buch-reisen-urlaub\/nuuk-eisfjord-nuuk\/\"]}]},{\"@type\":\"ImageObject\",\"inLanguage\":\"de\",\"@id\":\"https:\/\/guidetogreenland.com\/de\/buch-reisen-urlaub\/nuuk-eisfjord-nuuk\/#primaryimage\",\"url\":\"https:\/\/guidetogreenland.com\/wp-content\/uploads\/2020\/07\/People-looking-at-an-iceberg-on-a-boat-tour-of-the-Nuuk-Fjord-in-Winter-Guide-to-Greenland-scaled.jpg\",\"contentUrl\":\"https:\/\/guidetogreenland.com\/wp-content\/uploads\/2020\/07\/People-looking-at-an-iceberg-on-a-boat-tour-of-the-Nuuk-Fjord-in-Winter-Guide-to-Greenland-scaled.jpg\",\"width\":2560,\"height\":1707},{\"@type\":\"BreadcrumbList\",\"@id\":\"https:\/\/guidetogreenland.com\/de\/buch-reisen-urlaub\/nuuk-eisfjord-nuuk\/#breadcrumb\",\"itemListElement\":[{\"@type\":\"ListItem\",\"position\":1,\"name\":\"Home\",\"item\":\"https:\/\/guidetogreenland.com\/de\/\"},{\"@type\":\"ListItem\",\"position\":2,\"name\":\"Alle Touren anzeigen\",\"item\":\"https:\/\/guidetogreenland.com\/de\/buch-reisen-urlaub\/\"},{\"@type\":\"ListItem\",\"position\":3,\"name\":\"Nuuk Eisfjord | Nuuk\"}]},{\"@type\":\"WebSite\",\"@id\":\"https:\/\/guidetogreenland.com\/de\/#website\",\"url\":\"https:\/\/guidetogreenland.com\/de\/\",\"name\":\"Guide to Greenland\",\"description\":\"Largest selection of tours in Greenland\",\"potentialAction\":[{\"@type\":\"SearchAction\",\"target\":{\"@type\":\"EntryPoint\",\"urlTemplate\":\"https:\/\/guidetogreenland.com\/de\/?s={search_term_string}\"},\"query-input\":{\"@type\":\"PropertyValueSpecification\",\"valueRequired\":true,\"valueName\":\"search_term_string\"}}],\"inLanguage\":\"de\"}]}<\/script>\n<!-- \/ Yoast SEO plugin. -->","yoast_head_json":{"title":"Nuuk Icefjord Boat Tour \u2022 Sail among icebergs | Guide to Greenland","description":"Reisen Sie zwischen Eisbergen, Buckelwalen und Robben zum Nuuk-Fjord-Gletscher. Dies ist eine arktische Kreuzfahrt f\u00fcr alle, die die Natur Gr\u00f6nlands genie\u00dfen m\u00f6chten.","robots":{"index":"index","follow":"follow","max-snippet":"max-snippet:-1","max-image-preview":"max-image-preview:large","max-video-preview":"max-video-preview:-1"},"canonical":"https:\/\/guidetogreenland.com\/de\/buch-reisen-urlaub\/nuuk-eisfjord-nuuk\/","og_locale":"de_DE","og_type":"article","og_title":"Nuuk Icefjord Boat Tour \u2022 Sail among icebergs | Guide to Greenland","og_description":"Reisen Sie zwischen Eisbergen, Buckelwalen und Robben zum Nuuk-Fjord-Gletscher. Dies ist eine arktische Kreuzfahrt f\u00fcr alle, die die Natur Gr\u00f6nlands genie\u00dfen m\u00f6chten.","og_url":"https:\/\/guidetogreenland.com\/de\/buch-reisen-urlaub\/nuuk-eisfjord-nuuk\/","og_site_name":"Guide to Greenland","article_modified_time":"2026-03-17T08:57:50+00:00","og_image":[{"width":2560,"height":1707,"url":"https:\/\/guidetogreenland.com\/wp-content\/uploads\/2020\/07\/People-looking-at-an-iceberg-on-a-boat-tour-of-the-Nuuk-Fjord-in-Winter-Guide-to-Greenland-scaled.jpg","type":"image\/jpeg"}],"twitter_card":"summary_large_image","twitter_misc":{"Gesch\u00e4tzte Lesezeit":"2\u00a0Minuten"},"schema":{"@context":"https:\/\/schema.org","@graph":[{"@type":"WebPage","@id":"https:\/\/guidetogreenland.com\/de\/buch-reisen-urlaub\/nuuk-eisfjord-nuuk\/","url":"https:\/\/guidetogreenland.com\/de\/buch-reisen-urlaub\/nuuk-eisfjord-nuuk\/","name":"Nuuk Icefjord Boat Tour \u2022 Sail among icebergs | Guide to Greenland","isPartOf":{"@id":"https:\/\/guidetogreenland.com\/de\/#website"},"primaryImageOfPage":{"@id":"https:\/\/guidetogreenland.com\/de\/buch-reisen-urlaub\/nuuk-eisfjord-nuuk\/#primaryimage"},"image":{"@id":"https:\/\/guidetogreenland.com\/de\/buch-reisen-urlaub\/nuuk-eisfjord-nuuk\/#primaryimage"},"thumbnailUrl":"https:\/\/guidetogreenland.com\/wp-content\/uploads\/2020\/07\/People-looking-at-an-iceberg-on-a-boat-tour-of-the-Nuuk-Fjord-in-Winter-Guide-to-Greenland-scaled.jpg","datePublished":"2024-11-22T11:25:56+00:00","dateModified":"2026-03-17T08:57:50+00:00","description":"Reisen Sie zwischen Eisbergen, Buckelwalen und Robben zum Nuuk-Fjord-Gletscher. Dies ist eine arktische Kreuzfahrt f\u00fcr alle, die die Natur Gr\u00f6nlands genie\u00dfen m\u00f6chten.","breadcrumb":{"@id":"https:\/\/guidetogreenland.com\/de\/buch-reisen-urlaub\/nuuk-eisfjord-nuuk\/#breadcrumb"},"inLanguage":"de","potentialAction":[{"@type":"ReadAction","target":["https:\/\/guidetogreenland.com\/de\/buch-reisen-urlaub\/nuuk-eisfjord-nuuk\/"]}]},{"@type":"ImageObject","inLanguage":"de","@id":"https:\/\/guidetogreenland.com\/de\/buch-reisen-urlaub\/nuuk-eisfjord-nuuk\/#primaryimage","url":"https:\/\/guidetogreenland.com\/wp-content\/uploads\/2020\/07\/People-looking-at-an-iceberg-on-a-boat-tour-of-the-Nuuk-Fjord-in-Winter-Guide-to-Greenland-scaled.jpg","contentUrl":"https:\/\/guidetogreenland.com\/wp-content\/uploads\/2020\/07\/People-looking-at-an-iceberg-on-a-boat-tour-of-the-Nuuk-Fjord-in-Winter-Guide-to-Greenland-scaled.jpg","width":2560,"height":1707},{"@type":"BreadcrumbList","@id":"https:\/\/guidetogreenland.com\/de\/buch-reisen-urlaub\/nuuk-eisfjord-nuuk\/#breadcrumb","itemListElement":[{"@type":"ListItem","position":1,"name":"Home","item":"https:\/\/guidetogreenland.com\/de\/"},{"@type":"ListItem","position":2,"name":"Alle Touren anzeigen","item":"https:\/\/guidetogreenland.com\/de\/buch-reisen-urlaub\/"},{"@type":"ListItem","position":3,"name":"Nuuk Eisfjord | Nuuk"}]},{"@type":"WebSite","@id":"https:\/\/guidetogreenland.com\/de\/#website","url":"https:\/\/guidetogreenland.com\/de\/","name":"Guide to Greenland","description":"Largest selection of tours in Greenland","potentialAction":[{"@type":"SearchAction","target":{"@type":"EntryPoint","urlTemplate":"https:\/\/guidetogreenland.com\/de\/?s={search_term_string}"},"query-input":{"@type":"PropertyValueSpecification","valueRequired":true,"valueName":"search_term_string"}}],"inLanguage":"de"}]}},"_links":{"self":[{"href":"https:\/\/guidetogreenland.com\/de\/wp-json\/wp\/v2\/product\/61894","targetHints":{"allow":["GET"]}}],"collection":[{"href":"https:\/\/guidetogreenland.com\/de\/wp-json\/wp\/v2\/product"}],"about":[{"href":"https:\/\/guidetogreenland.com\/de\/wp-json\/wp\/v2\/types\/product"}],"replies":[{"embeddable":true,"href":"https:\/\/guidetogreenland.com\/de\/wp-json\/wp\/v2\/comments?post=61894"}],"wp:featuredmedia":[{"embeddable":true,"href":"https:\/\/guidetogreenland.com\/de\/wp-json\/wp\/v2\/media\/52918"}],"wp:attachment":[{"href":"https:\/\/guidetogreenland.com\/de\/wp-json\/wp\/v2\/media?parent=61894"}],"wp:term":[{"taxonomy":"product_brand","embeddable":true,"href":"https:\/\/guidetogreenland.com\/de\/wp-json\/wp\/v2\/product_brand?post=61894"},{"taxonomy":"product_cat","embeddable":true,"href":"https:\/\/guidetogreenland.com\/de\/wp-json\/wp\/v2\/product_cat?post=61894"},{"taxonomy":"product_tag","embeddable":true,"href":"https:\/\/guidetogreenland.com\/de\/wp-json\/wp\/v2\/product_tag?post=61894"}],"curies":[{"name":"wp","href":"https:\/\/api.w.org\/{rel}","templated":true}]}}