{"id":61900,"date":"2020-05-14T14:27:47","date_gmt":"2024-11-22T11:26:21","guid":{"rendered":"https:\/\/guidetogreenland.com\/?post_type=product&#038;p=61900"},"modified":"2025-08-14T06:25:39","modified_gmt":"2025-08-14T09:25:39","slug":"morgenkajak-zwischen-eisbergen-ilulissat-disko-bay","status":"publish","type":"product","link":"https:\/\/guidetogreenland.com\/de\/buch-reisen-urlaub\/morgenkajak-zwischen-eisbergen-ilulissat-disko-bay\/","title":{"rendered":"Morgenkajak Zwischen Eisbergen | Ilulissat | Disko Bay"},"content":{"rendered":"<p class=\"p1\">Von kulturellen und historischen Spazierg\u00e4ngen bis hin zur Essenz von Ilulissat, dem Schippern zwischen riesigen Eisbergen im Ilulissat Icefjord. Wollten Sie schon immer einmal Kajak fahren? Gibt es eine bessere M\u00f6glichkeit, die Kunst des Kajakfahrens zu erlernen als an einem der beliebtesten Orte Gr\u00f6nlands, dem Eisfjord mit seinen endlosen Wassern und der Chance, in Begleitung von Buckelwalen \u00fcber die Wasseroberfl\u00e4che zu gleiten?<\/p>\n<p class=\"p1\">Bei dieser Tour werden Sie von einem erfahrenen F\u00fchrer in die Sicherheit und den Umgang mit dem Kajak eingewiesen. Diese Tour ist f\u00fcr alle gedacht, die Gr\u00f6nland lieben und in Ilulissat die volle arktische Erfahrung erleben m\u00f6chten.<\/p>\n<p class=\"p1\">Sowohl erfahrene Kajakfahrer als auch Anf\u00e4nger werden zusammen mit anderen Entdeckern einen Tag lang die bezaubernde Natur und die aufregende Aktivit\u00e4t auf dem gr\u00f6nl\u00e4ndischen Meer erleben. Riechen Sie die frische arktische Brise und genie\u00dfen Sie die Stille, die Sie umgibt, w\u00e4hrend Sie \u00fcber das Wasser gleiten und die Sonne sich perfekt auf den Eisbergen und der Wasseroberfl\u00e4che spiegelt.<\/p>\n<p class=\"p1\">Eine aufregende Erfahrung, wenn die Sonne am Himmel aufgeht und Sie das Man\u00f6vrieren des Kajaks zu verstehen beginnen. Lassen Sie sich diese einzigartige arktische Aktivit\u00e4t auf dem UNESCO-Welterbe Eisfjord nicht entgehen. Alles Notwendige ist inklusive, alles was Sie mitbringen m\u00fcssen, ist der Abenteurer in Ihnen, um an dieser einmaligen Aktivit\u00e4t teilzunehmen! Pr\u00fcfen Sie die Verf\u00fcgbarkeit, indem Sie oben auf &#8222;<strong>Jetzt buchen<\/strong>&#8220; klicken und buchen Sie Ihre Reise noch heute.<\/p>\n","protected":false},"excerpt":{"rendered":"Von kulturellen und historischen Spazierg\u00e4ngen bis hin zur Essenz von Ilulissat, dem Schippern zwischen riesigen Eisbergen im Ilulissat Icefjord. Wollten Sie schon immer einmal Kajak fahren? Gibt es eine bessere M\u00f6glichkeit, die Kunst des Kajakfahrens zu erlernen als an einem der beliebtesten Orte Gr\u00f6nlands, dem Eisfjord mit seinen endlosen Wassern und der Chance, in Begleitung&#8230;","protected":false},"featured_media":44029,"comment_status":"open","ping_status":"closed","template":"","meta":[],"product_brand":[],"product_cat":[1136,1185,1284,1189,1190,1191,1163,1279,1186,1262,1195],"product_tag":[1196],"class_list":{"0":"post-61900","1":"product","2":"type-product","3":"status-publish","4":"has-post-thumbnail","6":"product_cat-abenteuer-in-gronland","7":"product_cat-arktische-natur-und-tierwelt","8":"product_cat-aufenthalt-in-gronland","9":"product_cat-diskobucht-touren","10":"product_cat-eisberg-eisfjord-touren","11":"product_cat-ilulissat-eisfjord-touren","12":"product_cat-ilulissat-touren","13":"product_cat-kajak-sup-touren","14":"product_cat-tagestouren-im-sommer","15":"product_cat-touren-fur-kreuzfahrtgaste","16":"product_cat-weltkulturerbestaetten-in-gronland","17":"product_tag-ilulissat-de","18":"pa_activities-eisberg-ansichten-de","19":"pa_activities-kajakfahren-stand-up-paddling-de","20":"pa_attractions-diskobucht","21":"pa_attractions-ilulissat-eisfjord","22":"pa_attractions-unesco-welterbe","23":"pa_available-month-juni","24":"pa_available-month-juli","25":"pa_available-month-august-de","26":"pa_available-month-september-de","27":"pa_destinations-ilulissat-de","28":"pa_difficulty-maessig","29":"pa_duration-3-stunden","30":"pa_tour-type-tagestour","31":"yith_shop_vendor-albatros-ilulissat-de","33":"first","34":"instock","35":"virtual","36":"sold-individually","37":"purchasable","38":"product-type-booking"},"acf":[],"yoast_head":"<!-- This site is optimized with the Yoast SEO plugin v25.6 - https:\/\/yoast.com\/wordpress\/plugins\/seo\/ -->\n<title>Morgenkajak Zwischen Eisbergen | Ilulissat | Disko Bay | Guide to Greenland<\/title>\n<meta name=\"description\" content=\"Wollten Sie schon immer einmal Urlaub in Gr\u00f6nland machen? Kommen Sie nach Ilulissat und erleben Sie Kajakfahren zwischen Eisbergen, w\u00e4hrend die Sonne am Himmel aufgeht.\" \/>\n<meta name=\"robots\" content=\"index, follow, max-snippet:-1, max-image-preview:large, max-video-preview:-1\" \/>\n<link rel=\"canonical\" href=\"https:\/\/guidetogreenland.com\/de\/buch-reisen-urlaub\/morgenkajak-zwischen-eisbergen-ilulissat-disko-bay\/\" \/>\n<meta property=\"og:locale\" content=\"de_DE\" \/>\n<meta property=\"og:type\" content=\"article\" \/>\n<meta property=\"og:title\" content=\"Morgenkajak Zwischen Eisbergen | Ilulissat | Disko Bay | Guide to Greenland\" \/>\n<meta property=\"og:description\" content=\"Wollten Sie schon immer einmal Urlaub in Gr\u00f6nland machen? Kommen Sie nach Ilulissat und erleben Sie Kajakfahren zwischen Eisbergen, w\u00e4hrend die Sonne am Himmel aufgeht.\" \/>\n<meta property=\"og:url\" content=\"https:\/\/guidetogreenland.com\/de\/buch-reisen-urlaub\/morgenkajak-zwischen-eisbergen-ilulissat-disko-bay\/\" \/>\n<meta property=\"og:site_name\" content=\"Guide to Greenland\" \/>\n<meta property=\"article:modified_time\" content=\"2025-08-14T09:25:39+00:00\" \/>\n<meta property=\"og:image\" content=\"https:\/\/guidetogreenland.com\/wp-content\/uploads\/2020\/05\/morning-kayak-among-icebergs-ilulissat-disko-bay-Guide-to-Greenland-7.jpg\" \/>\n\t<meta property=\"og:image:width\" content=\"926\" \/>\n\t<meta property=\"og:image:height\" content=\"695\" \/>\n\t<meta property=\"og:image:type\" content=\"image\/jpeg\" \/>\n<meta name=\"twitter:card\" content=\"summary_large_image\" \/>\n<meta name=\"twitter:label1\" content=\"Gesch\u00e4tzte Lesezeit\" \/>\n\t<meta name=\"twitter:data1\" content=\"1\u00a0Minute\" \/>\n<script type=\"application\/ld+json\" class=\"yoast-schema-graph\">{\"@context\":\"https:\/\/schema.org\",\"@graph\":[{\"@type\":\"WebPage\",\"@id\":\"https:\/\/guidetogreenland.com\/de\/buch-reisen-urlaub\/morgenkajak-zwischen-eisbergen-ilulissat-disko-bay\/\",\"url\":\"https:\/\/guidetogreenland.com\/de\/buch-reisen-urlaub\/morgenkajak-zwischen-eisbergen-ilulissat-disko-bay\/\",\"name\":\"Morgenkajak Zwischen Eisbergen | Ilulissat | Disko Bay | Guide to Greenland\",\"isPartOf\":{\"@id\":\"https:\/\/guidetogreenland.com\/de\/#website\"},\"primaryImageOfPage\":{\"@id\":\"https:\/\/guidetogreenland.com\/de\/buch-reisen-urlaub\/morgenkajak-zwischen-eisbergen-ilulissat-disko-bay\/#primaryimage\"},\"image\":{\"@id\":\"https:\/\/guidetogreenland.com\/de\/buch-reisen-urlaub\/morgenkajak-zwischen-eisbergen-ilulissat-disko-bay\/#primaryimage\"},\"thumbnailUrl\":\"https:\/\/guidetogreenland.com\/wp-content\/uploads\/2020\/05\/morning-kayak-among-icebergs-ilulissat-disko-bay-Guide-to-Greenland-7.jpg\",\"datePublished\":\"2024-11-22T11:26:21+00:00\",\"dateModified\":\"2025-08-14T09:25:39+00:00\",\"description\":\"Wollten Sie schon immer einmal Urlaub in Gr\u00f6nland machen? Kommen Sie nach Ilulissat und erleben Sie Kajakfahren zwischen Eisbergen, w\u00e4hrend die Sonne am Himmel aufgeht.\",\"breadcrumb\":{\"@id\":\"https:\/\/guidetogreenland.com\/de\/buch-reisen-urlaub\/morgenkajak-zwischen-eisbergen-ilulissat-disko-bay\/#breadcrumb\"},\"inLanguage\":\"de\",\"potentialAction\":[{\"@type\":\"ReadAction\",\"target\":[\"https:\/\/guidetogreenland.com\/de\/buch-reisen-urlaub\/morgenkajak-zwischen-eisbergen-ilulissat-disko-bay\/\"]}]},{\"@type\":\"ImageObject\",\"inLanguage\":\"de\",\"@id\":\"https:\/\/guidetogreenland.com\/de\/buch-reisen-urlaub\/morgenkajak-zwischen-eisbergen-ilulissat-disko-bay\/#primaryimage\",\"url\":\"https:\/\/guidetogreenland.com\/wp-content\/uploads\/2020\/05\/morning-kayak-among-icebergs-ilulissat-disko-bay-Guide-to-Greenland-7.jpg\",\"contentUrl\":\"https:\/\/guidetogreenland.com\/wp-content\/uploads\/2020\/05\/morning-kayak-among-icebergs-ilulissat-disko-bay-Guide-to-Greenland-7.jpg\",\"width\":926,\"height\":695},{\"@type\":\"BreadcrumbList\",\"@id\":\"https:\/\/guidetogreenland.com\/de\/buch-reisen-urlaub\/morgenkajak-zwischen-eisbergen-ilulissat-disko-bay\/#breadcrumb\",\"itemListElement\":[{\"@type\":\"ListItem\",\"position\":1,\"name\":\"Home\",\"item\":\"https:\/\/guidetogreenland.com\/de\/\"},{\"@type\":\"ListItem\",\"position\":2,\"name\":\"Alle Touren anzeigen\",\"item\":\"https:\/\/guidetogreenland.com\/de\/buch-reisen-urlaub\/\"},{\"@type\":\"ListItem\",\"position\":3,\"name\":\"Morgenkajak Zwischen Eisbergen | Ilulissat | Disko Bay\"}]},{\"@type\":\"WebSite\",\"@id\":\"https:\/\/guidetogreenland.com\/de\/#website\",\"url\":\"https:\/\/guidetogreenland.com\/de\/\",\"name\":\"Guide to Greenland\",\"description\":\"Largest selection of tours in Greenland\",\"potentialAction\":[{\"@type\":\"SearchAction\",\"target\":{\"@type\":\"EntryPoint\",\"urlTemplate\":\"https:\/\/guidetogreenland.com\/de\/?s={search_term_string}\"},\"query-input\":{\"@type\":\"PropertyValueSpecification\",\"valueRequired\":true,\"valueName\":\"search_term_string\"}}],\"inLanguage\":\"de\"}]}<\/script>\n<!-- \/ Yoast SEO plugin. -->","yoast_head_json":{"title":"Morgenkajak Zwischen Eisbergen | Ilulissat | Disko Bay | Guide to Greenland","description":"Wollten Sie schon immer einmal Urlaub in Gr\u00f6nland machen? Kommen Sie nach Ilulissat und erleben Sie Kajakfahren zwischen Eisbergen, w\u00e4hrend die Sonne am Himmel aufgeht.","robots":{"index":"index","follow":"follow","max-snippet":"max-snippet:-1","max-image-preview":"max-image-preview:large","max-video-preview":"max-video-preview:-1"},"canonical":"https:\/\/guidetogreenland.com\/de\/buch-reisen-urlaub\/morgenkajak-zwischen-eisbergen-ilulissat-disko-bay\/","og_locale":"de_DE","og_type":"article","og_title":"Morgenkajak Zwischen Eisbergen | Ilulissat | Disko Bay | Guide to Greenland","og_description":"Wollten Sie schon immer einmal Urlaub in Gr\u00f6nland machen? Kommen Sie nach Ilulissat und erleben Sie Kajakfahren zwischen Eisbergen, w\u00e4hrend die Sonne am Himmel aufgeht.","og_url":"https:\/\/guidetogreenland.com\/de\/buch-reisen-urlaub\/morgenkajak-zwischen-eisbergen-ilulissat-disko-bay\/","og_site_name":"Guide to Greenland","article_modified_time":"2025-08-14T09:25:39+00:00","og_image":[{"width":926,"height":695,"url":"https:\/\/guidetogreenland.com\/wp-content\/uploads\/2020\/05\/morning-kayak-among-icebergs-ilulissat-disko-bay-Guide-to-Greenland-7.jpg","type":"image\/jpeg"}],"twitter_card":"summary_large_image","twitter_misc":{"Gesch\u00e4tzte Lesezeit":"1\u00a0Minute"},"schema":{"@context":"https:\/\/schema.org","@graph":[{"@type":"WebPage","@id":"https:\/\/guidetogreenland.com\/de\/buch-reisen-urlaub\/morgenkajak-zwischen-eisbergen-ilulissat-disko-bay\/","url":"https:\/\/guidetogreenland.com\/de\/buch-reisen-urlaub\/morgenkajak-zwischen-eisbergen-ilulissat-disko-bay\/","name":"Morgenkajak Zwischen Eisbergen | Ilulissat | Disko Bay | Guide to Greenland","isPartOf":{"@id":"https:\/\/guidetogreenland.com\/de\/#website"},"primaryImageOfPage":{"@id":"https:\/\/guidetogreenland.com\/de\/buch-reisen-urlaub\/morgenkajak-zwischen-eisbergen-ilulissat-disko-bay\/#primaryimage"},"image":{"@id":"https:\/\/guidetogreenland.com\/de\/buch-reisen-urlaub\/morgenkajak-zwischen-eisbergen-ilulissat-disko-bay\/#primaryimage"},"thumbnailUrl":"https:\/\/guidetogreenland.com\/wp-content\/uploads\/2020\/05\/morning-kayak-among-icebergs-ilulissat-disko-bay-Guide-to-Greenland-7.jpg","datePublished":"2024-11-22T11:26:21+00:00","dateModified":"2025-08-14T09:25:39+00:00","description":"Wollten Sie schon immer einmal Urlaub in Gr\u00f6nland machen? Kommen Sie nach Ilulissat und erleben Sie Kajakfahren zwischen Eisbergen, w\u00e4hrend die Sonne am Himmel aufgeht.","breadcrumb":{"@id":"https:\/\/guidetogreenland.com\/de\/buch-reisen-urlaub\/morgenkajak-zwischen-eisbergen-ilulissat-disko-bay\/#breadcrumb"},"inLanguage":"de","potentialAction":[{"@type":"ReadAction","target":["https:\/\/guidetogreenland.com\/de\/buch-reisen-urlaub\/morgenkajak-zwischen-eisbergen-ilulissat-disko-bay\/"]}]},{"@type":"ImageObject","inLanguage":"de","@id":"https:\/\/guidetogreenland.com\/de\/buch-reisen-urlaub\/morgenkajak-zwischen-eisbergen-ilulissat-disko-bay\/#primaryimage","url":"https:\/\/guidetogreenland.com\/wp-content\/uploads\/2020\/05\/morning-kayak-among-icebergs-ilulissat-disko-bay-Guide-to-Greenland-7.jpg","contentUrl":"https:\/\/guidetogreenland.com\/wp-content\/uploads\/2020\/05\/morning-kayak-among-icebergs-ilulissat-disko-bay-Guide-to-Greenland-7.jpg","width":926,"height":695},{"@type":"BreadcrumbList","@id":"https:\/\/guidetogreenland.com\/de\/buch-reisen-urlaub\/morgenkajak-zwischen-eisbergen-ilulissat-disko-bay\/#breadcrumb","itemListElement":[{"@type":"ListItem","position":1,"name":"Home","item":"https:\/\/guidetogreenland.com\/de\/"},{"@type":"ListItem","position":2,"name":"Alle Touren anzeigen","item":"https:\/\/guidetogreenland.com\/de\/buch-reisen-urlaub\/"},{"@type":"ListItem","position":3,"name":"Morgenkajak Zwischen Eisbergen | Ilulissat | Disko Bay"}]},{"@type":"WebSite","@id":"https:\/\/guidetogreenland.com\/de\/#website","url":"https:\/\/guidetogreenland.com\/de\/","name":"Guide to Greenland","description":"Largest selection of tours in Greenland","potentialAction":[{"@type":"SearchAction","target":{"@type":"EntryPoint","urlTemplate":"https:\/\/guidetogreenland.com\/de\/?s={search_term_string}"},"query-input":{"@type":"PropertyValueSpecification","valueRequired":true,"valueName":"search_term_string"}}],"inLanguage":"de"}]}},"_links":{"self":[{"href":"https:\/\/guidetogreenland.com\/de\/wp-json\/wp\/v2\/product\/61900","targetHints":{"allow":["GET"]}}],"collection":[{"href":"https:\/\/guidetogreenland.com\/de\/wp-json\/wp\/v2\/product"}],"about":[{"href":"https:\/\/guidetogreenland.com\/de\/wp-json\/wp\/v2\/types\/product"}],"replies":[{"embeddable":true,"href":"https:\/\/guidetogreenland.com\/de\/wp-json\/wp\/v2\/comments?post=61900"}],"wp:featuredmedia":[{"embeddable":true,"href":"https:\/\/guidetogreenland.com\/de\/wp-json\/wp\/v2\/media\/44029"}],"wp:attachment":[{"href":"https:\/\/guidetogreenland.com\/de\/wp-json\/wp\/v2\/media?parent=61900"}],"wp:term":[{"taxonomy":"product_brand","embeddable":true,"href":"https:\/\/guidetogreenland.com\/de\/wp-json\/wp\/v2\/product_brand?post=61900"},{"taxonomy":"product_cat","embeddable":true,"href":"https:\/\/guidetogreenland.com\/de\/wp-json\/wp\/v2\/product_cat?post=61900"},{"taxonomy":"product_tag","embeddable":true,"href":"https:\/\/guidetogreenland.com\/de\/wp-json\/wp\/v2\/product_tag?post=61900"}],"curies":[{"name":"wp","href":"https:\/\/api.w.org\/{rel}","templated":true}]}}