{"id":61903,"date":"2020-05-14T14:15:48","date_gmt":"2024-11-22T11:27:38","guid":{"rendered":"https:\/\/guidetogreenland.com\/?post_type=product&#038;p=61903"},"modified":"2025-09-26T12:14:07","modified_gmt":"2025-09-26T15:14:07","slug":"mitternachtsfahrt-zum-ilulissat-eisfjord-ilulissat-diskobucht","status":"publish","type":"product","link":"https:\/\/guidetogreenland.com\/de\/buch-reisen-urlaub\/mitternachtsfahrt-zum-ilulissat-eisfjord-ilulissat-diskobucht\/","title":{"rendered":"Mitternachtsfahrt zum Ilulissat-Eisfjord | Ilulissat | Diskobucht"},"content":{"rendered":"<p>Erleben Sie die unvergesslichen Eisberge von Ilulissat bei dieser zweist\u00fcndigen Bootstour! Bewundern Sie auf dieser aufregenden Abendtour die gro\u00dfen Eisberge unter den roten und orangefarbenen Strahlen der ewig scheinenden arktischen Mitternachtssonne.<\/p>\n<p>Genie\u00dfen Sie das arktische Ph\u00e4nomen der ewig scheinende Mitternachtssonne. Die Kombination aus dem bezaubernden Eisfjord und der Mitternachtssonne ist ein Erlebnis, an das Sie sich ein Leben lang erinnern werden.<\/p>\n<p>Ihre Tour beginnt im Hafen von Ilulissat, wo Ihr \u00f6rtlicher Kapit\u00e4n Sie in sein kleines offenes Boot setzt. Von hier aus fahren Sie s\u00fcdlich von Ilulissat bis zur M\u00fcndung des Eisfjords. Auf dem Weg dorthin k\u00f6nnen wir vielleicht schon den einen oder anderen Wal beim Versteckspiel zwischen den Wellen beobachten.<\/p>\n<p>Der Gletscher des Ilulissat-Eisfjords hei\u00dft Sermeq Kujalleq-Gletscher. Er ist einer der aktivsten und produktivsten Gletscher der Welt, der j\u00e4hrlich \u00fcber 35 km3 Eis kalbt. Die Eisberge ragen bis zu 100 Meter aus dem Wasser, und das ist nat\u00fcrlich nur die Spitze des Eisbergs.<\/p>\n<p>An der M\u00fcndung des Fjords werden Sie die himmelhohen Eisberge erleben. W\u00e4hrend wir durch die eisigen Gew\u00e4sser fahren, werden Sie durch das kristallklare Wasser sehen k\u00f6nnen. Lassen Sie sich den arktischen Wind durch die Haare wehen, w\u00e4hrend Sie die fantastische Kulisse der blau und wei\u00df schillernden Eisberge genie\u00dfen, die von den orangefarbenen und roten Strahlen der Mitternachtssonne beleuchtet werden!<\/p>\n<p>Wenn Sie diese Tour buchen, sichern Sie sich ein besonderes Erlebnis, denn Sie werden die wundersch\u00f6ne Umgebung der Diskobucht auf einem kleinen Boot mit ortskundigem Kapit\u00e4n erobern. Bringen Sie Ihren Fotoapparat mit und vergessen Sie nicht, sich eine warme M\u00fctze aufzusetzen, wenn Sie diese fantastische Fahrt zum Ilulissat-Eisfjord unternehmen! Diese Tour ist oft ausverkauft. Pr\u00fcfen Sie die Verf\u00fcgbarkeit der Buchung, indem Sie oben auf &#8222;Jetzt buchen&#8220; klicken.<\/p>\n","protected":false},"excerpt":{"rendered":"Erleben Sie die unvergesslichen Eisberge von Ilulissat bei dieser zweist\u00fcndigen Bootstour! Bewundern Sie auf dieser aufregenden Abendtour die gro\u00dfen Eisberge unter den roten und orangefarbenen Strahlen der ewig scheinenden arktischen Mitternachtssonne. Genie\u00dfen Sie das arktische Ph\u00e4nomen der ewig scheinende Mitternachtssonne. Die Kombination aus dem bezaubernden Eisfjord und der Mitternachtssonne ist ein Erlebnis, an das Sie&#8230;","protected":false},"featured_media":44014,"comment_status":"open","ping_status":"closed","template":"","meta":[],"product_brand":[],"product_cat":[1136,1159,1189,1190,1191,1163,1192,1186,1262,1195],"product_tag":[1196],"class_list":{"0":"post-61903","1":"product","2":"type-product","3":"status-publish","4":"has-post-thumbnail","6":"product_cat-abenteuer-in-gronland","7":"product_cat-bootstouren-in-groenland","8":"product_cat-diskobucht-touren","9":"product_cat-eisberg-eisfjord-touren","10":"product_cat-ilulissat-eisfjord-touren","11":"product_cat-ilulissat-touren","12":"product_cat-mitternachtssonne-touren","13":"product_cat-tagestouren-im-sommer","14":"product_cat-touren-fur-kreuzfahrtgaste","15":"product_cat-weltkulturerbestaetten-in-gronland","16":"product_tag-ilulissat-de","17":"pa_activities-bootstour-de","18":"pa_activities-eisberg-ansichten-de","19":"pa_activities-mitternachtssonne-de","20":"pa_attractions-ilulissat-eisfjord","21":"pa_available-month-juni","22":"pa_available-month-juli","23":"pa_available-month-august-de","24":"pa_destinations-ilulissat-de","25":"pa_difficulty-leicht","26":"pa_duration-2-stunden","27":"pa_tour-type-tagestour","28":"yith_shop_vendor-ilulissat-adventure-de","30":"first","31":"instock","32":"virtual","33":"sold-individually","34":"purchasable","35":"product-type-booking"},"acf":[],"yoast_head":"<!-- This site is optimized with the Yoast SEO plugin v25.6 - https:\/\/yoast.com\/wordpress\/plugins\/seo\/ -->\n<title>Mitternachtsfahrt zum Ilulissat-Eisfjord | Guide to Greenland<\/title>\n<meta name=\"robots\" content=\"index, follow, max-snippet:-1, max-image-preview:large, max-video-preview:-1\" \/>\n<link rel=\"canonical\" href=\"https:\/\/guidetogreenland.com\/de\/buch-reisen-urlaub\/mitternachtsfahrt-zum-ilulissat-eisfjord-ilulissat-diskobucht\/\" \/>\n<meta property=\"og:locale\" content=\"de_DE\" \/>\n<meta property=\"og:type\" content=\"article\" \/>\n<meta property=\"og:title\" content=\"Mitternachtsfahrt zum Ilulissat-Eisfjord | Guide to Greenland\" \/>\n<meta property=\"og:description\" content=\"Erleben Sie die unvergesslichen Eisberge von Ilulissat bei dieser zweist\u00fcndigen Bootstour! Bewundern Sie auf dieser aufregenden Abendtour die gro\u00dfen Eisberge unter den roten und orangefarbenen Strahlen der ewig scheinenden arktischen Mitternachtssonne. Genie\u00dfen Sie das arktische Ph\u00e4nomen der ewig scheinende Mitternachtssonne. Die Kombination aus dem bezaubernden Eisfjord und der Mitternachtssonne ist ein Erlebnis, an das Sie...\" \/>\n<meta property=\"og:url\" content=\"https:\/\/guidetogreenland.com\/de\/buch-reisen-urlaub\/mitternachtsfahrt-zum-ilulissat-eisfjord-ilulissat-diskobucht\/\" \/>\n<meta property=\"og:site_name\" content=\"Guide to Greenland\" \/>\n<meta property=\"article:modified_time\" content=\"2025-09-26T15:14:07+00:00\" \/>\n<meta property=\"og:image\" content=\"https:\/\/guidetogreenland.com\/wp-content\/uploads\/2020\/05\/midnight-cruise-to-ilulissat-icefjord-ilulissat-disko-bay-Guide-to-Greenland-1.jpg\" \/>\n\t<meta property=\"og:image:width\" content=\"798\" \/>\n\t<meta property=\"og:image:height\" content=\"599\" \/>\n\t<meta property=\"og:image:type\" content=\"image\/jpeg\" \/>\n<meta name=\"twitter:card\" content=\"summary_large_image\" \/>\n<meta name=\"twitter:label1\" content=\"Gesch\u00e4tzte Lesezeit\" \/>\n\t<meta name=\"twitter:data1\" content=\"2\u00a0Minuten\" \/>\n<script type=\"application\/ld+json\" class=\"yoast-schema-graph\">{\"@context\":\"https:\/\/schema.org\",\"@graph\":[{\"@type\":\"WebPage\",\"@id\":\"https:\/\/guidetogreenland.com\/de\/buch-reisen-urlaub\/mitternachtsfahrt-zum-ilulissat-eisfjord-ilulissat-diskobucht\/\",\"url\":\"https:\/\/guidetogreenland.com\/de\/buch-reisen-urlaub\/mitternachtsfahrt-zum-ilulissat-eisfjord-ilulissat-diskobucht\/\",\"name\":\"Mitternachtsfahrt zum Ilulissat-Eisfjord | Guide to Greenland\",\"isPartOf\":{\"@id\":\"https:\/\/guidetogreenland.com\/de\/#website\"},\"primaryImageOfPage\":{\"@id\":\"https:\/\/guidetogreenland.com\/de\/buch-reisen-urlaub\/mitternachtsfahrt-zum-ilulissat-eisfjord-ilulissat-diskobucht\/#primaryimage\"},\"image\":{\"@id\":\"https:\/\/guidetogreenland.com\/de\/buch-reisen-urlaub\/mitternachtsfahrt-zum-ilulissat-eisfjord-ilulissat-diskobucht\/#primaryimage\"},\"thumbnailUrl\":\"https:\/\/guidetogreenland.com\/wp-content\/uploads\/2020\/05\/midnight-cruise-to-ilulissat-icefjord-ilulissat-disko-bay-Guide-to-Greenland-1.jpg\",\"datePublished\":\"2024-11-22T11:27:38+00:00\",\"dateModified\":\"2025-09-26T15:14:07+00:00\",\"breadcrumb\":{\"@id\":\"https:\/\/guidetogreenland.com\/de\/buch-reisen-urlaub\/mitternachtsfahrt-zum-ilulissat-eisfjord-ilulissat-diskobucht\/#breadcrumb\"},\"inLanguage\":\"de\",\"potentialAction\":[{\"@type\":\"ReadAction\",\"target\":[\"https:\/\/guidetogreenland.com\/de\/buch-reisen-urlaub\/mitternachtsfahrt-zum-ilulissat-eisfjord-ilulissat-diskobucht\/\"]}]},{\"@type\":\"ImageObject\",\"inLanguage\":\"de\",\"@id\":\"https:\/\/guidetogreenland.com\/de\/buch-reisen-urlaub\/mitternachtsfahrt-zum-ilulissat-eisfjord-ilulissat-diskobucht\/#primaryimage\",\"url\":\"https:\/\/guidetogreenland.com\/wp-content\/uploads\/2020\/05\/midnight-cruise-to-ilulissat-icefjord-ilulissat-disko-bay-Guide-to-Greenland-1.jpg\",\"contentUrl\":\"https:\/\/guidetogreenland.com\/wp-content\/uploads\/2020\/05\/midnight-cruise-to-ilulissat-icefjord-ilulissat-disko-bay-Guide-to-Greenland-1.jpg\",\"width\":798,\"height\":599},{\"@type\":\"BreadcrumbList\",\"@id\":\"https:\/\/guidetogreenland.com\/de\/buch-reisen-urlaub\/mitternachtsfahrt-zum-ilulissat-eisfjord-ilulissat-diskobucht\/#breadcrumb\",\"itemListElement\":[{\"@type\":\"ListItem\",\"position\":1,\"name\":\"Home\",\"item\":\"https:\/\/guidetogreenland.com\/de\/\"},{\"@type\":\"ListItem\",\"position\":2,\"name\":\"Alle Touren anzeigen\",\"item\":\"https:\/\/guidetogreenland.com\/de\/buch-reisen-urlaub\/\"},{\"@type\":\"ListItem\",\"position\":3,\"name\":\"Mitternachtsfahrt zum Ilulissat-Eisfjord | Ilulissat | Diskobucht\"}]},{\"@type\":\"WebSite\",\"@id\":\"https:\/\/guidetogreenland.com\/de\/#website\",\"url\":\"https:\/\/guidetogreenland.com\/de\/\",\"name\":\"Guide to Greenland\",\"description\":\"Largest selection of tours in Greenland\",\"potentialAction\":[{\"@type\":\"SearchAction\",\"target\":{\"@type\":\"EntryPoint\",\"urlTemplate\":\"https:\/\/guidetogreenland.com\/de\/?s={search_term_string}\"},\"query-input\":{\"@type\":\"PropertyValueSpecification\",\"valueRequired\":true,\"valueName\":\"search_term_string\"}}],\"inLanguage\":\"de\"}]}<\/script>\n<!-- \/ Yoast SEO plugin. -->","yoast_head_json":{"title":"Mitternachtsfahrt zum Ilulissat-Eisfjord | Guide to Greenland","robots":{"index":"index","follow":"follow","max-snippet":"max-snippet:-1","max-image-preview":"max-image-preview:large","max-video-preview":"max-video-preview:-1"},"canonical":"https:\/\/guidetogreenland.com\/de\/buch-reisen-urlaub\/mitternachtsfahrt-zum-ilulissat-eisfjord-ilulissat-diskobucht\/","og_locale":"de_DE","og_type":"article","og_title":"Mitternachtsfahrt zum Ilulissat-Eisfjord | Guide to Greenland","og_description":"Erleben Sie die unvergesslichen Eisberge von Ilulissat bei dieser zweist\u00fcndigen Bootstour! Bewundern Sie auf dieser aufregenden Abendtour die gro\u00dfen Eisberge unter den roten und orangefarbenen Strahlen der ewig scheinenden arktischen Mitternachtssonne. Genie\u00dfen Sie das arktische Ph\u00e4nomen der ewig scheinende Mitternachtssonne. Die Kombination aus dem bezaubernden Eisfjord und der Mitternachtssonne ist ein Erlebnis, an das Sie...","og_url":"https:\/\/guidetogreenland.com\/de\/buch-reisen-urlaub\/mitternachtsfahrt-zum-ilulissat-eisfjord-ilulissat-diskobucht\/","og_site_name":"Guide to Greenland","article_modified_time":"2025-09-26T15:14:07+00:00","og_image":[{"width":798,"height":599,"url":"https:\/\/guidetogreenland.com\/wp-content\/uploads\/2020\/05\/midnight-cruise-to-ilulissat-icefjord-ilulissat-disko-bay-Guide-to-Greenland-1.jpg","type":"image\/jpeg"}],"twitter_card":"summary_large_image","twitter_misc":{"Gesch\u00e4tzte Lesezeit":"2\u00a0Minuten"},"schema":{"@context":"https:\/\/schema.org","@graph":[{"@type":"WebPage","@id":"https:\/\/guidetogreenland.com\/de\/buch-reisen-urlaub\/mitternachtsfahrt-zum-ilulissat-eisfjord-ilulissat-diskobucht\/","url":"https:\/\/guidetogreenland.com\/de\/buch-reisen-urlaub\/mitternachtsfahrt-zum-ilulissat-eisfjord-ilulissat-diskobucht\/","name":"Mitternachtsfahrt zum Ilulissat-Eisfjord | Guide to Greenland","isPartOf":{"@id":"https:\/\/guidetogreenland.com\/de\/#website"},"primaryImageOfPage":{"@id":"https:\/\/guidetogreenland.com\/de\/buch-reisen-urlaub\/mitternachtsfahrt-zum-ilulissat-eisfjord-ilulissat-diskobucht\/#primaryimage"},"image":{"@id":"https:\/\/guidetogreenland.com\/de\/buch-reisen-urlaub\/mitternachtsfahrt-zum-ilulissat-eisfjord-ilulissat-diskobucht\/#primaryimage"},"thumbnailUrl":"https:\/\/guidetogreenland.com\/wp-content\/uploads\/2020\/05\/midnight-cruise-to-ilulissat-icefjord-ilulissat-disko-bay-Guide-to-Greenland-1.jpg","datePublished":"2024-11-22T11:27:38+00:00","dateModified":"2025-09-26T15:14:07+00:00","breadcrumb":{"@id":"https:\/\/guidetogreenland.com\/de\/buch-reisen-urlaub\/mitternachtsfahrt-zum-ilulissat-eisfjord-ilulissat-diskobucht\/#breadcrumb"},"inLanguage":"de","potentialAction":[{"@type":"ReadAction","target":["https:\/\/guidetogreenland.com\/de\/buch-reisen-urlaub\/mitternachtsfahrt-zum-ilulissat-eisfjord-ilulissat-diskobucht\/"]}]},{"@type":"ImageObject","inLanguage":"de","@id":"https:\/\/guidetogreenland.com\/de\/buch-reisen-urlaub\/mitternachtsfahrt-zum-ilulissat-eisfjord-ilulissat-diskobucht\/#primaryimage","url":"https:\/\/guidetogreenland.com\/wp-content\/uploads\/2020\/05\/midnight-cruise-to-ilulissat-icefjord-ilulissat-disko-bay-Guide-to-Greenland-1.jpg","contentUrl":"https:\/\/guidetogreenland.com\/wp-content\/uploads\/2020\/05\/midnight-cruise-to-ilulissat-icefjord-ilulissat-disko-bay-Guide-to-Greenland-1.jpg","width":798,"height":599},{"@type":"BreadcrumbList","@id":"https:\/\/guidetogreenland.com\/de\/buch-reisen-urlaub\/mitternachtsfahrt-zum-ilulissat-eisfjord-ilulissat-diskobucht\/#breadcrumb","itemListElement":[{"@type":"ListItem","position":1,"name":"Home","item":"https:\/\/guidetogreenland.com\/de\/"},{"@type":"ListItem","position":2,"name":"Alle Touren anzeigen","item":"https:\/\/guidetogreenland.com\/de\/buch-reisen-urlaub\/"},{"@type":"ListItem","position":3,"name":"Mitternachtsfahrt zum Ilulissat-Eisfjord | Ilulissat | Diskobucht"}]},{"@type":"WebSite","@id":"https:\/\/guidetogreenland.com\/de\/#website","url":"https:\/\/guidetogreenland.com\/de\/","name":"Guide to Greenland","description":"Largest selection of tours in Greenland","potentialAction":[{"@type":"SearchAction","target":{"@type":"EntryPoint","urlTemplate":"https:\/\/guidetogreenland.com\/de\/?s={search_term_string}"},"query-input":{"@type":"PropertyValueSpecification","valueRequired":true,"valueName":"search_term_string"}}],"inLanguage":"de"}]}},"_links":{"self":[{"href":"https:\/\/guidetogreenland.com\/de\/wp-json\/wp\/v2\/product\/61903","targetHints":{"allow":["GET"]}}],"collection":[{"href":"https:\/\/guidetogreenland.com\/de\/wp-json\/wp\/v2\/product"}],"about":[{"href":"https:\/\/guidetogreenland.com\/de\/wp-json\/wp\/v2\/types\/product"}],"replies":[{"embeddable":true,"href":"https:\/\/guidetogreenland.com\/de\/wp-json\/wp\/v2\/comments?post=61903"}],"wp:featuredmedia":[{"embeddable":true,"href":"https:\/\/guidetogreenland.com\/de\/wp-json\/wp\/v2\/media\/44014"}],"wp:attachment":[{"href":"https:\/\/guidetogreenland.com\/de\/wp-json\/wp\/v2\/media?parent=61903"}],"wp:term":[{"taxonomy":"product_brand","embeddable":true,"href":"https:\/\/guidetogreenland.com\/de\/wp-json\/wp\/v2\/product_brand?post=61903"},{"taxonomy":"product_cat","embeddable":true,"href":"https:\/\/guidetogreenland.com\/de\/wp-json\/wp\/v2\/product_cat?post=61903"},{"taxonomy":"product_tag","embeddable":true,"href":"https:\/\/guidetogreenland.com\/de\/wp-json\/wp\/v2\/product_tag?post=61903"}],"curies":[{"name":"wp","href":"https:\/\/api.w.org\/{rel}","templated":true}]}}