{"id":61906,"date":"2020-05-14T13:44:21","date_gmt":"2024-11-22T11:28:14","guid":{"rendered":"https:\/\/guidetogreenland.com\/?post_type=product&#038;p=61906"},"modified":"2025-06-27T05:44:28","modified_gmt":"2025-06-27T08:44:28","slug":"kuannit-wanderung-qeqertarsuaq-disko-bay","status":"publish","type":"product","link":"https:\/\/guidetogreenland.com\/de\/buch-reisen-urlaub\/kuannit-wanderung-qeqertarsuaq-disko-bay\/","title":{"rendered":"Kuannit-Wanderung | Qeqertarsuaq | Disko Bay"},"content":{"rendered":"<p>Kommen Sie mit auf diese sch\u00f6ne Wanderung auf Qeqertarsuaq, der Disko Island. Kuannit ist das gr\u00f6nl\u00e4ndische Wort f\u00fcr die Pflanze &#8222;Engelwurz&#8220;, und diese Wanderung f\u00fchrt zu einem Gebiet au\u00dferhalb des Dorfes, in dem die Einheimischen normalerweise Engelwurz sammeln, die entweder als Snack gegessen oder in traditionellen gr\u00f6nl\u00e4ndischen Gerichten verwendet wird. Die Wanderung f\u00fchrt durch eine atemberaubende Landschaft, in der Sie gute Chancen haben, Wale in der Disko Bay zu beobachten.<\/p>\n<p>Abgesehen von den Chancen, Wale zu ersp\u00e4hen, werden Sie mit Sicherheit sehen, wie all die sch\u00f6nen gr\u00f6nl\u00e4ndischen Sommerblumen den Weg f\u00e4rben und einen sch\u00f6nen Kontrast zur Basaltlandschaft bilden.<\/p>\n<p>Geologisch gesehen ist Disko Island einzigartig und unterscheidet sich stark vom gr\u00f6nl\u00e4ndischen Festland, da die Insel viel j\u00fcnger ist als der Rest des Landes. Ein gro\u00dfer Teil der Insel besteht aus hohen, steilen Bergen und in der Mitte der Insel befindet sich der Lyngmark-Gletscher. Auf Gr\u00f6nl\u00e4ndisch bedeutet Qeqertarsuaq &#8222;die gro\u00dfe Insel&#8220;.<\/p>\n<p>Obwohl die Insel selbst geologisch gesehen j\u00fcnger ist als das Festland, ist das Dorf Qeqertarsuaq eine der \u00e4ltesten Siedlungen in Gr\u00f6nland, die auf das Jahr 1773 zur\u00fcckgeht. Heute leben hier etwa 1000 Einwohner.<\/p>\n<p>Genie\u00dfen Sie die wundersch\u00f6ne Landschaft, die Sie nirgendwo sonst in Gr\u00f6nland finden werden, indem Sie Ihr Wunschdatum ausw\u00e4hlen und auf Jetzt buchen klicken.<\/p>\n","protected":false},"excerpt":{"rendered":"Kommen Sie mit auf diese sch\u00f6ne Wanderung auf Qeqertarsuaq, der Disko Island. Kuannit ist das gr\u00f6nl\u00e4ndische Wort f\u00fcr die Pflanze &#8222;Engelwurz&#8220;, und diese Wanderung f\u00fchrt zu einem Gebiet au\u00dferhalb des Dorfes, in dem die Einheimischen normalerweise Engelwurz sammeln, die entweder als Snack gegessen oder in traditionellen gr\u00f6nl\u00e4ndischen Gerichten verwendet wird. Die Wanderung f\u00fchrt durch eine&#8230;","protected":false},"featured_media":43992,"comment_status":"open","ping_status":"closed","template":"","meta":[],"product_brand":[],"product_cat":[1136,1185,1189,1254,1188,1186,1194,1253],"product_tag":[1255],"class_list":{"0":"post-61906","1":"product","2":"type-product","3":"status-publish","4":"has-post-thumbnail","6":"product_cat-abenteuer-in-gronland","7":"product_cat-arktische-natur-und-tierwelt","8":"product_cat-diskobucht-touren","9":"product_cat-qeqertarsuaq-touren","10":"product_cat-reiseziel-touren","11":"product_cat-tagestouren-im-sommer","12":"product_cat-touren-nach-region","13":"product_cat-wandern-trekking-touren","14":"product_tag-qeqertarsuaq-de","15":"pa_activities-eiskappen-gletscherwanderung-de","16":"pa_activities-wandern-de","17":"pa_attractions-diskobucht","18":"pa_available-month-juni","19":"pa_available-month-juli","20":"pa_available-month-august-de","21":"pa_available-month-september-de","22":"pa_destinations-qeqertarsuaq-de","23":"pa_difficulty-maessig","24":"pa_duration-4-stunden","25":"pa_tour-type-tagestour","26":"yith_shop_vendor-hotel-disko-island-de","28":"first","29":"instock","30":"virtual","31":"sold-individually","32":"purchasable","33":"product-type-booking"},"acf":[],"yoast_head":"<!-- This site is optimized with the Yoast SEO plugin v25.6 - https:\/\/yoast.com\/wordpress\/plugins\/seo\/ -->\n<title>Kuannit-Wanderung | Disko Bay | Guide to Greenland<\/title>\n<meta name=\"robots\" content=\"index, follow, max-snippet:-1, max-image-preview:large, max-video-preview:-1\" \/>\n<link rel=\"canonical\" href=\"https:\/\/guidetogreenland.com\/de\/buch-reisen-urlaub\/kuannit-wanderung-qeqertarsuaq-disko-bay\/\" \/>\n<meta property=\"og:locale\" content=\"de_DE\" \/>\n<meta property=\"og:type\" content=\"article\" \/>\n<meta property=\"og:title\" content=\"Kuannit-Wanderung | Disko Bay | Guide to Greenland\" \/>\n<meta property=\"og:description\" content=\"Kommen Sie mit auf diese sch\u00f6ne Wanderung auf Qeqertarsuaq, der Disko Island. Kuannit ist das gr\u00f6nl\u00e4ndische Wort f\u00fcr die Pflanze &#8222;Engelwurz&#8220;, und diese Wanderung f\u00fchrt zu einem Gebiet au\u00dferhalb des Dorfes, in dem die Einheimischen normalerweise Engelwurz sammeln, die entweder als Snack gegessen oder in traditionellen gr\u00f6nl\u00e4ndischen Gerichten verwendet wird. Die Wanderung f\u00fchrt durch eine...\" \/>\n<meta property=\"og:url\" content=\"https:\/\/guidetogreenland.com\/de\/buch-reisen-urlaub\/kuannit-wanderung-qeqertarsuaq-disko-bay\/\" \/>\n<meta property=\"og:site_name\" content=\"Guide to Greenland\" \/>\n<meta property=\"article:modified_time\" content=\"2025-06-27T08:44:28+00:00\" \/>\n<meta property=\"og:image\" content=\"https:\/\/guidetogreenland.com\/wp-content\/uploads\/2020\/05\/kuannit-hike-qeqertarsuaq-disko-bay-Guide-to-Greenland-1.jpg\" \/>\n\t<meta property=\"og:image:width\" content=\"926\" \/>\n\t<meta property=\"og:image:height\" content=\"520\" \/>\n\t<meta property=\"og:image:type\" content=\"image\/jpeg\" \/>\n<meta name=\"twitter:card\" content=\"summary_large_image\" \/>\n<meta name=\"twitter:label1\" content=\"Gesch\u00e4tzte Lesezeit\" \/>\n\t<meta name=\"twitter:data1\" content=\"1\u00a0Minute\" \/>\n<script type=\"application\/ld+json\" class=\"yoast-schema-graph\">{\"@context\":\"https:\/\/schema.org\",\"@graph\":[{\"@type\":\"WebPage\",\"@id\":\"https:\/\/guidetogreenland.com\/de\/buch-reisen-urlaub\/kuannit-wanderung-qeqertarsuaq-disko-bay\/\",\"url\":\"https:\/\/guidetogreenland.com\/de\/buch-reisen-urlaub\/kuannit-wanderung-qeqertarsuaq-disko-bay\/\",\"name\":\"Kuannit-Wanderung | Disko Bay | Guide to Greenland\",\"isPartOf\":{\"@id\":\"https:\/\/guidetogreenland.com\/de\/#website\"},\"primaryImageOfPage\":{\"@id\":\"https:\/\/guidetogreenland.com\/de\/buch-reisen-urlaub\/kuannit-wanderung-qeqertarsuaq-disko-bay\/#primaryimage\"},\"image\":{\"@id\":\"https:\/\/guidetogreenland.com\/de\/buch-reisen-urlaub\/kuannit-wanderung-qeqertarsuaq-disko-bay\/#primaryimage\"},\"thumbnailUrl\":\"https:\/\/guidetogreenland.com\/wp-content\/uploads\/2020\/05\/kuannit-hike-qeqertarsuaq-disko-bay-Guide-to-Greenland-1.jpg\",\"datePublished\":\"2024-11-22T11:28:14+00:00\",\"dateModified\":\"2025-06-27T08:44:28+00:00\",\"breadcrumb\":{\"@id\":\"https:\/\/guidetogreenland.com\/de\/buch-reisen-urlaub\/kuannit-wanderung-qeqertarsuaq-disko-bay\/#breadcrumb\"},\"inLanguage\":\"de\",\"potentialAction\":[{\"@type\":\"ReadAction\",\"target\":[\"https:\/\/guidetogreenland.com\/de\/buch-reisen-urlaub\/kuannit-wanderung-qeqertarsuaq-disko-bay\/\"]}]},{\"@type\":\"ImageObject\",\"inLanguage\":\"de\",\"@id\":\"https:\/\/guidetogreenland.com\/de\/buch-reisen-urlaub\/kuannit-wanderung-qeqertarsuaq-disko-bay\/#primaryimage\",\"url\":\"https:\/\/guidetogreenland.com\/wp-content\/uploads\/2020\/05\/kuannit-hike-qeqertarsuaq-disko-bay-Guide-to-Greenland-1.jpg\",\"contentUrl\":\"https:\/\/guidetogreenland.com\/wp-content\/uploads\/2020\/05\/kuannit-hike-qeqertarsuaq-disko-bay-Guide-to-Greenland-1.jpg\",\"width\":926,\"height\":520},{\"@type\":\"BreadcrumbList\",\"@id\":\"https:\/\/guidetogreenland.com\/de\/buch-reisen-urlaub\/kuannit-wanderung-qeqertarsuaq-disko-bay\/#breadcrumb\",\"itemListElement\":[{\"@type\":\"ListItem\",\"position\":1,\"name\":\"Home\",\"item\":\"https:\/\/guidetogreenland.com\/de\/\"},{\"@type\":\"ListItem\",\"position\":2,\"name\":\"Alle Touren anzeigen\",\"item\":\"https:\/\/guidetogreenland.com\/de\/buch-reisen-urlaub\/\"},{\"@type\":\"ListItem\",\"position\":3,\"name\":\"Kuannit-Wanderung | Qeqertarsuaq | Disko Bay\"}]},{\"@type\":\"WebSite\",\"@id\":\"https:\/\/guidetogreenland.com\/de\/#website\",\"url\":\"https:\/\/guidetogreenland.com\/de\/\",\"name\":\"Guide to Greenland\",\"description\":\"Largest selection of tours in Greenland\",\"potentialAction\":[{\"@type\":\"SearchAction\",\"target\":{\"@type\":\"EntryPoint\",\"urlTemplate\":\"https:\/\/guidetogreenland.com\/de\/?s={search_term_string}\"},\"query-input\":{\"@type\":\"PropertyValueSpecification\",\"valueRequired\":true,\"valueName\":\"search_term_string\"}}],\"inLanguage\":\"de\"}]}<\/script>\n<!-- \/ Yoast SEO plugin. -->","yoast_head_json":{"title":"Kuannit-Wanderung | Disko Bay | Guide to Greenland","robots":{"index":"index","follow":"follow","max-snippet":"max-snippet:-1","max-image-preview":"max-image-preview:large","max-video-preview":"max-video-preview:-1"},"canonical":"https:\/\/guidetogreenland.com\/de\/buch-reisen-urlaub\/kuannit-wanderung-qeqertarsuaq-disko-bay\/","og_locale":"de_DE","og_type":"article","og_title":"Kuannit-Wanderung | Disko Bay | Guide to Greenland","og_description":"Kommen Sie mit auf diese sch\u00f6ne Wanderung auf Qeqertarsuaq, der Disko Island. Kuannit ist das gr\u00f6nl\u00e4ndische Wort f\u00fcr die Pflanze &#8222;Engelwurz&#8220;, und diese Wanderung f\u00fchrt zu einem Gebiet au\u00dferhalb des Dorfes, in dem die Einheimischen normalerweise Engelwurz sammeln, die entweder als Snack gegessen oder in traditionellen gr\u00f6nl\u00e4ndischen Gerichten verwendet wird. Die Wanderung f\u00fchrt durch eine...","og_url":"https:\/\/guidetogreenland.com\/de\/buch-reisen-urlaub\/kuannit-wanderung-qeqertarsuaq-disko-bay\/","og_site_name":"Guide to Greenland","article_modified_time":"2025-06-27T08:44:28+00:00","og_image":[{"width":926,"height":520,"url":"https:\/\/guidetogreenland.com\/wp-content\/uploads\/2020\/05\/kuannit-hike-qeqertarsuaq-disko-bay-Guide-to-Greenland-1.jpg","type":"image\/jpeg"}],"twitter_card":"summary_large_image","twitter_misc":{"Gesch\u00e4tzte Lesezeit":"1\u00a0Minute"},"schema":{"@context":"https:\/\/schema.org","@graph":[{"@type":"WebPage","@id":"https:\/\/guidetogreenland.com\/de\/buch-reisen-urlaub\/kuannit-wanderung-qeqertarsuaq-disko-bay\/","url":"https:\/\/guidetogreenland.com\/de\/buch-reisen-urlaub\/kuannit-wanderung-qeqertarsuaq-disko-bay\/","name":"Kuannit-Wanderung | Disko Bay | Guide to Greenland","isPartOf":{"@id":"https:\/\/guidetogreenland.com\/de\/#website"},"primaryImageOfPage":{"@id":"https:\/\/guidetogreenland.com\/de\/buch-reisen-urlaub\/kuannit-wanderung-qeqertarsuaq-disko-bay\/#primaryimage"},"image":{"@id":"https:\/\/guidetogreenland.com\/de\/buch-reisen-urlaub\/kuannit-wanderung-qeqertarsuaq-disko-bay\/#primaryimage"},"thumbnailUrl":"https:\/\/guidetogreenland.com\/wp-content\/uploads\/2020\/05\/kuannit-hike-qeqertarsuaq-disko-bay-Guide-to-Greenland-1.jpg","datePublished":"2024-11-22T11:28:14+00:00","dateModified":"2025-06-27T08:44:28+00:00","breadcrumb":{"@id":"https:\/\/guidetogreenland.com\/de\/buch-reisen-urlaub\/kuannit-wanderung-qeqertarsuaq-disko-bay\/#breadcrumb"},"inLanguage":"de","potentialAction":[{"@type":"ReadAction","target":["https:\/\/guidetogreenland.com\/de\/buch-reisen-urlaub\/kuannit-wanderung-qeqertarsuaq-disko-bay\/"]}]},{"@type":"ImageObject","inLanguage":"de","@id":"https:\/\/guidetogreenland.com\/de\/buch-reisen-urlaub\/kuannit-wanderung-qeqertarsuaq-disko-bay\/#primaryimage","url":"https:\/\/guidetogreenland.com\/wp-content\/uploads\/2020\/05\/kuannit-hike-qeqertarsuaq-disko-bay-Guide-to-Greenland-1.jpg","contentUrl":"https:\/\/guidetogreenland.com\/wp-content\/uploads\/2020\/05\/kuannit-hike-qeqertarsuaq-disko-bay-Guide-to-Greenland-1.jpg","width":926,"height":520},{"@type":"BreadcrumbList","@id":"https:\/\/guidetogreenland.com\/de\/buch-reisen-urlaub\/kuannit-wanderung-qeqertarsuaq-disko-bay\/#breadcrumb","itemListElement":[{"@type":"ListItem","position":1,"name":"Home","item":"https:\/\/guidetogreenland.com\/de\/"},{"@type":"ListItem","position":2,"name":"Alle Touren anzeigen","item":"https:\/\/guidetogreenland.com\/de\/buch-reisen-urlaub\/"},{"@type":"ListItem","position":3,"name":"Kuannit-Wanderung | Qeqertarsuaq | Disko Bay"}]},{"@type":"WebSite","@id":"https:\/\/guidetogreenland.com\/de\/#website","url":"https:\/\/guidetogreenland.com\/de\/","name":"Guide to Greenland","description":"Largest selection of tours in Greenland","potentialAction":[{"@type":"SearchAction","target":{"@type":"EntryPoint","urlTemplate":"https:\/\/guidetogreenland.com\/de\/?s={search_term_string}"},"query-input":{"@type":"PropertyValueSpecification","valueRequired":true,"valueName":"search_term_string"}}],"inLanguage":"de"}]}},"_links":{"self":[{"href":"https:\/\/guidetogreenland.com\/de\/wp-json\/wp\/v2\/product\/61906","targetHints":{"allow":["GET"]}}],"collection":[{"href":"https:\/\/guidetogreenland.com\/de\/wp-json\/wp\/v2\/product"}],"about":[{"href":"https:\/\/guidetogreenland.com\/de\/wp-json\/wp\/v2\/types\/product"}],"replies":[{"embeddable":true,"href":"https:\/\/guidetogreenland.com\/de\/wp-json\/wp\/v2\/comments?post=61906"}],"wp:featuredmedia":[{"embeddable":true,"href":"https:\/\/guidetogreenland.com\/de\/wp-json\/wp\/v2\/media\/43992"}],"wp:attachment":[{"href":"https:\/\/guidetogreenland.com\/de\/wp-json\/wp\/v2\/media?parent=61906"}],"wp:term":[{"taxonomy":"product_brand","embeddable":true,"href":"https:\/\/guidetogreenland.com\/de\/wp-json\/wp\/v2\/product_brand?post=61906"},{"taxonomy":"product_cat","embeddable":true,"href":"https:\/\/guidetogreenland.com\/de\/wp-json\/wp\/v2\/product_cat?post=61906"},{"taxonomy":"product_tag","embeddable":true,"href":"https:\/\/guidetogreenland.com\/de\/wp-json\/wp\/v2\/product_tag?post=61906"}],"curies":[{"name":"wp","href":"https:\/\/api.w.org\/{rel}","templated":true}]}}