{"id":61910,"date":"2020-05-12T16:04:07","date_gmt":"2024-11-22T11:28:34","guid":{"rendered":"https:\/\/guidetogreenland.com\/?post_type=product&#038;p=61910"},"modified":"2025-06-27T05:44:24","modified_gmt":"2025-06-27T08:44:24","slug":"bootsfahrt-zum-geisterdorf-sisimiut-westgroenland","status":"publish","type":"product","link":"https:\/\/guidetogreenland.com\/de\/buch-reisen-urlaub\/bootsfahrt-zum-geisterdorf-sisimiut-westgronland\/","title":{"rendered":"Bootsfahrt zum Geisterdorf | Sisimiut | Westgr\u00f6nland"},"content":{"rendered":"<p><span style=\"font-weight: 400;\">Kommen Sie mit auf ein Abenteuer zu Wasser und zu Land und erkunden Sie das Geisterdorf Assaqutaq! Bei einer Bootstour k\u00f6nnen Sie Abenteuer au\u00dferhalb der Stadt erleben und Spa\u00df ist immer garantiert. Diese Tour ist f\u00fcr Sie ideal, wenn Sie nach Spuren vergangener Zeiten und gr\u00f6nl\u00e4ndischer Kultur suchen, von Inuit-Ruinen bis hin zu verlassenen Siedlungen!<\/span><\/p>\n<p><span style=\"font-weight: 400;\">Assaqutaq liegt etwa 10 Kilometer mit dem Boot von Sisimiut entfernt am Fu\u00dfe der S\u00fcdseite des wundersch\u00f6nen Berges Nasaasaq.<\/span><\/p>\n<p><span style=\"font-weight: 400;\">Assaqutaq ist eine verlassene Siedlung, die in den 1970er Jahren von ihrem letzten Bewohner verlassen wurde. In den 1950er bis 1970er Jahren kam es in mehreren gr\u00f6nl\u00e4ndischen Siedlungen zu einer Entv\u00f6lkerung, da die Menschen gezwungen waren, in die gr\u00f6\u00dferen St\u00e4dte zu ziehen. Assaqutaq ist ein sichtbares Zeichen f\u00fcr die Industrialisierung in der Kolonialzeit.<\/span><\/p>\n<p><span style=\"font-weight: 400;\">Die Siedlung erwacht im Sommer zum Leben, wenn sie als Ort f\u00fcr Sommercamps genutzt wird, die von den \u00f6rtlichen Grundschulen veranstaltet werden. Abgesehen von den Schulkindern genie\u00dfen auch die Einheimischen die Siedlung im Sommer, da sie ein Ort zum Fischen von Ammassat (Lodde\/Kapelan) ist, der als Nahrung f\u00fcr die vielen Schlittenhunde in Sisimiut dient und auch von den Gr\u00f6nl\u00e4ndern als Snack genossen wird.<\/span><\/p>\n<p><span style=\"font-weight: 400;\">Wenn Sie in der Siedlung ankommen, k\u00f6nnen Sie sich sicher vorstellen, wie es w\u00e4re, an einem Ort wie diesem zu leben. Wir gehen an Land und spazieren durch die gespenstische Stille der Siedlung. Sie sehen die alte Fischfabrik, die fr\u00fcher voller Leben war. Sie gehen weiter durch die Siedlung und sehen den Ort, an dem das Sommerlager stattfindet, in der bezaubernden alten Kirche.<\/span><\/p>\n<p><span style=\"font-weight: 400;\">Schlie\u00dfen Sie die Augen und stellen Sie sich vor, was aus diesem Ort h\u00e4tte werden k\u00f6nnen, wenn die Bewohner nicht umgesiedelt worden w\u00e4ren.<\/span><\/p>\n<p><span style=\"font-weight: 400;\">In den letzten Sommern gab es gro\u00dfartige Gelegenheiten, die riesigen und wundersch\u00f6nen Buckelwale zu beobachten, die auf dem Weg nach Sisimiut und zur\u00fcck ruhig durch das Wasser gleiten, da sie sehr nah an die K\u00fcste kommen. Diese riesigen, friedlichen Gesch\u00f6pfe kommen im Sommer in die Gew\u00e4sser um Sisimiut, um Ammassat (Lodde\/Kapelan) zu fressen. Dar\u00fcber hinaus besteht bei dieser Exkursion auch die M\u00f6glichkeit, andere Meeress\u00e4uger wie Zwerg- und Finnwale zu beobachten.<\/span><\/p>\n<p><span style=\"font-weight: 400;\">Diese Exkursion hat f\u00fcr jeden etwas zu bieten, da sie eine perfekte Mischung aus Wandern, Segeln, Natur, Kultur und der M\u00f6glichkeit, Wale zu beobachten, darstellt.<\/span><\/p>\n<p><span style=\"font-weight: 400;\">Schn\u00fcren Sie Ihre Wanderschuhe und packen Sie Ihre w\u00e4rmste M\u00fctze ein, f\u00fcr dieses Abenteuer in der Geisterstadt Assaqutaq! Pr\u00fcfen Sie die Verf\u00fcgbarkeit von Buchungen, indem Sie oben auf \u201e<\/span><b>Jetzt buchen<\/b><span style=\"font-weight: 400;\">\u201c klicken.<\/span><\/p>\n","protected":false},"excerpt":{"rendered":"Kommen Sie mit auf ein Abenteuer zu Wasser und zu Land und erkunden Sie das Geisterdorf Assaqutaq! Bei einer Bootstour k\u00f6nnen Sie Abenteuer au\u00dferhalb der Stadt erleben und Spa\u00df ist immer garantiert. Diese Tour ist f\u00fcr Sie ideal, wenn Sie nach Spuren vergangener Zeiten und gr\u00f6nl\u00e4ndischer Kultur suchen, von Inuit-Ruinen bis hin zu verlassenen Siedlungen!&#8230;","protected":false},"featured_media":43739,"comment_status":"open","ping_status":"closed","template":"","meta":[],"product_brand":[],"product_cat":[1136,1159,1283,1281,1410,1186,1262,1232],"product_tag":[1411],"class_list":{"0":"post-61910","1":"product","2":"type-product","3":"status-publish","4":"has-post-thumbnail","6":"product_cat-abenteuer-in-gronland","7":"product_cat-bootstouren-in-groenland","8":"product_cat-historische-touren","9":"product_cat-kulturelle-touren","10":"product_cat-sisimiut-touren","11":"product_cat-tagestouren-im-sommer","12":"product_cat-touren-fur-kreuzfahrtgaste","13":"product_cat-westgronland-touren","14":"product_tag-sisimiut-de","15":"pa_activities-besuch-einer-siedlung-de","16":"pa_activities-bootstour-de","17":"pa_available-month-juni","18":"pa_available-month-juli","19":"pa_available-month-august-de","20":"pa_available-month-september-de","21":"pa_destinations-sisimiut-de","22":"pa_difficulty-leicht","23":"pa_duration-3-stunden","24":"pa_tour-type-tagestour","25":"yith_shop_vendor-hotel-sisimiut-tours-de","27":"first","28":"instock","29":"sold-individually","30":"shipping-taxable","31":"purchasable","32":"product-type-booking"},"acf":[],"yoast_head":"<!-- This site is optimized with the Yoast SEO plugin v25.6 - https:\/\/yoast.com\/wordpress\/plugins\/seo\/ -->\n<title>Bootsfahrt zum Geisterdorf | Sisimiut | Westgr\u00f6nland | Guide to Greenland<\/title>\n<meta name=\"description\" content=\"Nehmen Sie an dieser arktischen Kreuzfahrt zu einer verlassenen Siedlung au\u00dferhalb von Sisimiut teil. Ein Ort, an dem es nur Buckelwale und Lodden gibt.\" \/>\n<meta name=\"robots\" content=\"index, follow, max-snippet:-1, max-image-preview:large, max-video-preview:-1\" \/>\n<link rel=\"canonical\" href=\"https:\/\/guidetogreenland.com\/de\/buch-reisen-urlaub\/bootsfahrt-zum-geisterdorf-sisimiut-westgronland\/\" \/>\n<meta property=\"og:locale\" content=\"de_DE\" \/>\n<meta property=\"og:type\" content=\"article\" \/>\n<meta property=\"og:title\" content=\"Bootsfahrt zum Geisterdorf | Sisimiut | Westgr\u00f6nland | Guide to Greenland\" \/>\n<meta property=\"og:description\" content=\"Nehmen Sie an dieser arktischen Kreuzfahrt zu einer verlassenen Siedlung au\u00dferhalb von Sisimiut teil. Ein Ort, an dem es nur Buckelwale und Lodden gibt.\" \/>\n<meta property=\"og:url\" content=\"https:\/\/guidetogreenland.com\/de\/buch-reisen-urlaub\/bootsfahrt-zum-geisterdorf-sisimiut-westgronland\/\" \/>\n<meta property=\"og:site_name\" content=\"Guide to Greenland\" \/>\n<meta property=\"article:modified_time\" content=\"2025-06-27T08:44:24+00:00\" \/>\n<meta property=\"og:image\" content=\"https:\/\/guidetogreenland.com\/wp-content\/uploads\/2020\/05\/ghost-village-boat-cruise-sisimiut-west-greenland-Guide-to-Greenland13.jpg\" \/>\n\t<meta property=\"og:image:width\" content=\"798\" \/>\n\t<meta property=\"og:image:height\" content=\"532\" \/>\n\t<meta property=\"og:image:type\" content=\"image\/jpeg\" \/>\n<meta name=\"twitter:card\" content=\"summary_large_image\" \/>\n<meta name=\"twitter:label1\" content=\"Gesch\u00e4tzte Lesezeit\" \/>\n\t<meta name=\"twitter:data1\" content=\"2\u00a0Minuten\" \/>\n<script type=\"application\/ld+json\" class=\"yoast-schema-graph\">{\"@context\":\"https:\/\/schema.org\",\"@graph\":[{\"@type\":\"WebPage\",\"@id\":\"https:\/\/guidetogreenland.com\/de\/buch-reisen-urlaub\/bootsfahrt-zum-geisterdorf-sisimiut-westgronland\/\",\"url\":\"https:\/\/guidetogreenland.com\/de\/buch-reisen-urlaub\/bootsfahrt-zum-geisterdorf-sisimiut-westgronland\/\",\"name\":\"Bootsfahrt zum Geisterdorf | Sisimiut | Westgr\u00f6nland | Guide to Greenland\",\"isPartOf\":{\"@id\":\"https:\/\/guidetogreenland.com\/de\/#website\"},\"primaryImageOfPage\":{\"@id\":\"https:\/\/guidetogreenland.com\/de\/buch-reisen-urlaub\/bootsfahrt-zum-geisterdorf-sisimiut-westgronland\/#primaryimage\"},\"image\":{\"@id\":\"https:\/\/guidetogreenland.com\/de\/buch-reisen-urlaub\/bootsfahrt-zum-geisterdorf-sisimiut-westgronland\/#primaryimage\"},\"thumbnailUrl\":\"https:\/\/guidetogreenland.com\/wp-content\/uploads\/2020\/05\/ghost-village-boat-cruise-sisimiut-west-greenland-Guide-to-Greenland13.jpg\",\"datePublished\":\"2024-11-22T11:28:34+00:00\",\"dateModified\":\"2025-06-27T08:44:24+00:00\",\"description\":\"Nehmen Sie an dieser arktischen Kreuzfahrt zu einer verlassenen Siedlung au\u00dferhalb von Sisimiut teil. Ein Ort, an dem es nur Buckelwale und Lodden gibt.\",\"breadcrumb\":{\"@id\":\"https:\/\/guidetogreenland.com\/de\/buch-reisen-urlaub\/bootsfahrt-zum-geisterdorf-sisimiut-westgronland\/#breadcrumb\"},\"inLanguage\":\"de\",\"potentialAction\":[{\"@type\":\"ReadAction\",\"target\":[\"https:\/\/guidetogreenland.com\/de\/buch-reisen-urlaub\/bootsfahrt-zum-geisterdorf-sisimiut-westgronland\/\"]}]},{\"@type\":\"ImageObject\",\"inLanguage\":\"de\",\"@id\":\"https:\/\/guidetogreenland.com\/de\/buch-reisen-urlaub\/bootsfahrt-zum-geisterdorf-sisimiut-westgronland\/#primaryimage\",\"url\":\"https:\/\/guidetogreenland.com\/wp-content\/uploads\/2020\/05\/ghost-village-boat-cruise-sisimiut-west-greenland-Guide-to-Greenland13.jpg\",\"contentUrl\":\"https:\/\/guidetogreenland.com\/wp-content\/uploads\/2020\/05\/ghost-village-boat-cruise-sisimiut-west-greenland-Guide-to-Greenland13.jpg\",\"width\":798,\"height\":532},{\"@type\":\"BreadcrumbList\",\"@id\":\"https:\/\/guidetogreenland.com\/de\/buch-reisen-urlaub\/bootsfahrt-zum-geisterdorf-sisimiut-westgronland\/#breadcrumb\",\"itemListElement\":[{\"@type\":\"ListItem\",\"position\":1,\"name\":\"Home\",\"item\":\"https:\/\/guidetogreenland.com\/de\/\"},{\"@type\":\"ListItem\",\"position\":2,\"name\":\"Alle Touren anzeigen\",\"item\":\"https:\/\/guidetogreenland.com\/de\/buch-reisen-urlaub\/\"},{\"@type\":\"ListItem\",\"position\":3,\"name\":\"Bootsfahrt zum Geisterdorf | Sisimiut | Westgr\u00f6nland\"}]},{\"@type\":\"WebSite\",\"@id\":\"https:\/\/guidetogreenland.com\/de\/#website\",\"url\":\"https:\/\/guidetogreenland.com\/de\/\",\"name\":\"Guide to Greenland\",\"description\":\"Largest selection of tours in Greenland\",\"potentialAction\":[{\"@type\":\"SearchAction\",\"target\":{\"@type\":\"EntryPoint\",\"urlTemplate\":\"https:\/\/guidetogreenland.com\/de\/?s={search_term_string}\"},\"query-input\":{\"@type\":\"PropertyValueSpecification\",\"valueRequired\":true,\"valueName\":\"search_term_string\"}}],\"inLanguage\":\"de\"}]}<\/script>\n<!-- \/ Yoast SEO plugin. -->","yoast_head_json":{"title":"Bootsfahrt zum Geisterdorf | Sisimiut | Westgr\u00f6nland | Guide to Greenland","description":"Nehmen Sie an dieser arktischen Kreuzfahrt zu einer verlassenen Siedlung au\u00dferhalb von Sisimiut teil. Ein Ort, an dem es nur Buckelwale und Lodden gibt.","robots":{"index":"index","follow":"follow","max-snippet":"max-snippet:-1","max-image-preview":"max-image-preview:large","max-video-preview":"max-video-preview:-1"},"canonical":"https:\/\/guidetogreenland.com\/de\/buch-reisen-urlaub\/bootsfahrt-zum-geisterdorf-sisimiut-westgronland\/","og_locale":"de_DE","og_type":"article","og_title":"Bootsfahrt zum Geisterdorf | Sisimiut | Westgr\u00f6nland | Guide to Greenland","og_description":"Nehmen Sie an dieser arktischen Kreuzfahrt zu einer verlassenen Siedlung au\u00dferhalb von Sisimiut teil. Ein Ort, an dem es nur Buckelwale und Lodden gibt.","og_url":"https:\/\/guidetogreenland.com\/de\/buch-reisen-urlaub\/bootsfahrt-zum-geisterdorf-sisimiut-westgronland\/","og_site_name":"Guide to Greenland","article_modified_time":"2025-06-27T08:44:24+00:00","og_image":[{"width":798,"height":532,"url":"https:\/\/guidetogreenland.com\/wp-content\/uploads\/2020\/05\/ghost-village-boat-cruise-sisimiut-west-greenland-Guide-to-Greenland13.jpg","type":"image\/jpeg"}],"twitter_card":"summary_large_image","twitter_misc":{"Gesch\u00e4tzte Lesezeit":"2\u00a0Minuten"},"schema":{"@context":"https:\/\/schema.org","@graph":[{"@type":"WebPage","@id":"https:\/\/guidetogreenland.com\/de\/buch-reisen-urlaub\/bootsfahrt-zum-geisterdorf-sisimiut-westgronland\/","url":"https:\/\/guidetogreenland.com\/de\/buch-reisen-urlaub\/bootsfahrt-zum-geisterdorf-sisimiut-westgronland\/","name":"Bootsfahrt zum Geisterdorf | Sisimiut | Westgr\u00f6nland | Guide to Greenland","isPartOf":{"@id":"https:\/\/guidetogreenland.com\/de\/#website"},"primaryImageOfPage":{"@id":"https:\/\/guidetogreenland.com\/de\/buch-reisen-urlaub\/bootsfahrt-zum-geisterdorf-sisimiut-westgronland\/#primaryimage"},"image":{"@id":"https:\/\/guidetogreenland.com\/de\/buch-reisen-urlaub\/bootsfahrt-zum-geisterdorf-sisimiut-westgronland\/#primaryimage"},"thumbnailUrl":"https:\/\/guidetogreenland.com\/wp-content\/uploads\/2020\/05\/ghost-village-boat-cruise-sisimiut-west-greenland-Guide-to-Greenland13.jpg","datePublished":"2024-11-22T11:28:34+00:00","dateModified":"2025-06-27T08:44:24+00:00","description":"Nehmen Sie an dieser arktischen Kreuzfahrt zu einer verlassenen Siedlung au\u00dferhalb von Sisimiut teil. Ein Ort, an dem es nur Buckelwale und Lodden gibt.","breadcrumb":{"@id":"https:\/\/guidetogreenland.com\/de\/buch-reisen-urlaub\/bootsfahrt-zum-geisterdorf-sisimiut-westgronland\/#breadcrumb"},"inLanguage":"de","potentialAction":[{"@type":"ReadAction","target":["https:\/\/guidetogreenland.com\/de\/buch-reisen-urlaub\/bootsfahrt-zum-geisterdorf-sisimiut-westgronland\/"]}]},{"@type":"ImageObject","inLanguage":"de","@id":"https:\/\/guidetogreenland.com\/de\/buch-reisen-urlaub\/bootsfahrt-zum-geisterdorf-sisimiut-westgronland\/#primaryimage","url":"https:\/\/guidetogreenland.com\/wp-content\/uploads\/2020\/05\/ghost-village-boat-cruise-sisimiut-west-greenland-Guide-to-Greenland13.jpg","contentUrl":"https:\/\/guidetogreenland.com\/wp-content\/uploads\/2020\/05\/ghost-village-boat-cruise-sisimiut-west-greenland-Guide-to-Greenland13.jpg","width":798,"height":532},{"@type":"BreadcrumbList","@id":"https:\/\/guidetogreenland.com\/de\/buch-reisen-urlaub\/bootsfahrt-zum-geisterdorf-sisimiut-westgronland\/#breadcrumb","itemListElement":[{"@type":"ListItem","position":1,"name":"Home","item":"https:\/\/guidetogreenland.com\/de\/"},{"@type":"ListItem","position":2,"name":"Alle Touren anzeigen","item":"https:\/\/guidetogreenland.com\/de\/buch-reisen-urlaub\/"},{"@type":"ListItem","position":3,"name":"Bootsfahrt zum Geisterdorf | Sisimiut | Westgr\u00f6nland"}]},{"@type":"WebSite","@id":"https:\/\/guidetogreenland.com\/de\/#website","url":"https:\/\/guidetogreenland.com\/de\/","name":"Guide to Greenland","description":"Largest selection of tours in Greenland","potentialAction":[{"@type":"SearchAction","target":{"@type":"EntryPoint","urlTemplate":"https:\/\/guidetogreenland.com\/de\/?s={search_term_string}"},"query-input":{"@type":"PropertyValueSpecification","valueRequired":true,"valueName":"search_term_string"}}],"inLanguage":"de"}]}},"_links":{"self":[{"href":"https:\/\/guidetogreenland.com\/de\/wp-json\/wp\/v2\/product\/61910","targetHints":{"allow":["GET"]}}],"collection":[{"href":"https:\/\/guidetogreenland.com\/de\/wp-json\/wp\/v2\/product"}],"about":[{"href":"https:\/\/guidetogreenland.com\/de\/wp-json\/wp\/v2\/types\/product"}],"replies":[{"embeddable":true,"href":"https:\/\/guidetogreenland.com\/de\/wp-json\/wp\/v2\/comments?post=61910"}],"wp:featuredmedia":[{"embeddable":true,"href":"https:\/\/guidetogreenland.com\/de\/wp-json\/wp\/v2\/media\/43739"}],"wp:attachment":[{"href":"https:\/\/guidetogreenland.com\/de\/wp-json\/wp\/v2\/media?parent=61910"}],"wp:term":[{"taxonomy":"product_brand","embeddable":true,"href":"https:\/\/guidetogreenland.com\/de\/wp-json\/wp\/v2\/product_brand?post=61910"},{"taxonomy":"product_cat","embeddable":true,"href":"https:\/\/guidetogreenland.com\/de\/wp-json\/wp\/v2\/product_cat?post=61910"},{"taxonomy":"product_tag","embeddable":true,"href":"https:\/\/guidetogreenland.com\/de\/wp-json\/wp\/v2\/product_tag?post=61910"}],"curies":[{"name":"wp","href":"https:\/\/api.w.org\/{rel}","templated":true}]}}