{"id":61913,"date":"2020-05-12T13:13:07","date_gmt":"2024-11-22T11:28:58","guid":{"rendered":"https:\/\/guidetogreenland.com\/?post_type=product&#038;p=61913"},"modified":"2025-10-22T03:23:16","modified_gmt":"2025-10-22T06:23:16","slug":"abendliche-kajaktour-zwischen-eisbergen-ilulissat-disko-bay","status":"publish","type":"product","link":"https:\/\/guidetogreenland.com\/de\/buch-reisen-urlaub\/abendliche-kajaktour-zwischen-eisbergen-ilulissat-disko-bay\/","title":{"rendered":"Abendliche Kajaktour zwischen Eisbergen | Ilulissat | Disko Bay"},"content":{"rendered":"<p class=\"p1\">Auf kulturellen und historischen Wegen zum Highlight von Ilulissat, dem Segeln zwischen riesigen Eisbergen im Ilulissat Icefjord. Wollten Sie schon immer einmal Kajak fahren? Gibt es eine bessere M\u00f6glichkeit, das Segeln zu erlernen, als in einem der beliebtesten Orte Gr\u00f6nlands, dem Eisfjord mit seinen endlosen Wassern und der Chance, in Begleitung von Buckelwalen \u00fcber die Wasseroberfl\u00e4che zu schippern?<\/p>\n<p class=\"p1\">Bei dieser Tour werden Sie von einem erfahrenen F\u00fchrer in die Sicherheit und den Umgang mit dem Kajak eingewiesen. Diese Tour ist f\u00fcr alle geeignet, die Gr\u00f6nland lieben und in Ilulissat die volle arktische Erfahrung machen wollen.<\/p>\n<p class=\"p1\">Sowohl erfahrene Kajakfahrer als auch Anf\u00e4nger werden zusammen mit anderen Entdeckern einen Tag lang die faszinierende Natur des gr\u00f6nl\u00e4ndischen Meeres erleben. Riechen Sie die frische arktische Brise und genie\u00dfen Sie die Stille, die Sie umgibt, w\u00e4hrend die Mitternachtssonne \u00fcber die Wasseroberfl\u00e4che scheint und die riesigen Eisberge rot und rosa f\u00e4rbt.<\/p>\n<p class=\"p1\">Es ist eine fast therapeutische Erfahrung, \u00fcber die Wellen zu gleiten und dem Pl\u00e4tschern des Wassers an der Seite Ihres Kajaks zu lauschen, w\u00e4hrend Sie die faszinierende Umgebung genie\u00dfen.<\/p>\n<p class=\"p1\">Wenn die Sonne in den sch\u00f6nsten Farben untergeht und Sie das Man\u00f6vrieren des Kajaks zu verstehen beginnen, ist das eine aufregende Angelegenheit. Lassen Sie sich dieses einzigartige arktische Erlebnis auf dem von der UNESCO zum Weltnaturerbe erkl\u00e4rten Eisfjord nicht entgehen! Pr\u00fcfen Sie die Verf\u00fcgbarkeit, indem Sie oben auf \u201eJetzt buchen\u201c klicken und buchen Sie Ihre Reise noch heute.<\/p>\n","protected":false},"excerpt":{"rendered":"<p class=\"p1\">Besuchen Sie Gr\u00f6nland und erleben Sie die Essenz von Ilulissat, indem Sie zwischen riesigen Eisbergen im Ilulissat-Eisfjord segeln und dabei ein Kajak fahren.<\/p>","protected":false},"featured_media":43656,"comment_status":"open","ping_status":"closed","template":"","meta":[],"product_brand":[],"product_cat":[1136,1185,1189,1190,1191,1163,1279,1192,1186,1262,1195],"product_tag":[1196],"class_list":{"0":"post-61913","1":"product","2":"type-product","3":"status-publish","4":"has-post-thumbnail","6":"product_cat-abenteuer-in-gronland","7":"product_cat-arktische-natur-und-tierwelt","8":"product_cat-diskobucht-touren","9":"product_cat-eisberg-eisfjord-touren","10":"product_cat-ilulissat-eisfjord-touren","11":"product_cat-ilulissat-touren","12":"product_cat-kajak-sup-touren","13":"product_cat-mitternachtssonne-touren","14":"product_cat-tagestouren-im-sommer","15":"product_cat-touren-fur-kreuzfahrtgaste","16":"product_cat-weltkulturerbestaetten-in-gronland","17":"product_tag-ilulissat-de","18":"pa_activities-eisberg-ansichten-de","19":"pa_activities-kajakfahren-stand-up-paddling-de","20":"pa_activities-mitternachtssonne-de","21":"pa_attractions-diskobucht","22":"pa_attractions-ilulissat-eisfjord","23":"pa_available-month-juni","24":"pa_available-month-juli","25":"pa_available-month-august-de","26":"pa_destinations-ilulissat-de","27":"pa_difficulty-maessig","28":"pa_duration-3-stunden","29":"pa_tour-type-tagestour","30":"yith_shop_vendor-albatros-ilulissat-de","32":"first","33":"instock","34":"featured","35":"virtual","36":"sold-individually","37":"purchasable","38":"product-type-booking"},"acf":[],"yoast_head":"<!-- This site is optimized with the Yoast SEO plugin v25.6 - https:\/\/yoast.com\/wordpress\/plugins\/seo\/ -->\n<title>Abendliche Kajaktour zwischen Eisbergen | Ilulissat | Disko Bay | Guide to Greenland<\/title>\n<meta name=\"description\" content=\"Visit Greenland and get the essence of Ilulissat, sailing among enormous icebergs in Ilulissat Icefjord, while sailing a kayakBesuchen Sie Gr\u00f6nland und erleben Sie die Essenz von Ilulissat, indem Sie zwischen riesigen Eisbergen im Ilulissat-Eisfjord segeln und dabei ein Kajak fahren.\" \/>\n<meta name=\"robots\" content=\"index, follow, max-snippet:-1, max-image-preview:large, max-video-preview:-1\" \/>\n<link rel=\"canonical\" href=\"https:\/\/guidetogreenland.com\/de\/buch-reisen-urlaub\/abendliche-kajaktour-zwischen-eisbergen-ilulissat-disko-bay\/\" \/>\n<meta property=\"og:locale\" content=\"de_DE\" \/>\n<meta property=\"og:type\" content=\"article\" \/>\n<meta property=\"og:title\" content=\"Abendliche Kajaktour zwischen Eisbergen | Ilulissat | Disko Bay | Guide to Greenland\" \/>\n<meta property=\"og:description\" content=\"Visit Greenland and get the essence of Ilulissat, sailing among enormous icebergs in Ilulissat Icefjord, while sailing a kayakBesuchen Sie Gr\u00f6nland und erleben Sie die Essenz von Ilulissat, indem Sie zwischen riesigen Eisbergen im Ilulissat-Eisfjord segeln und dabei ein Kajak fahren.\" \/>\n<meta property=\"og:url\" content=\"https:\/\/guidetogreenland.com\/de\/buch-reisen-urlaub\/abendliche-kajaktour-zwischen-eisbergen-ilulissat-disko-bay\/\" \/>\n<meta property=\"og:site_name\" content=\"Guide to Greenland\" \/>\n<meta property=\"article:modified_time\" content=\"2025-10-22T06:23:16+00:00\" \/>\n<meta property=\"og:image\" content=\"https:\/\/guidetogreenland.com\/wp-content\/uploads\/2020\/05\/evening-kayaking-among-icebergs-ilulissat-disko-bay-Guide-to-Greenland1.jpg\" \/>\n\t<meta property=\"og:image:width\" content=\"926\" \/>\n\t<meta property=\"og:image:height\" content=\"617\" \/>\n\t<meta property=\"og:image:type\" content=\"image\/jpeg\" \/>\n<meta name=\"twitter:card\" content=\"summary_large_image\" \/>\n<meta name=\"twitter:label1\" content=\"Gesch\u00e4tzte Lesezeit\" \/>\n\t<meta name=\"twitter:data1\" content=\"2\u00a0Minuten\" \/>\n<script type=\"application\/ld+json\" class=\"yoast-schema-graph\">{\"@context\":\"https:\/\/schema.org\",\"@graph\":[{\"@type\":\"WebPage\",\"@id\":\"https:\/\/guidetogreenland.com\/de\/buch-reisen-urlaub\/abendliche-kajaktour-zwischen-eisbergen-ilulissat-disko-bay\/\",\"url\":\"https:\/\/guidetogreenland.com\/de\/buch-reisen-urlaub\/abendliche-kajaktour-zwischen-eisbergen-ilulissat-disko-bay\/\",\"name\":\"Abendliche Kajaktour zwischen Eisbergen | Ilulissat | Disko Bay | Guide to Greenland\",\"isPartOf\":{\"@id\":\"https:\/\/guidetogreenland.com\/de\/#website\"},\"primaryImageOfPage\":{\"@id\":\"https:\/\/guidetogreenland.com\/de\/buch-reisen-urlaub\/abendliche-kajaktour-zwischen-eisbergen-ilulissat-disko-bay\/#primaryimage\"},\"image\":{\"@id\":\"https:\/\/guidetogreenland.com\/de\/buch-reisen-urlaub\/abendliche-kajaktour-zwischen-eisbergen-ilulissat-disko-bay\/#primaryimage\"},\"thumbnailUrl\":\"https:\/\/guidetogreenland.com\/wp-content\/uploads\/2020\/05\/evening-kayaking-among-icebergs-ilulissat-disko-bay-Guide-to-Greenland1.jpg\",\"datePublished\":\"2024-11-22T11:28:58+00:00\",\"dateModified\":\"2025-10-22T06:23:16+00:00\",\"description\":\"Visit Greenland and get the essence of Ilulissat, sailing among enormous icebergs in Ilulissat Icefjord, while sailing a kayakBesuchen Sie Gr\u00f6nland und erleben Sie die Essenz von Ilulissat, indem Sie zwischen riesigen Eisbergen im Ilulissat-Eisfjord segeln und dabei ein Kajak fahren.\",\"breadcrumb\":{\"@id\":\"https:\/\/guidetogreenland.com\/de\/buch-reisen-urlaub\/abendliche-kajaktour-zwischen-eisbergen-ilulissat-disko-bay\/#breadcrumb\"},\"inLanguage\":\"de\",\"potentialAction\":[{\"@type\":\"ReadAction\",\"target\":[\"https:\/\/guidetogreenland.com\/de\/buch-reisen-urlaub\/abendliche-kajaktour-zwischen-eisbergen-ilulissat-disko-bay\/\"]}]},{\"@type\":\"ImageObject\",\"inLanguage\":\"de\",\"@id\":\"https:\/\/guidetogreenland.com\/de\/buch-reisen-urlaub\/abendliche-kajaktour-zwischen-eisbergen-ilulissat-disko-bay\/#primaryimage\",\"url\":\"https:\/\/guidetogreenland.com\/wp-content\/uploads\/2020\/05\/evening-kayaking-among-icebergs-ilulissat-disko-bay-Guide-to-Greenland1.jpg\",\"contentUrl\":\"https:\/\/guidetogreenland.com\/wp-content\/uploads\/2020\/05\/evening-kayaking-among-icebergs-ilulissat-disko-bay-Guide-to-Greenland1.jpg\",\"width\":926,\"height\":617},{\"@type\":\"BreadcrumbList\",\"@id\":\"https:\/\/guidetogreenland.com\/de\/buch-reisen-urlaub\/abendliche-kajaktour-zwischen-eisbergen-ilulissat-disko-bay\/#breadcrumb\",\"itemListElement\":[{\"@type\":\"ListItem\",\"position\":1,\"name\":\"Home\",\"item\":\"https:\/\/guidetogreenland.com\/de\/\"},{\"@type\":\"ListItem\",\"position\":2,\"name\":\"Alle Touren anzeigen\",\"item\":\"https:\/\/guidetogreenland.com\/de\/buch-reisen-urlaub\/\"},{\"@type\":\"ListItem\",\"position\":3,\"name\":\"Abendliche Kajaktour zwischen Eisbergen | Ilulissat | Disko Bay\"}]},{\"@type\":\"WebSite\",\"@id\":\"https:\/\/guidetogreenland.com\/de\/#website\",\"url\":\"https:\/\/guidetogreenland.com\/de\/\",\"name\":\"Guide to Greenland\",\"description\":\"Largest selection of tours in Greenland\",\"potentialAction\":[{\"@type\":\"SearchAction\",\"target\":{\"@type\":\"EntryPoint\",\"urlTemplate\":\"https:\/\/guidetogreenland.com\/de\/?s={search_term_string}\"},\"query-input\":{\"@type\":\"PropertyValueSpecification\",\"valueRequired\":true,\"valueName\":\"search_term_string\"}}],\"inLanguage\":\"de\"}]}<\/script>\n<!-- \/ Yoast SEO plugin. -->","yoast_head_json":{"title":"Abendliche Kajaktour zwischen Eisbergen | Ilulissat | Disko Bay | Guide to Greenland","description":"Visit Greenland and get the essence of Ilulissat, sailing among enormous icebergs in Ilulissat Icefjord, while sailing a kayakBesuchen Sie Gr\u00f6nland und erleben Sie die Essenz von Ilulissat, indem Sie zwischen riesigen Eisbergen im Ilulissat-Eisfjord segeln und dabei ein Kajak fahren.","robots":{"index":"index","follow":"follow","max-snippet":"max-snippet:-1","max-image-preview":"max-image-preview:large","max-video-preview":"max-video-preview:-1"},"canonical":"https:\/\/guidetogreenland.com\/de\/buch-reisen-urlaub\/abendliche-kajaktour-zwischen-eisbergen-ilulissat-disko-bay\/","og_locale":"de_DE","og_type":"article","og_title":"Abendliche Kajaktour zwischen Eisbergen | Ilulissat | Disko Bay | Guide to Greenland","og_description":"Visit Greenland and get the essence of Ilulissat, sailing among enormous icebergs in Ilulissat Icefjord, while sailing a kayakBesuchen Sie Gr\u00f6nland und erleben Sie die Essenz von Ilulissat, indem Sie zwischen riesigen Eisbergen im Ilulissat-Eisfjord segeln und dabei ein Kajak fahren.","og_url":"https:\/\/guidetogreenland.com\/de\/buch-reisen-urlaub\/abendliche-kajaktour-zwischen-eisbergen-ilulissat-disko-bay\/","og_site_name":"Guide to Greenland","article_modified_time":"2025-10-22T06:23:16+00:00","og_image":[{"width":926,"height":617,"url":"https:\/\/guidetogreenland.com\/wp-content\/uploads\/2020\/05\/evening-kayaking-among-icebergs-ilulissat-disko-bay-Guide-to-Greenland1.jpg","type":"image\/jpeg"}],"twitter_card":"summary_large_image","twitter_misc":{"Gesch\u00e4tzte Lesezeit":"2\u00a0Minuten"},"schema":{"@context":"https:\/\/schema.org","@graph":[{"@type":"WebPage","@id":"https:\/\/guidetogreenland.com\/de\/buch-reisen-urlaub\/abendliche-kajaktour-zwischen-eisbergen-ilulissat-disko-bay\/","url":"https:\/\/guidetogreenland.com\/de\/buch-reisen-urlaub\/abendliche-kajaktour-zwischen-eisbergen-ilulissat-disko-bay\/","name":"Abendliche Kajaktour zwischen Eisbergen | Ilulissat | Disko Bay | Guide to Greenland","isPartOf":{"@id":"https:\/\/guidetogreenland.com\/de\/#website"},"primaryImageOfPage":{"@id":"https:\/\/guidetogreenland.com\/de\/buch-reisen-urlaub\/abendliche-kajaktour-zwischen-eisbergen-ilulissat-disko-bay\/#primaryimage"},"image":{"@id":"https:\/\/guidetogreenland.com\/de\/buch-reisen-urlaub\/abendliche-kajaktour-zwischen-eisbergen-ilulissat-disko-bay\/#primaryimage"},"thumbnailUrl":"https:\/\/guidetogreenland.com\/wp-content\/uploads\/2020\/05\/evening-kayaking-among-icebergs-ilulissat-disko-bay-Guide-to-Greenland1.jpg","datePublished":"2024-11-22T11:28:58+00:00","dateModified":"2025-10-22T06:23:16+00:00","description":"Visit Greenland and get the essence of Ilulissat, sailing among enormous icebergs in Ilulissat Icefjord, while sailing a kayakBesuchen Sie Gr\u00f6nland und erleben Sie die Essenz von Ilulissat, indem Sie zwischen riesigen Eisbergen im Ilulissat-Eisfjord segeln und dabei ein Kajak fahren.","breadcrumb":{"@id":"https:\/\/guidetogreenland.com\/de\/buch-reisen-urlaub\/abendliche-kajaktour-zwischen-eisbergen-ilulissat-disko-bay\/#breadcrumb"},"inLanguage":"de","potentialAction":[{"@type":"ReadAction","target":["https:\/\/guidetogreenland.com\/de\/buch-reisen-urlaub\/abendliche-kajaktour-zwischen-eisbergen-ilulissat-disko-bay\/"]}]},{"@type":"ImageObject","inLanguage":"de","@id":"https:\/\/guidetogreenland.com\/de\/buch-reisen-urlaub\/abendliche-kajaktour-zwischen-eisbergen-ilulissat-disko-bay\/#primaryimage","url":"https:\/\/guidetogreenland.com\/wp-content\/uploads\/2020\/05\/evening-kayaking-among-icebergs-ilulissat-disko-bay-Guide-to-Greenland1.jpg","contentUrl":"https:\/\/guidetogreenland.com\/wp-content\/uploads\/2020\/05\/evening-kayaking-among-icebergs-ilulissat-disko-bay-Guide-to-Greenland1.jpg","width":926,"height":617},{"@type":"BreadcrumbList","@id":"https:\/\/guidetogreenland.com\/de\/buch-reisen-urlaub\/abendliche-kajaktour-zwischen-eisbergen-ilulissat-disko-bay\/#breadcrumb","itemListElement":[{"@type":"ListItem","position":1,"name":"Home","item":"https:\/\/guidetogreenland.com\/de\/"},{"@type":"ListItem","position":2,"name":"Alle Touren anzeigen","item":"https:\/\/guidetogreenland.com\/de\/buch-reisen-urlaub\/"},{"@type":"ListItem","position":3,"name":"Abendliche Kajaktour zwischen Eisbergen | Ilulissat | Disko Bay"}]},{"@type":"WebSite","@id":"https:\/\/guidetogreenland.com\/de\/#website","url":"https:\/\/guidetogreenland.com\/de\/","name":"Guide to Greenland","description":"Largest selection of tours in Greenland","potentialAction":[{"@type":"SearchAction","target":{"@type":"EntryPoint","urlTemplate":"https:\/\/guidetogreenland.com\/de\/?s={search_term_string}"},"query-input":{"@type":"PropertyValueSpecification","valueRequired":true,"valueName":"search_term_string"}}],"inLanguage":"de"}]}},"_links":{"self":[{"href":"https:\/\/guidetogreenland.com\/de\/wp-json\/wp\/v2\/product\/61913","targetHints":{"allow":["GET"]}}],"collection":[{"href":"https:\/\/guidetogreenland.com\/de\/wp-json\/wp\/v2\/product"}],"about":[{"href":"https:\/\/guidetogreenland.com\/de\/wp-json\/wp\/v2\/types\/product"}],"replies":[{"embeddable":true,"href":"https:\/\/guidetogreenland.com\/de\/wp-json\/wp\/v2\/comments?post=61913"}],"wp:featuredmedia":[{"embeddable":true,"href":"https:\/\/guidetogreenland.com\/de\/wp-json\/wp\/v2\/media\/43656"}],"wp:attachment":[{"href":"https:\/\/guidetogreenland.com\/de\/wp-json\/wp\/v2\/media?parent=61913"}],"wp:term":[{"taxonomy":"product_brand","embeddable":true,"href":"https:\/\/guidetogreenland.com\/de\/wp-json\/wp\/v2\/product_brand?post=61913"},{"taxonomy":"product_cat","embeddable":true,"href":"https:\/\/guidetogreenland.com\/de\/wp-json\/wp\/v2\/product_cat?post=61913"},{"taxonomy":"product_tag","embeddable":true,"href":"https:\/\/guidetogreenland.com\/de\/wp-json\/wp\/v2\/product_tag?post=61913"}],"curies":[{"name":"wp","href":"https:\/\/api.w.org\/{rel}","templated":true}]}}