{"id":61916,"date":"2020-05-12T11:59:16","date_gmt":"2024-11-22T11:29:18","guid":{"rendered":"https:\/\/guidetogreenland.com\/?post_type=product&#038;p=61916"},"modified":"2025-09-25T20:28:12","modified_gmt":"2025-09-25T23:28:12","slug":"tagestour-zum-eqi-gletscher-ilulissat-disko-bay","status":"publish","type":"product","link":"https:\/\/guidetogreenland.com\/de\/buch-reisen-urlaub\/tagestour-zum-eqi-gletscher-ilulissat-disko-bay\/","title":{"rendered":"Tagestour zum Eqi-Gletscher | Ilulissat | Disko Bay"},"content":{"rendered":"<p>Erleben Sie einen der aktivsten Gletscher Gr\u00f6nlands auf diesem Ganztagesausflug zum Eqip Sermia &#8211; dem Eqi-Gletscher.<\/p>\n<p>Von Ilulissat aus fahren wir ca. 80 km entlang der K\u00fcste nach Norden, vorbei an der kleinen Siedlung Oqaatsut\/Rodebay, dem riesigen Fjordsystem von Pakitsoq und durch die von hohen Bergen ges\u00e4umte Ataa-Stra\u00dfe, bis wir unser Ziel erreichen. Diese Reise ist an sich schon wundersch\u00f6n, aber mit etwas Gl\u00fcck k\u00f6nnen wir unterwegs auch Wale und Robben beobachten, Tiere, die einen wichtigen Teil der gr\u00f6nl\u00e4ndischen Meeresfauna ausmachen.<\/p>\n<p>Der Eqi-Gletscher ist ca. 5 km breit und als \u201eThe Calving Glacier\u201c bekannt. Wir fahren so nah wie m\u00f6glich heran (abh\u00e4ngig von den Eisverh\u00e4ltnissen und der Sicherheit), bevor wir die Motoren abstellen und uns zur\u00fccklehnen, um ihn zu beobachten. Normalerweise m\u00fcssen wir nicht lange warten, bis wir sehen, wie Teile der Gletscherwand abbrechen und in den Fjord st\u00fcrzen. Gelegentlich bricht auch ein gr\u00f6\u00dferer Brocken ab &#8211; ein echtes Highlight! Achten Sie nur darauf, dass Sie sich hinsetzen oder an der Reling festhalten, wenn die Welle das Boot erreicht!<\/p>\n<p>W\u00e4hrend der ca. 2 Stunden, die wir vor der Gletscherwand verbringen, ist es fast garantiert, dass Sie etwas sehen. Das Knacken des Eises zu h\u00f6ren und herauszufinden, welches St\u00fcck als n\u00e4chstes abbricht, ist der gr\u00f6\u00dfte Spa\u00df, und wir haben viel Zeit f\u00fcr Fotos und unser leckeres Lunchpaket.<\/p>\n<p>Ziehen Sie sich f\u00fcr diese Tour sehr warm an, unabh\u00e4ngig davon, in welchem Monat Sie reisen. Sie k\u00f6nnen sich zwar in unsere beheizte Kabine zur\u00fcckziehen, aber die beste Aussicht haben Sie von den Au\u00dfendecks, und Sie werden so viel Zeit wie m\u00f6glich drau\u00dfen verbringen wollen.<\/p>\n<p>Um Ihren Platz zu reservieren, w\u00e4hlen Sie Ihr Reisedatum und klicken Sie auf Jetzt buchen.<\/p>\n","protected":false},"excerpt":{"rendered":"Erleben Sie einen der aktivsten Gletscher Gr\u00f6nlands auf diesem Ganztagesausflug zum Eqip Sermia &#8211; dem Eqi-Gletscher. Von Ilulissat aus fahren wir ca. 80 km entlang der K\u00fcste nach Norden, vorbei an der kleinen Siedlung Oqaatsut\/Rodebay, dem riesigen Fjordsystem von Pakitsoq und durch die von hohen Bergen ges\u00e4umte Ataa-Stra\u00dfe, bis wir unser Ziel erreichen. Diese Reise&#8230;","protected":false},"featured_media":43589,"comment_status":"open","ping_status":"closed","template":"","meta":[],"product_brand":[],"product_cat":[1136,1185,1159,1189,1176,1163,1188,1186,1194],"product_tag":[1196],"class_list":{"0":"post-61916","1":"product","2":"type-product","3":"status-publish","4":"has-post-thumbnail","6":"product_cat-abenteuer-in-gronland","7":"product_cat-arktische-natur-und-tierwelt","8":"product_cat-bootstouren-in-groenland","9":"product_cat-diskobucht-touren","10":"product_cat-gletscher-inlandeis-touren","11":"product_cat-ilulissat-touren","12":"product_cat-reiseziel-touren","13":"product_cat-tagestouren-im-sommer","14":"product_cat-touren-nach-region","15":"product_tag-ilulissat-de","16":"pa_activities-bootstour-de","17":"pa_activities-eisberg-ansichten-de","18":"pa_activities-gletscher-ansichten-de","19":"pa_attractions-eqi-gletscher","20":"pa_available-month-juni","21":"pa_available-month-juli","22":"pa_available-month-august-de","23":"pa_available-month-september-de","24":"pa_available-month-oktober","25":"pa_destinations-ilulissat-de","26":"pa_difficulty-leicht","27":"pa_tour-type-tagestour","29":"first","30":"instock","31":"featured","32":"virtual","33":"sold-individually","34":"purchasable","35":"product-type-booking"},"acf":[],"yoast_head":"<!-- This site is optimized with the Yoast SEO plugin v25.6 - https:\/\/yoast.com\/wordpress\/plugins\/seo\/ -->\n<title>Tagestour zum Eqi-Gletscher | Ilulissat | Guide to Greenland<\/title>\n<meta name=\"description\" content=\"Erleben Sie einen der aktivsten Gletscher Gr\u00f6nlands auf diesem Ganztagesausflug zum Eqip Sermia - dem Eqi-Gletscher. Lesen Sie hier mehr \u00fcber die Tour \u00bb\" \/>\n<meta name=\"robots\" content=\"index, follow, max-snippet:-1, max-image-preview:large, max-video-preview:-1\" \/>\n<link rel=\"canonical\" href=\"https:\/\/guidetogreenland.com\/de\/buch-reisen-urlaub\/tagestour-zum-eqi-gletscher-ilulissat-disko-bay\/\" \/>\n<meta property=\"og:locale\" content=\"de_DE\" \/>\n<meta property=\"og:type\" content=\"article\" \/>\n<meta property=\"og:title\" content=\"Tagestour zum Eqi-Gletscher | Ilulissat | Guide to Greenland\" \/>\n<meta property=\"og:description\" content=\"Erleben Sie einen der aktivsten Gletscher Gr\u00f6nlands auf diesem Ganztagesausflug zum Eqip Sermia - dem Eqi-Gletscher. Lesen Sie hier mehr \u00fcber die Tour \u00bb\" \/>\n<meta property=\"og:url\" content=\"https:\/\/guidetogreenland.com\/de\/buch-reisen-urlaub\/tagestour-zum-eqi-gletscher-ilulissat-disko-bay\/\" \/>\n<meta property=\"og:site_name\" content=\"Guide to Greenland\" \/>\n<meta property=\"article:modified_time\" content=\"2025-09-25T23:28:12+00:00\" \/>\n<meta property=\"og:image\" content=\"https:\/\/guidetogreenland.com\/wp-content\/uploads\/2020\/05\/daytour-to-eqi-glacier-ilulissat-disko-bay-Guide-to-Greenland8.jpg\" \/>\n\t<meta property=\"og:image:width\" content=\"926\" \/>\n\t<meta property=\"og:image:height\" content=\"264\" \/>\n\t<meta property=\"og:image:type\" content=\"image\/jpeg\" \/>\n<meta name=\"twitter:card\" content=\"summary_large_image\" \/>\n<meta name=\"twitter:label1\" content=\"Gesch\u00e4tzte Lesezeit\" \/>\n\t<meta name=\"twitter:data1\" content=\"2\u00a0Minuten\" \/>\n<script type=\"application\/ld+json\" class=\"yoast-schema-graph\">{\"@context\":\"https:\/\/schema.org\",\"@graph\":[{\"@type\":\"WebPage\",\"@id\":\"https:\/\/guidetogreenland.com\/de\/buch-reisen-urlaub\/tagestour-zum-eqi-gletscher-ilulissat-disko-bay\/\",\"url\":\"https:\/\/guidetogreenland.com\/de\/buch-reisen-urlaub\/tagestour-zum-eqi-gletscher-ilulissat-disko-bay\/\",\"name\":\"Tagestour zum Eqi-Gletscher | Ilulissat | Guide to Greenland\",\"isPartOf\":{\"@id\":\"https:\/\/guidetogreenland.com\/de\/#website\"},\"primaryImageOfPage\":{\"@id\":\"https:\/\/guidetogreenland.com\/de\/buch-reisen-urlaub\/tagestour-zum-eqi-gletscher-ilulissat-disko-bay\/#primaryimage\"},\"image\":{\"@id\":\"https:\/\/guidetogreenland.com\/de\/buch-reisen-urlaub\/tagestour-zum-eqi-gletscher-ilulissat-disko-bay\/#primaryimage\"},\"thumbnailUrl\":\"https:\/\/guidetogreenland.com\/wp-content\/uploads\/2020\/05\/daytour-to-eqi-glacier-ilulissat-disko-bay-Guide-to-Greenland8.jpg\",\"datePublished\":\"2024-11-22T11:29:18+00:00\",\"dateModified\":\"2025-09-25T23:28:12+00:00\",\"description\":\"Erleben Sie einen der aktivsten Gletscher Gr\u00f6nlands auf diesem Ganztagesausflug zum Eqip Sermia - dem Eqi-Gletscher. Lesen Sie hier mehr \u00fcber die Tour \u00bb\",\"breadcrumb\":{\"@id\":\"https:\/\/guidetogreenland.com\/de\/buch-reisen-urlaub\/tagestour-zum-eqi-gletscher-ilulissat-disko-bay\/#breadcrumb\"},\"inLanguage\":\"de\",\"potentialAction\":[{\"@type\":\"ReadAction\",\"target\":[\"https:\/\/guidetogreenland.com\/de\/buch-reisen-urlaub\/tagestour-zum-eqi-gletscher-ilulissat-disko-bay\/\"]}]},{\"@type\":\"ImageObject\",\"inLanguage\":\"de\",\"@id\":\"https:\/\/guidetogreenland.com\/de\/buch-reisen-urlaub\/tagestour-zum-eqi-gletscher-ilulissat-disko-bay\/#primaryimage\",\"url\":\"https:\/\/guidetogreenland.com\/wp-content\/uploads\/2020\/05\/daytour-to-eqi-glacier-ilulissat-disko-bay-Guide-to-Greenland8.jpg\",\"contentUrl\":\"https:\/\/guidetogreenland.com\/wp-content\/uploads\/2020\/05\/daytour-to-eqi-glacier-ilulissat-disko-bay-Guide-to-Greenland8.jpg\",\"width\":926,\"height\":264},{\"@type\":\"BreadcrumbList\",\"@id\":\"https:\/\/guidetogreenland.com\/de\/buch-reisen-urlaub\/tagestour-zum-eqi-gletscher-ilulissat-disko-bay\/#breadcrumb\",\"itemListElement\":[{\"@type\":\"ListItem\",\"position\":1,\"name\":\"Home\",\"item\":\"https:\/\/guidetogreenland.com\/de\/\"},{\"@type\":\"ListItem\",\"position\":2,\"name\":\"Alle Touren anzeigen\",\"item\":\"https:\/\/guidetogreenland.com\/de\/buch-reisen-urlaub\/\"},{\"@type\":\"ListItem\",\"position\":3,\"name\":\"Tagestour zum Eqi-Gletscher | Ilulissat | Disko Bay\"}]},{\"@type\":\"WebSite\",\"@id\":\"https:\/\/guidetogreenland.com\/de\/#website\",\"url\":\"https:\/\/guidetogreenland.com\/de\/\",\"name\":\"Guide to Greenland\",\"description\":\"Largest selection of tours in Greenland\",\"potentialAction\":[{\"@type\":\"SearchAction\",\"target\":{\"@type\":\"EntryPoint\",\"urlTemplate\":\"https:\/\/guidetogreenland.com\/de\/?s={search_term_string}\"},\"query-input\":{\"@type\":\"PropertyValueSpecification\",\"valueRequired\":true,\"valueName\":\"search_term_string\"}}],\"inLanguage\":\"de\"}]}<\/script>\n<!-- \/ Yoast SEO plugin. -->","yoast_head_json":{"title":"Tagestour zum Eqi-Gletscher | Ilulissat | Guide to Greenland","description":"Erleben Sie einen der aktivsten Gletscher Gr\u00f6nlands auf diesem Ganztagesausflug zum Eqip Sermia - dem Eqi-Gletscher. Lesen Sie hier mehr \u00fcber die Tour \u00bb","robots":{"index":"index","follow":"follow","max-snippet":"max-snippet:-1","max-image-preview":"max-image-preview:large","max-video-preview":"max-video-preview:-1"},"canonical":"https:\/\/guidetogreenland.com\/de\/buch-reisen-urlaub\/tagestour-zum-eqi-gletscher-ilulissat-disko-bay\/","og_locale":"de_DE","og_type":"article","og_title":"Tagestour zum Eqi-Gletscher | Ilulissat | Guide to Greenland","og_description":"Erleben Sie einen der aktivsten Gletscher Gr\u00f6nlands auf diesem Ganztagesausflug zum Eqip Sermia - dem Eqi-Gletscher. Lesen Sie hier mehr \u00fcber die Tour \u00bb","og_url":"https:\/\/guidetogreenland.com\/de\/buch-reisen-urlaub\/tagestour-zum-eqi-gletscher-ilulissat-disko-bay\/","og_site_name":"Guide to Greenland","article_modified_time":"2025-09-25T23:28:12+00:00","og_image":[{"width":926,"height":264,"url":"https:\/\/guidetogreenland.com\/wp-content\/uploads\/2020\/05\/daytour-to-eqi-glacier-ilulissat-disko-bay-Guide-to-Greenland8.jpg","type":"image\/jpeg"}],"twitter_card":"summary_large_image","twitter_misc":{"Gesch\u00e4tzte Lesezeit":"2\u00a0Minuten"},"schema":{"@context":"https:\/\/schema.org","@graph":[{"@type":"WebPage","@id":"https:\/\/guidetogreenland.com\/de\/buch-reisen-urlaub\/tagestour-zum-eqi-gletscher-ilulissat-disko-bay\/","url":"https:\/\/guidetogreenland.com\/de\/buch-reisen-urlaub\/tagestour-zum-eqi-gletscher-ilulissat-disko-bay\/","name":"Tagestour zum Eqi-Gletscher | Ilulissat | Guide to Greenland","isPartOf":{"@id":"https:\/\/guidetogreenland.com\/de\/#website"},"primaryImageOfPage":{"@id":"https:\/\/guidetogreenland.com\/de\/buch-reisen-urlaub\/tagestour-zum-eqi-gletscher-ilulissat-disko-bay\/#primaryimage"},"image":{"@id":"https:\/\/guidetogreenland.com\/de\/buch-reisen-urlaub\/tagestour-zum-eqi-gletscher-ilulissat-disko-bay\/#primaryimage"},"thumbnailUrl":"https:\/\/guidetogreenland.com\/wp-content\/uploads\/2020\/05\/daytour-to-eqi-glacier-ilulissat-disko-bay-Guide-to-Greenland8.jpg","datePublished":"2024-11-22T11:29:18+00:00","dateModified":"2025-09-25T23:28:12+00:00","description":"Erleben Sie einen der aktivsten Gletscher Gr\u00f6nlands auf diesem Ganztagesausflug zum Eqip Sermia - dem Eqi-Gletscher. Lesen Sie hier mehr \u00fcber die Tour \u00bb","breadcrumb":{"@id":"https:\/\/guidetogreenland.com\/de\/buch-reisen-urlaub\/tagestour-zum-eqi-gletscher-ilulissat-disko-bay\/#breadcrumb"},"inLanguage":"de","potentialAction":[{"@type":"ReadAction","target":["https:\/\/guidetogreenland.com\/de\/buch-reisen-urlaub\/tagestour-zum-eqi-gletscher-ilulissat-disko-bay\/"]}]},{"@type":"ImageObject","inLanguage":"de","@id":"https:\/\/guidetogreenland.com\/de\/buch-reisen-urlaub\/tagestour-zum-eqi-gletscher-ilulissat-disko-bay\/#primaryimage","url":"https:\/\/guidetogreenland.com\/wp-content\/uploads\/2020\/05\/daytour-to-eqi-glacier-ilulissat-disko-bay-Guide-to-Greenland8.jpg","contentUrl":"https:\/\/guidetogreenland.com\/wp-content\/uploads\/2020\/05\/daytour-to-eqi-glacier-ilulissat-disko-bay-Guide-to-Greenland8.jpg","width":926,"height":264},{"@type":"BreadcrumbList","@id":"https:\/\/guidetogreenland.com\/de\/buch-reisen-urlaub\/tagestour-zum-eqi-gletscher-ilulissat-disko-bay\/#breadcrumb","itemListElement":[{"@type":"ListItem","position":1,"name":"Home","item":"https:\/\/guidetogreenland.com\/de\/"},{"@type":"ListItem","position":2,"name":"Alle Touren anzeigen","item":"https:\/\/guidetogreenland.com\/de\/buch-reisen-urlaub\/"},{"@type":"ListItem","position":3,"name":"Tagestour zum Eqi-Gletscher | Ilulissat | Disko Bay"}]},{"@type":"WebSite","@id":"https:\/\/guidetogreenland.com\/de\/#website","url":"https:\/\/guidetogreenland.com\/de\/","name":"Guide to Greenland","description":"Largest selection of tours in Greenland","potentialAction":[{"@type":"SearchAction","target":{"@type":"EntryPoint","urlTemplate":"https:\/\/guidetogreenland.com\/de\/?s={search_term_string}"},"query-input":{"@type":"PropertyValueSpecification","valueRequired":true,"valueName":"search_term_string"}}],"inLanguage":"de"}]}},"_links":{"self":[{"href":"https:\/\/guidetogreenland.com\/de\/wp-json\/wp\/v2\/product\/61916","targetHints":{"allow":["GET"]}}],"collection":[{"href":"https:\/\/guidetogreenland.com\/de\/wp-json\/wp\/v2\/product"}],"about":[{"href":"https:\/\/guidetogreenland.com\/de\/wp-json\/wp\/v2\/types\/product"}],"replies":[{"embeddable":true,"href":"https:\/\/guidetogreenland.com\/de\/wp-json\/wp\/v2\/comments?post=61916"}],"wp:featuredmedia":[{"embeddable":true,"href":"https:\/\/guidetogreenland.com\/de\/wp-json\/wp\/v2\/media\/43589"}],"wp:attachment":[{"href":"https:\/\/guidetogreenland.com\/de\/wp-json\/wp\/v2\/media?parent=61916"}],"wp:term":[{"taxonomy":"product_brand","embeddable":true,"href":"https:\/\/guidetogreenland.com\/de\/wp-json\/wp\/v2\/product_brand?post=61916"},{"taxonomy":"product_cat","embeddable":true,"href":"https:\/\/guidetogreenland.com\/de\/wp-json\/wp\/v2\/product_cat?post=61916"},{"taxonomy":"product_tag","embeddable":true,"href":"https:\/\/guidetogreenland.com\/de\/wp-json\/wp\/v2\/product_tag?post=61916"}],"curies":[{"name":"wp","href":"https:\/\/api.w.org\/{rel}","templated":true}]}}