{"id":61919,"date":"2020-05-12T11:49:02","date_gmt":"2024-11-22T11:29:41","guid":{"rendered":"https:\/\/guidetogreenland.com\/?post_type=product&#038;p=61919"},"modified":"2026-03-24T09:54:35","modified_gmt":"2026-03-24T11:54:35","slug":"geschlossene-boot-fjord-abenteuer-nuuk","status":"publish","type":"product","link":"https:\/\/guidetogreenland.com\/de\/buch-reisen-urlaub\/geschlossene-boot-fjord-abenteuer-nuuk\/","title":{"rendered":"Geschlossene Boot Fjord-Abenteuer | Nuuk"},"content":{"rendered":"<p class=\"x-18pep25\"><span style=\"font-weight: 400;\">Erkunden Sie einen der spektakul\u00e4rsten Teile des zweitgr\u00f6\u00dften Fjordsystems der Welt auf diesem 2-st\u00fcndigen Nuuk Fjord Abenteuer.<\/span><span style=\"font-weight: 400;\"><br \/>\n<\/span><span style=\"font-weight: 400;\"><br \/>\n<\/span><span style=\"font-weight: 400;\">Vom Kolonialhafen im historischen Viertel von Nuuk aus passieren wir eine Vielzahl von farbenfrohen H\u00e4usern, die sich entlang des Fjordufers aneinanderreihen, w\u00e4hrend wir in Richtung Norden zum ber\u00fchmten Berg Sermitsiaq fahren. Ihr Kapit\u00e4n h\u00e4lt Ausschau nach Robben, Walen und anderen Wildtieren und legt einen Kurs fest, um gro\u00dfe Eisberge in der N\u00e4he zu besuchen.<\/span><span style=\"font-weight: 400;\"><br \/>\n<\/span><span style=\"font-weight: 400;\"><br \/>\n<\/span><span style=\"font-weight: 400;\">Unser Abenteuer f\u00fchrt uns um die R\u00fcckseite des Sermitsiaq herum, wo ein riesiger Wasserfall (im Winter gefroren) von der Bergspitze herabst\u00fcrzt und hohe Berge weiter im Fjord zu sehen sind. Die Form des Berges und die Aussicht auf den Fjord ver\u00e4ndern sich w\u00e4hrend der Umrundung der Insel Sermitsiaq st\u00e4ndig, so dass Sie auf jeden Fall Ersatzbatterien und gen\u00fcgend Platz f\u00fcr Ihre Kamera mitbringen sollten.<\/span><span style=\"font-weight: 400;\"><br \/>\n<\/span><span style=\"font-weight: 400;\"><br \/>\n<\/span><span style=\"font-weight: 400;\">Obwohl diese Tour in einem geschlossenen, beheizten Boot stattfindet, empfehlen wir Ihnen, sich sehr warm anzuziehen, da Sie so viel Zeit wie m\u00f6glich an Deck verbringen m\u00f6chten. Denn von dort aus haben Sie die beste Aussicht. Drinnen stehen Tee und Kaffee bereit, falls Sie sich aufw\u00e4rmen m\u00f6chten.<\/span><span style=\"font-weight: 400;\"><br \/>\n<\/span><span style=\"font-weight: 400;\"><br \/>\n<\/span><span style=\"font-weight: 400;\">Reservieren Sie Ihren Platz auf dieser kurzen Erkundungstour durch einen der spektakul\u00e4rsten Teile des Nuuk Fjords, indem Sie Ihr Reisedatum ausw\u00e4hlen und auf Jetzt buchen klicken.<\/span><\/p>\n","protected":false},"excerpt":{"rendered":"Erkunden Sie einen der spektakul\u00e4rsten Teile des zweitgr\u00f6\u00dften Fjordsystems der Welt auf diesem 2-st\u00fcndigen Nuuk Fjord Abenteuer. Vom Kolonialhafen im historischen Viertel von Nuuk aus passieren wir eine Vielzahl von farbenfrohen H\u00e4usern, die sich entlang des Fjordufers aneinanderreihen, w\u00e4hrend wir in Richtung Norden zum ber\u00fchmten Berg Sermitsiaq fahren. Ihr Kapit\u00e4n h\u00e4lt Ausschau nach Robben, Walen&#8230;","protected":false},"featured_media":43581,"comment_status":"open","ping_status":"closed","template":"","meta":[],"product_brand":[],"product_cat":[1136,1185,1159,1164,1188,1186,1187,1194,1232],"product_tag":[1247],"class_list":{"0":"post-61919","1":"product","2":"type-product","3":"status-publish","4":"has-post-thumbnail","6":"product_cat-abenteuer-in-gronland","7":"product_cat-arktische-natur-und-tierwelt","8":"product_cat-bootstouren-in-groenland","9":"product_cat-nuuk-touren","10":"product_cat-reiseziel-touren","11":"product_cat-tagestouren-im-sommer","12":"product_cat-tagestouren-im-winter","13":"product_cat-touren-nach-region","14":"product_cat-westgronland-touren","15":"product_tag-nuuk-de","16":"pa_activities-bootstour-de","17":"pa_attractions-nuuk-fjord","18":"pa_available-month-january-de","19":"pa_available-month-februar","20":"pa_available-month-maerz","21":"pa_available-month-april-de","22":"pa_available-month-mai","23":"pa_available-month-juni","24":"pa_available-month-juli","25":"pa_available-month-august-de","26":"pa_available-month-september-de","27":"pa_available-month-oktober","28":"pa_available-month-november-de","29":"pa_available-month-dezember","30":"pa_destinations-nuuk-de","31":"pa_difficulty-leicht","32":"pa_duration-2-stunden","33":"pa_tour-type-tagestour","34":"yith_shop_vendor-nuuk-water-taxi-de","36":"first","37":"instock","38":"virtual","39":"sold-individually","40":"purchasable","41":"product-type-booking"},"acf":[],"yoast_head":"<!-- This site is optimized with the Yoast SEO plugin v25.6 - https:\/\/yoast.com\/wordpress\/plugins\/seo\/ -->\n<title>Geschlossene Boot Fjord-Abenteuer | Nuuk | Guide to Greenland<\/title>\n<meta name=\"description\" content=\"Erkunden Sie einen der spektakul\u00e4rsten Teile des zweitgr\u00f6\u00dften Fjordsystems der Welt auf diesem 2-st\u00fcndigen Nuuk Fjord Abenteuer. Klicken Sie hier, um mehr zu erfahren und zu buchen\" \/>\n<meta name=\"robots\" content=\"index, follow, max-snippet:-1, max-image-preview:large, max-video-preview:-1\" \/>\n<link rel=\"canonical\" href=\"https:\/\/guidetogreenland.com\/de\/buch-reisen-urlaub\/geschlossene-boot-fjord-abenteuer-nuuk\/\" \/>\n<meta property=\"og:locale\" content=\"de_DE\" \/>\n<meta property=\"og:type\" content=\"article\" \/>\n<meta property=\"og:title\" content=\"Geschlossene Boot Fjord-Abenteuer | Nuuk | Guide to Greenland\" \/>\n<meta property=\"og:description\" content=\"Erkunden Sie einen der spektakul\u00e4rsten Teile des zweitgr\u00f6\u00dften Fjordsystems der Welt auf diesem 2-st\u00fcndigen Nuuk Fjord Abenteuer. Klicken Sie hier, um mehr zu erfahren und zu buchen\" \/>\n<meta property=\"og:url\" content=\"https:\/\/guidetogreenland.com\/de\/buch-reisen-urlaub\/geschlossene-boot-fjord-abenteuer-nuuk\/\" \/>\n<meta property=\"og:site_name\" content=\"Guide to Greenland\" \/>\n<meta property=\"article:modified_time\" content=\"2026-03-24T11:54:35+00:00\" \/>\n<meta property=\"og:image\" content=\"https:\/\/guidetogreenland.com\/wp-content\/uploads\/2020\/05\/women-enjoying-boat-tour-fjord-cruise-nuuk-guide-to-greenland.-scaled.jpg\" \/>\n\t<meta property=\"og:image:width\" content=\"2560\" \/>\n\t<meta property=\"og:image:height\" content=\"1707\" \/>\n\t<meta property=\"og:image:type\" content=\"image\/jpeg\" \/>\n<meta name=\"twitter:card\" content=\"summary_large_image\" \/>\n<meta name=\"twitter:label1\" content=\"Gesch\u00e4tzte Lesezeit\" \/>\n\t<meta name=\"twitter:data1\" content=\"1\u00a0Minute\" \/>\n<script type=\"application\/ld+json\" class=\"yoast-schema-graph\">{\"@context\":\"https:\/\/schema.org\",\"@graph\":[{\"@type\":\"WebPage\",\"@id\":\"https:\/\/guidetogreenland.com\/de\/buch-reisen-urlaub\/geschlossene-boot-fjord-abenteuer-nuuk\/\",\"url\":\"https:\/\/guidetogreenland.com\/de\/buch-reisen-urlaub\/geschlossene-boot-fjord-abenteuer-nuuk\/\",\"name\":\"Geschlossene Boot Fjord-Abenteuer | Nuuk | Guide to Greenland\",\"isPartOf\":{\"@id\":\"https:\/\/guidetogreenland.com\/de\/#website\"},\"primaryImageOfPage\":{\"@id\":\"https:\/\/guidetogreenland.com\/de\/buch-reisen-urlaub\/geschlossene-boot-fjord-abenteuer-nuuk\/#primaryimage\"},\"image\":{\"@id\":\"https:\/\/guidetogreenland.com\/de\/buch-reisen-urlaub\/geschlossene-boot-fjord-abenteuer-nuuk\/#primaryimage\"},\"thumbnailUrl\":\"https:\/\/guidetogreenland.com\/wp-content\/uploads\/2020\/05\/women-enjoying-boat-tour-fjord-cruise-nuuk-guide-to-greenland.-scaled.jpg\",\"datePublished\":\"2024-11-22T11:29:41+00:00\",\"dateModified\":\"2026-03-24T11:54:35+00:00\",\"description\":\"Erkunden Sie einen der spektakul\u00e4rsten Teile des zweitgr\u00f6\u00dften Fjordsystems der Welt auf diesem 2-st\u00fcndigen Nuuk Fjord Abenteuer. Klicken Sie hier, um mehr zu erfahren und zu buchen\",\"breadcrumb\":{\"@id\":\"https:\/\/guidetogreenland.com\/de\/buch-reisen-urlaub\/geschlossene-boot-fjord-abenteuer-nuuk\/#breadcrumb\"},\"inLanguage\":\"de\",\"potentialAction\":[{\"@type\":\"ReadAction\",\"target\":[\"https:\/\/guidetogreenland.com\/de\/buch-reisen-urlaub\/geschlossene-boot-fjord-abenteuer-nuuk\/\"]}]},{\"@type\":\"ImageObject\",\"inLanguage\":\"de\",\"@id\":\"https:\/\/guidetogreenland.com\/de\/buch-reisen-urlaub\/geschlossene-boot-fjord-abenteuer-nuuk\/#primaryimage\",\"url\":\"https:\/\/guidetogreenland.com\/wp-content\/uploads\/2020\/05\/women-enjoying-boat-tour-fjord-cruise-nuuk-guide-to-greenland.-scaled.jpg\",\"contentUrl\":\"https:\/\/guidetogreenland.com\/wp-content\/uploads\/2020\/05\/women-enjoying-boat-tour-fjord-cruise-nuuk-guide-to-greenland.-scaled.jpg\",\"width\":2560,\"height\":1707},{\"@type\":\"BreadcrumbList\",\"@id\":\"https:\/\/guidetogreenland.com\/de\/buch-reisen-urlaub\/geschlossene-boot-fjord-abenteuer-nuuk\/#breadcrumb\",\"itemListElement\":[{\"@type\":\"ListItem\",\"position\":1,\"name\":\"Home\",\"item\":\"https:\/\/guidetogreenland.com\/de\/\"},{\"@type\":\"ListItem\",\"position\":2,\"name\":\"Alle Touren anzeigen\",\"item\":\"https:\/\/guidetogreenland.com\/de\/buch-reisen-urlaub\/\"},{\"@type\":\"ListItem\",\"position\":3,\"name\":\"Geschlossene Boot Fjord-Abenteuer | Nuuk\"}]},{\"@type\":\"WebSite\",\"@id\":\"https:\/\/guidetogreenland.com\/de\/#website\",\"url\":\"https:\/\/guidetogreenland.com\/de\/\",\"name\":\"Guide to Greenland\",\"description\":\"Largest selection of tours in Greenland\",\"potentialAction\":[{\"@type\":\"SearchAction\",\"target\":{\"@type\":\"EntryPoint\",\"urlTemplate\":\"https:\/\/guidetogreenland.com\/de\/?s={search_term_string}\"},\"query-input\":{\"@type\":\"PropertyValueSpecification\",\"valueRequired\":true,\"valueName\":\"search_term_string\"}}],\"inLanguage\":\"de\"}]}<\/script>\n<!-- \/ Yoast SEO plugin. -->","yoast_head_json":{"title":"Geschlossene Boot Fjord-Abenteuer | Nuuk | Guide to Greenland","description":"Erkunden Sie einen der spektakul\u00e4rsten Teile des zweitgr\u00f6\u00dften Fjordsystems der Welt auf diesem 2-st\u00fcndigen Nuuk Fjord Abenteuer. Klicken Sie hier, um mehr zu erfahren und zu buchen","robots":{"index":"index","follow":"follow","max-snippet":"max-snippet:-1","max-image-preview":"max-image-preview:large","max-video-preview":"max-video-preview:-1"},"canonical":"https:\/\/guidetogreenland.com\/de\/buch-reisen-urlaub\/geschlossene-boot-fjord-abenteuer-nuuk\/","og_locale":"de_DE","og_type":"article","og_title":"Geschlossene Boot Fjord-Abenteuer | Nuuk | Guide to Greenland","og_description":"Erkunden Sie einen der spektakul\u00e4rsten Teile des zweitgr\u00f6\u00dften Fjordsystems der Welt auf diesem 2-st\u00fcndigen Nuuk Fjord Abenteuer. Klicken Sie hier, um mehr zu erfahren und zu buchen","og_url":"https:\/\/guidetogreenland.com\/de\/buch-reisen-urlaub\/geschlossene-boot-fjord-abenteuer-nuuk\/","og_site_name":"Guide to Greenland","article_modified_time":"2026-03-24T11:54:35+00:00","og_image":[{"width":2560,"height":1707,"url":"https:\/\/guidetogreenland.com\/wp-content\/uploads\/2020\/05\/women-enjoying-boat-tour-fjord-cruise-nuuk-guide-to-greenland.-scaled.jpg","type":"image\/jpeg"}],"twitter_card":"summary_large_image","twitter_misc":{"Gesch\u00e4tzte Lesezeit":"1\u00a0Minute"},"schema":{"@context":"https:\/\/schema.org","@graph":[{"@type":"WebPage","@id":"https:\/\/guidetogreenland.com\/de\/buch-reisen-urlaub\/geschlossene-boot-fjord-abenteuer-nuuk\/","url":"https:\/\/guidetogreenland.com\/de\/buch-reisen-urlaub\/geschlossene-boot-fjord-abenteuer-nuuk\/","name":"Geschlossene Boot Fjord-Abenteuer | Nuuk | Guide to Greenland","isPartOf":{"@id":"https:\/\/guidetogreenland.com\/de\/#website"},"primaryImageOfPage":{"@id":"https:\/\/guidetogreenland.com\/de\/buch-reisen-urlaub\/geschlossene-boot-fjord-abenteuer-nuuk\/#primaryimage"},"image":{"@id":"https:\/\/guidetogreenland.com\/de\/buch-reisen-urlaub\/geschlossene-boot-fjord-abenteuer-nuuk\/#primaryimage"},"thumbnailUrl":"https:\/\/guidetogreenland.com\/wp-content\/uploads\/2020\/05\/women-enjoying-boat-tour-fjord-cruise-nuuk-guide-to-greenland.-scaled.jpg","datePublished":"2024-11-22T11:29:41+00:00","dateModified":"2026-03-24T11:54:35+00:00","description":"Erkunden Sie einen der spektakul\u00e4rsten Teile des zweitgr\u00f6\u00dften Fjordsystems der Welt auf diesem 2-st\u00fcndigen Nuuk Fjord Abenteuer. Klicken Sie hier, um mehr zu erfahren und zu buchen","breadcrumb":{"@id":"https:\/\/guidetogreenland.com\/de\/buch-reisen-urlaub\/geschlossene-boot-fjord-abenteuer-nuuk\/#breadcrumb"},"inLanguage":"de","potentialAction":[{"@type":"ReadAction","target":["https:\/\/guidetogreenland.com\/de\/buch-reisen-urlaub\/geschlossene-boot-fjord-abenteuer-nuuk\/"]}]},{"@type":"ImageObject","inLanguage":"de","@id":"https:\/\/guidetogreenland.com\/de\/buch-reisen-urlaub\/geschlossene-boot-fjord-abenteuer-nuuk\/#primaryimage","url":"https:\/\/guidetogreenland.com\/wp-content\/uploads\/2020\/05\/women-enjoying-boat-tour-fjord-cruise-nuuk-guide-to-greenland.-scaled.jpg","contentUrl":"https:\/\/guidetogreenland.com\/wp-content\/uploads\/2020\/05\/women-enjoying-boat-tour-fjord-cruise-nuuk-guide-to-greenland.-scaled.jpg","width":2560,"height":1707},{"@type":"BreadcrumbList","@id":"https:\/\/guidetogreenland.com\/de\/buch-reisen-urlaub\/geschlossene-boot-fjord-abenteuer-nuuk\/#breadcrumb","itemListElement":[{"@type":"ListItem","position":1,"name":"Home","item":"https:\/\/guidetogreenland.com\/de\/"},{"@type":"ListItem","position":2,"name":"Alle Touren anzeigen","item":"https:\/\/guidetogreenland.com\/de\/buch-reisen-urlaub\/"},{"@type":"ListItem","position":3,"name":"Geschlossene Boot Fjord-Abenteuer | Nuuk"}]},{"@type":"WebSite","@id":"https:\/\/guidetogreenland.com\/de\/#website","url":"https:\/\/guidetogreenland.com\/de\/","name":"Guide to Greenland","description":"Largest selection of tours in Greenland","potentialAction":[{"@type":"SearchAction","target":{"@type":"EntryPoint","urlTemplate":"https:\/\/guidetogreenland.com\/de\/?s={search_term_string}"},"query-input":{"@type":"PropertyValueSpecification","valueRequired":true,"valueName":"search_term_string"}}],"inLanguage":"de"}]}},"_links":{"self":[{"href":"https:\/\/guidetogreenland.com\/de\/wp-json\/wp\/v2\/product\/61919","targetHints":{"allow":["GET"]}}],"collection":[{"href":"https:\/\/guidetogreenland.com\/de\/wp-json\/wp\/v2\/product"}],"about":[{"href":"https:\/\/guidetogreenland.com\/de\/wp-json\/wp\/v2\/types\/product"}],"replies":[{"embeddable":true,"href":"https:\/\/guidetogreenland.com\/de\/wp-json\/wp\/v2\/comments?post=61919"}],"wp:featuredmedia":[{"embeddable":true,"href":"https:\/\/guidetogreenland.com\/de\/wp-json\/wp\/v2\/media\/43581"}],"wp:attachment":[{"href":"https:\/\/guidetogreenland.com\/de\/wp-json\/wp\/v2\/media?parent=61919"}],"wp:term":[{"taxonomy":"product_brand","embeddable":true,"href":"https:\/\/guidetogreenland.com\/de\/wp-json\/wp\/v2\/product_brand?post=61919"},{"taxonomy":"product_cat","embeddable":true,"href":"https:\/\/guidetogreenland.com\/de\/wp-json\/wp\/v2\/product_cat?post=61919"},{"taxonomy":"product_tag","embeddable":true,"href":"https:\/\/guidetogreenland.com\/de\/wp-json\/wp\/v2\/product_tag?post=61919"}],"curies":[{"name":"wp","href":"https:\/\/api.w.org\/{rel}","templated":true}]}}