{"id":61922,"date":"2020-05-12T11:01:42","date_gmt":"2024-11-22T11:29:55","guid":{"rendered":"https:\/\/guidetogreenland.com\/?post_type=product&#038;p=61922"},"modified":"2025-06-27T05:28:05","modified_gmt":"2025-06-27T08:28:05","slug":"auf-der-jagd-nach-den-nordlichtern-ilulissat-disko-bay","status":"publish","type":"product","link":"https:\/\/guidetogreenland.com\/de\/buch-reisen-urlaub\/auf-der-jagd-nach-den-nordlichtern-ilulissat-disko-bay\/","title":{"rendered":"Auf der Jagd nach den Nordlichtern | Ilulissat | Disko Bay"},"content":{"rendered":"<p><span style=\"font-weight: 400;\">Erf\u00fcllen Sie sich bei einem Besuch in Ilulissat den Traum, die magischen Nordlichter zu erleben.<\/span><\/p>\n<p><span style=\"font-weight: 400;\">Verbringen Sie den Abend damit, an den dunkelsten Orten der Stadt den besten Blick auf die herrliche Aurora Borealis zu erhaschen. Dieses Abenteuer f\u00fchrt Sie in die Au\u00dfenbezirke von Ilulissat, wo Ihnen Ihr Reiseleiter erkl\u00e4rt, wie die Sonnenst\u00fcrme diese Lichter in unserer Atmosph\u00e4re verursachen, w\u00e4hrend Sie sie \u00fcber uns tanzen sehen. In diesem Teil Gr\u00f6nlands gibt es fast jede Nacht Nordlichter, so dass die Chancen, sie w\u00e4hrend Ihres Aufenthalts zu sehen, sehr hoch sind.<\/span><\/p>\n<p><span style=\"font-weight: 400;\">Es gibt nichts Sch\u00f6neres, als die B\u00e4nder und Vorh\u00e4nge aus Licht zu beobachten, die lautlos \u00fcber den Hintergrund der kristallklaren Sterne flie\u00dfen.<\/span><\/p>\n<p><span style=\"font-weight: 400;\">Nach der Besichtigung kehren wir ins Hotel zur\u00fcck und der Reiseleiter bereitet einen traditionellen gr\u00f6nl\u00e4ndischen Kaffee zu.<\/span><\/p>\n<p><span style=\"font-weight: 400;\">Abseits der Lichtverschmutzung der Stadt ist die arktische Lichtshow im Winter am spektakul\u00e4rsten, also buchen Sie Ihren Platz in der ersten Reihe, indem Sie Ihr Reisedatum ausw\u00e4hlen und auf Jetzt buchen klicken.\u00a0<\/span><\/p>\n<p><span style=\"font-weight: 400;\">Hinweis: Wir verwenden wissenschaftliche Vorhersagen, um die Wahrscheinlichkeit des Auftretens des Nordlichts w\u00e4hrend Ihrer Reise zu bestimmen. Wenn es nicht gut aussieht, informieren wir Sie etwa eine Stunde vor Beginn der Tour und verschieben den Termin auf eine andere Nacht. Sollten die Nordlichter w\u00e4hrend Ihres Aufenthalts in Ilulissat \u00fcberhaupt nicht erscheinen, erstatten wir Ihnen Ihre Zahlung zur\u00fcck.<\/span><\/p>\n","protected":false},"excerpt":{"rendered":"Erf\u00fcllen Sie sich bei einem Besuch in Ilulissat den Traum, die magischen Nordlichter zu erleben. Verbringen Sie den Abend damit, an den dunkelsten Orten der Stadt den besten Blick auf die herrliche Aurora Borealis zu erhaschen. Dieses Abenteuer f\u00fchrt Sie in die Au\u00dfenbezirke von Ilulissat, wo Ihnen Ihr Reiseleiter erkl\u00e4rt, wie die Sonnenst\u00fcrme diese Lichter&#8230;","protected":false},"featured_media":43554,"comment_status":"open","ping_status":"closed","template":"","meta":[],"product_brand":[],"product_cat":[1136,1185,1189,1163,1231,1188,1187,1194],"product_tag":[1196],"class_list":{"0":"post-61922","1":"product","2":"type-product","3":"status-publish","4":"has-post-thumbnail","6":"product_cat-abenteuer-in-gronland","7":"product_cat-arktische-natur-und-tierwelt","8":"product_cat-diskobucht-touren","9":"product_cat-ilulissat-touren","10":"product_cat-nordlicht-touren","11":"product_cat-reiseziel-touren","12":"product_cat-tagestouren-im-winter","13":"product_cat-touren-nach-region","14":"product_tag-ilulissat-de","15":"pa_activities-nordlichter-de","16":"pa_attractions-diskobucht","17":"pa_available-month-january-de","18":"pa_available-month-februar","19":"pa_available-month-maerz","20":"pa_available-month-september-de","21":"pa_available-month-oktober","22":"pa_available-month-november-de","23":"pa_available-month-dezember","24":"pa_destinations-ilulissat-de","25":"pa_difficulty-leicht","26":"pa_duration-2-stunden","27":"pa_tour-type-tagestour","28":"yith_shop_vendor-albatros-ilulissat-de","30":"first","31":"instock","32":"virtual","33":"sold-individually","34":"purchasable","35":"product-type-booking"},"acf":[],"yoast_head":"<!-- This site is optimized with the Yoast SEO plugin v25.6 - https:\/\/yoast.com\/wordpress\/plugins\/seo\/ -->\n<title>Auf der Jagd nach den Nordlichtern | Ilulissat | Disko Bay | Guide to Greenland<\/title>\n<meta name=\"description\" content=\"Erleben Sie magische Nordlichter in Ilulissat. Genie\u00dfen Sie das Schauspiel in der Natur und w\u00e4rmen Sie sich danach mit gr\u00f6nl\u00e4ndischem Kaffee auf! Buchen Sie jetzt.\" \/>\n<meta name=\"robots\" content=\"index, follow, max-snippet:-1, max-image-preview:large, max-video-preview:-1\" \/>\n<link rel=\"canonical\" href=\"https:\/\/guidetogreenland.com\/de\/buch-reisen-urlaub\/auf-der-jagd-nach-den-nordlichtern-ilulissat-disko-bay\/\" \/>\n<meta property=\"og:locale\" content=\"de_DE\" \/>\n<meta property=\"og:type\" content=\"article\" \/>\n<meta property=\"og:title\" content=\"Auf der Jagd nach den Nordlichtern | Ilulissat | Disko Bay | Guide to Greenland\" \/>\n<meta property=\"og:description\" content=\"Erleben Sie magische Nordlichter in Ilulissat. Genie\u00dfen Sie das Schauspiel in der Natur und w\u00e4rmen Sie sich danach mit gr\u00f6nl\u00e4ndischem Kaffee auf! Buchen Sie jetzt.\" \/>\n<meta property=\"og:url\" content=\"https:\/\/guidetogreenland.com\/de\/buch-reisen-urlaub\/auf-der-jagd-nach-den-nordlichtern-ilulissat-disko-bay\/\" \/>\n<meta property=\"og:site_name\" content=\"Guide to Greenland\" \/>\n<meta property=\"article:modified_time\" content=\"2025-06-27T08:28:05+00:00\" \/>\n<meta property=\"og:image\" content=\"https:\/\/guidetogreenland.com\/wp-content\/uploads\/2020\/05\/Chasing-the-Northern-Lights-Ilulissat-Disko-Bay-Guide-to-Greenland10.jpg\" \/>\n\t<meta property=\"og:image:width\" content=\"926\" \/>\n\t<meta property=\"og:image:height\" content=\"617\" \/>\n\t<meta property=\"og:image:type\" content=\"image\/jpeg\" \/>\n<meta name=\"twitter:card\" content=\"summary_large_image\" \/>\n<meta name=\"twitter:label1\" content=\"Gesch\u00e4tzte Lesezeit\" \/>\n\t<meta name=\"twitter:data1\" content=\"1\u00a0Minute\" \/>\n<script type=\"application\/ld+json\" class=\"yoast-schema-graph\">{\"@context\":\"https:\/\/schema.org\",\"@graph\":[{\"@type\":\"WebPage\",\"@id\":\"https:\/\/guidetogreenland.com\/de\/buch-reisen-urlaub\/auf-der-jagd-nach-den-nordlichtern-ilulissat-disko-bay\/\",\"url\":\"https:\/\/guidetogreenland.com\/de\/buch-reisen-urlaub\/auf-der-jagd-nach-den-nordlichtern-ilulissat-disko-bay\/\",\"name\":\"Auf der Jagd nach den Nordlichtern | Ilulissat | Disko Bay | Guide to Greenland\",\"isPartOf\":{\"@id\":\"https:\/\/guidetogreenland.com\/de\/#website\"},\"primaryImageOfPage\":{\"@id\":\"https:\/\/guidetogreenland.com\/de\/buch-reisen-urlaub\/auf-der-jagd-nach-den-nordlichtern-ilulissat-disko-bay\/#primaryimage\"},\"image\":{\"@id\":\"https:\/\/guidetogreenland.com\/de\/buch-reisen-urlaub\/auf-der-jagd-nach-den-nordlichtern-ilulissat-disko-bay\/#primaryimage\"},\"thumbnailUrl\":\"https:\/\/guidetogreenland.com\/wp-content\/uploads\/2020\/05\/Chasing-the-Northern-Lights-Ilulissat-Disko-Bay-Guide-to-Greenland10.jpg\",\"datePublished\":\"2024-11-22T11:29:55+00:00\",\"dateModified\":\"2025-06-27T08:28:05+00:00\",\"description\":\"Erleben Sie magische Nordlichter in Ilulissat. Genie\u00dfen Sie das Schauspiel in der Natur und w\u00e4rmen Sie sich danach mit gr\u00f6nl\u00e4ndischem Kaffee auf! Buchen Sie jetzt.\",\"breadcrumb\":{\"@id\":\"https:\/\/guidetogreenland.com\/de\/buch-reisen-urlaub\/auf-der-jagd-nach-den-nordlichtern-ilulissat-disko-bay\/#breadcrumb\"},\"inLanguage\":\"de\",\"potentialAction\":[{\"@type\":\"ReadAction\",\"target\":[\"https:\/\/guidetogreenland.com\/de\/buch-reisen-urlaub\/auf-der-jagd-nach-den-nordlichtern-ilulissat-disko-bay\/\"]}]},{\"@type\":\"ImageObject\",\"inLanguage\":\"de\",\"@id\":\"https:\/\/guidetogreenland.com\/de\/buch-reisen-urlaub\/auf-der-jagd-nach-den-nordlichtern-ilulissat-disko-bay\/#primaryimage\",\"url\":\"https:\/\/guidetogreenland.com\/wp-content\/uploads\/2020\/05\/Chasing-the-Northern-Lights-Ilulissat-Disko-Bay-Guide-to-Greenland10.jpg\",\"contentUrl\":\"https:\/\/guidetogreenland.com\/wp-content\/uploads\/2020\/05\/Chasing-the-Northern-Lights-Ilulissat-Disko-Bay-Guide-to-Greenland10.jpg\",\"width\":926,\"height\":617},{\"@type\":\"BreadcrumbList\",\"@id\":\"https:\/\/guidetogreenland.com\/de\/buch-reisen-urlaub\/auf-der-jagd-nach-den-nordlichtern-ilulissat-disko-bay\/#breadcrumb\",\"itemListElement\":[{\"@type\":\"ListItem\",\"position\":1,\"name\":\"Home\",\"item\":\"https:\/\/guidetogreenland.com\/de\/\"},{\"@type\":\"ListItem\",\"position\":2,\"name\":\"Alle Touren anzeigen\",\"item\":\"https:\/\/guidetogreenland.com\/de\/buch-reisen-urlaub\/\"},{\"@type\":\"ListItem\",\"position\":3,\"name\":\"Auf der Jagd nach den Nordlichtern | Ilulissat | Disko Bay\"}]},{\"@type\":\"WebSite\",\"@id\":\"https:\/\/guidetogreenland.com\/de\/#website\",\"url\":\"https:\/\/guidetogreenland.com\/de\/\",\"name\":\"Guide to Greenland\",\"description\":\"Largest selection of tours in Greenland\",\"potentialAction\":[{\"@type\":\"SearchAction\",\"target\":{\"@type\":\"EntryPoint\",\"urlTemplate\":\"https:\/\/guidetogreenland.com\/de\/?s={search_term_string}\"},\"query-input\":{\"@type\":\"PropertyValueSpecification\",\"valueRequired\":true,\"valueName\":\"search_term_string\"}}],\"inLanguage\":\"de\"}]}<\/script>\n<!-- \/ Yoast SEO plugin. -->","yoast_head_json":{"title":"Auf der Jagd nach den Nordlichtern | Ilulissat | Disko Bay | Guide to Greenland","description":"Erleben Sie magische Nordlichter in Ilulissat. Genie\u00dfen Sie das Schauspiel in der Natur und w\u00e4rmen Sie sich danach mit gr\u00f6nl\u00e4ndischem Kaffee auf! Buchen Sie jetzt.","robots":{"index":"index","follow":"follow","max-snippet":"max-snippet:-1","max-image-preview":"max-image-preview:large","max-video-preview":"max-video-preview:-1"},"canonical":"https:\/\/guidetogreenland.com\/de\/buch-reisen-urlaub\/auf-der-jagd-nach-den-nordlichtern-ilulissat-disko-bay\/","og_locale":"de_DE","og_type":"article","og_title":"Auf der Jagd nach den Nordlichtern | Ilulissat | Disko Bay | Guide to Greenland","og_description":"Erleben Sie magische Nordlichter in Ilulissat. Genie\u00dfen Sie das Schauspiel in der Natur und w\u00e4rmen Sie sich danach mit gr\u00f6nl\u00e4ndischem Kaffee auf! Buchen Sie jetzt.","og_url":"https:\/\/guidetogreenland.com\/de\/buch-reisen-urlaub\/auf-der-jagd-nach-den-nordlichtern-ilulissat-disko-bay\/","og_site_name":"Guide to Greenland","article_modified_time":"2025-06-27T08:28:05+00:00","og_image":[{"width":926,"height":617,"url":"https:\/\/guidetogreenland.com\/wp-content\/uploads\/2020\/05\/Chasing-the-Northern-Lights-Ilulissat-Disko-Bay-Guide-to-Greenland10.jpg","type":"image\/jpeg"}],"twitter_card":"summary_large_image","twitter_misc":{"Gesch\u00e4tzte Lesezeit":"1\u00a0Minute"},"schema":{"@context":"https:\/\/schema.org","@graph":[{"@type":"WebPage","@id":"https:\/\/guidetogreenland.com\/de\/buch-reisen-urlaub\/auf-der-jagd-nach-den-nordlichtern-ilulissat-disko-bay\/","url":"https:\/\/guidetogreenland.com\/de\/buch-reisen-urlaub\/auf-der-jagd-nach-den-nordlichtern-ilulissat-disko-bay\/","name":"Auf der Jagd nach den Nordlichtern | Ilulissat | Disko Bay | Guide to Greenland","isPartOf":{"@id":"https:\/\/guidetogreenland.com\/de\/#website"},"primaryImageOfPage":{"@id":"https:\/\/guidetogreenland.com\/de\/buch-reisen-urlaub\/auf-der-jagd-nach-den-nordlichtern-ilulissat-disko-bay\/#primaryimage"},"image":{"@id":"https:\/\/guidetogreenland.com\/de\/buch-reisen-urlaub\/auf-der-jagd-nach-den-nordlichtern-ilulissat-disko-bay\/#primaryimage"},"thumbnailUrl":"https:\/\/guidetogreenland.com\/wp-content\/uploads\/2020\/05\/Chasing-the-Northern-Lights-Ilulissat-Disko-Bay-Guide-to-Greenland10.jpg","datePublished":"2024-11-22T11:29:55+00:00","dateModified":"2025-06-27T08:28:05+00:00","description":"Erleben Sie magische Nordlichter in Ilulissat. Genie\u00dfen Sie das Schauspiel in der Natur und w\u00e4rmen Sie sich danach mit gr\u00f6nl\u00e4ndischem Kaffee auf! Buchen Sie jetzt.","breadcrumb":{"@id":"https:\/\/guidetogreenland.com\/de\/buch-reisen-urlaub\/auf-der-jagd-nach-den-nordlichtern-ilulissat-disko-bay\/#breadcrumb"},"inLanguage":"de","potentialAction":[{"@type":"ReadAction","target":["https:\/\/guidetogreenland.com\/de\/buch-reisen-urlaub\/auf-der-jagd-nach-den-nordlichtern-ilulissat-disko-bay\/"]}]},{"@type":"ImageObject","inLanguage":"de","@id":"https:\/\/guidetogreenland.com\/de\/buch-reisen-urlaub\/auf-der-jagd-nach-den-nordlichtern-ilulissat-disko-bay\/#primaryimage","url":"https:\/\/guidetogreenland.com\/wp-content\/uploads\/2020\/05\/Chasing-the-Northern-Lights-Ilulissat-Disko-Bay-Guide-to-Greenland10.jpg","contentUrl":"https:\/\/guidetogreenland.com\/wp-content\/uploads\/2020\/05\/Chasing-the-Northern-Lights-Ilulissat-Disko-Bay-Guide-to-Greenland10.jpg","width":926,"height":617},{"@type":"BreadcrumbList","@id":"https:\/\/guidetogreenland.com\/de\/buch-reisen-urlaub\/auf-der-jagd-nach-den-nordlichtern-ilulissat-disko-bay\/#breadcrumb","itemListElement":[{"@type":"ListItem","position":1,"name":"Home","item":"https:\/\/guidetogreenland.com\/de\/"},{"@type":"ListItem","position":2,"name":"Alle Touren anzeigen","item":"https:\/\/guidetogreenland.com\/de\/buch-reisen-urlaub\/"},{"@type":"ListItem","position":3,"name":"Auf der Jagd nach den Nordlichtern | Ilulissat | Disko Bay"}]},{"@type":"WebSite","@id":"https:\/\/guidetogreenland.com\/de\/#website","url":"https:\/\/guidetogreenland.com\/de\/","name":"Guide to Greenland","description":"Largest selection of tours in Greenland","potentialAction":[{"@type":"SearchAction","target":{"@type":"EntryPoint","urlTemplate":"https:\/\/guidetogreenland.com\/de\/?s={search_term_string}"},"query-input":{"@type":"PropertyValueSpecification","valueRequired":true,"valueName":"search_term_string"}}],"inLanguage":"de"}]}},"_links":{"self":[{"href":"https:\/\/guidetogreenland.com\/de\/wp-json\/wp\/v2\/product\/61922","targetHints":{"allow":["GET"]}}],"collection":[{"href":"https:\/\/guidetogreenland.com\/de\/wp-json\/wp\/v2\/product"}],"about":[{"href":"https:\/\/guidetogreenland.com\/de\/wp-json\/wp\/v2\/types\/product"}],"replies":[{"embeddable":true,"href":"https:\/\/guidetogreenland.com\/de\/wp-json\/wp\/v2\/comments?post=61922"}],"wp:featuredmedia":[{"embeddable":true,"href":"https:\/\/guidetogreenland.com\/de\/wp-json\/wp\/v2\/media\/43554"}],"wp:attachment":[{"href":"https:\/\/guidetogreenland.com\/de\/wp-json\/wp\/v2\/media?parent=61922"}],"wp:term":[{"taxonomy":"product_brand","embeddable":true,"href":"https:\/\/guidetogreenland.com\/de\/wp-json\/wp\/v2\/product_brand?post=61922"},{"taxonomy":"product_cat","embeddable":true,"href":"https:\/\/guidetogreenland.com\/de\/wp-json\/wp\/v2\/product_cat?post=61922"},{"taxonomy":"product_tag","embeddable":true,"href":"https:\/\/guidetogreenland.com\/de\/wp-json\/wp\/v2\/product_tag?post=61922"}],"curies":[{"name":"wp","href":"https:\/\/api.w.org\/{rel}","templated":true}]}}