{"id":61925,"date":"2020-05-11T17:43:09","date_gmt":"2024-11-22T11:30:15","guid":{"rendered":"https:\/\/guidetogreenland.com\/?post_type=product&#038;p=61925"},"modified":"2025-10-23T03:23:20","modified_gmt":"2025-10-23T06:23:20","slug":"catchneat-qooqqut-nuan-nuuk","status":"publish","type":"product","link":"https:\/\/guidetogreenland.com\/de\/buch-reisen-urlaub\/catchneat-qooqqut-nuan-nuuk\/","title":{"rendered":"Catch&#8217;n&#8217;Eat | Qooqqut Nuan | Nuuk"},"content":{"rendered":"<p><span style=\"font-weight: 400;\">Fangen Sie bei diesem Ausflug nach Qooqqut Ihr eigenes Abendessen und lassen Sie es von Spitzenk\u00f6chen tief im Nuuk-Fjord zubereiten.<\/span><\/p>\n<p><span style=\"font-weight: 400;\">Der Fischfang ist der gr\u00f6\u00dfte Wirtschaftszweig in Gr\u00f6nland und eine sehr beliebte Freizeitbesch\u00e4ftigung der Gr\u00f6nl\u00e4nder. Warum machen Sie es also nicht wie die Einheimischen und fischen f\u00fcr Ihr Abendessen, w\u00e4hrend Sie den Nuuk Fjord erkunden?\u00a0<\/span><\/p>\n<p><span style=\"font-weight: 400;\">Unsere Reise f\u00fchrt uns vorbei am ber\u00fchmten Sermitsiaq-Berg, w\u00e4hrend wir weiter in das zweitgr\u00f6\u00dfte Fjordsystem der Welt vordringen. Unterwegs halten wir an unseren bevorzugten Angelpl\u00e4tzen, um unser Abendessen selbst zu fangen. Normalerweise ist es ziemlich einfach, Kabeljau und Rotbarsch zu fangen, also keine Sorge &#8211; Sie werden nicht hungrig nach Hause gehen! Unser Kapit\u00e4n steht uns auch mit Rat und Tat zur Seite, sodass Sie selbst dann, wenn Sie noch nie geangelt haben, mit gro\u00dfer Wahrscheinlichkeit etwas an Land ziehen werden.<\/span><\/p>\n<p><span style=\"font-weight: 400;\">Sobald wir unseren Fisch gefangen haben, setzen wir unsere entspannte Fahrt fort und legen in der ehemaligen Siedlung Qooqqut an. Dieses winzige Dorf ist heute ein Sommerurlaubsgebiet f\u00fcr die Einheimischen und beherbergt das \u201eQooqqut Nuan\u201c &#8211; ein 4-Sterne-Restaurant, in dem wir unsere Fischbeute abliefern werden.<\/span><\/p>\n<p><span style=\"font-weight: 400;\">Hier haben Sie die M\u00f6glichkeit, beim S\u00e4ubern, Filetieren und Kochen des Fisches mitzuhelfen. Oder Sie \u00fcberlassen den Fisch den professionellen K\u00f6chen und machen sich auf den Weg, Qooqqut zu erkunden. Das Gebiet hat eine faszinierende Geologie und ist reich an gr\u00f6nl\u00e4ndischen Kr\u00e4utern wie Engelwurz, arktischem Thymian und Beeren. In der Gegend gibt es auch alte Ruinen der Thule-Inuit und der nordischen Siedler.<\/span><\/p>\n<p><span style=\"font-weight: 400;\">Sobald unser Essen zubereitet ist, speisen wir stilvoll im Restaurant mit einer unglaublichen Aussicht auf die Berge und den Fjord. Dann segeln wir mit vollen B\u00e4uchen zur\u00fcck nach Nuuk.<\/span><\/p>\n<p><span style=\"font-weight: 400;\">Reservieren Sie Ihren Platz f\u00fcr dieses malerische Angel- und kulinarische Abenteuer im Nuuk Fjord, indem Sie Ihr Reisedatum ausw\u00e4hlen und auf Jetzt buchen klicken.<\/span><\/p>\n","protected":false},"excerpt":{"rendered":"Fangen Sie bei diesem Ausflug nach Qooqqut Ihr eigenes Abendessen und lassen Sie es von Spitzenk\u00f6chen tief im Nuuk-Fjord zubereiten. Der Fischfang ist der gr\u00f6\u00dfte Wirtschaftszweig in Gr\u00f6nland und eine sehr beliebte Freizeitbesch\u00e4ftigung der Gr\u00f6nl\u00e4nder. Warum machen Sie es also nicht wie die Einheimischen und fischen f\u00fcr Ihr Abendessen, w\u00e4hrend Sie den Nuuk Fjord erkunden?\u00a0&#8230;","protected":false},"featured_media":43546,"comment_status":"open","ping_status":"closed","template":"","meta":[],"product_brand":[],"product_cat":[1136,1162,1185,1159,1164,1188,1186,1194,1232],"product_tag":[1247],"class_list":{"0":"post-61925","1":"product","2":"type-product","3":"status-publish","4":"has-post-thumbnail","6":"product_cat-abenteuer-in-gronland","7":"product_cat-angeltouren","8":"product_cat-arktische-natur-und-tierwelt","9":"product_cat-bootstouren-in-groenland","10":"product_cat-nuuk-touren","11":"product_cat-reiseziel-touren","12":"product_cat-tagestouren-im-sommer","13":"product_cat-touren-nach-region","14":"product_cat-westgronland-touren","15":"product_tag-nuuk-de","16":"pa_activities-besuch-einer-siedlung-de","17":"pa_activities-bootstour-de","18":"pa_activities-fischen-de","19":"pa_activities-lebensmittelverkostung-kaffemik-de","20":"pa_attractions-nuuk-fjord","21":"pa_attractions-qooqqut-de","22":"pa_available-month-mai","23":"pa_available-month-juni","24":"pa_available-month-juli","25":"pa_available-month-august-de","26":"pa_available-month-september-de","27":"pa_destinations-nuuk-de","28":"pa_difficulty-leicht","29":"pa_duration-6-stunden","30":"pa_tour-type-tagestour","31":"yith_shop_vendor-nuuk-water-taxi-de","33":"first","34":"instock","35":"featured","36":"sold-individually","37":"shipping-taxable","38":"purchasable","39":"product-type-booking"},"acf":[],"yoast_head":"<!-- This site is optimized with the Yoast SEO plugin v25.6 - https:\/\/yoast.com\/wordpress\/plugins\/seo\/ -->\n<title>Catch&#039;n&#039;Eat | Qooqqut Nuan | Nuuk | Guide to Greenland<\/title>\n<meta name=\"description\" content=\"Fangen Sie Ihr eigenes Abendessen und lassen Sie es von Spitzenk\u00f6chen tief im Nuuk Fjord zubereiten - auf dieser Gourmetreise nach Qooqqut. Klicken Sie hier, um mehr zu erfahren und zu buchen\" \/>\n<meta name=\"robots\" content=\"index, follow, max-snippet:-1, max-image-preview:large, max-video-preview:-1\" \/>\n<link rel=\"canonical\" href=\"https:\/\/guidetogreenland.com\/de\/buch-reisen-urlaub\/catchneat-qooqqut-nuan-nuuk\/\" \/>\n<meta property=\"og:locale\" content=\"de_DE\" \/>\n<meta property=\"og:type\" content=\"article\" \/>\n<meta property=\"og:title\" content=\"Catch&#039;n&#039;Eat | Qooqqut Nuan | Nuuk | Guide to Greenland\" \/>\n<meta property=\"og:description\" content=\"Fangen Sie Ihr eigenes Abendessen und lassen Sie es von Spitzenk\u00f6chen tief im Nuuk Fjord zubereiten - auf dieser Gourmetreise nach Qooqqut. Klicken Sie hier, um mehr zu erfahren und zu buchen\" \/>\n<meta property=\"og:url\" content=\"https:\/\/guidetogreenland.com\/de\/buch-reisen-urlaub\/catchneat-qooqqut-nuan-nuuk\/\" \/>\n<meta property=\"og:site_name\" content=\"Guide to Greenland\" \/>\n<meta property=\"article:modified_time\" content=\"2025-10-23T06:23:20+00:00\" \/>\n<meta property=\"og:image\" content=\"https:\/\/guidetogreenland.com\/wp-content\/uploads\/2020\/05\/Nuuk-Fjord-Deep-sea-fishing-redfish-summerIMG_0392-scaled.jpg\" \/>\n\t<meta property=\"og:image:width\" content=\"1920\" \/>\n\t<meta property=\"og:image:height\" content=\"2560\" \/>\n\t<meta property=\"og:image:type\" content=\"image\/jpeg\" \/>\n<meta name=\"twitter:card\" content=\"summary_large_image\" \/>\n<meta name=\"twitter:label1\" content=\"Gesch\u00e4tzte Lesezeit\" \/>\n\t<meta name=\"twitter:data1\" content=\"2\u00a0Minuten\" \/>\n<script type=\"application\/ld+json\" class=\"yoast-schema-graph\">{\"@context\":\"https:\/\/schema.org\",\"@graph\":[{\"@type\":\"WebPage\",\"@id\":\"https:\/\/guidetogreenland.com\/de\/buch-reisen-urlaub\/catchneat-qooqqut-nuan-nuuk\/\",\"url\":\"https:\/\/guidetogreenland.com\/de\/buch-reisen-urlaub\/catchneat-qooqqut-nuan-nuuk\/\",\"name\":\"Catch'n'Eat | Qooqqut Nuan | Nuuk | Guide to Greenland\",\"isPartOf\":{\"@id\":\"https:\/\/guidetogreenland.com\/de\/#website\"},\"primaryImageOfPage\":{\"@id\":\"https:\/\/guidetogreenland.com\/de\/buch-reisen-urlaub\/catchneat-qooqqut-nuan-nuuk\/#primaryimage\"},\"image\":{\"@id\":\"https:\/\/guidetogreenland.com\/de\/buch-reisen-urlaub\/catchneat-qooqqut-nuan-nuuk\/#primaryimage\"},\"thumbnailUrl\":\"https:\/\/guidetogreenland.com\/wp-content\/uploads\/2020\/05\/Nuuk-Fjord-Deep-sea-fishing-redfish-summerIMG_0392-scaled.jpg\",\"datePublished\":\"2024-11-22T11:30:15+00:00\",\"dateModified\":\"2025-10-23T06:23:20+00:00\",\"description\":\"Fangen Sie Ihr eigenes Abendessen und lassen Sie es von Spitzenk\u00f6chen tief im Nuuk Fjord zubereiten - auf dieser Gourmetreise nach Qooqqut. Klicken Sie hier, um mehr zu erfahren und zu buchen\",\"breadcrumb\":{\"@id\":\"https:\/\/guidetogreenland.com\/de\/buch-reisen-urlaub\/catchneat-qooqqut-nuan-nuuk\/#breadcrumb\"},\"inLanguage\":\"de\",\"potentialAction\":[{\"@type\":\"ReadAction\",\"target\":[\"https:\/\/guidetogreenland.com\/de\/buch-reisen-urlaub\/catchneat-qooqqut-nuan-nuuk\/\"]}]},{\"@type\":\"ImageObject\",\"inLanguage\":\"de\",\"@id\":\"https:\/\/guidetogreenland.com\/de\/buch-reisen-urlaub\/catchneat-qooqqut-nuan-nuuk\/#primaryimage\",\"url\":\"https:\/\/guidetogreenland.com\/wp-content\/uploads\/2020\/05\/Nuuk-Fjord-Deep-sea-fishing-redfish-summerIMG_0392-scaled.jpg\",\"contentUrl\":\"https:\/\/guidetogreenland.com\/wp-content\/uploads\/2020\/05\/Nuuk-Fjord-Deep-sea-fishing-redfish-summerIMG_0392-scaled.jpg\",\"width\":1920,\"height\":2560},{\"@type\":\"BreadcrumbList\",\"@id\":\"https:\/\/guidetogreenland.com\/de\/buch-reisen-urlaub\/catchneat-qooqqut-nuan-nuuk\/#breadcrumb\",\"itemListElement\":[{\"@type\":\"ListItem\",\"position\":1,\"name\":\"Home\",\"item\":\"https:\/\/guidetogreenland.com\/de\/\"},{\"@type\":\"ListItem\",\"position\":2,\"name\":\"Alle Touren anzeigen\",\"item\":\"https:\/\/guidetogreenland.com\/de\/buch-reisen-urlaub\/\"},{\"@type\":\"ListItem\",\"position\":3,\"name\":\"Catch&#8217;n&#8217;Eat | Qooqqut Nuan | Nuuk\"}]},{\"@type\":\"WebSite\",\"@id\":\"https:\/\/guidetogreenland.com\/de\/#website\",\"url\":\"https:\/\/guidetogreenland.com\/de\/\",\"name\":\"Guide to Greenland\",\"description\":\"Largest selection of tours in Greenland\",\"potentialAction\":[{\"@type\":\"SearchAction\",\"target\":{\"@type\":\"EntryPoint\",\"urlTemplate\":\"https:\/\/guidetogreenland.com\/de\/?s={search_term_string}\"},\"query-input\":{\"@type\":\"PropertyValueSpecification\",\"valueRequired\":true,\"valueName\":\"search_term_string\"}}],\"inLanguage\":\"de\"}]}<\/script>\n<!-- \/ Yoast SEO plugin. -->","yoast_head_json":{"title":"Catch'n'Eat | Qooqqut Nuan | Nuuk | Guide to Greenland","description":"Fangen Sie Ihr eigenes Abendessen und lassen Sie es von Spitzenk\u00f6chen tief im Nuuk Fjord zubereiten - auf dieser Gourmetreise nach Qooqqut. Klicken Sie hier, um mehr zu erfahren und zu buchen","robots":{"index":"index","follow":"follow","max-snippet":"max-snippet:-1","max-image-preview":"max-image-preview:large","max-video-preview":"max-video-preview:-1"},"canonical":"https:\/\/guidetogreenland.com\/de\/buch-reisen-urlaub\/catchneat-qooqqut-nuan-nuuk\/","og_locale":"de_DE","og_type":"article","og_title":"Catch'n'Eat | Qooqqut Nuan | Nuuk | Guide to Greenland","og_description":"Fangen Sie Ihr eigenes Abendessen und lassen Sie es von Spitzenk\u00f6chen tief im Nuuk Fjord zubereiten - auf dieser Gourmetreise nach Qooqqut. Klicken Sie hier, um mehr zu erfahren und zu buchen","og_url":"https:\/\/guidetogreenland.com\/de\/buch-reisen-urlaub\/catchneat-qooqqut-nuan-nuuk\/","og_site_name":"Guide to Greenland","article_modified_time":"2025-10-23T06:23:20+00:00","og_image":[{"width":1920,"height":2560,"url":"https:\/\/guidetogreenland.com\/wp-content\/uploads\/2020\/05\/Nuuk-Fjord-Deep-sea-fishing-redfish-summerIMG_0392-scaled.jpg","type":"image\/jpeg"}],"twitter_card":"summary_large_image","twitter_misc":{"Gesch\u00e4tzte Lesezeit":"2\u00a0Minuten"},"schema":{"@context":"https:\/\/schema.org","@graph":[{"@type":"WebPage","@id":"https:\/\/guidetogreenland.com\/de\/buch-reisen-urlaub\/catchneat-qooqqut-nuan-nuuk\/","url":"https:\/\/guidetogreenland.com\/de\/buch-reisen-urlaub\/catchneat-qooqqut-nuan-nuuk\/","name":"Catch'n'Eat | Qooqqut Nuan | Nuuk | Guide to Greenland","isPartOf":{"@id":"https:\/\/guidetogreenland.com\/de\/#website"},"primaryImageOfPage":{"@id":"https:\/\/guidetogreenland.com\/de\/buch-reisen-urlaub\/catchneat-qooqqut-nuan-nuuk\/#primaryimage"},"image":{"@id":"https:\/\/guidetogreenland.com\/de\/buch-reisen-urlaub\/catchneat-qooqqut-nuan-nuuk\/#primaryimage"},"thumbnailUrl":"https:\/\/guidetogreenland.com\/wp-content\/uploads\/2020\/05\/Nuuk-Fjord-Deep-sea-fishing-redfish-summerIMG_0392-scaled.jpg","datePublished":"2024-11-22T11:30:15+00:00","dateModified":"2025-10-23T06:23:20+00:00","description":"Fangen Sie Ihr eigenes Abendessen und lassen Sie es von Spitzenk\u00f6chen tief im Nuuk Fjord zubereiten - auf dieser Gourmetreise nach Qooqqut. Klicken Sie hier, um mehr zu erfahren und zu buchen","breadcrumb":{"@id":"https:\/\/guidetogreenland.com\/de\/buch-reisen-urlaub\/catchneat-qooqqut-nuan-nuuk\/#breadcrumb"},"inLanguage":"de","potentialAction":[{"@type":"ReadAction","target":["https:\/\/guidetogreenland.com\/de\/buch-reisen-urlaub\/catchneat-qooqqut-nuan-nuuk\/"]}]},{"@type":"ImageObject","inLanguage":"de","@id":"https:\/\/guidetogreenland.com\/de\/buch-reisen-urlaub\/catchneat-qooqqut-nuan-nuuk\/#primaryimage","url":"https:\/\/guidetogreenland.com\/wp-content\/uploads\/2020\/05\/Nuuk-Fjord-Deep-sea-fishing-redfish-summerIMG_0392-scaled.jpg","contentUrl":"https:\/\/guidetogreenland.com\/wp-content\/uploads\/2020\/05\/Nuuk-Fjord-Deep-sea-fishing-redfish-summerIMG_0392-scaled.jpg","width":1920,"height":2560},{"@type":"BreadcrumbList","@id":"https:\/\/guidetogreenland.com\/de\/buch-reisen-urlaub\/catchneat-qooqqut-nuan-nuuk\/#breadcrumb","itemListElement":[{"@type":"ListItem","position":1,"name":"Home","item":"https:\/\/guidetogreenland.com\/de\/"},{"@type":"ListItem","position":2,"name":"Alle Touren anzeigen","item":"https:\/\/guidetogreenland.com\/de\/buch-reisen-urlaub\/"},{"@type":"ListItem","position":3,"name":"Catch&#8217;n&#8217;Eat | Qooqqut Nuan | Nuuk"}]},{"@type":"WebSite","@id":"https:\/\/guidetogreenland.com\/de\/#website","url":"https:\/\/guidetogreenland.com\/de\/","name":"Guide to Greenland","description":"Largest selection of tours in Greenland","potentialAction":[{"@type":"SearchAction","target":{"@type":"EntryPoint","urlTemplate":"https:\/\/guidetogreenland.com\/de\/?s={search_term_string}"},"query-input":{"@type":"PropertyValueSpecification","valueRequired":true,"valueName":"search_term_string"}}],"inLanguage":"de"}]}},"_links":{"self":[{"href":"https:\/\/guidetogreenland.com\/de\/wp-json\/wp\/v2\/product\/61925","targetHints":{"allow":["GET"]}}],"collection":[{"href":"https:\/\/guidetogreenland.com\/de\/wp-json\/wp\/v2\/product"}],"about":[{"href":"https:\/\/guidetogreenland.com\/de\/wp-json\/wp\/v2\/types\/product"}],"replies":[{"embeddable":true,"href":"https:\/\/guidetogreenland.com\/de\/wp-json\/wp\/v2\/comments?post=61925"}],"wp:featuredmedia":[{"embeddable":true,"href":"https:\/\/guidetogreenland.com\/de\/wp-json\/wp\/v2\/media\/43546"}],"wp:attachment":[{"href":"https:\/\/guidetogreenland.com\/de\/wp-json\/wp\/v2\/media?parent=61925"}],"wp:term":[{"taxonomy":"product_brand","embeddable":true,"href":"https:\/\/guidetogreenland.com\/de\/wp-json\/wp\/v2\/product_brand?post=61925"},{"taxonomy":"product_cat","embeddable":true,"href":"https:\/\/guidetogreenland.com\/de\/wp-json\/wp\/v2\/product_cat?post=61925"},{"taxonomy":"product_tag","embeddable":true,"href":"https:\/\/guidetogreenland.com\/de\/wp-json\/wp\/v2\/product_tag?post=61925"}],"curies":[{"name":"wp","href":"https:\/\/api.w.org\/{rel}","templated":true}]}}