{"id":61931,"date":"2020-05-12T12:31:24","date_gmt":"2024-11-22T11:31:10","guid":{"rendered":"https:\/\/guidetogreenland.com\/?post_type=product&#038;p=61931"},"modified":"2026-04-04T16:57:07","modified_gmt":"2026-04-04T17:57:07","slug":"hundeschlittentour-ilulissat-disko-bay","status":"publish","type":"product","link":"https:\/\/guidetogreenland.com\/de\/buch-reisen-urlaub\/hundeschlittentour-ilulissat-disko-bay\/","title":{"rendered":"Hundeschlittentour | Ilulissat | Disko Bay"},"content":{"rendered":"<p class=\"x-18pep25\"><span style=\"font-weight: 400;\">Erleben Sie die uralte Inuit-Tradition des Hundeschlittenfahrens auf einer 2-st\u00fcndigen Reise ins Hinterland bei Ilulissat.\u00a0<\/span><span style=\"font-weight: 400;\"><br \/>\n<\/span><span style=\"font-weight: 400;\"><br \/>\n<\/span><span style=\"font-weight: 400;\">Schlittenhunde werden von den Gr\u00f6nl\u00e4ndern seit Tausenden von Jahren als Haupttransportmittel im Winter eingesetzt. Viele J\u00e4ger setzen die robusten Arbeitshunde noch immer ein, da sie in der Lage sind, Orte zu erreichen, die ein Schneemobil nicht erreichen kann. Gleichzeitig pflegen sie die besondere Beziehung, die sich \u00fcber Jahrhunderte hinweg durch die gemeinsame Arbeit entwickelt hat.<\/span><span style=\"font-weight: 400;\"><br \/>\n<\/span><span style=\"font-weight: 400;\"><br \/>\n<\/span><span style=\"font-weight: 400;\">Ihr Erlebnis beginnt mit einer Fahrt in ein Gebiet der \u201eHundestadt\u201c, wo Sie von einer Symphonie heulender Hunde und Ihrem Musher (Hundeschlittenfahrer) begr\u00fc\u00dft werden. Ihr Guide (oder Musher) gibt Ihnen eine Sicherheitseinweisung und zeigt Ihnen, wie Sie richtig auf dem Schlitten sitzen, bevor Sie zu Ihrem Hundeschlittenabenteuer aufbrechen.<\/span><span style=\"font-weight: 400;\"><br \/>\n<\/span><span style=\"font-weight: 400;\"><br \/>\n<\/span><span style=\"font-weight: 400;\">W\u00e4hrend der Tour bieten die Eisberge und die spektakul\u00e4re Landschaft rund um Ilulissat endlose Fotomotive. Sie haben auch gen\u00fcgend Zeit, um anzuhalten und sich bei einem hei\u00dfen Getr\u00e4nk die Beine zu vertreten. Die Schneeverh\u00e4ltnisse und die Schlittenspuren bestimmen die genaue Route der Tour, aber egal, wohin Sie fahren, das Schlittenfahren hinter einer Hundemeute wird ein unvergessliches Erlebnis sein.<\/span><span style=\"font-weight: 400;\"><br \/>\n<\/span><span style=\"font-weight: 400;\"><br \/>\n<\/span><span style=\"font-weight: 400;\">Sind Sie bereit, die authentische Art der Fortbewegung im gr\u00f6nl\u00e4ndischen Winter zu erleben? W\u00e4hlen Sie Ihr Wunschdatum und klicken Sie auf Jetzt buchen, um Ihren Platz zu reservieren.<\/span><span style=\"font-weight: 400;\"><br \/>\n<\/span><span style=\"font-weight: 400;\"><br \/>\n<\/span><span style=\"font-weight: 400;\">Bitte denken Sie daran, dass gr\u00f6nl\u00e4ndische Schlittenhunde Arbeitstiere sind. Sie sollten Abstand halten, wenn Sie in \u201eDog Town\u201c ankommen.<\/span><span style=\"font-weight: 400;\"><br \/>\n<\/span><\/p>\n","protected":false},"excerpt":{"rendered":"Erleben Sie die uralte Inuit-Tradition des Hundeschlittenfahrens auf einer 2-st\u00fcndigen Reise ins Hinterland bei Ilulissat.\u00a0 Schlittenhunde werden von den Gr\u00f6nl\u00e4ndern seit Tausenden von Jahren als Haupttransportmittel im Winter eingesetzt. Viele J\u00e4ger setzen die robusten Arbeitshunde noch immer ein, da sie in der Lage sind, Orte zu erreichen, die ein Schneemobil nicht erreichen kann. Gleichzeitig pflegen&#8230;","protected":false},"featured_media":43647,"comment_status":"open","ping_status":"closed","template":"","meta":[],"product_brand":[],"product_cat":[1136,1185,1189,1160,1163,1188,1187],"product_tag":[1196],"class_list":{"0":"post-61931","1":"product","2":"type-product","3":"status-publish","4":"has-post-thumbnail","6":"product_cat-abenteuer-in-gronland","7":"product_cat-arktische-natur-und-tierwelt","8":"product_cat-diskobucht-touren","9":"product_cat-hundeschlitten-touren","10":"product_cat-ilulissat-touren","11":"product_cat-reiseziel-touren","12":"product_cat-tagestouren-im-winter","13":"product_tag-ilulissat-de","14":"pa_activities-hundeschlittenfahrt-de","15":"pa_available-month-january-de","16":"pa_available-month-februar","17":"pa_available-month-maerz","18":"pa_available-month-april-de","19":"pa_available-month-mai","20":"pa_available-month-november-de","21":"pa_available-month-dezember","22":"pa_destinations-ilulissat-de","23":"pa_difficulty-maessig","24":"pa_duration-2-stunden","25":"pa_tour-type-tagestour","26":"yith_shop_vendor-diskobaytours-de","28":"first","29":"instock","30":"virtual","31":"sold-individually","32":"purchasable","33":"product-type-booking"},"acf":[],"yoast_head":"<!-- This site is optimized with the Yoast SEO plugin v25.6 - https:\/\/yoast.com\/wordpress\/plugins\/seo\/ -->\n<title>Hundeschlittentour \u2022 Ilulissat \u2022 Disko Bay | Guide to Greenland<\/title>\n<meta name=\"description\" content=\"Erleben Sie die uralte Inuit-Tradition des Hundeschlittenfahrens auf einer 2-st\u00fcndigen Reise ins Hinterland bei Ilulissat. Sehen Sie die Tour hier \u00bb\" \/>\n<meta name=\"robots\" content=\"index, follow, max-snippet:-1, max-image-preview:large, max-video-preview:-1\" \/>\n<link rel=\"canonical\" href=\"https:\/\/guidetogreenland.com\/de\/buch-reisen-urlaub\/hundeschlittentour-ilulissat-disko-bay\/\" \/>\n<meta property=\"og:locale\" content=\"de_DE\" \/>\n<meta property=\"og:type\" content=\"article\" \/>\n<meta property=\"og:title\" content=\"Hundeschlittentour \u2022 Ilulissat \u2022 Disko Bay | Guide to Greenland\" \/>\n<meta property=\"og:description\" content=\"Erleben Sie die uralte Inuit-Tradition des Hundeschlittenfahrens auf einer 2-st\u00fcndigen Reise ins Hinterland bei Ilulissat. Sehen Sie die Tour hier \u00bb\" \/>\n<meta property=\"og:url\" content=\"https:\/\/guidetogreenland.com\/de\/buch-reisen-urlaub\/hundeschlittentour-ilulissat-disko-bay\/\" \/>\n<meta property=\"og:site_name\" content=\"Guide to Greenland\" \/>\n<meta property=\"article:modified_time\" content=\"2026-04-04T17:57:07+00:00\" \/>\n<meta property=\"og:image\" content=\"https:\/\/guidetogreenland.com\/wp-content\/uploads\/2020\/05\/dogsled-tour-ilulissat-disko-bay-Guide-to-Greenland16.jpg\" \/>\n\t<meta property=\"og:image:width\" content=\"926\" \/>\n\t<meta property=\"og:image:height\" content=\"1157\" \/>\n\t<meta property=\"og:image:type\" content=\"image\/jpeg\" \/>\n<meta name=\"twitter:card\" content=\"summary_large_image\" \/>\n<meta name=\"twitter:label1\" content=\"Gesch\u00e4tzte Lesezeit\" \/>\n\t<meta name=\"twitter:data1\" content=\"1\u00a0Minute\" \/>\n<script type=\"application\/ld+json\" class=\"yoast-schema-graph\">{\"@context\":\"https:\/\/schema.org\",\"@graph\":[{\"@type\":\"WebPage\",\"@id\":\"https:\/\/guidetogreenland.com\/de\/buch-reisen-urlaub\/hundeschlittentour-ilulissat-disko-bay\/\",\"url\":\"https:\/\/guidetogreenland.com\/de\/buch-reisen-urlaub\/hundeschlittentour-ilulissat-disko-bay\/\",\"name\":\"Hundeschlittentour \u2022 Ilulissat \u2022 Disko Bay | Guide to Greenland\",\"isPartOf\":{\"@id\":\"https:\/\/guidetogreenland.com\/de\/#website\"},\"primaryImageOfPage\":{\"@id\":\"https:\/\/guidetogreenland.com\/de\/buch-reisen-urlaub\/hundeschlittentour-ilulissat-disko-bay\/#primaryimage\"},\"image\":{\"@id\":\"https:\/\/guidetogreenland.com\/de\/buch-reisen-urlaub\/hundeschlittentour-ilulissat-disko-bay\/#primaryimage\"},\"thumbnailUrl\":\"https:\/\/guidetogreenland.com\/wp-content\/uploads\/2020\/05\/dogsled-tour-ilulissat-disko-bay-Guide-to-Greenland16.jpg\",\"datePublished\":\"2024-11-22T11:31:10+00:00\",\"dateModified\":\"2026-04-04T17:57:07+00:00\",\"description\":\"Erleben Sie die uralte Inuit-Tradition des Hundeschlittenfahrens auf einer 2-st\u00fcndigen Reise ins Hinterland bei Ilulissat. Sehen Sie die Tour hier \u00bb\",\"breadcrumb\":{\"@id\":\"https:\/\/guidetogreenland.com\/de\/buch-reisen-urlaub\/hundeschlittentour-ilulissat-disko-bay\/#breadcrumb\"},\"inLanguage\":\"de\",\"potentialAction\":[{\"@type\":\"ReadAction\",\"target\":[\"https:\/\/guidetogreenland.com\/de\/buch-reisen-urlaub\/hundeschlittentour-ilulissat-disko-bay\/\"]}]},{\"@type\":\"ImageObject\",\"inLanguage\":\"de\",\"@id\":\"https:\/\/guidetogreenland.com\/de\/buch-reisen-urlaub\/hundeschlittentour-ilulissat-disko-bay\/#primaryimage\",\"url\":\"https:\/\/guidetogreenland.com\/wp-content\/uploads\/2020\/05\/dogsled-tour-ilulissat-disko-bay-Guide-to-Greenland16.jpg\",\"contentUrl\":\"https:\/\/guidetogreenland.com\/wp-content\/uploads\/2020\/05\/dogsled-tour-ilulissat-disko-bay-Guide-to-Greenland16.jpg\",\"width\":926,\"height\":1157},{\"@type\":\"BreadcrumbList\",\"@id\":\"https:\/\/guidetogreenland.com\/de\/buch-reisen-urlaub\/hundeschlittentour-ilulissat-disko-bay\/#breadcrumb\",\"itemListElement\":[{\"@type\":\"ListItem\",\"position\":1,\"name\":\"Home\",\"item\":\"https:\/\/guidetogreenland.com\/de\/\"},{\"@type\":\"ListItem\",\"position\":2,\"name\":\"Alle Touren anzeigen\",\"item\":\"https:\/\/guidetogreenland.com\/de\/buch-reisen-urlaub\/\"},{\"@type\":\"ListItem\",\"position\":3,\"name\":\"Hundeschlittentour | Ilulissat | Disko Bay\"}]},{\"@type\":\"WebSite\",\"@id\":\"https:\/\/guidetogreenland.com\/de\/#website\",\"url\":\"https:\/\/guidetogreenland.com\/de\/\",\"name\":\"Guide to Greenland\",\"description\":\"Largest selection of tours in Greenland\",\"potentialAction\":[{\"@type\":\"SearchAction\",\"target\":{\"@type\":\"EntryPoint\",\"urlTemplate\":\"https:\/\/guidetogreenland.com\/de\/?s={search_term_string}\"},\"query-input\":{\"@type\":\"PropertyValueSpecification\",\"valueRequired\":true,\"valueName\":\"search_term_string\"}}],\"inLanguage\":\"de\"}]}<\/script>\n<!-- \/ Yoast SEO plugin. -->","yoast_head_json":{"title":"Hundeschlittentour \u2022 Ilulissat \u2022 Disko Bay | Guide to Greenland","description":"Erleben Sie die uralte Inuit-Tradition des Hundeschlittenfahrens auf einer 2-st\u00fcndigen Reise ins Hinterland bei Ilulissat. Sehen Sie die Tour hier \u00bb","robots":{"index":"index","follow":"follow","max-snippet":"max-snippet:-1","max-image-preview":"max-image-preview:large","max-video-preview":"max-video-preview:-1"},"canonical":"https:\/\/guidetogreenland.com\/de\/buch-reisen-urlaub\/hundeschlittentour-ilulissat-disko-bay\/","og_locale":"de_DE","og_type":"article","og_title":"Hundeschlittentour \u2022 Ilulissat \u2022 Disko Bay | Guide to Greenland","og_description":"Erleben Sie die uralte Inuit-Tradition des Hundeschlittenfahrens auf einer 2-st\u00fcndigen Reise ins Hinterland bei Ilulissat. Sehen Sie die Tour hier \u00bb","og_url":"https:\/\/guidetogreenland.com\/de\/buch-reisen-urlaub\/hundeschlittentour-ilulissat-disko-bay\/","og_site_name":"Guide to Greenland","article_modified_time":"2026-04-04T17:57:07+00:00","og_image":[{"width":926,"height":1157,"url":"https:\/\/guidetogreenland.com\/wp-content\/uploads\/2020\/05\/dogsled-tour-ilulissat-disko-bay-Guide-to-Greenland16.jpg","type":"image\/jpeg"}],"twitter_card":"summary_large_image","twitter_misc":{"Gesch\u00e4tzte Lesezeit":"1\u00a0Minute"},"schema":{"@context":"https:\/\/schema.org","@graph":[{"@type":"WebPage","@id":"https:\/\/guidetogreenland.com\/de\/buch-reisen-urlaub\/hundeschlittentour-ilulissat-disko-bay\/","url":"https:\/\/guidetogreenland.com\/de\/buch-reisen-urlaub\/hundeschlittentour-ilulissat-disko-bay\/","name":"Hundeschlittentour \u2022 Ilulissat \u2022 Disko Bay | Guide to Greenland","isPartOf":{"@id":"https:\/\/guidetogreenland.com\/de\/#website"},"primaryImageOfPage":{"@id":"https:\/\/guidetogreenland.com\/de\/buch-reisen-urlaub\/hundeschlittentour-ilulissat-disko-bay\/#primaryimage"},"image":{"@id":"https:\/\/guidetogreenland.com\/de\/buch-reisen-urlaub\/hundeschlittentour-ilulissat-disko-bay\/#primaryimage"},"thumbnailUrl":"https:\/\/guidetogreenland.com\/wp-content\/uploads\/2020\/05\/dogsled-tour-ilulissat-disko-bay-Guide-to-Greenland16.jpg","datePublished":"2024-11-22T11:31:10+00:00","dateModified":"2026-04-04T17:57:07+00:00","description":"Erleben Sie die uralte Inuit-Tradition des Hundeschlittenfahrens auf einer 2-st\u00fcndigen Reise ins Hinterland bei Ilulissat. Sehen Sie die Tour hier \u00bb","breadcrumb":{"@id":"https:\/\/guidetogreenland.com\/de\/buch-reisen-urlaub\/hundeschlittentour-ilulissat-disko-bay\/#breadcrumb"},"inLanguage":"de","potentialAction":[{"@type":"ReadAction","target":["https:\/\/guidetogreenland.com\/de\/buch-reisen-urlaub\/hundeschlittentour-ilulissat-disko-bay\/"]}]},{"@type":"ImageObject","inLanguage":"de","@id":"https:\/\/guidetogreenland.com\/de\/buch-reisen-urlaub\/hundeschlittentour-ilulissat-disko-bay\/#primaryimage","url":"https:\/\/guidetogreenland.com\/wp-content\/uploads\/2020\/05\/dogsled-tour-ilulissat-disko-bay-Guide-to-Greenland16.jpg","contentUrl":"https:\/\/guidetogreenland.com\/wp-content\/uploads\/2020\/05\/dogsled-tour-ilulissat-disko-bay-Guide-to-Greenland16.jpg","width":926,"height":1157},{"@type":"BreadcrumbList","@id":"https:\/\/guidetogreenland.com\/de\/buch-reisen-urlaub\/hundeschlittentour-ilulissat-disko-bay\/#breadcrumb","itemListElement":[{"@type":"ListItem","position":1,"name":"Home","item":"https:\/\/guidetogreenland.com\/de\/"},{"@type":"ListItem","position":2,"name":"Alle Touren anzeigen","item":"https:\/\/guidetogreenland.com\/de\/buch-reisen-urlaub\/"},{"@type":"ListItem","position":3,"name":"Hundeschlittentour | Ilulissat | Disko Bay"}]},{"@type":"WebSite","@id":"https:\/\/guidetogreenland.com\/de\/#website","url":"https:\/\/guidetogreenland.com\/de\/","name":"Guide to Greenland","description":"Largest selection of tours in Greenland","potentialAction":[{"@type":"SearchAction","target":{"@type":"EntryPoint","urlTemplate":"https:\/\/guidetogreenland.com\/de\/?s={search_term_string}"},"query-input":{"@type":"PropertyValueSpecification","valueRequired":true,"valueName":"search_term_string"}}],"inLanguage":"de"}]}},"_links":{"self":[{"href":"https:\/\/guidetogreenland.com\/de\/wp-json\/wp\/v2\/product\/61931","targetHints":{"allow":["GET"]}}],"collection":[{"href":"https:\/\/guidetogreenland.com\/de\/wp-json\/wp\/v2\/product"}],"about":[{"href":"https:\/\/guidetogreenland.com\/de\/wp-json\/wp\/v2\/types\/product"}],"replies":[{"embeddable":true,"href":"https:\/\/guidetogreenland.com\/de\/wp-json\/wp\/v2\/comments?post=61931"}],"wp:featuredmedia":[{"embeddable":true,"href":"https:\/\/guidetogreenland.com\/de\/wp-json\/wp\/v2\/media\/43647"}],"wp:attachment":[{"href":"https:\/\/guidetogreenland.com\/de\/wp-json\/wp\/v2\/media?parent=61931"}],"wp:term":[{"taxonomy":"product_brand","embeddable":true,"href":"https:\/\/guidetogreenland.com\/de\/wp-json\/wp\/v2\/product_brand?post=61931"},{"taxonomy":"product_cat","embeddable":true,"href":"https:\/\/guidetogreenland.com\/de\/wp-json\/wp\/v2\/product_cat?post=61931"},{"taxonomy":"product_tag","embeddable":true,"href":"https:\/\/guidetogreenland.com\/de\/wp-json\/wp\/v2\/product_tag?post=61931"}],"curies":[{"name":"wp","href":"https:\/\/api.w.org\/{rel}","templated":true}]}}